{"id":519,"date":"2015-02-06T13:54:17","date_gmt":"2015-02-06T12:54:17","guid":{"rendered":"http:\/\/sectionsuedoise.com\/?page_id=519"},"modified":"2023-09-01T14:49:10","modified_gmt":"2023-09-01T12:49:10","slug":"qui-sommes-nous","status":"publish","type":"page","link":"https:\/\/sectionsuedoise.com\/fr\/section-suedoise\/qui-sommes-nous\/","title":{"rendered":"Qui sommes-nous ?"},"content":{"rendered":"<p>[et_pb_section fb_built=&nbsp;&raquo;1&Prime; fullwidth=&nbsp;&raquo;on&nbsp;&raquo; admin_label=&nbsp;&raquo;section&nbsp;&raquo; _builder_version=&nbsp;&raquo;4.16&Prime; background_color=&nbsp;&raquo;#91bce7&Prime; transparent_background=&nbsp;&raquo;off&nbsp;&raquo; global_colors_info=&nbsp;&raquo;{}&nbsp;&raquo;][et_pb_fullwidth_header title=&nbsp;&raquo;Qui sommes-nous ?&nbsp;&raquo; content_max_width=&nbsp;&raquo;none&nbsp;&raquo; admin_label=&nbsp;&raquo;Fullwidth Header&nbsp;&raquo; _builder_version=&nbsp;&raquo;4.16&Prime; background_color=&nbsp;&raquo;rgba(255, 255, 255, 0)&nbsp;&raquo; button_one_border_radius_hover=&nbsp;&raquo;3&Prime; button_two_border_radius_hover=&nbsp;&raquo;3&Prime; button_one_letter_spacing_hover=&nbsp;&raquo;0&Prime; button_two_letter_spacing_hover=&nbsp;&raquo;0&Prime; global_colors_info=&nbsp;&raquo;{}&nbsp;&raquo; button_one_text_size__hover_enabled=&nbsp;&raquo;off&nbsp;&raquo; button_two_text_size__hover_enabled=&nbsp;&raquo;off&nbsp;&raquo; button_one_text_color__hover_enabled=&nbsp;&raquo;off&nbsp;&raquo; button_two_text_color__hover_enabled=&nbsp;&raquo;off&nbsp;&raquo; button_one_border_width__hover_enabled=&nbsp;&raquo;off&nbsp;&raquo; button_two_border_width__hover_enabled=&nbsp;&raquo;off&nbsp;&raquo; button_one_border_color__hover_enabled=&nbsp;&raquo;off&nbsp;&raquo; button_two_border_color__hover_enabled=&nbsp;&raquo;off&nbsp;&raquo; button_one_border_radius__hover_enabled=&nbsp;&raquo;on&nbsp;&raquo; button_one_border_radius__hover=&nbsp;&raquo;3&Prime; button_two_border_radius__hover_enabled=&nbsp;&raquo;on&nbsp;&raquo; button_two_border_radius__hover=&nbsp;&raquo;3&Prime; button_one_letter_spacing__hover_enabled=&nbsp;&raquo;on&nbsp;&raquo; button_one_letter_spacing__hover=&nbsp;&raquo;0&Prime; button_two_letter_spacing__hover_enabled=&nbsp;&raquo;on&nbsp;&raquo; button_two_letter_spacing__hover=&nbsp;&raquo;0&Prime; button_one_bg_color__hover_enabled=&nbsp;&raquo;off&nbsp;&raquo; button_two_bg_color__hover_enabled=&nbsp;&raquo;off&nbsp;&raquo;] [\/et_pb_fullwidth_header][\/et_pb_section][et_pb_section fb_built=&nbsp;&raquo;1&Prime; admin_label=&nbsp;&raquo;section&nbsp;&raquo; _builder_version=&nbsp;&raquo;4.16&Prime; global_colors_info=&nbsp;&raquo;{}&nbsp;&raquo;][et_pb_row admin_label=&nbsp;&raquo;row&nbsp;&raquo; _builder_version=&nbsp;&raquo;4.16&Prime; background_size=&nbsp;&raquo;initial&nbsp;&raquo; background_position=&nbsp;&raquo;top_left&nbsp;&raquo; background_repeat=&nbsp;&raquo;repeat&nbsp;&raquo; global_colors_info=&nbsp;&raquo;{}&nbsp;&raquo; column_structure=&nbsp;&raquo;2_3,1_3&Prime;][et_pb_column type=&nbsp;&raquo;2_3&Prime; _builder_version=&nbsp;&raquo;4.16&Prime; custom_padding=&nbsp;&raquo;|||&nbsp;&raquo; global_colors_info=&nbsp;&raquo;{}&nbsp;&raquo; custom_padding__hover=&nbsp;&raquo;|||&nbsp;&raquo;][et_pb_text admin_label=&nbsp;&raquo;Text&nbsp;&raquo; _builder_version=&nbsp;&raquo;4.22.1&Prime; background_size=&nbsp;&raquo;initial&nbsp;&raquo; background_position=&nbsp;&raquo;top_left&nbsp;&raquo; background_repeat=&nbsp;&raquo;repeat&nbsp;&raquo; hover_enabled=&nbsp;&raquo;0&Prime; use_border_color=&nbsp;&raquo;off&nbsp;&raquo; border_color=&nbsp;&raquo;#ffffff&nbsp;&raquo; border_style=&nbsp;&raquo;solid&nbsp;&raquo; global_colors_info=&nbsp;&raquo;{}&nbsp;&raquo; sticky_enabled=&nbsp;&raquo;0&Prime;]<\/p>\n<p><strong>Nous proposons :<\/strong><\/p>\n<p>\u2022 Une \u00e9cole publique d\u2019excellence de la maternelle au lyc\u00e9e<\/p>\n<p>\u2022 Un enseignement pour des enfants de la langue su\u00e9doise<\/p>\n<p>\u2022 La compl\u00e9mentarit\u00e9 des syst\u00e8mes scolaires fran\u00e7ais et su\u00e9dois<\/p>\n<p>\u2022 Des cours de fran\u00e7ais intensif pour les nouveaux arriv\u00e9s<\/p>\n<p>\u2022 Des camarades de classe du monde entier<\/p>\n<p>\u2022 La pr\u00e9paration au BFI (baccalaur\u00e9at fran\u00e7ais \u2013 international)<\/p>\n<p>\u2022 Un acc\u00e8s facilit\u00e9 aux universit\u00e9s su\u00e9doises et \u00e9trang\u00e8res<\/p>\n<p><strong><br \/>Qui sommes-nous ?<\/strong><\/p>\n<p>Lyc\u00e9e International, fond\u00e9 en 1952, est id\u00e9alement situ\u00e9 dans un parc \u00e0 St Germain-en-Laye, une banlieue agr\u00e9able \u00e0 l&rsquo;ouest de Paris. C\u2019est une \u00e9cole fran\u00e7aise qui est compos\u00e9e de quatorze sections linguistiques nationales : am\u00e9ricaine, britannique, danoise-norv\u00e9gienne, n\u00e9erlandaise, italienne, japonaise, polonaise, portugaise, espagnole, allemande, russe, chinoise et su\u00e9doise. La section su\u00e9doise accueille des enfants parlant su\u00e9dois, de tous \u00e2ges, de la maternelle au lyc\u00e9e.<\/p>\n<p>Le Lyc\u00e9e International offre \u00e0 ses \u00e9l\u00e8ves, une combinaison unique de l\u2019\u00e9ducation fran\u00e7aise et su\u00e9doise. Ils appartiennent \u00e0 la fois \u00e0 une classe de la langue su\u00e9doise et \u00e0 une classe internationale o\u00f9 ils parlent fran\u00e7ais.<\/p>\n<p>Les \u00e9l\u00e8ves qui ne parlent pas fran\u00e7ais \u00e0 leur arriv\u00e9e re\u00e7oivent un enseignement intensif en fran\u00e7ais la premi\u00e8re ann\u00e9e (classe fran\u00e7ais sp\u00e9cial-FS) <a href=\"https:\/\/sectionsuedoise.com\/fr\/le-programme-deducation\/francais-special\/\">https:\/\/sectionsuedoise.com\/fr\/le-programme-deducation\/francais-special\/<\/a><\/p>\n<p>Les \u00e9l\u00e8ves apprennent le fran\u00e7ais rapidement et se sentent chez eux en France, tout en conservant leur identit\u00e9 su\u00e9doise.<\/p>\n<p>&nbsp;<\/p>\n<p>[\/et_pb_text][\/et_pb_column][et_pb_column type=&nbsp;&raquo;1_3&Prime; _builder_version=&nbsp;&raquo;4.16&Prime; custom_padding=&nbsp;&raquo;|||&nbsp;&raquo; global_colors_info=&nbsp;&raquo;{}&nbsp;&raquo; custom_padding__hover=&nbsp;&raquo;|||&nbsp;&raquo;][et_pb_sidebar orientation=&nbsp;&raquo;right&nbsp;&raquo; area=&nbsp;&raquo;sidebar-1&Prime; admin_label=&nbsp;&raquo;Sidebar&nbsp;&raquo; _builder_version=&nbsp;&raquo;4.16&Prime; global_colors_info=&nbsp;&raquo;{}&nbsp;&raquo;] [\/et_pb_sidebar][\/et_pb_column][\/et_pb_row][\/et_pb_section]<\/p>\n","protected":false},"excerpt":{"rendered":"<p>Nous proposons : \u2022 Une \u00e9cole publique d\u2019excellence de la maternelle au lyc\u00e9e \u2022 Un enseignement pour des enfants de la langue su\u00e9doise \u2022 La compl\u00e9mentarit\u00e9 des syst\u00e8mes scolaires fran\u00e7ais et su\u00e9dois \u2022 Des cours de fran\u00e7ais intensif pour les nouveaux arriv\u00e9s \u2022 Des camarades de classe du monde entier \u2022 La pr\u00e9paration au BFI [&hellip;]<\/p>\n","protected":false},"author":1,"featured_media":0,"parent":517,"menu_order":3,"comment_status":"closed","ping_status":"closed","template":"","meta":{"_et_pb_use_builder":"on","_et_pb_old_content":"","_et_gb_content_width":"","footnotes":"","_links_to":"","_links_to_target":""},"class_list":["post-519","page","type-page","status-publish","hentry"],"yoast_head":"<!-- This site is optimized with the Yoast SEO plugin v27.2 - https:\/\/yoast.com\/product\/yoast-seo-wordpress\/ -->\n<title>Qui sommes-nous ? - Section Su\u00e9doise | Svenska Sektionen | Saint-Germain-en-Laye<\/title>\n<meta name=\"robots\" content=\"index, follow, max-snippet:-1, max-image-preview:large, max-video-preview:-1\" \/>\n<link rel=\"canonical\" href=\"https:\/\/sectionsuedoise.com\/fr\/section-suedoise\/qui-sommes-nous\/\" \/>\n<meta property=\"og:locale\" content=\"fr_FR\" \/>\n<meta property=\"og:type\" content=\"article\" \/>\n<meta property=\"og:title\" content=\"Qui sommes-nous ? - Section Su\u00e9doise | Svenska Sektionen | Saint-Germain-en-Laye\" \/>\n<meta property=\"og:description\" content=\"Nous proposons : \u2022 Une \u00e9cole publique d\u2019excellence de la maternelle au lyc\u00e9e \u2022 Un enseignement pour des enfants de la langue su\u00e9doise \u2022 La compl\u00e9mentarit\u00e9 des syst\u00e8mes scolaires fran\u00e7ais et su\u00e9dois \u2022 Des cours de fran\u00e7ais intensif pour les nouveaux arriv\u00e9s \u2022 Des camarades de classe du monde entier \u2022 La pr\u00e9paration au BFI [&hellip;]\" \/>\n<meta property=\"og:url\" content=\"https:\/\/sectionsuedoise.com\/fr\/section-suedoise\/qui-sommes-nous\/\" \/>\n<meta property=\"og:site_name\" content=\"Section Su\u00e9doise | Svenska Sektionen | Saint-Germain-en-Laye\" \/>\n<meta property=\"article:modified_time\" content=\"2023-09-01T12:49:10+00:00\" \/>\n<meta name=\"twitter:label1\" content=\"Dur\u00e9e de lecture estim\u00e9e\" \/>\n\t<meta name=\"twitter:data1\" content=\"2 minutes\" \/>\n<script type=\"application\/ld+json\" class=\"yoast-schema-graph\">{\"@context\":\"https:\/\/schema.org\",\"@graph\":[{\"@type\":\"WebPage\",\"@id\":\"https:\/\/sectionsuedoise.com\/fr\/section-suedoise\/qui-sommes-nous\/\",\"url\":\"https:\/\/sectionsuedoise.com\/fr\/section-suedoise\/qui-sommes-nous\/\",\"name\":\"Qui sommes-nous ? - Section Su\u00e9doise | Svenska Sektionen | Saint-Germain-en-Laye\",\"isPartOf\":{\"@id\":\"https:\/\/sectionsuedoise.com\/#website\"},\"datePublished\":\"2015-02-06T12:54:17+00:00\",\"dateModified\":\"2023-09-01T12:49:10+00:00\",\"breadcrumb\":{\"@id\":\"https:\/\/sectionsuedoise.com\/fr\/section-suedoise\/qui-sommes-nous\/#breadcrumb\"},\"inLanguage\":\"fr-FR\",\"potentialAction\":[{\"@type\":\"ReadAction\",\"target\":[\"https:\/\/sectionsuedoise.com\/fr\/section-suedoise\/qui-sommes-nous\/\"]}]},{\"@type\":\"BreadcrumbList\",\"@id\":\"https:\/\/sectionsuedoise.com\/fr\/section-suedoise\/qui-sommes-nous\/#breadcrumb\",\"itemListElement\":[{\"@type\":\"ListItem\",\"position\":1,\"name\":\"Hem\",\"item\":\"https:\/\/sectionsuedoise.com\/fr\/\"},{\"@type\":\"ListItem\",\"position\":2,\"name\":\"Section Su\u00e9doise\",\"item\":\"https:\/\/sectionsuedoise.com\/fr\/\"},{\"@type\":\"ListItem\",\"position\":3,\"name\":\"Qui sommes-nous ?\"}]},{\"@type\":\"WebSite\",\"@id\":\"https:\/\/sectionsuedoise.com\/#website\",\"url\":\"https:\/\/sectionsuedoise.com\/\",\"name\":\"Section Su\u00e9doise | Svenska Sektionen | Saint-Germain-en-Laye\",\"description\":\"En till WordPress-webbplats\",\"potentialAction\":[{\"@type\":\"SearchAction\",\"target\":{\"@type\":\"EntryPoint\",\"urlTemplate\":\"https:\/\/sectionsuedoise.com\/?s={search_term_string}\"},\"query-input\":{\"@type\":\"PropertyValueSpecification\",\"valueRequired\":true,\"valueName\":\"search_term_string\"}}],\"inLanguage\":\"fr-FR\"}]}<\/script>\n<!-- \/ Yoast SEO plugin. -->","yoast_head_json":{"title":"Qui sommes-nous ? - Section Su\u00e9doise | Svenska Sektionen | Saint-Germain-en-Laye","robots":{"index":"index","follow":"follow","max-snippet":"max-snippet:-1","max-image-preview":"max-image-preview:large","max-video-preview":"max-video-preview:-1"},"canonical":"https:\/\/sectionsuedoise.com\/fr\/section-suedoise\/qui-sommes-nous\/","og_locale":"fr_FR","og_type":"article","og_title":"Qui sommes-nous ? - Section Su\u00e9doise | Svenska Sektionen | Saint-Germain-en-Laye","og_description":"Nous proposons : \u2022 Une \u00e9cole publique d\u2019excellence de la maternelle au lyc\u00e9e \u2022 Un enseignement pour des enfants de la langue su\u00e9doise \u2022 La compl\u00e9mentarit\u00e9 des syst\u00e8mes scolaires fran\u00e7ais et su\u00e9dois \u2022 Des cours de fran\u00e7ais intensif pour les nouveaux arriv\u00e9s \u2022 Des camarades de classe du monde entier \u2022 La pr\u00e9paration au BFI [&hellip;]","og_url":"https:\/\/sectionsuedoise.com\/fr\/section-suedoise\/qui-sommes-nous\/","og_site_name":"Section Su\u00e9doise | Svenska Sektionen | Saint-Germain-en-Laye","article_modified_time":"2023-09-01T12:49:10+00:00","twitter_misc":{"Dur\u00e9e de lecture estim\u00e9e":"2 minutes"},"schema":{"@context":"https:\/\/schema.org","@graph":[{"@type":"WebPage","@id":"https:\/\/sectionsuedoise.com\/fr\/section-suedoise\/qui-sommes-nous\/","url":"https:\/\/sectionsuedoise.com\/fr\/section-suedoise\/qui-sommes-nous\/","name":"Qui sommes-nous ? - Section Su\u00e9doise | Svenska Sektionen | Saint-Germain-en-Laye","isPartOf":{"@id":"https:\/\/sectionsuedoise.com\/#website"},"datePublished":"2015-02-06T12:54:17+00:00","dateModified":"2023-09-01T12:49:10+00:00","breadcrumb":{"@id":"https:\/\/sectionsuedoise.com\/fr\/section-suedoise\/qui-sommes-nous\/#breadcrumb"},"inLanguage":"fr-FR","potentialAction":[{"@type":"ReadAction","target":["https:\/\/sectionsuedoise.com\/fr\/section-suedoise\/qui-sommes-nous\/"]}]},{"@type":"BreadcrumbList","@id":"https:\/\/sectionsuedoise.com\/fr\/section-suedoise\/qui-sommes-nous\/#breadcrumb","itemListElement":[{"@type":"ListItem","position":1,"name":"Hem","item":"https:\/\/sectionsuedoise.com\/fr\/"},{"@type":"ListItem","position":2,"name":"Section Su\u00e9doise","item":"https:\/\/sectionsuedoise.com\/fr\/"},{"@type":"ListItem","position":3,"name":"Qui sommes-nous ?"}]},{"@type":"WebSite","@id":"https:\/\/sectionsuedoise.com\/#website","url":"https:\/\/sectionsuedoise.com\/","name":"Section Su\u00e9doise | Svenska Sektionen | Saint-Germain-en-Laye","description":"En till WordPress-webbplats","potentialAction":[{"@type":"SearchAction","target":{"@type":"EntryPoint","urlTemplate":"https:\/\/sectionsuedoise.com\/?s={search_term_string}"},"query-input":{"@type":"PropertyValueSpecification","valueRequired":true,"valueName":"search_term_string"}}],"inLanguage":"fr-FR"}]}},"_links":{"self":[{"href":"https:\/\/sectionsuedoise.com\/fr\/wp-json\/wp\/v2\/pages\/519\/"}],"collection":[{"href":"https:\/\/sectionsuedoise.com\/fr\/wp-json\/wp\/v2\/pages\/"}],"about":[{"href":"https:\/\/sectionsuedoise.com\/fr\/wp-json\/wp\/v2\/types\/page\/"}],"author":[{"embeddable":true,"href":"https:\/\/sectionsuedoise.com\/fr\/wp-json\/wp\/v2\/users\/1\/"}],"replies":[{"embeddable":true,"href":"https:\/\/sectionsuedoise.com\/fr\/wp-json\/wp\/v2\/comments\/?post=519"}],"version-history":[{"count":5,"href":"https:\/\/sectionsuedoise.com\/fr\/wp-json\/wp\/v2\/pages\/519\/revisions\/"}],"predecessor-version":[{"id":4585,"href":"https:\/\/sectionsuedoise.com\/fr\/wp-json\/wp\/v2\/pages\/519\/revisions\/4585\/"}],"up":[{"embeddable":true,"href":"https:\/\/sectionsuedoise.com\/fr\/wp-json\/wp\/v2\/pages\/517\/"}],"wp:attachment":[{"href":"https:\/\/sectionsuedoise.com\/fr\/wp-json\/wp\/v2\/media\/?parent=519"}],"curies":[{"name":"wp","href":"https:\/\/api.w.org\/{rel}","templated":true}]}}