{"id":523,"date":"2015-02-06T13:57:49","date_gmt":"2015-02-06T12:57:49","guid":{"rendered":"http:\/\/sectionsuedoise.com\/?page_id=523"},"modified":"2023-09-14T10:36:46","modified_gmt":"2023-09-14T08:36:46","slug":"lettre-dinformation","status":"publish","type":"page","link":"https:\/\/sectionsuedoise.com\/fr\/lettre-dinformation\/","title":{"rendered":"Lettre d&rsquo;information"},"content":{"rendered":"<p>Les lettres d&rsquo;information sont envoy\u00e9es par mail deux fois par mois aux familles de la Section Su\u00e9doise (les mardis). Elles ne sont pas traduites en fran\u00e7ais.<\/p>\n<p>&nbsp;<\/p>\n<p>&nbsp;<\/p>\n","protected":false},"excerpt":{"rendered":"<p>Les lettres d&rsquo;information sont envoy\u00e9es par mail deux fois par mois aux familles de la Section Su\u00e9doise (les mardis). Elles ne sont pas traduites en fran\u00e7ais. &nbsp; &nbsp;<\/p>\n","protected":false},"author":1,"featured_media":0,"parent":0,"menu_order":0,"comment_status":"closed","ping_status":"closed","template":"","meta":{"_et_pb_use_builder":"off","_et_pb_old_content":"","_et_gb_content_width":"","footnotes":"","_links_to":"","_links_to_target":""},"class_list":["post-523","page","type-page","status-publish","hentry"],"yoast_head":"<!-- This site is optimized with the Yoast SEO plugin v27.4 - https:\/\/yoast.com\/product\/yoast-seo-wordpress\/ -->\n<title>Lettre d&#039;information - Section Su\u00e9doise | Svenska Sektionen | Saint-Germain-en-Laye<\/title>\n<meta name=\"robots\" content=\"index, follow, max-snippet:-1, max-image-preview:large, max-video-preview:-1\" \/>\n<link rel=\"canonical\" href=\"https:\/\/sectionsuedoise.com\/fr\/lettre-dinformation\/\" \/>\n<meta property=\"og:locale\" content=\"fr_FR\" \/>\n<meta property=\"og:type\" content=\"article\" \/>\n<meta property=\"og:title\" content=\"Lettre d&#039;information - Section Su\u00e9doise | Svenska Sektionen | Saint-Germain-en-Laye\" \/>\n<meta property=\"og:description\" content=\"Les lettres d&rsquo;information sont envoy\u00e9es par mail deux fois par mois aux familles de la Section Su\u00e9doise (les mardis). Elles ne sont pas traduites en fran\u00e7ais. &nbsp; &nbsp;\" \/>\n<meta property=\"og:url\" content=\"https:\/\/sectionsuedoise.com\/fr\/lettre-dinformation\/\" \/>\n<meta property=\"og:site_name\" content=\"Section Su\u00e9doise | Svenska Sektionen | Saint-Germain-en-Laye\" \/>\n<meta property=\"article:modified_time\" content=\"2023-09-14T08:36:46+00:00\" \/>\n<meta name=\"twitter:label1\" content=\"Dur\u00e9e de lecture estim\u00e9e\" \/>\n\t<meta name=\"twitter:data1\" content=\"1 minute\" \/>\n<script type=\"application\/ld+json\" class=\"yoast-schema-graph\">{\"@context\":\"https:\\\/\\\/schema.org\",\"@graph\":[{\"@type\":\"WebPage\",\"@id\":\"https:\\\/\\\/sectionsuedoise.com\\\/fr\\\/lettre-dinformation\\\/\",\"url\":\"https:\\\/\\\/sectionsuedoise.com\\\/fr\\\/lettre-dinformation\\\/\",\"name\":\"Lettre d'information - Section Su\u00e9doise | Svenska Sektionen | Saint-Germain-en-Laye\",\"isPartOf\":{\"@id\":\"https:\\\/\\\/sectionsuedoise.com\\\/#website\"},\"datePublished\":\"2015-02-06T12:57:49+00:00\",\"dateModified\":\"2023-09-14T08:36:46+00:00\",\"breadcrumb\":{\"@id\":\"https:\\\/\\\/sectionsuedoise.com\\\/fr\\\/lettre-dinformation\\\/#breadcrumb\"},\"inLanguage\":\"fr-FR\",\"potentialAction\":[{\"@type\":\"ReadAction\",\"target\":[\"https:\\\/\\\/sectionsuedoise.com\\\/fr\\\/lettre-dinformation\\\/\"]}]},{\"@type\":\"BreadcrumbList\",\"@id\":\"https:\\\/\\\/sectionsuedoise.com\\\/fr\\\/lettre-dinformation\\\/#breadcrumb\",\"itemListElement\":[{\"@type\":\"ListItem\",\"position\":1,\"name\":\"Hem\",\"item\":\"https:\\\/\\\/sectionsuedoise.com\\\/fr\\\/\"},{\"@type\":\"ListItem\",\"position\":2,\"name\":\"Lettre d&#8217;information\"}]},{\"@type\":\"WebSite\",\"@id\":\"https:\\\/\\\/sectionsuedoise.com\\\/#website\",\"url\":\"https:\\\/\\\/sectionsuedoise.com\\\/\",\"name\":\"Section Su\u00e9doise | Svenska Sektionen | Saint-Germain-en-Laye\",\"description\":\"En till WordPress-webbplats\",\"potentialAction\":[{\"@type\":\"SearchAction\",\"target\":{\"@type\":\"EntryPoint\",\"urlTemplate\":\"https:\\\/\\\/sectionsuedoise.com\\\/?s={search_term_string}\"},\"query-input\":{\"@type\":\"PropertyValueSpecification\",\"valueRequired\":true,\"valueName\":\"search_term_string\"}}],\"inLanguage\":\"fr-FR\"}]}<\/script>\n<!-- \/ Yoast SEO plugin. -->","yoast_head_json":{"title":"Lettre d'information - Section Su\u00e9doise | Svenska Sektionen | Saint-Germain-en-Laye","robots":{"index":"index","follow":"follow","max-snippet":"max-snippet:-1","max-image-preview":"max-image-preview:large","max-video-preview":"max-video-preview:-1"},"canonical":"https:\/\/sectionsuedoise.com\/fr\/lettre-dinformation\/","og_locale":"fr_FR","og_type":"article","og_title":"Lettre d'information - Section Su\u00e9doise | Svenska Sektionen | Saint-Germain-en-Laye","og_description":"Les lettres d&rsquo;information sont envoy\u00e9es par mail deux fois par mois aux familles de la Section Su\u00e9doise (les mardis). Elles ne sont pas traduites en fran\u00e7ais. &nbsp; &nbsp;","og_url":"https:\/\/sectionsuedoise.com\/fr\/lettre-dinformation\/","og_site_name":"Section Su\u00e9doise | Svenska Sektionen | Saint-Germain-en-Laye","article_modified_time":"2023-09-14T08:36:46+00:00","twitter_misc":{"Dur\u00e9e de lecture estim\u00e9e":"1 minute"},"schema":{"@context":"https:\/\/schema.org","@graph":[{"@type":"WebPage","@id":"https:\/\/sectionsuedoise.com\/fr\/lettre-dinformation\/","url":"https:\/\/sectionsuedoise.com\/fr\/lettre-dinformation\/","name":"Lettre d'information - Section Su\u00e9doise | Svenska Sektionen | Saint-Germain-en-Laye","isPartOf":{"@id":"https:\/\/sectionsuedoise.com\/#website"},"datePublished":"2015-02-06T12:57:49+00:00","dateModified":"2023-09-14T08:36:46+00:00","breadcrumb":{"@id":"https:\/\/sectionsuedoise.com\/fr\/lettre-dinformation\/#breadcrumb"},"inLanguage":"fr-FR","potentialAction":[{"@type":"ReadAction","target":["https:\/\/sectionsuedoise.com\/fr\/lettre-dinformation\/"]}]},{"@type":"BreadcrumbList","@id":"https:\/\/sectionsuedoise.com\/fr\/lettre-dinformation\/#breadcrumb","itemListElement":[{"@type":"ListItem","position":1,"name":"Hem","item":"https:\/\/sectionsuedoise.com\/fr\/"},{"@type":"ListItem","position":2,"name":"Lettre d&#8217;information"}]},{"@type":"WebSite","@id":"https:\/\/sectionsuedoise.com\/#website","url":"https:\/\/sectionsuedoise.com\/","name":"Section Su\u00e9doise | Svenska Sektionen | Saint-Germain-en-Laye","description":"En till WordPress-webbplats","potentialAction":[{"@type":"SearchAction","target":{"@type":"EntryPoint","urlTemplate":"https:\/\/sectionsuedoise.com\/?s={search_term_string}"},"query-input":{"@type":"PropertyValueSpecification","valueRequired":true,"valueName":"search_term_string"}}],"inLanguage":"fr-FR"}]}},"_links":{"self":[{"href":"https:\/\/sectionsuedoise.com\/fr\/wp-json\/wp\/v2\/pages\/523\/"}],"collection":[{"href":"https:\/\/sectionsuedoise.com\/fr\/wp-json\/wp\/v2\/pages\/"}],"about":[{"href":"https:\/\/sectionsuedoise.com\/fr\/wp-json\/wp\/v2\/types\/page\/"}],"author":[{"embeddable":true,"href":"https:\/\/sectionsuedoise.com\/fr\/wp-json\/wp\/v2\/users\/1\/"}],"replies":[{"embeddable":true,"href":"https:\/\/sectionsuedoise.com\/fr\/wp-json\/wp\/v2\/comments\/?post=523"}],"version-history":[{"count":5,"href":"https:\/\/sectionsuedoise.com\/fr\/wp-json\/wp\/v2\/pages\/523\/revisions\/"}],"predecessor-version":[{"id":3239,"href":"https:\/\/sectionsuedoise.com\/fr\/wp-json\/wp\/v2\/pages\/523\/revisions\/3239\/"}],"wp:attachment":[{"href":"https:\/\/sectionsuedoise.com\/fr\/wp-json\/wp\/v2\/media\/?parent=523"}],"curies":[{"name":"wp","href":"https:\/\/api.w.org\/{rel}","templated":true}]}}