{"id":525,"date":"2015-02-06T13:58:58","date_gmt":"2015-02-06T12:58:58","guid":{"rendered":"http:\/\/sectionsuedoise.com\/?page_id=525"},"modified":"2025-09-30T11:01:27","modified_gmt":"2025-09-30T09:01:27","slug":"programme","status":"publish","type":"page","link":"https:\/\/sectionsuedoise.com\/fr\/programme\/","title":{"rendered":"Programme"},"content":{"rendered":"<p>[et_pb_section fb_built=&nbsp;&raquo;1&Prime; fullwidth=&nbsp;&raquo;on&nbsp;&raquo; admin_label=&nbsp;&raquo;section&nbsp;&raquo; _builder_version=&nbsp;&raquo;4.16&Prime; background_color=&nbsp;&raquo;#92bbe4&Prime; transparent_background=&nbsp;&raquo;off&nbsp;&raquo; global_colors_info=&nbsp;&raquo;{}&nbsp;&raquo;][et_pb_fullwidth_header title=&nbsp;&raquo;L\u00e4s\u00e5rsprogram&nbsp;&raquo; content_max_width=&nbsp;&raquo;none&nbsp;&raquo; admin_label=&nbsp;&raquo;Fullwidth Header&nbsp;&raquo; _builder_version=&nbsp;&raquo;4.16&Prime; background_color=&nbsp;&raquo;rgba(255, 255, 255, 0)&nbsp;&raquo; global_colors_info=&nbsp;&raquo;{}&nbsp;&raquo; button_one_text_size__hover_enabled=&nbsp;&raquo;off&nbsp;&raquo; button_one_text_size__hover=&nbsp;&raquo;null&nbsp;&raquo; button_two_text_size__hover_enabled=&nbsp;&raquo;off&nbsp;&raquo; button_two_text_size__hover=&nbsp;&raquo;null&nbsp;&raquo; button_one_text_color__hover_enabled=&nbsp;&raquo;off&nbsp;&raquo; button_one_text_color__hover=&nbsp;&raquo;null&nbsp;&raquo; button_two_text_color__hover_enabled=&nbsp;&raquo;off&nbsp;&raquo; button_two_text_color__hover=&nbsp;&raquo;null&nbsp;&raquo; button_one_border_width__hover_enabled=&nbsp;&raquo;off&nbsp;&raquo; button_one_border_width__hover=&nbsp;&raquo;null&nbsp;&raquo; button_two_border_width__hover_enabled=&nbsp;&raquo;off&nbsp;&raquo; button_two_border_width__hover=&nbsp;&raquo;null&nbsp;&raquo; button_one_border_color__hover_enabled=&nbsp;&raquo;off&nbsp;&raquo; button_one_border_color__hover=&nbsp;&raquo;null&nbsp;&raquo; button_two_border_color__hover_enabled=&nbsp;&raquo;off&nbsp;&raquo; button_two_border_color__hover=&nbsp;&raquo;null&nbsp;&raquo; button_one_border_radius__hover_enabled=&nbsp;&raquo;off&nbsp;&raquo; button_one_border_radius__hover=&nbsp;&raquo;null&nbsp;&raquo; button_two_border_radius__hover_enabled=&nbsp;&raquo;off&nbsp;&raquo; button_two_border_radius__hover=&nbsp;&raquo;null&nbsp;&raquo; button_one_letter_spacing__hover_enabled=&nbsp;&raquo;off&nbsp;&raquo; button_one_letter_spacing__hover=&nbsp;&raquo;null&nbsp;&raquo; button_two_letter_spacing__hover_enabled=&nbsp;&raquo;off&nbsp;&raquo; button_two_letter_spacing__hover=&nbsp;&raquo;null&nbsp;&raquo; button_one_bg_color__hover_enabled=&nbsp;&raquo;off&nbsp;&raquo; button_one_bg_color__hover=&nbsp;&raquo;null&nbsp;&raquo; button_two_bg_color__hover_enabled=&nbsp;&raquo;off&nbsp;&raquo; button_two_bg_color__hover=&nbsp;&raquo;null&nbsp;&raquo;][\/et_pb_fullwidth_header][\/et_pb_section][et_pb_section fb_built=&nbsp;&raquo;1&Prime; admin_label=&nbsp;&raquo;section&nbsp;&raquo; _builder_version=&nbsp;&raquo;4.16&Prime; global_colors_info=&nbsp;&raquo;{}&nbsp;&raquo;][et_pb_row column_structure=&nbsp;&raquo;2_3,1_3&Prime; admin_label=&nbsp;&raquo;row&nbsp;&raquo; _builder_version=&nbsp;&raquo;4.16&Prime; background_size=&nbsp;&raquo;initial&nbsp;&raquo; background_position=&nbsp;&raquo;top_left&nbsp;&raquo; background_repeat=&nbsp;&raquo;repeat&nbsp;&raquo; global_colors_info=&nbsp;&raquo;{}&nbsp;&raquo;][et_pb_column type=&nbsp;&raquo;2_3&Prime; _builder_version=&nbsp;&raquo;4.16&Prime; custom_padding=&nbsp;&raquo;|||&nbsp;&raquo; global_colors_info=&nbsp;&raquo;{}&nbsp;&raquo; custom_padding__hover=&nbsp;&raquo;|||&nbsp;&raquo;][et_pb_text admin_label=&nbsp;&raquo;Calendrier de l&rsquo;ann\u00e9e scolaire&nbsp;&raquo; _builder_version=&nbsp;&raquo;4.27.4&Prime; background_size=&nbsp;&raquo;initial&nbsp;&raquo; background_position=&nbsp;&raquo;top_left&nbsp;&raquo; background_repeat=&nbsp;&raquo;repeat&nbsp;&raquo; hover_enabled=&nbsp;&raquo;0&Prime; z_index_tablet=&nbsp;&raquo;500&Prime; text_text_shadow_horizontal_length_tablet=&nbsp;&raquo;0px&nbsp;&raquo; text_text_shadow_vertical_length_tablet=&nbsp;&raquo;0px&nbsp;&raquo; text_text_shadow_blur_strength_tablet=&nbsp;&raquo;1px&nbsp;&raquo; link_text_shadow_horizontal_length_tablet=&nbsp;&raquo;0px&nbsp;&raquo; link_text_shadow_vertical_length_tablet=&nbsp;&raquo;0px&nbsp;&raquo; link_text_shadow_blur_strength_tablet=&nbsp;&raquo;1px&nbsp;&raquo; ul_text_shadow_horizontal_length_tablet=&nbsp;&raquo;0px&nbsp;&raquo; ul_text_shadow_vertical_length_tablet=&nbsp;&raquo;0px&nbsp;&raquo; ul_text_shadow_blur_strength_tablet=&nbsp;&raquo;1px&nbsp;&raquo; ol_text_shadow_horizontal_length_tablet=&nbsp;&raquo;0px&nbsp;&raquo; ol_text_shadow_vertical_length_tablet=&nbsp;&raquo;0px&nbsp;&raquo; ol_text_shadow_blur_strength_tablet=&nbsp;&raquo;1px&nbsp;&raquo; quote_text_shadow_horizontal_length_tablet=&nbsp;&raquo;0px&nbsp;&raquo; quote_text_shadow_vertical_length_tablet=&nbsp;&raquo;0px&nbsp;&raquo; quote_text_shadow_blur_strength_tablet=&nbsp;&raquo;1px&nbsp;&raquo; header_text_shadow_horizontal_length_tablet=&nbsp;&raquo;0px&nbsp;&raquo; header_text_shadow_vertical_length_tablet=&nbsp;&raquo;0px&nbsp;&raquo; header_text_shadow_blur_strength_tablet=&nbsp;&raquo;1px&nbsp;&raquo; header_2_text_shadow_horizontal_length_tablet=&nbsp;&raquo;0px&nbsp;&raquo; header_2_text_shadow_vertical_length_tablet=&nbsp;&raquo;0px&nbsp;&raquo; header_2_text_shadow_blur_strength_tablet=&nbsp;&raquo;1px&nbsp;&raquo; header_3_text_shadow_horizontal_length_tablet=&nbsp;&raquo;0px&nbsp;&raquo; header_3_text_shadow_vertical_length_tablet=&nbsp;&raquo;0px&nbsp;&raquo; header_3_text_shadow_blur_strength_tablet=&nbsp;&raquo;1px&nbsp;&raquo; header_4_text_shadow_horizontal_length_tablet=&nbsp;&raquo;0px&nbsp;&raquo; header_4_text_shadow_vertical_length_tablet=&nbsp;&raquo;0px&nbsp;&raquo; header_4_text_shadow_blur_strength_tablet=&nbsp;&raquo;1px&nbsp;&raquo; header_5_text_shadow_horizontal_length_tablet=&nbsp;&raquo;0px&nbsp;&raquo; header_5_text_shadow_vertical_length_tablet=&nbsp;&raquo;0px&nbsp;&raquo; header_5_text_shadow_blur_strength_tablet=&nbsp;&raquo;1px&nbsp;&raquo; header_6_text_shadow_horizontal_length_tablet=&nbsp;&raquo;0px&nbsp;&raquo; header_6_text_shadow_vertical_length_tablet=&nbsp;&raquo;0px&nbsp;&raquo; header_6_text_shadow_blur_strength_tablet=&nbsp;&raquo;1px&nbsp;&raquo; box_shadow_horizontal_tablet=&nbsp;&raquo;0px&nbsp;&raquo; box_shadow_vertical_tablet=&nbsp;&raquo;0px&nbsp;&raquo; box_shadow_blur_tablet=&nbsp;&raquo;40px&nbsp;&raquo; box_shadow_spread_tablet=&nbsp;&raquo;0px&nbsp;&raquo; global_colors_info=&nbsp;&raquo;{}&nbsp;&raquo; sticky_enabled=&nbsp;&raquo;0&Prime;]<\/p>\n<h3>Calendrier de l&rsquo;ann\u00e9e scolaire 2025-2026<\/h3>\n<p><a href=\"https:\/\/sectionsuedoise.com\/wp-content\/uploads\/2025\/09\/Lasarsprogram-2025-26.pdf\" rel=\"attachment wp-att-5713\">L\u00e4s\u00e5rsprogram 2025-26<\/a><\/p>\n<p>&nbsp;<\/p>\n<p>&nbsp;<\/p>\n<p>[\/et_pb_text][\/et_pb_column][et_pb_column type=&nbsp;&raquo;1_3&Prime; _builder_version=&nbsp;&raquo;4.16&Prime; custom_padding=&nbsp;&raquo;|||&nbsp;&raquo; global_colors_info=&nbsp;&raquo;{}&nbsp;&raquo; custom_padding__hover=&nbsp;&raquo;|||&nbsp;&raquo;][et_pb_sidebar orientation=&nbsp;&raquo;right&nbsp;&raquo; area=&nbsp;&raquo;sidebar-1&Prime; admin_label=&nbsp;&raquo;Sidebar&nbsp;&raquo; _builder_version=&nbsp;&raquo;4.16&Prime; global_colors_info=&nbsp;&raquo;{}&nbsp;&raquo;][\/et_pb_sidebar][\/et_pb_column][\/et_pb_row][\/et_pb_section][et_pb_section fb_built=&nbsp;&raquo;1&Prime; admin_label=&nbsp;&raquo;section&nbsp;&raquo; _builder_version=&nbsp;&raquo;4.16&Prime; global_colors_info=&nbsp;&raquo;{}&nbsp;&raquo;][et_pb_row admin_label=&nbsp;&raquo;row&nbsp;&raquo; _builder_version=&nbsp;&raquo;4.16&Prime; background_size=&nbsp;&raquo;initial&nbsp;&raquo; background_position=&nbsp;&raquo;top_left&nbsp;&raquo; background_repeat=&nbsp;&raquo;repeat&nbsp;&raquo; global_colors_info=&nbsp;&raquo;{}&nbsp;&raquo;][et_pb_column type=&nbsp;&raquo;4_4&Prime; _builder_version=&nbsp;&raquo;4.16&Prime; custom_padding=&nbsp;&raquo;|||&nbsp;&raquo; global_colors_info=&nbsp;&raquo;{}&nbsp;&raquo; custom_padding__hover=&nbsp;&raquo;|||&nbsp;&raquo;][et_pb_text admin_label=&nbsp;&raquo;Lov&nbsp;&raquo; _builder_version=&nbsp;&raquo;4.16&Prime; background_size=&nbsp;&raquo;initial&nbsp;&raquo; background_position=&nbsp;&raquo;top_left&nbsp;&raquo; background_repeat=&nbsp;&raquo;repeat&nbsp;&raquo; z_index_tablet=&nbsp;&raquo;500&Prime; text_text_shadow_horizontal_length_tablet=&nbsp;&raquo;0px&nbsp;&raquo; text_text_shadow_vertical_length_tablet=&nbsp;&raquo;0px&nbsp;&raquo; text_text_shadow_blur_strength_tablet=&nbsp;&raquo;1px&nbsp;&raquo; link_text_shadow_horizontal_length_tablet=&nbsp;&raquo;0px&nbsp;&raquo; link_text_shadow_vertical_length_tablet=&nbsp;&raquo;0px&nbsp;&raquo; link_text_shadow_blur_strength_tablet=&nbsp;&raquo;1px&nbsp;&raquo; ul_text_shadow_horizontal_length_tablet=&nbsp;&raquo;0px&nbsp;&raquo; ul_text_shadow_vertical_length_tablet=&nbsp;&raquo;0px&nbsp;&raquo; ul_text_shadow_blur_strength_tablet=&nbsp;&raquo;1px&nbsp;&raquo; ol_text_shadow_horizontal_length_tablet=&nbsp;&raquo;0px&nbsp;&raquo; ol_text_shadow_vertical_length_tablet=&nbsp;&raquo;0px&nbsp;&raquo; ol_text_shadow_blur_strength_tablet=&nbsp;&raquo;1px&nbsp;&raquo; quote_text_shadow_horizontal_length_tablet=&nbsp;&raquo;0px&nbsp;&raquo; quote_text_shadow_vertical_length_tablet=&nbsp;&raquo;0px&nbsp;&raquo; quote_text_shadow_blur_strength_tablet=&nbsp;&raquo;1px&nbsp;&raquo; header_text_shadow_horizontal_length_tablet=&nbsp;&raquo;0px&nbsp;&raquo; header_text_shadow_vertical_length_tablet=&nbsp;&raquo;0px&nbsp;&raquo; header_text_shadow_blur_strength_tablet=&nbsp;&raquo;1px&nbsp;&raquo; header_2_text_shadow_horizontal_length_tablet=&nbsp;&raquo;0px&nbsp;&raquo; header_2_text_shadow_vertical_length_tablet=&nbsp;&raquo;0px&nbsp;&raquo; header_2_text_shadow_blur_strength_tablet=&nbsp;&raquo;1px&nbsp;&raquo; header_3_text_shadow_horizontal_length_tablet=&nbsp;&raquo;0px&nbsp;&raquo; header_3_text_shadow_vertical_length_tablet=&nbsp;&raquo;0px&nbsp;&raquo; header_3_text_shadow_blur_strength_tablet=&nbsp;&raquo;1px&nbsp;&raquo; header_4_text_shadow_horizontal_length_tablet=&nbsp;&raquo;0px&nbsp;&raquo; header_4_text_shadow_vertical_length_tablet=&nbsp;&raquo;0px&nbsp;&raquo; header_4_text_shadow_blur_strength_tablet=&nbsp;&raquo;1px&nbsp;&raquo; header_5_text_shadow_horizontal_length_tablet=&nbsp;&raquo;0px&nbsp;&raquo; header_5_text_shadow_vertical_length_tablet=&nbsp;&raquo;0px&nbsp;&raquo; header_5_text_shadow_blur_strength_tablet=&nbsp;&raquo;1px&nbsp;&raquo; header_6_text_shadow_horizontal_length_tablet=&nbsp;&raquo;0px&nbsp;&raquo; header_6_text_shadow_vertical_length_tablet=&nbsp;&raquo;0px&nbsp;&raquo; header_6_text_shadow_blur_strength_tablet=&nbsp;&raquo;1px&nbsp;&raquo; box_shadow_horizontal_tablet=&nbsp;&raquo;0px&nbsp;&raquo; box_shadow_vertical_tablet=&nbsp;&raquo;0px&nbsp;&raquo; box_shadow_blur_tablet=&nbsp;&raquo;40px&nbsp;&raquo; box_shadow_spread_tablet=&nbsp;&raquo;0px&nbsp;&raquo; global_colors_info=&nbsp;&raquo;{}&nbsp;&raquo;][\/et_pb_text][\/et_pb_column][\/et_pb_row][\/et_pb_section][et_pb_section fb_built=&nbsp;&raquo;1&Prime; admin_label=&nbsp;&raquo;section&nbsp;&raquo; _builder_version=&nbsp;&raquo;4.16&Prime; global_colors_info=&nbsp;&raquo;{}&nbsp;&raquo;][et_pb_row admin_label=&nbsp;&raquo;row&nbsp;&raquo; _builder_version=&nbsp;&raquo;4.16&Prime; background_size=&nbsp;&raquo;initial&nbsp;&raquo; background_position=&nbsp;&raquo;top_left&nbsp;&raquo; background_repeat=&nbsp;&raquo;repeat&nbsp;&raquo; global_colors_info=&nbsp;&raquo;{}&nbsp;&raquo;][et_pb_column type=&nbsp;&raquo;4_4&Prime; _builder_version=&nbsp;&raquo;4.16&Prime; custom_padding=&nbsp;&raquo;|||&nbsp;&raquo; global_colors_info=&nbsp;&raquo;{}&nbsp;&raquo; custom_padding__hover=&nbsp;&raquo;|||&nbsp;&raquo;][et_pb_text admin_label=&nbsp;&raquo;Schema&nbsp;&raquo; _builder_version=&nbsp;&raquo;4.16&Prime; background_size=&nbsp;&raquo;initial&nbsp;&raquo; background_position=&nbsp;&raquo;top_left&nbsp;&raquo; background_repeat=&nbsp;&raquo;repeat&nbsp;&raquo; global_colors_info=&nbsp;&raquo;{}&nbsp;&raquo;][\/et_pb_text][et_pb_image align_tablet=&nbsp;&raquo;center&nbsp;&raquo; align_phone=&nbsp;&raquo;&nbsp;&raquo; align_last_edited=&nbsp;&raquo;on|desktop&nbsp;&raquo; admin_label=&nbsp;&raquo;Image&nbsp;&raquo; _builder_version=&nbsp;&raquo;4.16&Prime; animation_style=&nbsp;&raquo;slide&nbsp;&raquo; animation_direction=&nbsp;&raquo;left&nbsp;&raquo; animation_duration=&nbsp;&raquo;500ms&nbsp;&raquo; animation_intensity_slide=&nbsp;&raquo;10%&nbsp;&raquo; animation=&nbsp;&raquo;left&nbsp;&raquo; sticky=&nbsp;&raquo;off&nbsp;&raquo; global_colors_info=&nbsp;&raquo;{}&nbsp;&raquo;][\/et_pb_image][\/et_pb_column][\/et_pb_row][\/et_pb_section]<\/p>\n","protected":false},"excerpt":{"rendered":"<p>Calendrier de l&rsquo;ann\u00e9e scolaire 2025-2026 L\u00e4s\u00e5rsprogram 2025-26 &nbsp; &nbsp;<\/p>\n","protected":false},"author":1,"featured_media":0,"parent":0,"menu_order":0,"comment_status":"closed","ping_status":"closed","template":"","meta":{"_et_pb_use_builder":"on","_et_pb_old_content":"<h3>L\u00e4s\u00e5rsprogram<\/h3><p>Kontoret \u00f6ppnar m\u00e5ndagen den 25\/8<\/p><p>\u2028\u00d6ppet hus (Portes Ouvertes) l\u00f6rdagen den 30\/8 (obs ej f\u00f6r f\u00f6rskolan)<\/p><p>Informationsm\u00f6te kl. 09.00 (nya familjer) Sal 204 i primairebyggnaden\u2028 Kaffe och saft kl. 10.00 (samtliga familjer) Framf\u00f6r F-byggnaden<\/p><p>L\u00e4sningen b\u00f6rjar f\u00f6r heltidselever tisdagen den 2\/9 och onsdagen den 3\/9\u2028<\/p><p>Informationsm\u00f6te f\u00f6rskolef\u00f6r\u00e4ldrar fredagen den 5\/9 kl. 09.00 Sal 204 i primairebyggnaden\u2028<\/p><p>L\u00e4sningen b\u00f6rjar f\u00f6r extern\u00e9-elever m\u00e5ndagen den 8\/9\u2028L\u00e4sningen b\u00f6rjar f\u00f6r f\u00f6rskolan tisdagen den 9\/9\u2028<\/p><p>V\u00e4lkomstkaffe l\u00f6rdagen den 13\/9 Skolans kapell \u201dl\u2019Aum\u00f4nerie\u201d\u2028<\/p><p>Informationsm\u00f6ten \u00f6vriga \u00e5rskurser september-oktober Klassrum 411 i E-byggnaden\u2028 och 204 i primairebyggnaden<\/p><p>Svenska sektionens \u00e5rsm\u00f6te onsdagen den 15\/10, kl. 19.30 Slottets salle de conseil<\/p><p>Luciat\u00e5g f\u00f6r elever i primaire onsdagen den 10\/12 Primairestadiets gymnastiksal<\/p><p>Luciat\u00e5g f\u00f6r elever i Lyc\u00e9e & Coll\u00e8ge torsdagen den 11\/12 Agora (Cantinen)\u2028\u2028Julfest & Luciat\u00e5g f\u00f6r sektionens familjer fredagen den 12\/12 kl. 19 Agora (Cantinen)<\/p><p>\u2028Luciat\u00e5g f\u00f6r elever i f\u00f6rskolan fredagen den 12\/12 F\u00f6rskolebyggnaden<\/p><p>Samtalskvartar januari \u2013 februari\u2028SYO 17-18 december<\/p><p>H\u00f6gskoleprovet l\u00f6rdagen den 28\/3 E-byggnaden<\/p><p>PRAO f\u00f6r 3\u00e8me 1 vecka i mitten av juni<\/p><p>\u2028Midsommarfirande l\u00f6rdagen den 20\/6 kl 12.00<\/p><p>Primairestadiets teater onsdagen den 24\/6 kl 18.00 Slottets teater\u2028\u2028 \u2028<\/p><p><em>\u2028OBS! Sm\u00e4rre f\u00f6r\u00e4ndringar av detta program kan intr\u00e4ffa under l\u00e4s\u00e5rets g\u00e5ng!<\/em><\/p><p>H\u00d6STLOV fr.o.m. l\u00f6rdagen den 18\/10 t o m s\u00f6ndagen den 2\/11<\/p><p>HELGDAG tisdagen den 11 november F\u00f6rsta v\u00e4rldskriget<\/p><p>JULLOV fr.o.m. l\u00f6rdagen den 20\/12 t o m s\u00f6ndagen den 4\/1<\/p><p>VINTERLOV fr.o.m. l\u00f6rdagen den 14\/2 t o m s\u00f6ndagen den 1\/3<\/p><p>HELGDAG m\u00e5ndagen 6 april Annandag P\u00e5sk<\/p><p>V\u00c5RLOV fr.o.m. l\u00f6rdagen den 18\/4 t o m s\u00f6ndagen den 3\/5\u2028<\/p><p>HELGDAG fredagen den 8\/5 Andra v\u00e4rldskriget<\/p><p>HELGDAG torsdagen den 14\/5 Kristi Himmelsf\u00e4rdsdag<\/p><p>HELGDAG m\u00e5ndagen den 25\/5 Annandag Pingst\u2028<\/p><p>SOMMARLOV fr.o.m. l\u00f6rdagen den 4\/7<\/p>","_et_gb_content_width":"","footnotes":"","_links_to":"","_links_to_target":""},"class_list":["post-525","page","type-page","status-publish","hentry"],"yoast_head":"<!-- This site is optimized with the Yoast SEO plugin v27.4 - https:\/\/yoast.com\/product\/yoast-seo-wordpress\/ -->\n<title>Programme - Section Su\u00e9doise | Svenska Sektionen | Saint-Germain-en-Laye<\/title>\n<meta name=\"robots\" content=\"index, follow, max-snippet:-1, max-image-preview:large, max-video-preview:-1\" \/>\n<link rel=\"canonical\" href=\"https:\/\/sectionsuedoise.com\/fr\/programme\/\" \/>\n<meta property=\"og:locale\" content=\"fr_FR\" \/>\n<meta property=\"og:type\" content=\"article\" \/>\n<meta property=\"og:title\" content=\"Programme - Section Su\u00e9doise | Svenska Sektionen | Saint-Germain-en-Laye\" \/>\n<meta property=\"og:description\" content=\"Calendrier de l&#039;ann\u00e9e scolaire 2025-2026 L\u00e4s\u00e5rsprogram 2025-26 &nbsp; &nbsp;\" \/>\n<meta property=\"og:url\" content=\"https:\/\/sectionsuedoise.com\/fr\/programme\/\" \/>\n<meta property=\"og:site_name\" content=\"Section Su\u00e9doise | Svenska Sektionen | Saint-Germain-en-Laye\" \/>\n<meta property=\"article:modified_time\" content=\"2025-09-30T09:01:27+00:00\" \/>\n<meta name=\"twitter:label1\" content=\"Dur\u00e9e de lecture estim\u00e9e\" \/>\n\t<meta name=\"twitter:data1\" content=\"1 minute\" \/>\n<script type=\"application\/ld+json\" class=\"yoast-schema-graph\">{\"@context\":\"https:\\\/\\\/schema.org\",\"@graph\":[{\"@type\":\"WebPage\",\"@id\":\"https:\\\/\\\/sectionsuedoise.com\\\/fr\\\/programme\\\/\",\"url\":\"https:\\\/\\\/sectionsuedoise.com\\\/fr\\\/programme\\\/\",\"name\":\"Programme - Section Su\u00e9doise | Svenska Sektionen | Saint-Germain-en-Laye\",\"isPartOf\":{\"@id\":\"https:\\\/\\\/sectionsuedoise.com\\\/#website\"},\"datePublished\":\"2015-02-06T12:58:58+00:00\",\"dateModified\":\"2025-09-30T09:01:27+00:00\",\"breadcrumb\":{\"@id\":\"https:\\\/\\\/sectionsuedoise.com\\\/fr\\\/programme\\\/#breadcrumb\"},\"inLanguage\":\"fr-FR\",\"potentialAction\":[{\"@type\":\"ReadAction\",\"target\":[\"https:\\\/\\\/sectionsuedoise.com\\\/fr\\\/programme\\\/\"]}]},{\"@type\":\"BreadcrumbList\",\"@id\":\"https:\\\/\\\/sectionsuedoise.com\\\/fr\\\/programme\\\/#breadcrumb\",\"itemListElement\":[{\"@type\":\"ListItem\",\"position\":1,\"name\":\"Hem\",\"item\":\"https:\\\/\\\/sectionsuedoise.com\\\/fr\\\/\"},{\"@type\":\"ListItem\",\"position\":2,\"name\":\"Programme\"}]},{\"@type\":\"WebSite\",\"@id\":\"https:\\\/\\\/sectionsuedoise.com\\\/#website\",\"url\":\"https:\\\/\\\/sectionsuedoise.com\\\/\",\"name\":\"Section Su\u00e9doise | Svenska Sektionen | Saint-Germain-en-Laye\",\"description\":\"En till WordPress-webbplats\",\"potentialAction\":[{\"@type\":\"SearchAction\",\"target\":{\"@type\":\"EntryPoint\",\"urlTemplate\":\"https:\\\/\\\/sectionsuedoise.com\\\/?s={search_term_string}\"},\"query-input\":{\"@type\":\"PropertyValueSpecification\",\"valueRequired\":true,\"valueName\":\"search_term_string\"}}],\"inLanguage\":\"fr-FR\"}]}<\/script>\n<!-- \/ Yoast SEO plugin. -->","yoast_head_json":{"title":"Programme - Section Su\u00e9doise | Svenska Sektionen | Saint-Germain-en-Laye","robots":{"index":"index","follow":"follow","max-snippet":"max-snippet:-1","max-image-preview":"max-image-preview:large","max-video-preview":"max-video-preview:-1"},"canonical":"https:\/\/sectionsuedoise.com\/fr\/programme\/","og_locale":"fr_FR","og_type":"article","og_title":"Programme - Section Su\u00e9doise | Svenska Sektionen | Saint-Germain-en-Laye","og_description":"Calendrier de l'ann\u00e9e scolaire 2025-2026 L\u00e4s\u00e5rsprogram 2025-26 &nbsp; &nbsp;","og_url":"https:\/\/sectionsuedoise.com\/fr\/programme\/","og_site_name":"Section Su\u00e9doise | Svenska Sektionen | Saint-Germain-en-Laye","article_modified_time":"2025-09-30T09:01:27+00:00","twitter_misc":{"Dur\u00e9e de lecture estim\u00e9e":"1 minute"},"schema":{"@context":"https:\/\/schema.org","@graph":[{"@type":"WebPage","@id":"https:\/\/sectionsuedoise.com\/fr\/programme\/","url":"https:\/\/sectionsuedoise.com\/fr\/programme\/","name":"Programme - Section Su\u00e9doise | Svenska Sektionen | Saint-Germain-en-Laye","isPartOf":{"@id":"https:\/\/sectionsuedoise.com\/#website"},"datePublished":"2015-02-06T12:58:58+00:00","dateModified":"2025-09-30T09:01:27+00:00","breadcrumb":{"@id":"https:\/\/sectionsuedoise.com\/fr\/programme\/#breadcrumb"},"inLanguage":"fr-FR","potentialAction":[{"@type":"ReadAction","target":["https:\/\/sectionsuedoise.com\/fr\/programme\/"]}]},{"@type":"BreadcrumbList","@id":"https:\/\/sectionsuedoise.com\/fr\/programme\/#breadcrumb","itemListElement":[{"@type":"ListItem","position":1,"name":"Hem","item":"https:\/\/sectionsuedoise.com\/fr\/"},{"@type":"ListItem","position":2,"name":"Programme"}]},{"@type":"WebSite","@id":"https:\/\/sectionsuedoise.com\/#website","url":"https:\/\/sectionsuedoise.com\/","name":"Section Su\u00e9doise | Svenska Sektionen | Saint-Germain-en-Laye","description":"En till WordPress-webbplats","potentialAction":[{"@type":"SearchAction","target":{"@type":"EntryPoint","urlTemplate":"https:\/\/sectionsuedoise.com\/?s={search_term_string}"},"query-input":{"@type":"PropertyValueSpecification","valueRequired":true,"valueName":"search_term_string"}}],"inLanguage":"fr-FR"}]}},"_links":{"self":[{"href":"https:\/\/sectionsuedoise.com\/fr\/wp-json\/wp\/v2\/pages\/525\/"}],"collection":[{"href":"https:\/\/sectionsuedoise.com\/fr\/wp-json\/wp\/v2\/pages\/"}],"about":[{"href":"https:\/\/sectionsuedoise.com\/fr\/wp-json\/wp\/v2\/types\/page\/"}],"author":[{"embeddable":true,"href":"https:\/\/sectionsuedoise.com\/fr\/wp-json\/wp\/v2\/users\/1\/"}],"replies":[{"embeddable":true,"href":"https:\/\/sectionsuedoise.com\/fr\/wp-json\/wp\/v2\/comments\/?post=525"}],"version-history":[{"count":4,"href":"https:\/\/sectionsuedoise.com\/fr\/wp-json\/wp\/v2\/pages\/525\/revisions\/"}],"predecessor-version":[{"id":5720,"href":"https:\/\/sectionsuedoise.com\/fr\/wp-json\/wp\/v2\/pages\/525\/revisions\/5720\/"}],"wp:attachment":[{"href":"https:\/\/sectionsuedoise.com\/fr\/wp-json\/wp\/v2\/media\/?parent=525"}],"curies":[{"name":"wp","href":"https:\/\/api.w.org\/{rel}","templated":true}]}}