{"id":527,"date":"2015-02-06T14:00:00","date_gmt":"2015-02-06T13:00:00","guid":{"rendered":"http:\/\/sectionsuedoise.com\/?page_id=527"},"modified":"2025-09-24T10:14:55","modified_gmt":"2025-09-24T08:14:55","slug":"sjukanmalan","status":"publish","type":"page","link":"https:\/\/sectionsuedoise.com\/fr\/section-suedoise\/sjukanmalan\/","title":{"rendered":"Si je suis malade"},"content":{"rendered":"<p>[et_pb_section fb_built=&nbsp;&raquo;1&Prime; fullwidth=&nbsp;&raquo;on&nbsp;&raquo; admin_label=&nbsp;&raquo;section&nbsp;&raquo; _builder_version=&nbsp;&raquo;4.16&Prime; background_color=&nbsp;&raquo;#92bbe4&Prime; transparent_background=&nbsp;&raquo;off&nbsp;&raquo; global_colors_info=&nbsp;&raquo;{}&nbsp;&raquo;][et_pb_fullwidth_header title=&nbsp;&raquo;Si je suis malade&nbsp;&raquo; content_max_width=&nbsp;&raquo;none&nbsp;&raquo; admin_label=&nbsp;&raquo;Fullwidth Header&nbsp;&raquo; _builder_version=&nbsp;&raquo;4.16&Prime; background_color=&nbsp;&raquo;rgba(255, 255, 255, 0)&nbsp;&raquo; button_one_letter_spacing_hover=&nbsp;&raquo;0&Prime; button_two_letter_spacing_hover=&nbsp;&raquo;0&Prime; global_colors_info=&nbsp;&raquo;{}&nbsp;&raquo; button_one_text_size__hover_enabled=&nbsp;&raquo;off&nbsp;&raquo; button_two_text_size__hover_enabled=&nbsp;&raquo;off&nbsp;&raquo; button_one_text_color__hover_enabled=&nbsp;&raquo;off&nbsp;&raquo; button_two_text_color__hover_enabled=&nbsp;&raquo;off&nbsp;&raquo; button_one_border_width__hover_enabled=&nbsp;&raquo;off&nbsp;&raquo; button_two_border_width__hover_enabled=&nbsp;&raquo;off&nbsp;&raquo; button_one_border_color__hover_enabled=&nbsp;&raquo;off&nbsp;&raquo; button_two_border_color__hover_enabled=&nbsp;&raquo;off&nbsp;&raquo; button_one_border_radius__hover_enabled=&nbsp;&raquo;off&nbsp;&raquo; button_two_border_radius__hover_enabled=&nbsp;&raquo;off&nbsp;&raquo; button_one_letter_spacing__hover_enabled=&nbsp;&raquo;on&nbsp;&raquo; button_one_letter_spacing__hover=&nbsp;&raquo;0&Prime; button_two_letter_spacing__hover_enabled=&nbsp;&raquo;on&nbsp;&raquo; button_two_letter_spacing__hover=&nbsp;&raquo;0&Prime; button_one_bg_color__hover_enabled=&nbsp;&raquo;off&nbsp;&raquo; button_two_bg_color__hover_enabled=&nbsp;&raquo;off&nbsp;&raquo;][\/et_pb_fullwidth_header][\/et_pb_section][et_pb_section fb_built=&nbsp;&raquo;1&Prime; admin_label=&nbsp;&raquo;section&nbsp;&raquo; _builder_version=&nbsp;&raquo;4.16&Prime; global_colors_info=&nbsp;&raquo;{}&nbsp;&raquo;][et_pb_row column_structure=&nbsp;&raquo;1_3,1_3,1_3&Prime; admin_label=&nbsp;&raquo;row&nbsp;&raquo; _builder_version=&nbsp;&raquo;4.16&Prime; background_size=&nbsp;&raquo;initial&nbsp;&raquo; background_position=&nbsp;&raquo;top_left&nbsp;&raquo; background_repeat=&nbsp;&raquo;repeat&nbsp;&raquo; global_colors_info=&nbsp;&raquo;{}&nbsp;&raquo;][et_pb_column type=&nbsp;&raquo;1_3&Prime; _builder_version=&nbsp;&raquo;4.16&Prime; custom_padding=&nbsp;&raquo;|||&nbsp;&raquo; global_colors_info=&nbsp;&raquo;{}&nbsp;&raquo; custom_padding__hover=&nbsp;&raquo;|||&nbsp;&raquo;][et_pb_text _builder_version=&nbsp;&raquo;4.27.4&Prime; background_size=&nbsp;&raquo;initial&nbsp;&raquo; background_position=&nbsp;&raquo;top_left&nbsp;&raquo; background_repeat=&nbsp;&raquo;repeat&nbsp;&raquo; hover_enabled=&nbsp;&raquo;0&Prime; use_border_color=&nbsp;&raquo;off&nbsp;&raquo; global_colors_info=&nbsp;&raquo;{}&nbsp;&raquo; sticky_enabled=&nbsp;&raquo;0&Prime;]<\/p>\n<h3>Absences<\/h3>\n<p><strong>Les \u00e9l\u00e8ves du secondaire (coll\u00e8ge et lyc\u00e9e)\u00a0<\/strong><br \/>Envoyez toujours un mail au<strong>\u00a0bureau de la Section Su\u00e9doise<\/strong> admin (at) sectionsuedoise.com d\u00e8s le matin, le premier jour d&rsquo;absence.<\/p>\n<p>Envoyez \u00e9galement un mail au CPE de l\u2019\u00e9l\u00e8ve \u00ab Conseiller principal d&rsquo;\u00e9ducation \u00bb (voir liste ci-dessous).<\/p>\n<p><strong>6\u00e8me,5\u00e8me,4\u00e8me,3\u00e8me<br \/><\/strong><em><strong>Sandrine CHEVALLIER<\/strong><br \/>bureau 005 Scherer<br \/><\/em>sandrine.chevallier1@ac-versailles.fr<br \/>tel. 01 39 10 94 48<\/p>\n<p><strong>2nds-6,7,8,9,10,FS &amp; T<br \/><\/strong><em><strong>Gr\u00e9gory POTHIN<\/strong><br \/>bureau 306 Scherer<br \/><\/em>gregory-hassim.pothin@ac-versailles.fr<br \/>tel. 01 39 10 94 47<br \/><strong><br \/>2nds-1,2,3,4,5 &amp; 1\u00e8re <\/strong><br \/><em><strong>Marie Anne TORNEBERG<\/strong><br \/>bureau 308 Scherer<br \/><\/em>marie-anne.torneberg@ac-versailles.fr<br \/>tel. 01 39 10 94 49<\/p>\n<p><strong>Vie scolaire lyc\u00e9e surveillants<br \/><\/strong><em>bureau 304 Scherer<\/em><br \/>viescolycee.li@gmail.com<\/p>\n<p>Toutes les absences doivent \u00eatre sign\u00e9es par les parents dans \u00ab Le carnet de liaison \u00bb lorsque l&rsquo;\u00e9l\u00e8ve retourne \u00e0 l&rsquo;\u00e9cole.<br \/>Les CPE travaillent dans les \u00ab Bureaux de la Vie Scolaire \u00bb\u00a0 qui se situent dans le b\u00e2timent Edgar Scherer.<br \/>C\u2019est l\u00e0 que les \u00e9l\u00e8ves iront \u00e0 chaque fois qu&rsquo;ils ont \u00e9t\u00e9 absents ou arrivent en retard pour faire tamponner leurs \u00ab carnets de liaison \u00bb. Seulement apr\u00e8s cela ils peuvent retourner en classe. Les CPE ont la responsabilit\u00e9 des \u00e9l\u00e8ves en dehors des heures de classe.<br \/>Avec tous les membres de la communaut\u00e9 \u00e9ducative, elles s\u2019efforcent de placer les adolescents dans les meilleures conditions de vie individuelle et collective pour leurs \u00e9tudes et leur \u00e9panouissement personnel.<\/p>\n<p><strong>Les \u00e9l\u00e8ves du primare (Maternelle, CP-CM2)<\/strong><\/p>\n<p>Envoyez toujours un mail au<strong>\u00a0bureau de la Section Su\u00e9doise<\/strong> admin (at) sectionsuedoise.com d\u00e8s le matin, le premier jour d&rsquo;absence.<br \/>Envoyez un sms aux professeurs de section si c&rsquo;est un jour de section.<br \/>Appelez \u00e9galement <strong>le secr\u00e9tairat du primaire<\/strong> 01 39 10 94 81, \u00e0 partir de la deuxi\u00e8me journ\u00e9e d&rsquo;absence.<br \/>Toutes les absences doivent \u00eatre sign\u00e9es par les parents dans \u00ab Le cahier de correspondance \u00bb lorsque l&rsquo;\u00e9l\u00e8ve retourne \u00e0 l&rsquo;\u00e9cole.<\/p>\n<p>[\/et_pb_text][\/et_pb_column][et_pb_column type=&nbsp;&raquo;1_3&Prime; _builder_version=&nbsp;&raquo;4.16&Prime; custom_padding=&nbsp;&raquo;|||&nbsp;&raquo; global_colors_info=&nbsp;&raquo;{}&nbsp;&raquo; custom_padding__hover=&nbsp;&raquo;|||&nbsp;&raquo;][et_pb_text _builder_version=&nbsp;&raquo;4.22.1&Prime; background_size=&nbsp;&raquo;initial&nbsp;&raquo; background_position=&nbsp;&raquo;top_left&nbsp;&raquo; background_repeat=&nbsp;&raquo;repeat&nbsp;&raquo; use_border_color=&nbsp;&raquo;off&nbsp;&raquo; border_color=&nbsp;&raquo;#ffffff&nbsp;&raquo; border_style=&nbsp;&raquo;solid&nbsp;&raquo; global_colors_info=&nbsp;&raquo;{}&nbsp;&raquo;]<\/p>\n<p><strong> Les demandes d\u2019un cong\u00e9 suppl\u00e9mentaire<\/strong> Sauf cas r\u00e9ellement exceptionnel, les allongements de vacances ou de week-ends ne sont pas autoris\u00e9s. Ils doivent faire l\u2019objet d\u2019une demande motiv\u00e9e par les parents, adress\u00e9e \u00e0 M. Bonneville &#8211; proviseur, pour les \u00e9l\u00e8ves du secondaire et \u00e0 Madame Gagneur &#8211; Directrice des Classes primaires, pour les \u00e9l\u00e8ves du primaire.<\/p>\n<p>[\/et_pb_text][\/et_pb_column][et_pb_column type=&nbsp;&raquo;1_3&Prime; _builder_version=&nbsp;&raquo;4.16&Prime; custom_padding=&nbsp;&raquo;|||&nbsp;&raquo; global_colors_info=&nbsp;&raquo;{}&nbsp;&raquo; custom_padding__hover=&nbsp;&raquo;|||&nbsp;&raquo;][et_pb_sidebar orientation=&nbsp;&raquo;right&nbsp;&raquo; area=&nbsp;&raquo;sidebar-1&Prime; admin_label=&nbsp;&raquo;Sidebar&nbsp;&raquo; _builder_version=&nbsp;&raquo;4.16&Prime; global_colors_info=&nbsp;&raquo;{}&nbsp;&raquo;][\/et_pb_sidebar][\/et_pb_column][\/et_pb_row][\/et_pb_section]<\/p>\n","protected":false},"excerpt":{"rendered":"<p>Absences Les \u00e9l\u00e8ves du secondaire (coll\u00e8ge et lyc\u00e9e)\u00a0Envoyez toujours un mail au\u00a0bureau de la Section Su\u00e9doise admin (at) sectionsuedoise.com d\u00e8s le matin, le premier jour d&rsquo;absence. Envoyez \u00e9galement un mail au CPE de l\u2019\u00e9l\u00e8ve \u00ab Conseiller principal d&rsquo;\u00e9ducation \u00bb (voir liste ci-dessous). 6\u00e8me,5\u00e8me,4\u00e8me,3\u00e8meSandrine CHEVALLIERbureau 005 Scherersandrine.chevallier1@ac-versailles.frtel. 01 39 10 94 48 2nds-6,7,8,9,10,FS &amp; TGr\u00e9gory POTHINbureau [&hellip;]<\/p>\n","protected":false},"author":1,"featured_media":0,"parent":517,"menu_order":50,"comment_status":"closed","ping_status":"closed","template":"","meta":{"_et_pb_use_builder":"on","_et_pb_old_content":"<p>H\u00f6gstadie- och gymnasieelever: \u2028Ring alltid sektionen den f\u00f6rsta fr\u00e5nvarodagen - telefon 01 34 51 77 38.\u2028Ring ocks\u00e5 till elevens CPE \"Conseillers principaux d'\u00e9ducation\" (se listan h\u00e4r under).\u2028All fr\u00e5nvaro ska skriftligen bekr\u00e4ftas i \u201dLe carnet de liaison\u201d d\u00e5 eleven \u00e5terv\u00e4nder till skolan.<br \/>6\u00e8me \/ 5\u00e8me \/ 4\u00e8me \/ 3\u00e8me Sandrine CHEVALLIER Sal 017 tel. 01 39 10 94 48<br \/>T, 1\u00e8re ES och L Julie CAMIER Sal 206 tel. 01 39 10 94 49<br \/>2ndes, 1\u00e8re S Marie-Laure Cour Sal 206 tel. 01 39 10 94 47<br \/>Salarna 017 och 206 ligger i E-byggnaden och \u00e4r s.k. \"Bureaux de la Vie Scolaire\".\u2028D\u00e4r sitter de ovann\u00e4mnda CPE. Det \u00e4r hit eleverna skall g\u00e5 varje g\u00e5ng de har varit fr\u00e5nvarande eller kommer f\u00f6rsent, f\u00f6r att f\u00e5 sin \"carnet de liaison\" st\u00e4mplad. F\u00f6rst d\u00e4refter f\u00e5r de g\u00e5 till sina lektioner. H\u00e4r kan de ocks\u00e5 f\u00e5 upplysning om ev. fr\u00e5nvarande l\u00e4rare, o.s.v. Varje l\u00e4rare \u00e4r skyldig att f\u00f6ra upp all fr\u00e5nvaro i ENT. Skolk betraktas som en allvarlig f\u00f6reteelse!\u2028\u2028L\u00e5g- och mellanstadieelever:\u2028Ring alltid sektionen den f\u00f6rsta fr\u00e5nvarodagen - telefon 01 34 51 77 38. \u2028Ring \u00e4ven det franska sekretariatet om eleven \u00e4r borta mer \u00e4n 2 dagar \u2013 telefon 01 39 10 94 81. \u2028All fr\u00e5nvaro ska skriftligen bekr\u00e4ftas till l\u00e4raren i \u201dLe carnet de correspondance\u201d d\u00e5 eleven \u00e5terv\u00e4nder till skolan.<br \/>Beg\u00e4ran om lov eller annan fr\u00e5nvaro \u2028B\u00f6r ske i mycket begr\u00e4nsad omfattning och skall alltid vara motiverad. Endast i undantagsfall kan extra ledighet till\u00e5tas i samband med helger och skollov.Beg\u00e4ran st\u00e4lls till rektor Monsieur Bianco \u201dle proviseur\u201d betr\u00e4ffande elever p\u00e5 secondairestadiet och till Madame Hopf \u201dla directrice des classes primaires\u201d f\u00f6r elever p\u00e5 primairestadiet. Beg\u00e4ran om ledighet l\u00e4mnas f\u00f6rst in till den svenska sektionen som vidarebefordrar.<\/p>","_et_gb_content_width":"","footnotes":"","_links_to":"","_links_to_target":""},"class_list":["post-527","page","type-page","status-publish","hentry"],"yoast_head":"<!-- This site is optimized with the Yoast SEO plugin v27.4 - https:\/\/yoast.com\/product\/yoast-seo-wordpress\/ -->\n<title>Si je suis malade - Section Su\u00e9doise | Svenska Sektionen | Saint-Germain-en-Laye<\/title>\n<meta name=\"robots\" content=\"index, follow, max-snippet:-1, max-image-preview:large, max-video-preview:-1\" \/>\n<link rel=\"canonical\" href=\"https:\/\/sectionsuedoise.com\/fr\/section-suedoise\/sjukanmalan\/\" \/>\n<meta property=\"og:locale\" content=\"fr_FR\" \/>\n<meta property=\"og:type\" content=\"article\" \/>\n<meta property=\"og:title\" content=\"Si je suis malade - Section Su\u00e9doise | Svenska Sektionen | Saint-Germain-en-Laye\" \/>\n<meta property=\"og:description\" content=\"Absences Les \u00e9l\u00e8ves du secondaire (coll\u00e8ge et lyc\u00e9e)\u00a0Envoyez toujours un mail au\u00a0bureau de la Section Su\u00e9doise admin (at) sectionsuedoise.com d\u00e8s le matin, le premier jour d&#039;absence. Envoyez \u00e9galement un mail au CPE de l\u2019\u00e9l\u00e8ve \u00ab Conseiller principal d&#039;\u00e9ducation \u00bb (voir liste ci-dessous). 6\u00e8me,5\u00e8me,4\u00e8me,3\u00e8meSandrine CHEVALLIERbureau 005 Scherersandrine.chevallier1@ac-versailles.frtel. 01 39 10 94 48 2nds-6,7,8,9,10,FS &amp; TGr\u00e9gory POTHINbureau [&hellip;]\" \/>\n<meta property=\"og:url\" content=\"https:\/\/sectionsuedoise.com\/fr\/section-suedoise\/sjukanmalan\/\" \/>\n<meta property=\"og:site_name\" content=\"Section Su\u00e9doise | Svenska Sektionen | Saint-Germain-en-Laye\" \/>\n<meta property=\"article:modified_time\" content=\"2025-09-24T08:14:55+00:00\" \/>\n<meta name=\"twitter:label1\" content=\"Dur\u00e9e de lecture estim\u00e9e\" \/>\n\t<meta name=\"twitter:data1\" content=\"3 minutes\" \/>\n<script type=\"application\/ld+json\" class=\"yoast-schema-graph\">{\"@context\":\"https:\\\/\\\/schema.org\",\"@graph\":[{\"@type\":\"WebPage\",\"@id\":\"https:\\\/\\\/sectionsuedoise.com\\\/fr\\\/section-suedoise\\\/sjukanmalan\\\/\",\"url\":\"https:\\\/\\\/sectionsuedoise.com\\\/fr\\\/section-suedoise\\\/sjukanmalan\\\/\",\"name\":\"Si je suis malade - Section Su\u00e9doise | Svenska Sektionen | Saint-Germain-en-Laye\",\"isPartOf\":{\"@id\":\"https:\\\/\\\/sectionsuedoise.com\\\/#website\"},\"datePublished\":\"2015-02-06T13:00:00+00:00\",\"dateModified\":\"2025-09-24T08:14:55+00:00\",\"breadcrumb\":{\"@id\":\"https:\\\/\\\/sectionsuedoise.com\\\/fr\\\/section-suedoise\\\/sjukanmalan\\\/#breadcrumb\"},\"inLanguage\":\"fr-FR\",\"potentialAction\":[{\"@type\":\"ReadAction\",\"target\":[\"https:\\\/\\\/sectionsuedoise.com\\\/fr\\\/section-suedoise\\\/sjukanmalan\\\/\"]}]},{\"@type\":\"BreadcrumbList\",\"@id\":\"https:\\\/\\\/sectionsuedoise.com\\\/fr\\\/section-suedoise\\\/sjukanmalan\\\/#breadcrumb\",\"itemListElement\":[{\"@type\":\"ListItem\",\"position\":1,\"name\":\"Hem\",\"item\":\"https:\\\/\\\/sectionsuedoise.com\\\/fr\\\/\"},{\"@type\":\"ListItem\",\"position\":2,\"name\":\"Section Su\u00e9doise\",\"item\":\"https:\\\/\\\/sectionsuedoise.com\\\/fr\\\/\"},{\"@type\":\"ListItem\",\"position\":3,\"name\":\"Si je suis malade\"}]},{\"@type\":\"WebSite\",\"@id\":\"https:\\\/\\\/sectionsuedoise.com\\\/#website\",\"url\":\"https:\\\/\\\/sectionsuedoise.com\\\/\",\"name\":\"Section Su\u00e9doise | Svenska Sektionen | Saint-Germain-en-Laye\",\"description\":\"En till WordPress-webbplats\",\"potentialAction\":[{\"@type\":\"SearchAction\",\"target\":{\"@type\":\"EntryPoint\",\"urlTemplate\":\"https:\\\/\\\/sectionsuedoise.com\\\/?s={search_term_string}\"},\"query-input\":{\"@type\":\"PropertyValueSpecification\",\"valueRequired\":true,\"valueName\":\"search_term_string\"}}],\"inLanguage\":\"fr-FR\"}]}<\/script>\n<!-- \/ Yoast SEO plugin. -->","yoast_head_json":{"title":"Si je suis malade - Section Su\u00e9doise | Svenska Sektionen | Saint-Germain-en-Laye","robots":{"index":"index","follow":"follow","max-snippet":"max-snippet:-1","max-image-preview":"max-image-preview:large","max-video-preview":"max-video-preview:-1"},"canonical":"https:\/\/sectionsuedoise.com\/fr\/section-suedoise\/sjukanmalan\/","og_locale":"fr_FR","og_type":"article","og_title":"Si je suis malade - Section Su\u00e9doise | Svenska Sektionen | Saint-Germain-en-Laye","og_description":"Absences Les \u00e9l\u00e8ves du secondaire (coll\u00e8ge et lyc\u00e9e)\u00a0Envoyez toujours un mail au\u00a0bureau de la Section Su\u00e9doise admin (at) sectionsuedoise.com d\u00e8s le matin, le premier jour d'absence. Envoyez \u00e9galement un mail au CPE de l\u2019\u00e9l\u00e8ve \u00ab Conseiller principal d'\u00e9ducation \u00bb (voir liste ci-dessous). 6\u00e8me,5\u00e8me,4\u00e8me,3\u00e8meSandrine CHEVALLIERbureau 005 Scherersandrine.chevallier1@ac-versailles.frtel. 01 39 10 94 48 2nds-6,7,8,9,10,FS &amp; TGr\u00e9gory POTHINbureau [&hellip;]","og_url":"https:\/\/sectionsuedoise.com\/fr\/section-suedoise\/sjukanmalan\/","og_site_name":"Section Su\u00e9doise | Svenska Sektionen | Saint-Germain-en-Laye","article_modified_time":"2025-09-24T08:14:55+00:00","twitter_misc":{"Dur\u00e9e de lecture estim\u00e9e":"3 minutes"},"schema":{"@context":"https:\/\/schema.org","@graph":[{"@type":"WebPage","@id":"https:\/\/sectionsuedoise.com\/fr\/section-suedoise\/sjukanmalan\/","url":"https:\/\/sectionsuedoise.com\/fr\/section-suedoise\/sjukanmalan\/","name":"Si je suis malade - Section Su\u00e9doise | Svenska Sektionen | Saint-Germain-en-Laye","isPartOf":{"@id":"https:\/\/sectionsuedoise.com\/#website"},"datePublished":"2015-02-06T13:00:00+00:00","dateModified":"2025-09-24T08:14:55+00:00","breadcrumb":{"@id":"https:\/\/sectionsuedoise.com\/fr\/section-suedoise\/sjukanmalan\/#breadcrumb"},"inLanguage":"fr-FR","potentialAction":[{"@type":"ReadAction","target":["https:\/\/sectionsuedoise.com\/fr\/section-suedoise\/sjukanmalan\/"]}]},{"@type":"BreadcrumbList","@id":"https:\/\/sectionsuedoise.com\/fr\/section-suedoise\/sjukanmalan\/#breadcrumb","itemListElement":[{"@type":"ListItem","position":1,"name":"Hem","item":"https:\/\/sectionsuedoise.com\/fr\/"},{"@type":"ListItem","position":2,"name":"Section Su\u00e9doise","item":"https:\/\/sectionsuedoise.com\/fr\/"},{"@type":"ListItem","position":3,"name":"Si je suis malade"}]},{"@type":"WebSite","@id":"https:\/\/sectionsuedoise.com\/#website","url":"https:\/\/sectionsuedoise.com\/","name":"Section Su\u00e9doise | Svenska Sektionen | Saint-Germain-en-Laye","description":"En till WordPress-webbplats","potentialAction":[{"@type":"SearchAction","target":{"@type":"EntryPoint","urlTemplate":"https:\/\/sectionsuedoise.com\/?s={search_term_string}"},"query-input":{"@type":"PropertyValueSpecification","valueRequired":true,"valueName":"search_term_string"}}],"inLanguage":"fr-FR"}]}},"_links":{"self":[{"href":"https:\/\/sectionsuedoise.com\/fr\/wp-json\/wp\/v2\/pages\/527\/"}],"collection":[{"href":"https:\/\/sectionsuedoise.com\/fr\/wp-json\/wp\/v2\/pages\/"}],"about":[{"href":"https:\/\/sectionsuedoise.com\/fr\/wp-json\/wp\/v2\/types\/page\/"}],"author":[{"embeddable":true,"href":"https:\/\/sectionsuedoise.com\/fr\/wp-json\/wp\/v2\/users\/1\/"}],"replies":[{"embeddable":true,"href":"https:\/\/sectionsuedoise.com\/fr\/wp-json\/wp\/v2\/comments\/?post=527"}],"version-history":[{"count":4,"href":"https:\/\/sectionsuedoise.com\/fr\/wp-json\/wp\/v2\/pages\/527\/revisions\/"}],"predecessor-version":[{"id":5645,"href":"https:\/\/sectionsuedoise.com\/fr\/wp-json\/wp\/v2\/pages\/527\/revisions\/5645\/"}],"up":[{"embeddable":true,"href":"https:\/\/sectionsuedoise.com\/fr\/wp-json\/wp\/v2\/pages\/517\/"}],"wp:attachment":[{"href":"https:\/\/sectionsuedoise.com\/fr\/wp-json\/wp\/v2\/media\/?parent=527"}],"curies":[{"name":"wp","href":"https:\/\/api.w.org\/{rel}","templated":true}]}}