{"id":531,"date":"2015-02-12T13:09:42","date_gmt":"2015-02-12T12:09:42","guid":{"rendered":"http:\/\/sectionsuedoise.com\/?page_id=531"},"modified":"2024-03-29T08:57:43","modified_gmt":"2024-03-29T07:57:43","slug":"inskrivning-3","status":"publish","type":"page","link":"https:\/\/sectionsuedoise.com\/fr\/inskrivning-3\/","title":{"rendered":"Inscription"},"content":{"rendered":"<p>[et_pb_section fb_built=&nbsp;&raquo;1&Prime; fullwidth=&nbsp;&raquo;on&nbsp;&raquo; admin_label=&nbsp;&raquo;section&nbsp;&raquo; _builder_version=&nbsp;&raquo;4.16&Prime; background_color=&nbsp;&raquo;#92bbe4&Prime; transparent_background=&nbsp;&raquo;off&nbsp;&raquo; global_colors_info=&nbsp;&raquo;{}&nbsp;&raquo;][et_pb_fullwidth_header title=&nbsp;&raquo;Inscription&nbsp;&raquo; content_max_width=&nbsp;&raquo;none&nbsp;&raquo; admin_label=&nbsp;&raquo;Fullwidth Header&nbsp;&raquo; _builder_version=&nbsp;&raquo;4.16&Prime; background_color=&nbsp;&raquo;rgba(255, 255, 255, 0)&nbsp;&raquo; button_one_letter_spacing_hover=&nbsp;&raquo;0&Prime; button_two_letter_spacing_hover=&nbsp;&raquo;0&Prime; global_colors_info=&nbsp;&raquo;{}&nbsp;&raquo; button_one_text_size__hover_enabled=&nbsp;&raquo;off&nbsp;&raquo; button_two_text_size__hover_enabled=&nbsp;&raquo;off&nbsp;&raquo; button_one_text_color__hover_enabled=&nbsp;&raquo;off&nbsp;&raquo; button_two_text_color__hover_enabled=&nbsp;&raquo;off&nbsp;&raquo; button_one_border_width__hover_enabled=&nbsp;&raquo;off&nbsp;&raquo; button_two_border_width__hover_enabled=&nbsp;&raquo;off&nbsp;&raquo; button_one_border_color__hover_enabled=&nbsp;&raquo;off&nbsp;&raquo; button_two_border_color__hover_enabled=&nbsp;&raquo;off&nbsp;&raquo; button_one_border_radius__hover_enabled=&nbsp;&raquo;off&nbsp;&raquo; button_two_border_radius__hover_enabled=&nbsp;&raquo;off&nbsp;&raquo; button_one_letter_spacing__hover_enabled=&nbsp;&raquo;on&nbsp;&raquo; button_one_letter_spacing__hover=&nbsp;&raquo;0&Prime; button_two_letter_spacing__hover_enabled=&nbsp;&raquo;on&nbsp;&raquo; button_two_letter_spacing__hover=&nbsp;&raquo;0&Prime; button_one_bg_color__hover_enabled=&nbsp;&raquo;off&nbsp;&raquo; button_two_bg_color__hover_enabled=&nbsp;&raquo;off&nbsp;&raquo;][\/et_pb_fullwidth_header][\/et_pb_section][et_pb_section fb_built=&nbsp;&raquo;1&Prime; admin_label=&nbsp;&raquo;section&nbsp;&raquo; _builder_version=&nbsp;&raquo;4.16&Prime; global_colors_info=&nbsp;&raquo;{}&nbsp;&raquo;][et_pb_row column_structure=&nbsp;&raquo;2_3,1_3&Prime; admin_label=&nbsp;&raquo;row&nbsp;&raquo; _builder_version=&nbsp;&raquo;4.16&Prime; background_size=&nbsp;&raquo;initial&nbsp;&raquo; background_position=&nbsp;&raquo;top_left&nbsp;&raquo; background_repeat=&nbsp;&raquo;repeat&nbsp;&raquo; global_colors_info=&nbsp;&raquo;{}&nbsp;&raquo;][et_pb_column type=&nbsp;&raquo;2_3&Prime; _builder_version=&nbsp;&raquo;4.16&Prime; custom_padding=&nbsp;&raquo;|||&nbsp;&raquo; global_colors_info=&nbsp;&raquo;{}&nbsp;&raquo; custom_padding__hover=&nbsp;&raquo;|||&nbsp;&raquo;][et_pb_text _builder_version=&nbsp;&raquo;4.24.2&Prime; background_size=&nbsp;&raquo;initial&nbsp;&raquo; background_position=&nbsp;&raquo;top_left&nbsp;&raquo; background_repeat=&nbsp;&raquo;repeat&nbsp;&raquo; hover_enabled=&nbsp;&raquo;0&Prime; border_style=&nbsp;&raquo;solid&nbsp;&raquo; global_colors_info=&nbsp;&raquo;{}&nbsp;&raquo; sticky_enabled=&nbsp;&raquo;0&Prime;]<\/p>\n<h3>Inscription<\/h3>\n<p>De bonnes bases de la langue su\u00e9doise sont n\u00e9cessaires pour s&rsquo;inscrire dans la section.<br \/>Le niveau de su\u00e9dois sera test\u00e9 pour les \u00e9l\u00e8ves qui ne viennent pas directement d\u2019une \u00e9cole su\u00e9doise.<\/p>\n<p>De la maternelle au lyc\u00e9e, nous offrons aux \u00e9l\u00e8ves un enseignement dans le cadre du programme scolaire fran\u00e7ais qui est gratuit. Chaque \u00e9l\u00e8ve est en outre inscrit dans l&rsquo;une des quatorze sections linguistiques nationales.<\/p>\n<p>L\u2019admission se fait uniquement au d\u00e9but de l&rsquo;ann\u00e9e scolaire (septembre).<\/p>\n<p style=\"text-align: left;\">Pour obtenir les formulaires d&rsquo;inscription et pour convenir d\u2019un rendez-vous, contactez la section le plus t\u00f4t possible \u00e0 partir de septembre :<br \/>T\u00e9l\u00e9phone: +33 (0) 6 40 48 08 42 ou<br \/>e-mail: admin@sectionsuedoise.com<\/p>\n<p>Frais d\u2019inscription : 175 \u20ac par \u00e9l\u00e8ve (par dossier)<\/p>\n<p><strong>Frais de scolarit\u00e9<\/strong><br \/>L&rsquo;enseignement fran\u00e7ais est gratuit.<\/p>\n<p>Les tarifs de l&rsquo;enseignement su\u00e9dois :<\/p>\n<p>Adh\u00e9sion famille <strong>375 \u20ac<\/strong><\/p>\n<p>Lyc\u00e9e <strong>2\u00a0650 \u20ac<\/strong><\/p>\n<p>Coll\u00e8ge <strong>2 200 \u20ac<\/strong><\/p>\n<p>Primaire <strong>2 200 \u20ac<\/strong><\/p>\n<p>Maternelle <strong>1\u00a0830 \u20ac<\/strong><\/p>\n<p>*<em>Attention! Un suppl\u00e9ment de 750 euros est demand\u00e9 pour les \u00e9l\u00e8ves (\u00e0 partir de classe de CP) qui ne b\u00e9neficient pas des subventions de l&rsquo;\u00e9tat su\u00e9dois.\u00a0<\/em><\/p>\n<p>Les repas scolaires : <a href=\"https:\/\/www.so-happy.fr\/sign-in\">C&rsquo;Midy<\/a><\/p>\n<p>&nbsp;<\/p>\n<p>[\/et_pb_text][\/et_pb_column][et_pb_column type=&nbsp;&raquo;1_3&Prime; _builder_version=&nbsp;&raquo;4.16&Prime; custom_padding=&nbsp;&raquo;|||&nbsp;&raquo; global_colors_info=&nbsp;&raquo;{}&nbsp;&raquo; custom_padding__hover=&nbsp;&raquo;|||&nbsp;&raquo;][et_pb_sidebar orientation=&nbsp;&raquo;right&nbsp;&raquo; area=&nbsp;&raquo;sidebar-1&Prime; admin_label=&nbsp;&raquo;Sidebar&nbsp;&raquo; _builder_version=&nbsp;&raquo;4.16&Prime; global_colors_info=&nbsp;&raquo;{}&nbsp;&raquo;][\/et_pb_sidebar][\/et_pb_column][\/et_pb_row][\/et_pb_section]<\/p>\n","protected":false},"excerpt":{"rendered":"<p>Inscription De bonnes bases de la langue su\u00e9doise sont n\u00e9cessaires pour s&rsquo;inscrire dans la section.Le niveau de su\u00e9dois sera test\u00e9 pour les \u00e9l\u00e8ves qui ne viennent pas directement d\u2019une \u00e9cole su\u00e9doise. De la maternelle au lyc\u00e9e, nous offrons aux \u00e9l\u00e8ves un enseignement dans le cadre du programme scolaire fran\u00e7ais qui est gratuit. Chaque \u00e9l\u00e8ve est [&hellip;]<\/p>\n","protected":false},"author":1,"featured_media":0,"parent":0,"menu_order":0,"comment_status":"open","ping_status":"closed","template":"","meta":{"_et_pb_use_builder":"on","_et_pb_old_content":"","_et_gb_content_width":"","footnotes":"","_links_to":"","_links_to_target":""},"class_list":["post-531","page","type-page","status-publish","hentry"],"yoast_head":"<!-- This site is optimized with the Yoast SEO plugin v27.4 - https:\/\/yoast.com\/product\/yoast-seo-wordpress\/ -->\n<title>Inscription | Section Su\u00e9doise | Lyc\u00e9e International St Germain<\/title>\n<meta name=\"robots\" content=\"index, follow, max-snippet:-1, max-image-preview:large, max-video-preview:-1\" \/>\n<link rel=\"canonical\" href=\"https:\/\/sectionsuedoise.com\/fr\/inskrivning-3\/\" \/>\n<meta property=\"og:locale\" content=\"fr_FR\" \/>\n<meta property=\"og:type\" content=\"article\" \/>\n<meta property=\"og:title\" content=\"Inscription | Section Su\u00e9doise | Lyc\u00e9e International St Germain\" \/>\n<meta property=\"og:description\" content=\"Inscription De bonnes bases de la langue su\u00e9doise sont n\u00e9cessaires pour s&#039;inscrire dans la section.Le niveau de su\u00e9dois sera test\u00e9 pour les \u00e9l\u00e8ves qui ne viennent pas directement d\u2019une \u00e9cole su\u00e9doise. De la maternelle au lyc\u00e9e, nous offrons aux \u00e9l\u00e8ves un enseignement dans le cadre du programme scolaire fran\u00e7ais qui est gratuit. Chaque \u00e9l\u00e8ve est [&hellip;]\" \/>\n<meta property=\"og:url\" content=\"https:\/\/sectionsuedoise.com\/fr\/inskrivning-3\/\" \/>\n<meta property=\"og:site_name\" content=\"Section Su\u00e9doise | Svenska Sektionen | Saint-Germain-en-Laye\" \/>\n<meta property=\"article:modified_time\" content=\"2024-03-29T07:57:43+00:00\" \/>\n<meta name=\"twitter:label1\" content=\"Dur\u00e9e de lecture estim\u00e9e\" \/>\n\t<meta name=\"twitter:data1\" content=\"2 minutes\" \/>\n<script type=\"application\/ld+json\" class=\"yoast-schema-graph\">{\"@context\":\"https:\\\/\\\/schema.org\",\"@graph\":[{\"@type\":\"WebPage\",\"@id\":\"https:\\\/\\\/sectionsuedoise.com\\\/fr\\\/inskrivning-3\\\/\",\"url\":\"https:\\\/\\\/sectionsuedoise.com\\\/fr\\\/inskrivning-3\\\/\",\"name\":\"Inscription | Section Su\u00e9doise | Lyc\u00e9e International St Germain\",\"isPartOf\":{\"@id\":\"https:\\\/\\\/sectionsuedoise.com\\\/#website\"},\"datePublished\":\"2015-02-12T12:09:42+00:00\",\"dateModified\":\"2024-03-29T07:57:43+00:00\",\"breadcrumb\":{\"@id\":\"https:\\\/\\\/sectionsuedoise.com\\\/fr\\\/inskrivning-3\\\/#breadcrumb\"},\"inLanguage\":\"fr-FR\",\"potentialAction\":[{\"@type\":\"ReadAction\",\"target\":[\"https:\\\/\\\/sectionsuedoise.com\\\/fr\\\/inskrivning-3\\\/\"]}]},{\"@type\":\"BreadcrumbList\",\"@id\":\"https:\\\/\\\/sectionsuedoise.com\\\/fr\\\/inskrivning-3\\\/#breadcrumb\",\"itemListElement\":[{\"@type\":\"ListItem\",\"position\":1,\"name\":\"Hem\",\"item\":\"https:\\\/\\\/sectionsuedoise.com\\\/fr\\\/\"},{\"@type\":\"ListItem\",\"position\":2,\"name\":\"Inscription\"}]},{\"@type\":\"WebSite\",\"@id\":\"https:\\\/\\\/sectionsuedoise.com\\\/#website\",\"url\":\"https:\\\/\\\/sectionsuedoise.com\\\/\",\"name\":\"Section Su\u00e9doise | Svenska Sektionen | Saint-Germain-en-Laye\",\"description\":\"En till WordPress-webbplats\",\"potentialAction\":[{\"@type\":\"SearchAction\",\"target\":{\"@type\":\"EntryPoint\",\"urlTemplate\":\"https:\\\/\\\/sectionsuedoise.com\\\/?s={search_term_string}\"},\"query-input\":{\"@type\":\"PropertyValueSpecification\",\"valueRequired\":true,\"valueName\":\"search_term_string\"}}],\"inLanguage\":\"fr-FR\"}]}<\/script>\n<!-- \/ Yoast SEO plugin. -->","yoast_head_json":{"title":"Inscription | Section Su\u00e9doise | Lyc\u00e9e International St Germain","robots":{"index":"index","follow":"follow","max-snippet":"max-snippet:-1","max-image-preview":"max-image-preview:large","max-video-preview":"max-video-preview:-1"},"canonical":"https:\/\/sectionsuedoise.com\/fr\/inskrivning-3\/","og_locale":"fr_FR","og_type":"article","og_title":"Inscription | Section Su\u00e9doise | Lyc\u00e9e International St Germain","og_description":"Inscription De bonnes bases de la langue su\u00e9doise sont n\u00e9cessaires pour s'inscrire dans la section.Le niveau de su\u00e9dois sera test\u00e9 pour les \u00e9l\u00e8ves qui ne viennent pas directement d\u2019une \u00e9cole su\u00e9doise. De la maternelle au lyc\u00e9e, nous offrons aux \u00e9l\u00e8ves un enseignement dans le cadre du programme scolaire fran\u00e7ais qui est gratuit. Chaque \u00e9l\u00e8ve est [&hellip;]","og_url":"https:\/\/sectionsuedoise.com\/fr\/inskrivning-3\/","og_site_name":"Section Su\u00e9doise | Svenska Sektionen | Saint-Germain-en-Laye","article_modified_time":"2024-03-29T07:57:43+00:00","twitter_misc":{"Dur\u00e9e de lecture estim\u00e9e":"2 minutes"},"schema":{"@context":"https:\/\/schema.org","@graph":[{"@type":"WebPage","@id":"https:\/\/sectionsuedoise.com\/fr\/inskrivning-3\/","url":"https:\/\/sectionsuedoise.com\/fr\/inskrivning-3\/","name":"Inscription | Section Su\u00e9doise | Lyc\u00e9e International St Germain","isPartOf":{"@id":"https:\/\/sectionsuedoise.com\/#website"},"datePublished":"2015-02-12T12:09:42+00:00","dateModified":"2024-03-29T07:57:43+00:00","breadcrumb":{"@id":"https:\/\/sectionsuedoise.com\/fr\/inskrivning-3\/#breadcrumb"},"inLanguage":"fr-FR","potentialAction":[{"@type":"ReadAction","target":["https:\/\/sectionsuedoise.com\/fr\/inskrivning-3\/"]}]},{"@type":"BreadcrumbList","@id":"https:\/\/sectionsuedoise.com\/fr\/inskrivning-3\/#breadcrumb","itemListElement":[{"@type":"ListItem","position":1,"name":"Hem","item":"https:\/\/sectionsuedoise.com\/fr\/"},{"@type":"ListItem","position":2,"name":"Inscription"}]},{"@type":"WebSite","@id":"https:\/\/sectionsuedoise.com\/#website","url":"https:\/\/sectionsuedoise.com\/","name":"Section Su\u00e9doise | Svenska Sektionen | Saint-Germain-en-Laye","description":"En till WordPress-webbplats","potentialAction":[{"@type":"SearchAction","target":{"@type":"EntryPoint","urlTemplate":"https:\/\/sectionsuedoise.com\/?s={search_term_string}"},"query-input":{"@type":"PropertyValueSpecification","valueRequired":true,"valueName":"search_term_string"}}],"inLanguage":"fr-FR"}]}},"_links":{"self":[{"href":"https:\/\/sectionsuedoise.com\/fr\/wp-json\/wp\/v2\/pages\/531\/"}],"collection":[{"href":"https:\/\/sectionsuedoise.com\/fr\/wp-json\/wp\/v2\/pages\/"}],"about":[{"href":"https:\/\/sectionsuedoise.com\/fr\/wp-json\/wp\/v2\/types\/page\/"}],"author":[{"embeddable":true,"href":"https:\/\/sectionsuedoise.com\/fr\/wp-json\/wp\/v2\/users\/1\/"}],"replies":[{"embeddable":true,"href":"https:\/\/sectionsuedoise.com\/fr\/wp-json\/wp\/v2\/comments\/?post=531"}],"version-history":[{"count":4,"href":"https:\/\/sectionsuedoise.com\/fr\/wp-json\/wp\/v2\/pages\/531\/revisions\/"}],"predecessor-version":[{"id":4954,"href":"https:\/\/sectionsuedoise.com\/fr\/wp-json\/wp\/v2\/pages\/531\/revisions\/4954\/"}],"wp:attachment":[{"href":"https:\/\/sectionsuedoise.com\/fr\/wp-json\/wp\/v2\/media\/?parent=531"}],"curies":[{"name":"wp","href":"https:\/\/api.w.org\/{rel}","templated":true}]}}