{"id":540,"date":"2015-02-12T13:15:01","date_gmt":"2015-02-12T12:15:01","guid":{"rendered":"http:\/\/sectionsuedoise.com\/?page_id=540"},"modified":"2025-09-24T12:30:49","modified_gmt":"2025-09-24T10:30:49","slug":"login-oze","status":"publish","type":"page","link":"https:\/\/sectionsuedoise.com\/fr\/login-oze\/","title":{"rendered":"PRONOTE"},"content":{"rendered":"<p data-pm-slice=\"1 1 []\"><span data-hovered=\"true\" data-sentence=\"11095c1a59b09635_0_0\"><strong>PRONOTE<\/strong> est le logiciel de gestion de vie scolaire au Lyc\u00e9e International.<br \/>\n<\/span><span data-hovered=\"false\" data-sentence=\"11095c1a59b09635_0_1\">C&rsquo;est le lien direct et s\u00e9curis\u00e9 entre l&rsquo;\u00e9cole et les familles.<\/span><\/p>\n<p><strong>Pour les parents et les \u00e9l\u00e8ves :<\/strong><\/p>\n<p><strong>Restez inform\u00e9 : <\/strong><br \/>\n<span data-hovered=\"false\" data-sentence=\"11095c1a59b09635_2_1\">Emploi du temps<\/span><br \/>\n<span data-hovered=\"false\" data-sentence=\"11095c1a59b09635_2_2\">Absences<\/span><br \/>\n<span data-hovered=\"false\" data-sentence=\"11095c1a59b09635_2_3\">Notes, comp\u00e9tences, etc.<\/span><br \/>\n<span data-hovered=\"false\" data-sentence=\"11095c1a59b09635_2_4\">Vie de l\u2019\u00e9tablissement<\/span><br \/>\n<span data-hovered=\"false\" data-sentence=\"11095c1a59b09635_2_4\">Cantine<\/span><\/p>\n<p><strong>Impliquez-vous :<\/strong><br \/>\n<span data-hovered=\"false\" data-sentence=\"11095c1a59b09635_3_1\">Cahier de textes<\/span><br \/>\n<span data-hovered=\"false\" data-sentence=\"11095c1a59b09635_3_1\">\u00c9nonc\u00e9s \/ corrig\u00e9s<\/span><br \/>\n<span data-hovered=\"false\" data-sentence=\"11095c1a59b09635_3_1\">QCM propos\u00e9s aux \u00e9l\u00e8ves<\/span><br \/>\n<span data-hovered=\"false\" data-sentence=\"11095c1a59b09635_3_2\">Ressources p\u00e9dagogiques<\/span><br \/>\n<span data-hovered=\"false\" data-sentence=\"11095c1a59b09635_3_3\">Prise de rendez-vous<\/span><br \/>\n<span data-hovered=\"false\" data-sentence=\"11095c1a59b09635_3_4\">Stages<\/span><\/p>\n<p><strong>Communiquez :<\/strong><br \/>\n<span data-hovered=\"false\" data-sentence=\"11095c1a59b09635_4_0\">Discussions<\/span><br \/>\n<span data-hovered=\"false\" data-sentence=\"11095c1a59b09635_4_1\">Sondages \/ \u00e9lections<\/span><br \/>\n<span data-hovered=\"false\" data-sentence=\"11095c1a59b09635_4_2\">Fiche d\u2019orientation<\/span><br \/>\n<span data-hovered=\"false\" data-sentence=\"11095c1a59b09635_4_3\">Documents \u00e0 t\u00e9l\u00e9charger<\/span><br \/>\n<span data-hovered=\"false\" data-sentence=\"11095c1a59b09635_4_4\">Rencontres parents d&rsquo;\u00e9l\u00e8ves<\/span><\/p>\n","protected":false},"excerpt":{"rendered":"<p>PRONOTE est le logiciel de gestion de vie scolaire au Lyc\u00e9e International. C&rsquo;est le lien direct et s\u00e9curis\u00e9 entre l&rsquo;\u00e9cole et les familles. Pour les parents et les \u00e9l\u00e8ves : Restez inform\u00e9 : Emploi du temps Absences Notes, comp\u00e9tences, etc. Vie de l\u2019\u00e9tablissement Cantine Impliquez-vous : Cahier de textes \u00c9nonc\u00e9s \/ corrig\u00e9s QCM propos\u00e9s aux [&hellip;]<\/p>\n","protected":false},"author":1,"featured_media":0,"parent":0,"menu_order":0,"comment_status":"closed","ping_status":"closed","template":"","meta":{"_et_pb_use_builder":"","_et_pb_old_content":"","_et_gb_content_width":"","footnotes":"","_links_to":"","_links_to_target":""},"class_list":["post-540","page","type-page","status-publish","hentry"],"yoast_head":"<!-- This site is optimized with the Yoast SEO plugin v27.4 - https:\/\/yoast.com\/product\/yoast-seo-wordpress\/ -->\n<title>PRONOTE - Section Su\u00e9doise | Svenska Sektionen | Saint-Germain-en-Laye<\/title>\n<meta name=\"robots\" content=\"index, follow, max-snippet:-1, max-image-preview:large, max-video-preview:-1\" \/>\n<link rel=\"canonical\" href=\"https:\/\/sectionsuedoise.com\/fr\/login-oze\/\" \/>\n<meta property=\"og:locale\" content=\"fr_FR\" \/>\n<meta property=\"og:type\" content=\"article\" \/>\n<meta property=\"og:title\" content=\"PRONOTE - Section Su\u00e9doise | Svenska Sektionen | Saint-Germain-en-Laye\" \/>\n<meta property=\"og:description\" content=\"PRONOTE est le logiciel de gestion de vie scolaire au Lyc\u00e9e International. C&rsquo;est le lien direct et s\u00e9curis\u00e9 entre l&rsquo;\u00e9cole et les familles. Pour les parents et les \u00e9l\u00e8ves : Restez inform\u00e9 : Emploi du temps Absences Notes, comp\u00e9tences, etc. Vie de l\u2019\u00e9tablissement Cantine Impliquez-vous : Cahier de textes \u00c9nonc\u00e9s \/ corrig\u00e9s QCM propos\u00e9s aux [&hellip;]\" \/>\n<meta property=\"og:url\" content=\"https:\/\/sectionsuedoise.com\/fr\/login-oze\/\" \/>\n<meta property=\"og:site_name\" content=\"Section Su\u00e9doise | Svenska Sektionen | Saint-Germain-en-Laye\" \/>\n<meta property=\"article:modified_time\" content=\"2025-09-24T10:30:49+00:00\" \/>\n<meta name=\"twitter:label1\" content=\"Dur\u00e9e de lecture estim\u00e9e\" \/>\n\t<meta name=\"twitter:data1\" content=\"1 minute\" \/>\n<script type=\"application\/ld+json\" class=\"yoast-schema-graph\">{\"@context\":\"https:\\\/\\\/schema.org\",\"@graph\":[{\"@type\":\"WebPage\",\"@id\":\"https:\\\/\\\/sectionsuedoise.com\\\/fr\\\/login-oze\\\/\",\"url\":\"https:\\\/\\\/sectionsuedoise.com\\\/fr\\\/login-oze\\\/\",\"name\":\"PRONOTE - Section Su\u00e9doise | Svenska Sektionen | Saint-Germain-en-Laye\",\"isPartOf\":{\"@id\":\"https:\\\/\\\/sectionsuedoise.com\\\/#website\"},\"datePublished\":\"2015-02-12T12:15:01+00:00\",\"dateModified\":\"2025-09-24T10:30:49+00:00\",\"breadcrumb\":{\"@id\":\"https:\\\/\\\/sectionsuedoise.com\\\/fr\\\/login-oze\\\/#breadcrumb\"},\"inLanguage\":\"fr-FR\",\"potentialAction\":[{\"@type\":\"ReadAction\",\"target\":[\"https:\\\/\\\/sectionsuedoise.com\\\/fr\\\/login-oze\\\/\"]}]},{\"@type\":\"BreadcrumbList\",\"@id\":\"https:\\\/\\\/sectionsuedoise.com\\\/fr\\\/login-oze\\\/#breadcrumb\",\"itemListElement\":[{\"@type\":\"ListItem\",\"position\":1,\"name\":\"Hem\",\"item\":\"https:\\\/\\\/sectionsuedoise.com\\\/fr\\\/\"},{\"@type\":\"ListItem\",\"position\":2,\"name\":\"PRONOTE\"}]},{\"@type\":\"WebSite\",\"@id\":\"https:\\\/\\\/sectionsuedoise.com\\\/#website\",\"url\":\"https:\\\/\\\/sectionsuedoise.com\\\/\",\"name\":\"Section Su\u00e9doise | Svenska Sektionen | Saint-Germain-en-Laye\",\"description\":\"En till WordPress-webbplats\",\"potentialAction\":[{\"@type\":\"SearchAction\",\"target\":{\"@type\":\"EntryPoint\",\"urlTemplate\":\"https:\\\/\\\/sectionsuedoise.com\\\/?s={search_term_string}\"},\"query-input\":{\"@type\":\"PropertyValueSpecification\",\"valueRequired\":true,\"valueName\":\"search_term_string\"}}],\"inLanguage\":\"fr-FR\"}]}<\/script>\n<!-- \/ Yoast SEO plugin. -->","yoast_head_json":{"title":"PRONOTE - Section Su\u00e9doise | Svenska Sektionen | Saint-Germain-en-Laye","robots":{"index":"index","follow":"follow","max-snippet":"max-snippet:-1","max-image-preview":"max-image-preview:large","max-video-preview":"max-video-preview:-1"},"canonical":"https:\/\/sectionsuedoise.com\/fr\/login-oze\/","og_locale":"fr_FR","og_type":"article","og_title":"PRONOTE - Section Su\u00e9doise | Svenska Sektionen | Saint-Germain-en-Laye","og_description":"PRONOTE est le logiciel de gestion de vie scolaire au Lyc\u00e9e International. C&rsquo;est le lien direct et s\u00e9curis\u00e9 entre l&rsquo;\u00e9cole et les familles. Pour les parents et les \u00e9l\u00e8ves : Restez inform\u00e9 : Emploi du temps Absences Notes, comp\u00e9tences, etc. Vie de l\u2019\u00e9tablissement Cantine Impliquez-vous : Cahier de textes \u00c9nonc\u00e9s \/ corrig\u00e9s QCM propos\u00e9s aux [&hellip;]","og_url":"https:\/\/sectionsuedoise.com\/fr\/login-oze\/","og_site_name":"Section Su\u00e9doise | Svenska Sektionen | Saint-Germain-en-Laye","article_modified_time":"2025-09-24T10:30:49+00:00","twitter_misc":{"Dur\u00e9e de lecture estim\u00e9e":"1 minute"},"schema":{"@context":"https:\/\/schema.org","@graph":[{"@type":"WebPage","@id":"https:\/\/sectionsuedoise.com\/fr\/login-oze\/","url":"https:\/\/sectionsuedoise.com\/fr\/login-oze\/","name":"PRONOTE - Section Su\u00e9doise | Svenska Sektionen | Saint-Germain-en-Laye","isPartOf":{"@id":"https:\/\/sectionsuedoise.com\/#website"},"datePublished":"2015-02-12T12:15:01+00:00","dateModified":"2025-09-24T10:30:49+00:00","breadcrumb":{"@id":"https:\/\/sectionsuedoise.com\/fr\/login-oze\/#breadcrumb"},"inLanguage":"fr-FR","potentialAction":[{"@type":"ReadAction","target":["https:\/\/sectionsuedoise.com\/fr\/login-oze\/"]}]},{"@type":"BreadcrumbList","@id":"https:\/\/sectionsuedoise.com\/fr\/login-oze\/#breadcrumb","itemListElement":[{"@type":"ListItem","position":1,"name":"Hem","item":"https:\/\/sectionsuedoise.com\/fr\/"},{"@type":"ListItem","position":2,"name":"PRONOTE"}]},{"@type":"WebSite","@id":"https:\/\/sectionsuedoise.com\/#website","url":"https:\/\/sectionsuedoise.com\/","name":"Section Su\u00e9doise | Svenska Sektionen | Saint-Germain-en-Laye","description":"En till WordPress-webbplats","potentialAction":[{"@type":"SearchAction","target":{"@type":"EntryPoint","urlTemplate":"https:\/\/sectionsuedoise.com\/?s={search_term_string}"},"query-input":{"@type":"PropertyValueSpecification","valueRequired":true,"valueName":"search_term_string"}}],"inLanguage":"fr-FR"}]}},"_links":{"self":[{"href":"https:\/\/sectionsuedoise.com\/fr\/wp-json\/wp\/v2\/pages\/540\/"}],"collection":[{"href":"https:\/\/sectionsuedoise.com\/fr\/wp-json\/wp\/v2\/pages\/"}],"about":[{"href":"https:\/\/sectionsuedoise.com\/fr\/wp-json\/wp\/v2\/types\/page\/"}],"author":[{"embeddable":true,"href":"https:\/\/sectionsuedoise.com\/fr\/wp-json\/wp\/v2\/users\/1\/"}],"replies":[{"embeddable":true,"href":"https:\/\/sectionsuedoise.com\/fr\/wp-json\/wp\/v2\/comments\/?post=540"}],"version-history":[{"count":5,"href":"https:\/\/sectionsuedoise.com\/fr\/wp-json\/wp\/v2\/pages\/540\/revisions\/"}],"predecessor-version":[{"id":5697,"href":"https:\/\/sectionsuedoise.com\/fr\/wp-json\/wp\/v2\/pages\/540\/revisions\/5697\/"}],"wp:attachment":[{"href":"https:\/\/sectionsuedoise.com\/fr\/wp-json\/wp\/v2\/media\/?parent=540"}],"curies":[{"name":"wp","href":"https:\/\/api.w.org\/{rel}","templated":true}]}}