{"id":542,"date":"2015-02-12T13:17:02","date_gmt":"2015-02-12T12:17:02","guid":{"rendered":"http:\/\/sectionsuedoise.com\/?page_id=542"},"modified":"2022-01-12T10:31:08","modified_gmt":"2022-01-12T09:31:08","slug":"lycee-international-2","status":"publish","type":"page","link":"https:\/\/sectionsuedoise.com\/fr\/lycee-international-2\/","title":{"rendered":"Lyc\u00e9e International"},"content":{"rendered":"<p>[et_pb_section fb_built=&nbsp;&raquo;1&Prime; fullwidth=&nbsp;&raquo;on&nbsp;&raquo; admin_label=&nbsp;&raquo;section&nbsp;&raquo; _builder_version=&nbsp;&raquo;3.22&Prime; background_color=&nbsp;&raquo;#92bbe4&Prime; transparent_background=&nbsp;&raquo;off&nbsp;&raquo;][et_pb_fullwidth_header title=&nbsp;&raquo;Lyc\u00e9e International&nbsp;&raquo; content_max_width=&nbsp;&raquo;none&nbsp;&raquo; admin_label=&nbsp;&raquo;Fullwidth Header&nbsp;&raquo; _builder_version=&nbsp;&raquo;3.16&Prime; background_color=&nbsp;&raquo;rgba(255, 255, 255, 0)&nbsp;&raquo; button_one_text_size__hover_enabled=&nbsp;&raquo;off&nbsp;&raquo; button_two_text_size__hover_enabled=&nbsp;&raquo;off&nbsp;&raquo; button_one_text_color__hover_enabled=&nbsp;&raquo;off&nbsp;&raquo; button_two_text_color__hover_enabled=&nbsp;&raquo;off&nbsp;&raquo; button_one_border_width__hover_enabled=&nbsp;&raquo;off&nbsp;&raquo; button_two_border_width__hover_enabled=&nbsp;&raquo;off&nbsp;&raquo; button_one_border_color__hover_enabled=&nbsp;&raquo;off&nbsp;&raquo; button_two_border_color__hover_enabled=&nbsp;&raquo;off&nbsp;&raquo; button_one_border_radius__hover_enabled=&nbsp;&raquo;off&nbsp;&raquo; button_two_border_radius__hover_enabled=&nbsp;&raquo;off&nbsp;&raquo; button_one_letter_spacing__hover_enabled=&nbsp;&raquo;off&nbsp;&raquo; button_two_letter_spacing__hover_enabled=&nbsp;&raquo;off&nbsp;&raquo; button_one_bg_color__hover_enabled=&nbsp;&raquo;off&nbsp;&raquo; button_two_bg_color__hover_enabled=&nbsp;&raquo;off&nbsp;&raquo;][\/et_pb_fullwidth_header][\/et_pb_section][et_pb_section fb_built=&nbsp;&raquo;1&Prime; admin_label=&nbsp;&raquo;section&nbsp;&raquo; _builder_version=&nbsp;&raquo;3.22&Prime;][et_pb_row admin_label=&nbsp;&raquo;row&nbsp;&raquo; _builder_version=&nbsp;&raquo;3.25&Prime; background_size=&nbsp;&raquo;initial&nbsp;&raquo; background_position=&nbsp;&raquo;top_left&nbsp;&raquo; background_repeat=&nbsp;&raquo;repeat&nbsp;&raquo; column_structure=&nbsp;&raquo;2_3,1_3&Prime;][et_pb_column type=&nbsp;&raquo;2_3&Prime; _builder_version=&nbsp;&raquo;3.25&Prime; custom_padding=&nbsp;&raquo;|||&nbsp;&raquo; custom_padding__hover=&nbsp;&raquo;|||&nbsp;&raquo;][et_pb_text _builder_version=&nbsp;&raquo;4.5.3&Prime; background_size=&nbsp;&raquo;initial&nbsp;&raquo; background_position=&nbsp;&raquo;top_left&nbsp;&raquo; background_repeat=&nbsp;&raquo;repeat&nbsp;&raquo; hover_enabled=&nbsp;&raquo;0&Prime; border_style=&nbsp;&raquo;solid&nbsp;&raquo;]<\/p>\n<p><strong>LYCEE INTERNATIONAL &#8211; Qui sommes-nous ?<\/strong><\/p>\n<p><a href=\"https:\/\/sectionsuedoise.com\/wp-content\/uploads\/2014\/11\/0012_slottet.jpg\" rel=\"attachment wp-att-480\"><img loading=\"lazy\" decoding=\"async\" class=\"alignleft size-medium wp-image-480\" src=\"https:\/\/sectionsuedoise.com\/wp-content\/uploads\/2014\/11\/0012_slottet-300x82.jpg\" alt=\"_0012_slottet\" width=\"300\" height=\"82\" srcset=\"https:\/\/sectionsuedoise.com\/wp-content\/uploads\/2014\/11\/0012_slottet-300x82.jpg 300w, https:\/\/sectionsuedoise.com\/wp-content\/uploads\/2014\/11\/0012_slottet-1024x280.jpg 1024w, https:\/\/sectionsuedoise.com\/wp-content\/uploads\/2014\/11\/0012_slottet-1080x295.jpg 1080w, https:\/\/sectionsuedoise.com\/wp-content\/uploads\/2014\/11\/0012_slottet.jpg 1280w\" sizes=\"(max-width: 300px) 100vw, 300px\" \/><\/a><\/p>\n<p>&nbsp;<\/p>\n<p><a href=\"http:\/\/www.lycee-international.ac-versailles.fr\/IMG\/pdf\/brochure_li_franais.pdf\">Brochure de pr\u00e9sentation &#8211; Lyc\u00e9e International<\/a><\/p>\n<p>Lyc\u00e9e International, fond\u00e9 en 1952, est id\u00e9alement situ\u00e9 dans un parc \u00e0 St Germain-en-Laye, une banlieue agr\u00e9able \u00e0 l&rsquo;ouest de Paris. C\u2019est une \u00e9cole fran\u00e7aise qui est compos\u00e9e de quatorze sections linguistiques nationales : am\u00e9ricaine, britannique, danoise-norv\u00e9gienne, n\u00e9erlandaise, italienne, japonaise, polonaise, portugaise, espagnole, allemande, russe, chinoise et <strong>su\u00e9doise.<\/strong><\/p>\n<p><strong>La section su\u00e9doise<\/strong> accueille des enfants parlant su\u00e9dois, de tous \u00e2ges, de la maternelle au lyc\u00e9e. Le Lyc\u00e9e International offre \u00e0 ses \u00e9l\u00e8ves, une combinaison unique de l\u2019\u00e9ducation fran\u00e7aise et su\u00e9doise. Ils appartiennent \u00e0 la fois \u00e0 une classe de la langue su\u00e9doise et \u00e0 une classe internationale o\u00f9 ils parlent fran\u00e7ais. Les \u00e9l\u00e8ves qui ne parlent pas fran\u00e7ais \u00e0 leur arriv\u00e9e re\u00e7oivent un enseignement intensif en fran\u00e7ais la premi\u00e8re ann\u00e9e (classe fran\u00e7ais sp\u00e9cial-FS). Les \u00e9l\u00e8ves apprennent le fran\u00e7ais rapidement et se sentent chez eux en France, tout en conservant leur identit\u00e9 su\u00e9doise.<\/p>\n<p><strong>LYCEE INTERNATIONAL<\/strong><br \/>CS 40118<br \/>2 Bis Rue du Fer \u00e0 Cheval<br \/>78105 SAINT GERMAIN EN LAYE<\/p>\n<p>T\u00e9l. 01 39 10 94 11<br \/><strong><a title=\"Lyc\u00e9e International\" href=\"http:\/\/www.lycee-international.com\" target=\"_blank\" rel=\"noopener\">www.lycee-international.com<\/a><\/strong><\/p>\n<p><strong>France Bessis \u2013 proviseure\u00a0<\/strong><br \/>Sec\u00e9tariat:<br \/>Sandrine Guiraud 01 39 10 94 94<\/p>\n<p><strong>Isabelle Mellet \u2013 proviseure adjoint lyc\u00e9e\u00a0<\/strong><br \/>Sec\u00e9tariat:<br \/>St\u00e9phane Deschamps 01 39 10 94 44<\/p>\n<p><strong>Christophe Cuin Taffin \u2013 proviseur adjoint coll\u00e8ge\u00a0<\/strong><br \/>Sec\u00e9tariat:<br \/>Catherine Nondin 01 39 10 94 65<\/p>\n<p><strong>CPE \u2013 Vie Scolaire (absences)<\/strong><br \/>Sandrine Chevallier \u2013 CPE coll\u00e8ge 01 39 10 94 48<br \/>Bureau 005 (b\u00e2t E Scherer, rez-de-chauss\u00e9e)<\/p>\n<p>Gr\u00e9gory Pothin \u2013 CPE lyc\u00e9e \u00a001 39 10 94 47<br \/>Bureau 306 (b\u00e2t E Scherer, \u00e9tage 3)<\/p>\n<p>Marie-Anne Torneberg \u2013 CPE lyc\u00e9e 01 39 10 94 49<br \/>Bureau 308 (b\u00e2t E Scherer, \u00e9tage 3)<\/p>\n<p>[\/et_pb_text][\/et_pb_column][et_pb_column type=&nbsp;&raquo;1_3&Prime; _builder_version=&nbsp;&raquo;3.25&Prime; custom_padding=&nbsp;&raquo;|||&nbsp;&raquo; custom_padding__hover=&nbsp;&raquo;|||&nbsp;&raquo;][et_pb_sidebar orientation=&nbsp;&raquo;right&nbsp;&raquo; area=&nbsp;&raquo;sidebar-1&Prime; admin_label=&nbsp;&raquo;Sidebar&nbsp;&raquo; _builder_version=&nbsp;&raquo;3.0.74&Prime;][\/et_pb_sidebar][\/et_pb_column][\/et_pb_row][\/et_pb_section]<\/p>\n","protected":false},"excerpt":{"rendered":"<p>LYCEE INTERNATIONAL &#8211; Qui sommes-nous ? &nbsp; Brochure de pr\u00e9sentation &#8211; Lyc\u00e9e International Lyc\u00e9e International, fond\u00e9 en 1952, est id\u00e9alement situ\u00e9 dans un parc \u00e0 St Germain-en-Laye, une banlieue agr\u00e9able \u00e0 l&rsquo;ouest de Paris. C\u2019est une \u00e9cole fran\u00e7aise qui est compos\u00e9e de quatorze sections linguistiques nationales : am\u00e9ricaine, britannique, danoise-norv\u00e9gienne, n\u00e9erlandaise, italienne, japonaise, polonaise, portugaise, [&hellip;]<\/p>\n","protected":false},"author":1,"featured_media":0,"parent":0,"menu_order":0,"comment_status":"open","ping_status":"closed","template":"","meta":{"_et_pb_use_builder":"on","_et_pb_old_content":"","_et_gb_content_width":"","footnotes":"","_links_to":"","_links_to_target":""},"class_list":["post-542","page","type-page","status-publish","hentry"],"yoast_head":"<!-- This site is optimized with the Yoast SEO plugin v27.2 - https:\/\/yoast.com\/product\/yoast-seo-wordpress\/ -->\n<title>Lyc\u00e9e International | Saint Germain en Laye<\/title>\n<meta name=\"robots\" content=\"index, follow, max-snippet:-1, max-image-preview:large, max-video-preview:-1\" \/>\n<link rel=\"canonical\" href=\"https:\/\/sectionsuedoise.com\/fr\/lycee-international-2\/\" \/>\n<meta property=\"og:locale\" content=\"fr_FR\" \/>\n<meta property=\"og:type\" content=\"article\" \/>\n<meta property=\"og:title\" content=\"Lyc\u00e9e International | Saint Germain en Laye\" \/>\n<meta property=\"og:description\" content=\"LYCEE INTERNATIONAL - Qui sommes-nous ? &nbsp; Brochure de pr\u00e9sentation - Lyc\u00e9e International Lyc\u00e9e International, fond\u00e9 en 1952, est id\u00e9alement situ\u00e9 dans un parc \u00e0 St Germain-en-Laye, une banlieue agr\u00e9able \u00e0 l&#039;ouest de Paris. C\u2019est une \u00e9cole fran\u00e7aise qui est compos\u00e9e de quatorze sections linguistiques nationales : am\u00e9ricaine, britannique, danoise-norv\u00e9gienne, n\u00e9erlandaise, italienne, japonaise, polonaise, portugaise, [&hellip;]\" \/>\n<meta property=\"og:url\" content=\"https:\/\/sectionsuedoise.com\/fr\/lycee-international-2\/\" \/>\n<meta property=\"og:site_name\" content=\"Section Su\u00e9doise | Svenska Sektionen | Saint-Germain-en-Laye\" \/>\n<meta property=\"article:modified_time\" content=\"2022-01-12T09:31:08+00:00\" \/>\n<meta property=\"og:image\" content=\"https:\/\/sectionsuedoise.com\/wp-content\/uploads\/2014\/11\/0012_slottet-300x82.jpg\" \/>\n<meta name=\"twitter:label1\" content=\"Dur\u00e9e de lecture estim\u00e9e\" \/>\n\t<meta name=\"twitter:data1\" content=\"3 minutes\" \/>\n<script type=\"application\/ld+json\" class=\"yoast-schema-graph\">{\"@context\":\"https:\/\/schema.org\",\"@graph\":[{\"@type\":\"WebPage\",\"@id\":\"https:\/\/sectionsuedoise.com\/fr\/lycee-international-2\/\",\"url\":\"https:\/\/sectionsuedoise.com\/fr\/lycee-international-2\/\",\"name\":\"Lyc\u00e9e International | Saint Germain en Laye\",\"isPartOf\":{\"@id\":\"https:\/\/sectionsuedoise.com\/#website\"},\"primaryImageOfPage\":{\"@id\":\"https:\/\/sectionsuedoise.com\/fr\/lycee-international-2\/#primaryimage\"},\"image\":{\"@id\":\"https:\/\/sectionsuedoise.com\/fr\/lycee-international-2\/#primaryimage\"},\"thumbnailUrl\":\"https:\/\/sectionsuedoise.com\/wp-content\/uploads\/2014\/11\/0012_slottet-300x82.jpg\",\"datePublished\":\"2015-02-12T12:17:02+00:00\",\"dateModified\":\"2022-01-12T09:31:08+00:00\",\"breadcrumb\":{\"@id\":\"https:\/\/sectionsuedoise.com\/fr\/lycee-international-2\/#breadcrumb\"},\"inLanguage\":\"fr-FR\",\"potentialAction\":[{\"@type\":\"ReadAction\",\"target\":[\"https:\/\/sectionsuedoise.com\/fr\/lycee-international-2\/\"]}]},{\"@type\":\"ImageObject\",\"inLanguage\":\"fr-FR\",\"@id\":\"https:\/\/sectionsuedoise.com\/fr\/lycee-international-2\/#primaryimage\",\"url\":\"https:\/\/sectionsuedoise.com\/wp-content\/uploads\/2014\/11\/0012_slottet-300x82.jpg\",\"contentUrl\":\"https:\/\/sectionsuedoise.com\/wp-content\/uploads\/2014\/11\/0012_slottet-300x82.jpg\"},{\"@type\":\"BreadcrumbList\",\"@id\":\"https:\/\/sectionsuedoise.com\/fr\/lycee-international-2\/#breadcrumb\",\"itemListElement\":[{\"@type\":\"ListItem\",\"position\":1,\"name\":\"Hem\",\"item\":\"https:\/\/sectionsuedoise.com\/fr\/\"},{\"@type\":\"ListItem\",\"position\":2,\"name\":\"Lyc\u00e9e International\"}]},{\"@type\":\"WebSite\",\"@id\":\"https:\/\/sectionsuedoise.com\/#website\",\"url\":\"https:\/\/sectionsuedoise.com\/\",\"name\":\"Section Su\u00e9doise | Svenska Sektionen | Saint-Germain-en-Laye\",\"description\":\"En till WordPress-webbplats\",\"potentialAction\":[{\"@type\":\"SearchAction\",\"target\":{\"@type\":\"EntryPoint\",\"urlTemplate\":\"https:\/\/sectionsuedoise.com\/?s={search_term_string}\"},\"query-input\":{\"@type\":\"PropertyValueSpecification\",\"valueRequired\":true,\"valueName\":\"search_term_string\"}}],\"inLanguage\":\"fr-FR\"}]}<\/script>\n<!-- \/ Yoast SEO plugin. -->","yoast_head_json":{"title":"Lyc\u00e9e International | Saint Germain en Laye","robots":{"index":"index","follow":"follow","max-snippet":"max-snippet:-1","max-image-preview":"max-image-preview:large","max-video-preview":"max-video-preview:-1"},"canonical":"https:\/\/sectionsuedoise.com\/fr\/lycee-international-2\/","og_locale":"fr_FR","og_type":"article","og_title":"Lyc\u00e9e International | Saint Germain en Laye","og_description":"LYCEE INTERNATIONAL - Qui sommes-nous ? &nbsp; Brochure de pr\u00e9sentation - Lyc\u00e9e International Lyc\u00e9e International, fond\u00e9 en 1952, est id\u00e9alement situ\u00e9 dans un parc \u00e0 St Germain-en-Laye, une banlieue agr\u00e9able \u00e0 l'ouest de Paris. C\u2019est une \u00e9cole fran\u00e7aise qui est compos\u00e9e de quatorze sections linguistiques nationales : am\u00e9ricaine, britannique, danoise-norv\u00e9gienne, n\u00e9erlandaise, italienne, japonaise, polonaise, portugaise, [&hellip;]","og_url":"https:\/\/sectionsuedoise.com\/fr\/lycee-international-2\/","og_site_name":"Section Su\u00e9doise | Svenska Sektionen | Saint-Germain-en-Laye","article_modified_time":"2022-01-12T09:31:08+00:00","og_image":[{"url":"https:\/\/sectionsuedoise.com\/wp-content\/uploads\/2014\/11\/0012_slottet-300x82.jpg","type":"","width":"","height":""}],"twitter_misc":{"Dur\u00e9e de lecture estim\u00e9e":"3 minutes"},"schema":{"@context":"https:\/\/schema.org","@graph":[{"@type":"WebPage","@id":"https:\/\/sectionsuedoise.com\/fr\/lycee-international-2\/","url":"https:\/\/sectionsuedoise.com\/fr\/lycee-international-2\/","name":"Lyc\u00e9e International | Saint Germain en Laye","isPartOf":{"@id":"https:\/\/sectionsuedoise.com\/#website"},"primaryImageOfPage":{"@id":"https:\/\/sectionsuedoise.com\/fr\/lycee-international-2\/#primaryimage"},"image":{"@id":"https:\/\/sectionsuedoise.com\/fr\/lycee-international-2\/#primaryimage"},"thumbnailUrl":"https:\/\/sectionsuedoise.com\/wp-content\/uploads\/2014\/11\/0012_slottet-300x82.jpg","datePublished":"2015-02-12T12:17:02+00:00","dateModified":"2022-01-12T09:31:08+00:00","breadcrumb":{"@id":"https:\/\/sectionsuedoise.com\/fr\/lycee-international-2\/#breadcrumb"},"inLanguage":"fr-FR","potentialAction":[{"@type":"ReadAction","target":["https:\/\/sectionsuedoise.com\/fr\/lycee-international-2\/"]}]},{"@type":"ImageObject","inLanguage":"fr-FR","@id":"https:\/\/sectionsuedoise.com\/fr\/lycee-international-2\/#primaryimage","url":"https:\/\/sectionsuedoise.com\/wp-content\/uploads\/2014\/11\/0012_slottet-300x82.jpg","contentUrl":"https:\/\/sectionsuedoise.com\/wp-content\/uploads\/2014\/11\/0012_slottet-300x82.jpg"},{"@type":"BreadcrumbList","@id":"https:\/\/sectionsuedoise.com\/fr\/lycee-international-2\/#breadcrumb","itemListElement":[{"@type":"ListItem","position":1,"name":"Hem","item":"https:\/\/sectionsuedoise.com\/fr\/"},{"@type":"ListItem","position":2,"name":"Lyc\u00e9e International"}]},{"@type":"WebSite","@id":"https:\/\/sectionsuedoise.com\/#website","url":"https:\/\/sectionsuedoise.com\/","name":"Section Su\u00e9doise | Svenska Sektionen | Saint-Germain-en-Laye","description":"En till WordPress-webbplats","potentialAction":[{"@type":"SearchAction","target":{"@type":"EntryPoint","urlTemplate":"https:\/\/sectionsuedoise.com\/?s={search_term_string}"},"query-input":{"@type":"PropertyValueSpecification","valueRequired":true,"valueName":"search_term_string"}}],"inLanguage":"fr-FR"}]}},"_links":{"self":[{"href":"https:\/\/sectionsuedoise.com\/fr\/wp-json\/wp\/v2\/pages\/542\/"}],"collection":[{"href":"https:\/\/sectionsuedoise.com\/fr\/wp-json\/wp\/v2\/pages\/"}],"about":[{"href":"https:\/\/sectionsuedoise.com\/fr\/wp-json\/wp\/v2\/types\/page\/"}],"author":[{"embeddable":true,"href":"https:\/\/sectionsuedoise.com\/fr\/wp-json\/wp\/v2\/users\/1\/"}],"replies":[{"embeddable":true,"href":"https:\/\/sectionsuedoise.com\/fr\/wp-json\/wp\/v2\/comments\/?post=542"}],"version-history":[{"count":4,"href":"https:\/\/sectionsuedoise.com\/fr\/wp-json\/wp\/v2\/pages\/542\/revisions\/"}],"predecessor-version":[{"id":3844,"href":"https:\/\/sectionsuedoise.com\/fr\/wp-json\/wp\/v2\/pages\/542\/revisions\/3844\/"}],"wp:attachment":[{"href":"https:\/\/sectionsuedoise.com\/fr\/wp-json\/wp\/v2\/media\/?parent=542"}],"curies":[{"name":"wp","href":"https:\/\/api.w.org\/{rel}","templated":true}]}}