{"id":544,"date":"2015-02-12T13:17:58","date_gmt":"2015-02-12T12:17:58","guid":{"rendered":"http:\/\/sectionsuedoise.com\/?page_id=544"},"modified":"2023-09-01T14:47:21","modified_gmt":"2023-09-01T12:47:21","slug":"om-lycee-international","status":"publish","type":"page","link":"https:\/\/sectionsuedoise.com\/fr\/lycee-international-2\/om-lycee-international\/","title":{"rendered":"Le Lyc\u00e9e"},"content":{"rendered":"<p>[et_pb_section fb_built=&nbsp;&raquo;1&Prime; fullwidth=&nbsp;&raquo;on&nbsp;&raquo; admin_label=&nbsp;&raquo;section&nbsp;&raquo; _builder_version=&nbsp;&raquo;4.16&Prime; background_color=&nbsp;&raquo;#92bbe4&Prime; transparent_background=&nbsp;&raquo;off&nbsp;&raquo; global_colors_info=&nbsp;&raquo;{}&nbsp;&raquo;][et_pb_fullwidth_header title=&nbsp;&raquo;Lyc\u00e9e International&nbsp;&raquo; content_max_width=&nbsp;&raquo;none&nbsp;&raquo; admin_label=&nbsp;&raquo;Fullwidth Header&nbsp;&raquo; _builder_version=&nbsp;&raquo;4.16&Prime; background_color=&nbsp;&raquo;rgba(255, 255, 255, 0)&nbsp;&raquo; button_one_letter_spacing_hover=&nbsp;&raquo;0&Prime; button_two_letter_spacing_hover=&nbsp;&raquo;0&Prime; global_colors_info=&nbsp;&raquo;{}&nbsp;&raquo; button_one_text_size__hover_enabled=&nbsp;&raquo;off&nbsp;&raquo; button_two_text_size__hover_enabled=&nbsp;&raquo;off&nbsp;&raquo; button_one_text_color__hover_enabled=&nbsp;&raquo;off&nbsp;&raquo; button_two_text_color__hover_enabled=&nbsp;&raquo;off&nbsp;&raquo; button_one_border_width__hover_enabled=&nbsp;&raquo;off&nbsp;&raquo; button_two_border_width__hover_enabled=&nbsp;&raquo;off&nbsp;&raquo; button_one_border_color__hover_enabled=&nbsp;&raquo;off&nbsp;&raquo; button_two_border_color__hover_enabled=&nbsp;&raquo;off&nbsp;&raquo; button_one_border_radius__hover_enabled=&nbsp;&raquo;off&nbsp;&raquo; button_two_border_radius__hover_enabled=&nbsp;&raquo;off&nbsp;&raquo; button_one_letter_spacing__hover_enabled=&nbsp;&raquo;on&nbsp;&raquo; button_one_letter_spacing__hover=&nbsp;&raquo;0&Prime; button_two_letter_spacing__hover_enabled=&nbsp;&raquo;on&nbsp;&raquo; button_two_letter_spacing__hover=&nbsp;&raquo;0&Prime; button_one_bg_color__hover_enabled=&nbsp;&raquo;off&nbsp;&raquo; button_two_bg_color__hover_enabled=&nbsp;&raquo;off&nbsp;&raquo;] [\/et_pb_fullwidth_header][\/et_pb_section][et_pb_section fb_built=&nbsp;&raquo;1&Prime; admin_label=&nbsp;&raquo;section&nbsp;&raquo; _builder_version=&nbsp;&raquo;4.16&Prime; global_colors_info=&nbsp;&raquo;{}&nbsp;&raquo;][et_pb_row column_structure=&nbsp;&raquo;2_3,1_3&Prime; admin_label=&nbsp;&raquo;row&nbsp;&raquo; _builder_version=&nbsp;&raquo;4.16&Prime; background_size=&nbsp;&raquo;initial&nbsp;&raquo; background_position=&nbsp;&raquo;top_left&nbsp;&raquo; background_repeat=&nbsp;&raquo;repeat&nbsp;&raquo; global_colors_info=&nbsp;&raquo;{}&nbsp;&raquo;][et_pb_column type=&nbsp;&raquo;2_3&Prime; _builder_version=&nbsp;&raquo;4.16&Prime; custom_padding=&nbsp;&raquo;|||&nbsp;&raquo; global_colors_info=&nbsp;&raquo;{}&nbsp;&raquo; custom_padding__hover=&nbsp;&raquo;|||&nbsp;&raquo;][et_pb_text admin_label=&nbsp;&raquo;Text&nbsp;&raquo; _builder_version=&nbsp;&raquo;4.22.1&Prime; background_size=&nbsp;&raquo;initial&nbsp;&raquo; background_position=&nbsp;&raquo;top_left&nbsp;&raquo; background_repeat=&nbsp;&raquo;repeat&nbsp;&raquo; use_border_color=&nbsp;&raquo;off&nbsp;&raquo; border_color=&nbsp;&raquo;#ffffff&nbsp;&raquo; border_style=&nbsp;&raquo;solid&nbsp;&raquo; global_colors_info=&nbsp;&raquo;{}&nbsp;&raquo;]<\/p>\n<h3>Le Lyc\u00e9e<\/h3>\n<p><a href=\"https:\/\/sectionsuedoise.com\/wp-content\/uploads\/2015\/01\/0019_GYMNASIET.jpg\" rel=\"attachment wp-att-409\"><img loading=\"lazy\" decoding=\"async\" class=\"alignleft size-full wp-image-409\" src=\"https:\/\/sectionsuedoise.com\/wp-content\/uploads\/2015\/01\/0019_GYMNASIET.jpg\" alt=\"_0019_GYMNASIET\" width=\"1280\" height=\"350\" srcset=\"https:\/\/sectionsuedoise.com\/wp-content\/uploads\/2015\/01\/0019_GYMNASIET.jpg 1280w, https:\/\/sectionsuedoise.com\/wp-content\/uploads\/2015\/01\/0019_GYMNASIET-300x82.jpg 300w, https:\/\/sectionsuedoise.com\/wp-content\/uploads\/2015\/01\/0019_GYMNASIET-1024x280.jpg 1024w, https:\/\/sectionsuedoise.com\/wp-content\/uploads\/2015\/01\/0019_GYMNASIET-1080x295.jpg 1080w\" sizes=\"(max-width: 1280px) 100vw, 1280px\" \/><\/a><\/p>\n<p>&nbsp;<\/p>\n<p>&nbsp;<\/p>\n<p><strong>2nde<\/strong> = 1:an<br \/><strong>1\u00e8re =<\/strong> 2:an<br \/><strong>Terminale =<\/strong> 3:an<\/p>\n<p>Le lyc\u00e9e correspond principalement aux trois derni\u00e8res ann\u00e9es de l\u2019enseignement secondaire (seconde, premi\u00e8re et terminale).<\/p>\n<p>Au Lyc\u00e9e International, les \u00e9l\u00e8ves de Seconde \u00e9tudient un tronc commun, soit un ensemble de disciplines. Ils peuvent par ailleurs choisir d\u2019\u00e9tudier des options parmi les cinq suivantes : Arts plastiques, Langues Vivantes (LVC), Latin, Musique, et \u00e0 partir de la classe de Premi\u00e8re, Th\u00e9\u00e2tre.<\/p>\n<p>Pour la classe de Premi\u00e8re, ils \u00e9tudient trois sp\u00e9cialit\u00e9s choisies parmi les huit propos\u00e9es par le Lyc\u00e9e International pour le cycle terminal. Ils peuvent d\u00e9cider d\u2019\u00e9tudier \u00e9galement une seule option comme enseignement facultatif parmi les cinq options propos\u00e9es. L\u2019option LCA Latin fait exception : elle peut se cumuler avec une autre option et dispose d\u2019une bonification dans l\u2019\u00e9valuation du baccalaur\u00e9at.<\/p>\n<p><a href=\"https:\/\/lycee-international-stgermain.com\/enseignements-de-specialite-et-optionnels\/\">https:\/\/lycee-international-stgermain.com\/enseignements-de-specialite-et-optionnels\/<\/a><\/p>\n<p><a href=\"http:\/\/quandjepasselebac.education.fr\/comprendre-le-nouveau-bac-en-5-min\/https:\/\/www.education.gouv.fr\/le-nouveau-baccalaureat-3098\">http:\/\/quandjepasselebac.education.fr\/comprendre-le-nouveau-bac-en-5-min\/https:\/\/www.education.gouv.fr\/le-nouveau-baccalaureat-3098<\/a><\/p>\n<p>Au Lyc\u00e9e International, les \u00e9l\u00e8ves appartiennent \u00e0 deux classes :<\/p>\n<ul>\n<li><strong>une classe de section<\/strong> (su\u00e9doise) avec un professeur de su\u00e9dois<br \/>(4 heures par semaine) et un professeur d\u2019histoire4 heures par semaine). Nous suivons le programme p\u00e9dagogique su\u00e9dois avec ses objectifs et lignes directrices<\/li>\n<li><strong>une classe fran\u00e7aise<\/strong> avec un professeur de fran\u00e7ais dans chaque mati\u00e8re<\/li>\n<\/ul>\n<p>[\/et_pb_text][\/et_pb_column][et_pb_column type=&nbsp;&raquo;1_3&Prime; _builder_version=&nbsp;&raquo;4.16&Prime; custom_padding=&nbsp;&raquo;|||&nbsp;&raquo; global_colors_info=&nbsp;&raquo;{}&nbsp;&raquo; custom_padding__hover=&nbsp;&raquo;|||&nbsp;&raquo;][et_pb_sidebar orientation=&nbsp;&raquo;right&nbsp;&raquo; area=&nbsp;&raquo;sidebar-1&Prime; admin_label=&nbsp;&raquo;Sidebar&nbsp;&raquo; _builder_version=&nbsp;&raquo;4.16&Prime; global_colors_info=&nbsp;&raquo;{}&nbsp;&raquo;] [\/et_pb_sidebar][\/et_pb_column][\/et_pb_row][\/et_pb_section]<\/p>\n","protected":false},"excerpt":{"rendered":"<p>Le Lyc\u00e9e &nbsp; &nbsp; 2nde = 1:an1\u00e8re = 2:anTerminale = 3:an Le lyc\u00e9e correspond principalement aux trois derni\u00e8res ann\u00e9es de l\u2019enseignement secondaire (seconde, premi\u00e8re et terminale). Au Lyc\u00e9e International, les \u00e9l\u00e8ves de Seconde \u00e9tudient un tronc commun, soit un ensemble de disciplines. Ils peuvent par ailleurs choisir d\u2019\u00e9tudier des options parmi les cinq suivantes : [&hellip;]<\/p>\n","protected":false},"author":1,"featured_media":0,"parent":542,"menu_order":3,"comment_status":"closed","ping_status":"closed","template":"","meta":{"_et_pb_use_builder":"on","_et_pb_old_content":"","_et_gb_content_width":"","footnotes":"","_links_to":"","_links_to_target":""},"class_list":["post-544","page","type-page","status-publish","hentry"],"yoast_head":"<!-- This site is optimized with the Yoast SEO plugin v27.4 - https:\/\/yoast.com\/product\/yoast-seo-wordpress\/ -->\n<title>Le Lyc\u00e9e - Section Su\u00e9doise | Svenska Sektionen | Saint-Germain-en-Laye<\/title>\n<meta name=\"robots\" content=\"index, follow, max-snippet:-1, max-image-preview:large, max-video-preview:-1\" \/>\n<link rel=\"canonical\" href=\"https:\/\/sectionsuedoise.com\/fr\/lycee-international-2\/om-lycee-international\/\" \/>\n<meta property=\"og:locale\" content=\"fr_FR\" \/>\n<meta property=\"og:type\" content=\"article\" \/>\n<meta property=\"og:title\" content=\"Le Lyc\u00e9e - Section Su\u00e9doise | Svenska Sektionen | Saint-Germain-en-Laye\" \/>\n<meta property=\"og:description\" content=\"Le Lyc\u00e9e &nbsp; &nbsp; 2nde = 1:an1\u00e8re = 2:anTerminale = 3:an Le lyc\u00e9e correspond principalement aux trois derni\u00e8res ann\u00e9es de l\u2019enseignement secondaire (seconde, premi\u00e8re et terminale). Au Lyc\u00e9e International, les \u00e9l\u00e8ves de Seconde \u00e9tudient un tronc commun, soit un ensemble de disciplines. Ils peuvent par ailleurs choisir d\u2019\u00e9tudier des options parmi les cinq suivantes : [&hellip;]\" \/>\n<meta property=\"og:url\" content=\"https:\/\/sectionsuedoise.com\/fr\/lycee-international-2\/om-lycee-international\/\" \/>\n<meta property=\"og:site_name\" content=\"Section Su\u00e9doise | Svenska Sektionen | Saint-Germain-en-Laye\" \/>\n<meta property=\"article:modified_time\" content=\"2023-09-01T12:47:21+00:00\" \/>\n<meta property=\"og:image\" content=\"https:\/\/sectionsuedoise.com\/wp-content\/uploads\/2015\/01\/0019_GYMNASIET.jpg\" \/>\n<meta name=\"twitter:label1\" content=\"Dur\u00e9e de lecture estim\u00e9e\" \/>\n\t<meta name=\"twitter:data1\" content=\"3 minutes\" \/>\n<script type=\"application\/ld+json\" class=\"yoast-schema-graph\">{\"@context\":\"https:\\\/\\\/schema.org\",\"@graph\":[{\"@type\":\"WebPage\",\"@id\":\"https:\\\/\\\/sectionsuedoise.com\\\/fr\\\/lycee-international-2\\\/om-lycee-international\\\/\",\"url\":\"https:\\\/\\\/sectionsuedoise.com\\\/fr\\\/lycee-international-2\\\/om-lycee-international\\\/\",\"name\":\"Le Lyc\u00e9e - Section Su\u00e9doise | Svenska Sektionen | Saint-Germain-en-Laye\",\"isPartOf\":{\"@id\":\"https:\\\/\\\/sectionsuedoise.com\\\/#website\"},\"primaryImageOfPage\":{\"@id\":\"https:\\\/\\\/sectionsuedoise.com\\\/fr\\\/lycee-international-2\\\/om-lycee-international\\\/#primaryimage\"},\"image\":{\"@id\":\"https:\\\/\\\/sectionsuedoise.com\\\/fr\\\/lycee-international-2\\\/om-lycee-international\\\/#primaryimage\"},\"thumbnailUrl\":\"https:\\\/\\\/sectionsuedoise.com\\\/wp-content\\\/uploads\\\/2015\\\/01\\\/0019_GYMNASIET.jpg\",\"datePublished\":\"2015-02-12T12:17:58+00:00\",\"dateModified\":\"2023-09-01T12:47:21+00:00\",\"breadcrumb\":{\"@id\":\"https:\\\/\\\/sectionsuedoise.com\\\/fr\\\/lycee-international-2\\\/om-lycee-international\\\/#breadcrumb\"},\"inLanguage\":\"fr-FR\",\"potentialAction\":[{\"@type\":\"ReadAction\",\"target\":[\"https:\\\/\\\/sectionsuedoise.com\\\/fr\\\/lycee-international-2\\\/om-lycee-international\\\/\"]}]},{\"@type\":\"ImageObject\",\"inLanguage\":\"fr-FR\",\"@id\":\"https:\\\/\\\/sectionsuedoise.com\\\/fr\\\/lycee-international-2\\\/om-lycee-international\\\/#primaryimage\",\"url\":\"https:\\\/\\\/sectionsuedoise.com\\\/wp-content\\\/uploads\\\/2015\\\/01\\\/0019_GYMNASIET.jpg\",\"contentUrl\":\"https:\\\/\\\/sectionsuedoise.com\\\/wp-content\\\/uploads\\\/2015\\\/01\\\/0019_GYMNASIET.jpg\"},{\"@type\":\"BreadcrumbList\",\"@id\":\"https:\\\/\\\/sectionsuedoise.com\\\/fr\\\/lycee-international-2\\\/om-lycee-international\\\/#breadcrumb\",\"itemListElement\":[{\"@type\":\"ListItem\",\"position\":1,\"name\":\"Hem\",\"item\":\"https:\\\/\\\/sectionsuedoise.com\\\/fr\\\/\"},{\"@type\":\"ListItem\",\"position\":2,\"name\":\"Lyc\u00e9e International\",\"item\":\"https:\\\/\\\/sectionsuedoise.com\\\/fr\\\/lycee-international-2\\\/\"},{\"@type\":\"ListItem\",\"position\":3,\"name\":\"Le Lyc\u00e9e\"}]},{\"@type\":\"WebSite\",\"@id\":\"https:\\\/\\\/sectionsuedoise.com\\\/#website\",\"url\":\"https:\\\/\\\/sectionsuedoise.com\\\/\",\"name\":\"Section Su\u00e9doise | Svenska Sektionen | Saint-Germain-en-Laye\",\"description\":\"En till WordPress-webbplats\",\"potentialAction\":[{\"@type\":\"SearchAction\",\"target\":{\"@type\":\"EntryPoint\",\"urlTemplate\":\"https:\\\/\\\/sectionsuedoise.com\\\/?s={search_term_string}\"},\"query-input\":{\"@type\":\"PropertyValueSpecification\",\"valueRequired\":true,\"valueName\":\"search_term_string\"}}],\"inLanguage\":\"fr-FR\"}]}<\/script>\n<!-- \/ Yoast SEO plugin. -->","yoast_head_json":{"title":"Le Lyc\u00e9e - Section Su\u00e9doise | Svenska Sektionen | Saint-Germain-en-Laye","robots":{"index":"index","follow":"follow","max-snippet":"max-snippet:-1","max-image-preview":"max-image-preview:large","max-video-preview":"max-video-preview:-1"},"canonical":"https:\/\/sectionsuedoise.com\/fr\/lycee-international-2\/om-lycee-international\/","og_locale":"fr_FR","og_type":"article","og_title":"Le Lyc\u00e9e - Section Su\u00e9doise | Svenska Sektionen | Saint-Germain-en-Laye","og_description":"Le Lyc\u00e9e &nbsp; &nbsp; 2nde = 1:an1\u00e8re = 2:anTerminale = 3:an Le lyc\u00e9e correspond principalement aux trois derni\u00e8res ann\u00e9es de l\u2019enseignement secondaire (seconde, premi\u00e8re et terminale). Au Lyc\u00e9e International, les \u00e9l\u00e8ves de Seconde \u00e9tudient un tronc commun, soit un ensemble de disciplines. Ils peuvent par ailleurs choisir d\u2019\u00e9tudier des options parmi les cinq suivantes : [&hellip;]","og_url":"https:\/\/sectionsuedoise.com\/fr\/lycee-international-2\/om-lycee-international\/","og_site_name":"Section Su\u00e9doise | Svenska Sektionen | Saint-Germain-en-Laye","article_modified_time":"2023-09-01T12:47:21+00:00","og_image":[{"url":"https:\/\/sectionsuedoise.com\/wp-content\/uploads\/2015\/01\/0019_GYMNASIET.jpg","type":"","width":"","height":""}],"twitter_misc":{"Dur\u00e9e de lecture estim\u00e9e":"3 minutes"},"schema":{"@context":"https:\/\/schema.org","@graph":[{"@type":"WebPage","@id":"https:\/\/sectionsuedoise.com\/fr\/lycee-international-2\/om-lycee-international\/","url":"https:\/\/sectionsuedoise.com\/fr\/lycee-international-2\/om-lycee-international\/","name":"Le Lyc\u00e9e - Section Su\u00e9doise | Svenska Sektionen | Saint-Germain-en-Laye","isPartOf":{"@id":"https:\/\/sectionsuedoise.com\/#website"},"primaryImageOfPage":{"@id":"https:\/\/sectionsuedoise.com\/fr\/lycee-international-2\/om-lycee-international\/#primaryimage"},"image":{"@id":"https:\/\/sectionsuedoise.com\/fr\/lycee-international-2\/om-lycee-international\/#primaryimage"},"thumbnailUrl":"https:\/\/sectionsuedoise.com\/wp-content\/uploads\/2015\/01\/0019_GYMNASIET.jpg","datePublished":"2015-02-12T12:17:58+00:00","dateModified":"2023-09-01T12:47:21+00:00","breadcrumb":{"@id":"https:\/\/sectionsuedoise.com\/fr\/lycee-international-2\/om-lycee-international\/#breadcrumb"},"inLanguage":"fr-FR","potentialAction":[{"@type":"ReadAction","target":["https:\/\/sectionsuedoise.com\/fr\/lycee-international-2\/om-lycee-international\/"]}]},{"@type":"ImageObject","inLanguage":"fr-FR","@id":"https:\/\/sectionsuedoise.com\/fr\/lycee-international-2\/om-lycee-international\/#primaryimage","url":"https:\/\/sectionsuedoise.com\/wp-content\/uploads\/2015\/01\/0019_GYMNASIET.jpg","contentUrl":"https:\/\/sectionsuedoise.com\/wp-content\/uploads\/2015\/01\/0019_GYMNASIET.jpg"},{"@type":"BreadcrumbList","@id":"https:\/\/sectionsuedoise.com\/fr\/lycee-international-2\/om-lycee-international\/#breadcrumb","itemListElement":[{"@type":"ListItem","position":1,"name":"Hem","item":"https:\/\/sectionsuedoise.com\/fr\/"},{"@type":"ListItem","position":2,"name":"Lyc\u00e9e International","item":"https:\/\/sectionsuedoise.com\/fr\/lycee-international-2\/"},{"@type":"ListItem","position":3,"name":"Le Lyc\u00e9e"}]},{"@type":"WebSite","@id":"https:\/\/sectionsuedoise.com\/#website","url":"https:\/\/sectionsuedoise.com\/","name":"Section Su\u00e9doise | Svenska Sektionen | Saint-Germain-en-Laye","description":"En till WordPress-webbplats","potentialAction":[{"@type":"SearchAction","target":{"@type":"EntryPoint","urlTemplate":"https:\/\/sectionsuedoise.com\/?s={search_term_string}"},"query-input":{"@type":"PropertyValueSpecification","valueRequired":true,"valueName":"search_term_string"}}],"inLanguage":"fr-FR"}]}},"_links":{"self":[{"href":"https:\/\/sectionsuedoise.com\/fr\/wp-json\/wp\/v2\/pages\/544\/"}],"collection":[{"href":"https:\/\/sectionsuedoise.com\/fr\/wp-json\/wp\/v2\/pages\/"}],"about":[{"href":"https:\/\/sectionsuedoise.com\/fr\/wp-json\/wp\/v2\/types\/page\/"}],"author":[{"embeddable":true,"href":"https:\/\/sectionsuedoise.com\/fr\/wp-json\/wp\/v2\/users\/1\/"}],"replies":[{"embeddable":true,"href":"https:\/\/sectionsuedoise.com\/fr\/wp-json\/wp\/v2\/comments\/?post=544"}],"version-history":[{"count":5,"href":"https:\/\/sectionsuedoise.com\/fr\/wp-json\/wp\/v2\/pages\/544\/revisions\/"}],"predecessor-version":[{"id":4584,"href":"https:\/\/sectionsuedoise.com\/fr\/wp-json\/wp\/v2\/pages\/544\/revisions\/4584\/"}],"up":[{"embeddable":true,"href":"https:\/\/sectionsuedoise.com\/fr\/wp-json\/wp\/v2\/pages\/542\/"}],"wp:attachment":[{"href":"https:\/\/sectionsuedoise.com\/fr\/wp-json\/wp\/v2\/media\/?parent=544"}],"curies":[{"name":"wp","href":"https:\/\/api.w.org\/{rel}","templated":true}]}}