{"id":548,"date":"2015-02-12T13:19:37","date_gmt":"2015-02-12T12:19:37","guid":{"rendered":"http:\/\/sectionsuedoise.com\/?page_id=548"},"modified":"2023-09-14T13:35:36","modified_gmt":"2023-09-14T11:35:36","slug":"apeli","status":"publish","type":"page","link":"https:\/\/sectionsuedoise.com\/fr\/lycee-international-2\/apeli\/","title":{"rendered":"APELI &#8211; Association des Parents d&rsquo;\u00e9l\u00e8ves"},"content":{"rendered":"<p>[et_pb_section fb_built=&nbsp;&raquo;1&Prime; fullwidth=&nbsp;&raquo;on&nbsp;&raquo; admin_label=&nbsp;&raquo;section&nbsp;&raquo; _builder_version=&nbsp;&raquo;4.16&Prime; background_color=&nbsp;&raquo;#92bbe4&Prime; transparent_background=&nbsp;&raquo;off&nbsp;&raquo; global_colors_info=&nbsp;&raquo;{}&nbsp;&raquo;][et_pb_fullwidth_header title=&nbsp;&raquo;APELI&nbsp;&raquo; content_max_width=&nbsp;&raquo;none&nbsp;&raquo; admin_label=&nbsp;&raquo;Fullwidth Header&nbsp;&raquo; _builder_version=&nbsp;&raquo;4.16&Prime; background_color=&nbsp;&raquo;rgba(255, 255, 255, 0)&nbsp;&raquo; global_colors_info=&nbsp;&raquo;{}&nbsp;&raquo; button_one_text_size__hover_enabled=&nbsp;&raquo;off&nbsp;&raquo; button_two_text_size__hover_enabled=&nbsp;&raquo;off&nbsp;&raquo; button_one_text_color__hover_enabled=&nbsp;&raquo;off&nbsp;&raquo; button_two_text_color__hover_enabled=&nbsp;&raquo;off&nbsp;&raquo; button_one_border_width__hover_enabled=&nbsp;&raquo;off&nbsp;&raquo; button_two_border_width__hover_enabled=&nbsp;&raquo;off&nbsp;&raquo; button_one_border_color__hover_enabled=&nbsp;&raquo;off&nbsp;&raquo; button_two_border_color__hover_enabled=&nbsp;&raquo;off&nbsp;&raquo; button_one_border_radius__hover_enabled=&nbsp;&raquo;off&nbsp;&raquo; button_two_border_radius__hover_enabled=&nbsp;&raquo;off&nbsp;&raquo; button_one_letter_spacing__hover_enabled=&nbsp;&raquo;off&nbsp;&raquo; button_two_letter_spacing__hover_enabled=&nbsp;&raquo;off&nbsp;&raquo; button_one_bg_color__hover_enabled=&nbsp;&raquo;off&nbsp;&raquo; button_two_bg_color__hover_enabled=&nbsp;&raquo;off&nbsp;&raquo;] [\/et_pb_fullwidth_header][\/et_pb_section][et_pb_section fb_built=&nbsp;&raquo;1&Prime; admin_label=&nbsp;&raquo;section&nbsp;&raquo; _builder_version=&nbsp;&raquo;4.16&Prime; global_colors_info=&nbsp;&raquo;{}&nbsp;&raquo;][et_pb_row column_structure=&nbsp;&raquo;2_3,1_3&Prime; admin_label=&nbsp;&raquo;row&nbsp;&raquo; _builder_version=&nbsp;&raquo;4.16&Prime; background_size=&nbsp;&raquo;initial&nbsp;&raquo; background_position=&nbsp;&raquo;top_left&nbsp;&raquo; background_repeat=&nbsp;&raquo;repeat&nbsp;&raquo; global_colors_info=&nbsp;&raquo;{}&nbsp;&raquo;][et_pb_column type=&nbsp;&raquo;2_3&Prime; _builder_version=&nbsp;&raquo;4.16&Prime; custom_padding=&nbsp;&raquo;|||&nbsp;&raquo; global_colors_info=&nbsp;&raquo;{}&nbsp;&raquo; custom_padding__hover=&nbsp;&raquo;|||&nbsp;&raquo;][et_pb_text admin_label=&nbsp;&raquo;Text&nbsp;&raquo; _builder_version=&nbsp;&raquo;4.22.1&Prime; background_size=&nbsp;&raquo;initial&nbsp;&raquo; background_position=&nbsp;&raquo;top_left&nbsp;&raquo; background_repeat=&nbsp;&raquo;repeat&nbsp;&raquo; hover_enabled=&nbsp;&raquo;0&Prime; use_border_color=&nbsp;&raquo;off&nbsp;&raquo; border_color=&nbsp;&raquo;#ffffff&nbsp;&raquo; border_style=&nbsp;&raquo;solid&nbsp;&raquo; global_colors_info=&nbsp;&raquo;{}&nbsp;&raquo; sticky_enabled=&nbsp;&raquo;0&Prime;]<\/p>\n<p><strong><a title=\"APELI\" href=\"http:\/\/www.apeli.org\" target=\"_blank\" rel=\"noopener noreferrer\">APELI<\/a>\u00a0<\/strong>est l&rsquo;association qui repr\u00e9sente officiellement tous les parents d&rsquo;\u00e9l\u00e8ves du Lyc\u00e9e international (membres \u00e9lus aux \u00e9lections nationales). Elle assure le lien entre parents, l&rsquo;administration du lyc\u00e9e et les \u00e9quipes p\u00e9dagogiques. Ind\u00e9pendante de tout organisme politiqu ou religeux, elle vous accompagne quelle que soi votre section nationale au Lyc\u00e9e International, de la maternelle jusq&rsquo;au Lyc\u00e9e.<\/p>\n<p><strong>L&rsquo;APELI<\/strong> vous informe via :<\/p>\n<ul>\n<li>Le Guide de rentr\u00e9e<\/li>\n<li>Son site internet www.apeli.fr<\/li>\n<li>E-newsletter mensuelle<\/li>\n<li>Les parents d&rsquo;\u00e9l\u00e8ves correspondants (PEC) de classe<\/li>\n<\/ul>\n<p><b><br \/>Les \u00e9v\u00e8nements organis\u00e9s par l&rsquo;APELI:<\/b><\/p>\n<ul>\n<li>La journ\u00e9e d&rsquo;accueil JAC (portes ouvertes)<\/li>\n<li>Le carrefour des \u00e9tudes et des m\u00e9tiers (CEM)<\/li>\n<li>La c\u00e9r\u00e9monie de remise des dipl\u00f4mes du Baccaulaur\u00e9at<\/li>\n<li>Des conf\u00e9rences-d\u00e9bats<\/li>\n<li>La boum des CM2 pour marquer la fin du cycle primaire<\/li>\n<li>La f\u00eate des 3\u00e8me pour marquer la fin du cycle coll\u00e8ge<\/li>\n<li>La bienvenue au CP pour tous les CP internes.<\/li>\n<\/ul>\n<p><strong>Repr\u00e9sentante de la Section Su\u00e9doise <\/strong>:\u00a0<br \/>Ren\u00e9e De Lubersac<\/p>\n<p><strong>Contact :<\/strong><br \/>MAIL : contact@apeli.org<br \/><span style=\"line-height: 1.7em;\">SITE INTERNET : <a href=\"http:\/\/www.apeli.org\">http:\/\/www.apeli.org<\/a><\/p>\n<p>Le bureau d&rsquo;APELI se trouve dans la partie &laquo;&nbsp;extension&nbsp;&raquo; au rez-de-chauss\u00e9e de l&rsquo;Atrium, (bureau 01).<br \/><\/span><\/p>\n<p>[\/et_pb_text][\/et_pb_column][et_pb_column type=&nbsp;&raquo;1_3&Prime; _builder_version=&nbsp;&raquo;4.16&Prime; custom_padding=&nbsp;&raquo;|||&nbsp;&raquo; global_colors_info=&nbsp;&raquo;{}&nbsp;&raquo; custom_padding__hover=&nbsp;&raquo;|||&nbsp;&raquo;][et_pb_sidebar orientation=&nbsp;&raquo;right&nbsp;&raquo; area=&nbsp;&raquo;sidebar-1&Prime; admin_label=&nbsp;&raquo;Sidebar&nbsp;&raquo; _builder_version=&nbsp;&raquo;4.16&Prime; global_colors_info=&nbsp;&raquo;{}&nbsp;&raquo;] [\/et_pb_sidebar][\/et_pb_column][\/et_pb_row][\/et_pb_section]<\/p>\n","protected":false},"excerpt":{"rendered":"<p>APELI\u00a0est l&rsquo;association qui repr\u00e9sente officiellement tous les parents d&rsquo;\u00e9l\u00e8ves du Lyc\u00e9e international (membres \u00e9lus aux \u00e9lections nationales). Elle assure le lien entre parents, l&rsquo;administration du lyc\u00e9e et les \u00e9quipes p\u00e9dagogiques. Ind\u00e9pendante de tout organisme politiqu ou religeux, elle vous accompagne quelle que soi votre section nationale au Lyc\u00e9e International, de la maternelle jusq&rsquo;au Lyc\u00e9e. L&rsquo;APELI [&hellip;]<\/p>\n","protected":false},"author":1,"featured_media":0,"parent":542,"menu_order":0,"comment_status":"closed","ping_status":"open","template":"","meta":{"_et_pb_use_builder":"on","_et_pb_old_content":"<p>[et_pb_section fullwidth=\"on\" specialty=\"off\" transparent_background=\"off\" background_color=\"#92bbe4\" inner_shadow=\"off\" parallax=\"off\" parallax_method=\"off\"][et_pb_fullwidth_header admin_label=\"Fullwidth Header\" title=\"APELI\" background_layout=\"dark\" text_orientation=\"left\" \/][\/et_pb_section][et_pb_section][et_pb_row][et_pb_column type=\"2_3\"][et_pb_text admin_label=\"Text\" background_layout=\"light\" text_orientation=\"left\"] <strong><a title=\"APELI\" href=\"http:\/\/www.apeli.org\" target=\"_blank\">APELI<\/a> <\/strong>\u00e4r skolans franska f\u00f6r\u00e4ldraf\u00f6rening vars m\u00e5l \u00e4r att representera alla f\u00f6r\u00e4ldrar p\u00e5 skolan. APELI\u00a0:s uppdrag \u00e4r att f\u00f6rb\u00e4ttra vardagen f\u00f6r eleverna och att bevara den internationella andan som r\u00e5der p\u00e5 skolan. Det \u00e4r en politiskt oberoende f\u00f6rening och tillh\u00f6r ingen av de internationella sektionerna. Medlemsavgifterna g\u00e5r oavkortat till APELI:s verksamhet. APELI har hand om\u00a0:<\/p><ul><li>Skoltransporter<\/li><li>\u00d6ppet hus \u2013 l\u00f6rdagen innan f\u00f6rsta terminen b\u00f6rjar<\/li><li>Studier\u00e5dgivning - en dag d\u00e5 gymnasieelever m\u00f6ter representanter fr\u00e5n yrkesliv och h\u00f6gskolor.<\/li><li>Aktiviteter f\u00f6r h\u00f6gstadieelever i juni<\/li><li>Den h\u00f6gtidliga studentceremonin f\u00f6r OIB (Option International de Baccalaur\u00e9at)<\/li><li>Olika konferenser och debatter<\/li><li>Skof\u00f6rs\u00e4kring<\/li><\/ul><p>APELI \u00e4r f\u00f6r\u00e4ldrarnas talesperson bl a n\u00e4r det g\u00e4ller:<\/p><ul><li>Klasskonferens<\/li><li>Skolans styrelsem\u00f6ten<\/li><\/ul><p>APELI hj\u00e4lper till med kontakt mellan hem och skola; skolans ledning och l\u00e4rarna. APELI h\u00e5ller f\u00f6r\u00e4ldrarna informerade med hj\u00e4lp av olika tidskrifter:<\/p><ul><li>Le Guide<\/li><li>APELI-tranports<\/li><li>Regards<\/li><li>Liaisons ( p\u00e5 n\u00e4tet)<\/li><\/ul><p>APELI har ett kontor som ligger i Edgar SHERER-byggnaden dit man kan v\u00e4nda sig med alla fr\u00e5gor man har g\u00e4llande sina barn. <strong>\u00d6ppettider:<\/strong> M\u00e5ndag, torsdag 13.00-17.30 Tisdag, fredag 8.30-13.00 TEL: + 33 1 34 51 35 46 apeli78100@gmail.com www.apeli.org [\/et_pb_text][\/et_pb_column][et_pb_column type=\"1_3\"][et_pb_sidebar admin_label=\"Sidebar\" orientation=\"right\" area=\"sidebar-1\" background_layout=\"light\" \/][\/et_pb_column][\/et_pb_row][\/et_pb_section]<\/p>","_et_gb_content_width":"","footnotes":"","_links_to":"","_links_to_target":""},"class_list":["post-548","page","type-page","status-publish","hentry"],"yoast_head":"<!-- This site is optimized with the Yoast SEO plugin v27.4 - https:\/\/yoast.com\/product\/yoast-seo-wordpress\/ -->\n<title>APELI - Association des Parents d&#039;\u00e9l\u00e8ves - Section Su\u00e9doise | Svenska Sektionen | Saint-Germain-en-Laye<\/title>\n<meta name=\"robots\" content=\"index, follow, max-snippet:-1, max-image-preview:large, max-video-preview:-1\" \/>\n<link rel=\"canonical\" href=\"https:\/\/sectionsuedoise.com\/fr\/lycee-international-2\/apeli\/\" \/>\n<meta property=\"og:locale\" content=\"fr_FR\" \/>\n<meta property=\"og:type\" content=\"article\" \/>\n<meta property=\"og:title\" content=\"APELI - Association des Parents d&#039;\u00e9l\u00e8ves - Section Su\u00e9doise | Svenska Sektionen | Saint-Germain-en-Laye\" \/>\n<meta property=\"og:description\" content=\"APELI\u00a0est l&#039;association qui repr\u00e9sente officiellement tous les parents d&#039;\u00e9l\u00e8ves du Lyc\u00e9e international (membres \u00e9lus aux \u00e9lections nationales). Elle assure le lien entre parents, l&#039;administration du lyc\u00e9e et les \u00e9quipes p\u00e9dagogiques. Ind\u00e9pendante de tout organisme politiqu ou religeux, elle vous accompagne quelle que soi votre section nationale au Lyc\u00e9e International, de la maternelle jusq&#039;au Lyc\u00e9e. L&#039;APELI [&hellip;]\" \/>\n<meta property=\"og:url\" content=\"https:\/\/sectionsuedoise.com\/fr\/lycee-international-2\/apeli\/\" \/>\n<meta property=\"og:site_name\" content=\"Section Su\u00e9doise | Svenska Sektionen | Saint-Germain-en-Laye\" \/>\n<meta property=\"article:modified_time\" content=\"2023-09-14T11:35:36+00:00\" \/>\n<meta name=\"twitter:label1\" content=\"Dur\u00e9e de lecture estim\u00e9e\" \/>\n\t<meta name=\"twitter:data1\" content=\"2 minutes\" \/>\n<script type=\"application\/ld+json\" class=\"yoast-schema-graph\">{\"@context\":\"https:\\\/\\\/schema.org\",\"@graph\":[{\"@type\":\"WebPage\",\"@id\":\"https:\\\/\\\/sectionsuedoise.com\\\/fr\\\/lycee-international-2\\\/apeli\\\/\",\"url\":\"https:\\\/\\\/sectionsuedoise.com\\\/fr\\\/lycee-international-2\\\/apeli\\\/\",\"name\":\"APELI - Association des Parents d'\u00e9l\u00e8ves - Section Su\u00e9doise | Svenska Sektionen | Saint-Germain-en-Laye\",\"isPartOf\":{\"@id\":\"https:\\\/\\\/sectionsuedoise.com\\\/#website\"},\"datePublished\":\"2015-02-12T12:19:37+00:00\",\"dateModified\":\"2023-09-14T11:35:36+00:00\",\"breadcrumb\":{\"@id\":\"https:\\\/\\\/sectionsuedoise.com\\\/fr\\\/lycee-international-2\\\/apeli\\\/#breadcrumb\"},\"inLanguage\":\"fr-FR\",\"potentialAction\":[{\"@type\":\"ReadAction\",\"target\":[\"https:\\\/\\\/sectionsuedoise.com\\\/fr\\\/lycee-international-2\\\/apeli\\\/\"]}]},{\"@type\":\"BreadcrumbList\",\"@id\":\"https:\\\/\\\/sectionsuedoise.com\\\/fr\\\/lycee-international-2\\\/apeli\\\/#breadcrumb\",\"itemListElement\":[{\"@type\":\"ListItem\",\"position\":1,\"name\":\"Hem\",\"item\":\"https:\\\/\\\/sectionsuedoise.com\\\/fr\\\/\"},{\"@type\":\"ListItem\",\"position\":2,\"name\":\"Lyc\u00e9e International\",\"item\":\"https:\\\/\\\/sectionsuedoise.com\\\/fr\\\/lycee-international-2\\\/\"},{\"@type\":\"ListItem\",\"position\":3,\"name\":\"APELI &#8211; Association des Parents d&#8217;\u00e9l\u00e8ves\"}]},{\"@type\":\"WebSite\",\"@id\":\"https:\\\/\\\/sectionsuedoise.com\\\/#website\",\"url\":\"https:\\\/\\\/sectionsuedoise.com\\\/\",\"name\":\"Section Su\u00e9doise | Svenska Sektionen | Saint-Germain-en-Laye\",\"description\":\"En till WordPress-webbplats\",\"potentialAction\":[{\"@type\":\"SearchAction\",\"target\":{\"@type\":\"EntryPoint\",\"urlTemplate\":\"https:\\\/\\\/sectionsuedoise.com\\\/?s={search_term_string}\"},\"query-input\":{\"@type\":\"PropertyValueSpecification\",\"valueRequired\":true,\"valueName\":\"search_term_string\"}}],\"inLanguage\":\"fr-FR\"}]}<\/script>\n<!-- \/ Yoast SEO plugin. -->","yoast_head_json":{"title":"APELI - Association des Parents d'\u00e9l\u00e8ves - Section Su\u00e9doise | Svenska Sektionen | Saint-Germain-en-Laye","robots":{"index":"index","follow":"follow","max-snippet":"max-snippet:-1","max-image-preview":"max-image-preview:large","max-video-preview":"max-video-preview:-1"},"canonical":"https:\/\/sectionsuedoise.com\/fr\/lycee-international-2\/apeli\/","og_locale":"fr_FR","og_type":"article","og_title":"APELI - Association des Parents d'\u00e9l\u00e8ves - Section Su\u00e9doise | Svenska Sektionen | Saint-Germain-en-Laye","og_description":"APELI\u00a0est l'association qui repr\u00e9sente officiellement tous les parents d'\u00e9l\u00e8ves du Lyc\u00e9e international (membres \u00e9lus aux \u00e9lections nationales). Elle assure le lien entre parents, l'administration du lyc\u00e9e et les \u00e9quipes p\u00e9dagogiques. Ind\u00e9pendante de tout organisme politiqu ou religeux, elle vous accompagne quelle que soi votre section nationale au Lyc\u00e9e International, de la maternelle jusq'au Lyc\u00e9e. L'APELI [&hellip;]","og_url":"https:\/\/sectionsuedoise.com\/fr\/lycee-international-2\/apeli\/","og_site_name":"Section Su\u00e9doise | Svenska Sektionen | Saint-Germain-en-Laye","article_modified_time":"2023-09-14T11:35:36+00:00","twitter_misc":{"Dur\u00e9e de lecture estim\u00e9e":"2 minutes"},"schema":{"@context":"https:\/\/schema.org","@graph":[{"@type":"WebPage","@id":"https:\/\/sectionsuedoise.com\/fr\/lycee-international-2\/apeli\/","url":"https:\/\/sectionsuedoise.com\/fr\/lycee-international-2\/apeli\/","name":"APELI - Association des Parents d'\u00e9l\u00e8ves - Section Su\u00e9doise | Svenska Sektionen | Saint-Germain-en-Laye","isPartOf":{"@id":"https:\/\/sectionsuedoise.com\/#website"},"datePublished":"2015-02-12T12:19:37+00:00","dateModified":"2023-09-14T11:35:36+00:00","breadcrumb":{"@id":"https:\/\/sectionsuedoise.com\/fr\/lycee-international-2\/apeli\/#breadcrumb"},"inLanguage":"fr-FR","potentialAction":[{"@type":"ReadAction","target":["https:\/\/sectionsuedoise.com\/fr\/lycee-international-2\/apeli\/"]}]},{"@type":"BreadcrumbList","@id":"https:\/\/sectionsuedoise.com\/fr\/lycee-international-2\/apeli\/#breadcrumb","itemListElement":[{"@type":"ListItem","position":1,"name":"Hem","item":"https:\/\/sectionsuedoise.com\/fr\/"},{"@type":"ListItem","position":2,"name":"Lyc\u00e9e International","item":"https:\/\/sectionsuedoise.com\/fr\/lycee-international-2\/"},{"@type":"ListItem","position":3,"name":"APELI &#8211; Association des Parents d&#8217;\u00e9l\u00e8ves"}]},{"@type":"WebSite","@id":"https:\/\/sectionsuedoise.com\/#website","url":"https:\/\/sectionsuedoise.com\/","name":"Section Su\u00e9doise | Svenska Sektionen | Saint-Germain-en-Laye","description":"En till WordPress-webbplats","potentialAction":[{"@type":"SearchAction","target":{"@type":"EntryPoint","urlTemplate":"https:\/\/sectionsuedoise.com\/?s={search_term_string}"},"query-input":{"@type":"PropertyValueSpecification","valueRequired":true,"valueName":"search_term_string"}}],"inLanguage":"fr-FR"}]}},"_links":{"self":[{"href":"https:\/\/sectionsuedoise.com\/fr\/wp-json\/wp\/v2\/pages\/548\/"}],"collection":[{"href":"https:\/\/sectionsuedoise.com\/fr\/wp-json\/wp\/v2\/pages\/"}],"about":[{"href":"https:\/\/sectionsuedoise.com\/fr\/wp-json\/wp\/v2\/types\/page\/"}],"author":[{"embeddable":true,"href":"https:\/\/sectionsuedoise.com\/fr\/wp-json\/wp\/v2\/users\/1\/"}],"replies":[{"embeddable":true,"href":"https:\/\/sectionsuedoise.com\/fr\/wp-json\/wp\/v2\/comments\/?post=548"}],"version-history":[{"count":4,"href":"https:\/\/sectionsuedoise.com\/fr\/wp-json\/wp\/v2\/pages\/548\/revisions\/"}],"predecessor-version":[{"id":4676,"href":"https:\/\/sectionsuedoise.com\/fr\/wp-json\/wp\/v2\/pages\/548\/revisions\/4676\/"}],"up":[{"embeddable":true,"href":"https:\/\/sectionsuedoise.com\/fr\/wp-json\/wp\/v2\/pages\/542\/"}],"wp:attachment":[{"href":"https:\/\/sectionsuedoise.com\/fr\/wp-json\/wp\/v2\/media\/?parent=548"}],"curies":[{"name":"wp","href":"https:\/\/api.w.org\/{rel}","templated":true}]}}