{"id":550,"date":"2015-02-12T13:19:59","date_gmt":"2015-02-12T12:19:59","guid":{"rendered":"http:\/\/sectionsuedoise.com\/?page_id=550"},"modified":"2016-01-25T11:26:52","modified_gmt":"2016-01-25T10:26:52","slug":"association-sportive","status":"publish","type":"page","link":"https:\/\/sectionsuedoise.com\/fr\/lycee-international-2\/association-sportive\/","title":{"rendered":"Association Sportive &#8211; AS"},"content":{"rendered":"<p>[et_pb_section admin_label=&nbsp;&raquo;section&nbsp;&raquo; fullwidth=&nbsp;&raquo;on&nbsp;&raquo; specialty=&nbsp;&raquo;off&nbsp;&raquo; transparent_background=&nbsp;&raquo;off&nbsp;&raquo; background_color=&nbsp;&raquo;#92bbe4&Prime; inner_shadow=&nbsp;&raquo;off&nbsp;&raquo; parallax=&nbsp;&raquo;off&nbsp;&raquo; parallax_method=&nbsp;&raquo;off&nbsp;&raquo;][et_pb_fullwidth_header admin_label=&nbsp;&raquo;Fullwidth Header&nbsp;&raquo; title=&nbsp;&raquo;Association Sportive &#8211; AS&nbsp;&raquo; background_layout=&nbsp;&raquo;dark&nbsp;&raquo; text_orientation=&nbsp;&raquo;left&nbsp;&raquo;] [\/et_pb_fullwidth_header][\/et_pb_section][et_pb_section admin_label=&nbsp;&raquo;section&nbsp;&raquo;][et_pb_row admin_label=&nbsp;&raquo;row&nbsp;&raquo;][et_pb_column type=&nbsp;&raquo;2_3&Prime;][et_pb_text admin_label=&nbsp;&raquo;Text&nbsp;&raquo; background_layout=&nbsp;&raquo;light&nbsp;&raquo; text_orientation=&nbsp;&raquo;left&nbsp;&raquo; text_font_size=&nbsp;&raquo;14&Prime; use_border_color=&nbsp;&raquo;off&nbsp;&raquo; border_color=&nbsp;&raquo;#ffffff&nbsp;&raquo; border_style=&nbsp;&raquo;solid&nbsp;&raquo;]<\/p>\n<p><strong>ASSOCIATION SPORTIVE \u2013 AS.<\/strong><\/p>\n<p>Par la pratique d&rsquo;une activit\u00e9 sur toute l&rsquo;ann\u00e9e, par des entrainements r\u00e9guliers, l&rsquo;Association Sportive (AS) est un prolongement de l&rsquo;EPS et repr\u00e9sente \u00e9galement l&rsquo;occasion de s&rsquo;initier \u00e0 la vie associative &#8230; dans un climat toujours convivial !<br \/>\nDes comp\u00e9titions, encadr\u00e9es par les professeurs d&rsquo;EPS, sont organis\u00e9es tout au long de l&rsquo;ann\u00e9e avec les \u00e9tablissements du district de Saint Germain-en-Laye.<\/p>\n<p>N&rsquo;h\u00e9sitez pas \u00e0 nous rejoindre cette ann\u00e9e. Inscription aupr\u00e8s des professeurs d&rsquo;EPS.<\/p>\n<p><strong> Activit\u00e9s propos\u00e9es pour le coll\u00e8ge:<\/strong><\/p>\n<ul>\n<li>Basket<\/li>\n<li>Volley<\/li>\n<li>Badminton<\/li>\n<li>Gymnastique acrobatique<strong>\n<p>Activit\u00e9s propos\u00e9es pour le\u00a0lyc\u00e9e<\/strong> :<\/li>\n<\/ul>\n<ul>\n<li>Volley<\/li>\n<li>Escalade<\/li>\n<li>Remise en forme<\/li>\n<li>Badminton<\/li>\n<li>Danse<\/li>\n<\/ul>\n<p>&nbsp;<\/p>\n<p>[\/et_pb_text][\/et_pb_column][et_pb_column type=&nbsp;&raquo;1_3&Prime;][et_pb_sidebar admin_label=&nbsp;&raquo;Sidebar&nbsp;&raquo; orientation=&nbsp;&raquo;right&nbsp;&raquo; area=&nbsp;&raquo;sidebar-1&Prime; background_layout=&nbsp;&raquo;light&nbsp;&raquo;] [\/et_pb_sidebar][\/et_pb_column][\/et_pb_row][\/et_pb_section]<\/p>\n","protected":false},"excerpt":{"rendered":"<p>ASSOCIATION SPORTIVE \u2013 AS. Par la pratique d&rsquo;une activit\u00e9 sur toute l&rsquo;ann\u00e9e, par des entrainements r\u00e9guliers, l&rsquo;Association Sportive (AS) est un prolongement de l&rsquo;EPS et repr\u00e9sente \u00e9galement l&rsquo;occasion de s&rsquo;initier \u00e0 la vie associative &#8230; dans un climat toujours convivial ! Des comp\u00e9titions, encadr\u00e9es par les professeurs d&rsquo;EPS, sont organis\u00e9es tout au long de l&rsquo;ann\u00e9e [&hellip;]<\/p>\n","protected":false},"author":1,"featured_media":0,"parent":542,"menu_order":15,"comment_status":"closed","ping_status":"closed","template":"","meta":{"_et_pb_use_builder":"on","_et_pb_old_content":"","_et_gb_content_width":"","footnotes":"","_links_to":"","_links_to_target":""},"class_list":["post-550","page","type-page","status-publish","hentry"],"yoast_head":"<!-- This site is optimized with the Yoast SEO plugin v27.4 - https:\/\/yoast.com\/product\/yoast-seo-wordpress\/ -->\n<title>Association Sportive - AS - Section Su\u00e9doise | Svenska Sektionen | Saint-Germain-en-Laye<\/title>\n<meta name=\"robots\" content=\"index, follow, max-snippet:-1, max-image-preview:large, max-video-preview:-1\" \/>\n<link rel=\"canonical\" href=\"https:\/\/sectionsuedoise.com\/fr\/lycee-international-2\/association-sportive\/\" \/>\n<meta property=\"og:locale\" content=\"fr_FR\" \/>\n<meta property=\"og:type\" content=\"article\" \/>\n<meta property=\"og:title\" content=\"Association Sportive - AS - Section Su\u00e9doise | Svenska Sektionen | Saint-Germain-en-Laye\" \/>\n<meta property=\"og:description\" content=\"ASSOCIATION SPORTIVE \u2013 AS. Par la pratique d&#039;une activit\u00e9 sur toute l&#039;ann\u00e9e, par des entrainements r\u00e9guliers, l&#039;Association Sportive (AS) est un prolongement de l&#039;EPS et repr\u00e9sente \u00e9galement l&#039;occasion de s&#039;initier \u00e0 la vie associative ... dans un climat toujours convivial ! Des comp\u00e9titions, encadr\u00e9es par les professeurs d&#039;EPS, sont organis\u00e9es tout au long de l&#039;ann\u00e9e [&hellip;]\" \/>\n<meta property=\"og:url\" content=\"https:\/\/sectionsuedoise.com\/fr\/lycee-international-2\/association-sportive\/\" \/>\n<meta property=\"og:site_name\" content=\"Section Su\u00e9doise | Svenska Sektionen | Saint-Germain-en-Laye\" \/>\n<meta property=\"article:modified_time\" content=\"2016-01-25T10:26:52+00:00\" \/>\n<meta name=\"twitter:label1\" content=\"Dur\u00e9e de lecture estim\u00e9e\" \/>\n\t<meta name=\"twitter:data1\" content=\"1 minute\" \/>\n<script type=\"application\/ld+json\" class=\"yoast-schema-graph\">{\"@context\":\"https:\\\/\\\/schema.org\",\"@graph\":[{\"@type\":\"WebPage\",\"@id\":\"https:\\\/\\\/sectionsuedoise.com\\\/fr\\\/lycee-international-2\\\/association-sportive\\\/\",\"url\":\"https:\\\/\\\/sectionsuedoise.com\\\/fr\\\/lycee-international-2\\\/association-sportive\\\/\",\"name\":\"Association Sportive - AS - Section Su\u00e9doise | Svenska Sektionen | Saint-Germain-en-Laye\",\"isPartOf\":{\"@id\":\"https:\\\/\\\/sectionsuedoise.com\\\/#website\"},\"datePublished\":\"2015-02-12T12:19:59+00:00\",\"dateModified\":\"2016-01-25T10:26:52+00:00\",\"breadcrumb\":{\"@id\":\"https:\\\/\\\/sectionsuedoise.com\\\/fr\\\/lycee-international-2\\\/association-sportive\\\/#breadcrumb\"},\"inLanguage\":\"fr-FR\",\"potentialAction\":[{\"@type\":\"ReadAction\",\"target\":[\"https:\\\/\\\/sectionsuedoise.com\\\/fr\\\/lycee-international-2\\\/association-sportive\\\/\"]}]},{\"@type\":\"BreadcrumbList\",\"@id\":\"https:\\\/\\\/sectionsuedoise.com\\\/fr\\\/lycee-international-2\\\/association-sportive\\\/#breadcrumb\",\"itemListElement\":[{\"@type\":\"ListItem\",\"position\":1,\"name\":\"Hem\",\"item\":\"https:\\\/\\\/sectionsuedoise.com\\\/fr\\\/\"},{\"@type\":\"ListItem\",\"position\":2,\"name\":\"Lyc\u00e9e International\",\"item\":\"https:\\\/\\\/sectionsuedoise.com\\\/fr\\\/lycee-international-2\\\/\"},{\"@type\":\"ListItem\",\"position\":3,\"name\":\"Association Sportive &#8211; AS\"}]},{\"@type\":\"WebSite\",\"@id\":\"https:\\\/\\\/sectionsuedoise.com\\\/#website\",\"url\":\"https:\\\/\\\/sectionsuedoise.com\\\/\",\"name\":\"Section Su\u00e9doise | Svenska Sektionen | Saint-Germain-en-Laye\",\"description\":\"En till WordPress-webbplats\",\"potentialAction\":[{\"@type\":\"SearchAction\",\"target\":{\"@type\":\"EntryPoint\",\"urlTemplate\":\"https:\\\/\\\/sectionsuedoise.com\\\/?s={search_term_string}\"},\"query-input\":{\"@type\":\"PropertyValueSpecification\",\"valueRequired\":true,\"valueName\":\"search_term_string\"}}],\"inLanguage\":\"fr-FR\"}]}<\/script>\n<!-- \/ Yoast SEO plugin. -->","yoast_head_json":{"title":"Association Sportive - AS - Section Su\u00e9doise | Svenska Sektionen | Saint-Germain-en-Laye","robots":{"index":"index","follow":"follow","max-snippet":"max-snippet:-1","max-image-preview":"max-image-preview:large","max-video-preview":"max-video-preview:-1"},"canonical":"https:\/\/sectionsuedoise.com\/fr\/lycee-international-2\/association-sportive\/","og_locale":"fr_FR","og_type":"article","og_title":"Association Sportive - AS - Section Su\u00e9doise | Svenska Sektionen | Saint-Germain-en-Laye","og_description":"ASSOCIATION SPORTIVE \u2013 AS. Par la pratique d'une activit\u00e9 sur toute l'ann\u00e9e, par des entrainements r\u00e9guliers, l'Association Sportive (AS) est un prolongement de l'EPS et repr\u00e9sente \u00e9galement l'occasion de s'initier \u00e0 la vie associative ... dans un climat toujours convivial ! Des comp\u00e9titions, encadr\u00e9es par les professeurs d'EPS, sont organis\u00e9es tout au long de l'ann\u00e9e [&hellip;]","og_url":"https:\/\/sectionsuedoise.com\/fr\/lycee-international-2\/association-sportive\/","og_site_name":"Section Su\u00e9doise | Svenska Sektionen | Saint-Germain-en-Laye","article_modified_time":"2016-01-25T10:26:52+00:00","twitter_misc":{"Dur\u00e9e de lecture estim\u00e9e":"1 minute"},"schema":{"@context":"https:\/\/schema.org","@graph":[{"@type":"WebPage","@id":"https:\/\/sectionsuedoise.com\/fr\/lycee-international-2\/association-sportive\/","url":"https:\/\/sectionsuedoise.com\/fr\/lycee-international-2\/association-sportive\/","name":"Association Sportive - AS - Section Su\u00e9doise | Svenska Sektionen | Saint-Germain-en-Laye","isPartOf":{"@id":"https:\/\/sectionsuedoise.com\/#website"},"datePublished":"2015-02-12T12:19:59+00:00","dateModified":"2016-01-25T10:26:52+00:00","breadcrumb":{"@id":"https:\/\/sectionsuedoise.com\/fr\/lycee-international-2\/association-sportive\/#breadcrumb"},"inLanguage":"fr-FR","potentialAction":[{"@type":"ReadAction","target":["https:\/\/sectionsuedoise.com\/fr\/lycee-international-2\/association-sportive\/"]}]},{"@type":"BreadcrumbList","@id":"https:\/\/sectionsuedoise.com\/fr\/lycee-international-2\/association-sportive\/#breadcrumb","itemListElement":[{"@type":"ListItem","position":1,"name":"Hem","item":"https:\/\/sectionsuedoise.com\/fr\/"},{"@type":"ListItem","position":2,"name":"Lyc\u00e9e International","item":"https:\/\/sectionsuedoise.com\/fr\/lycee-international-2\/"},{"@type":"ListItem","position":3,"name":"Association Sportive &#8211; AS"}]},{"@type":"WebSite","@id":"https:\/\/sectionsuedoise.com\/#website","url":"https:\/\/sectionsuedoise.com\/","name":"Section Su\u00e9doise | Svenska Sektionen | Saint-Germain-en-Laye","description":"En till WordPress-webbplats","potentialAction":[{"@type":"SearchAction","target":{"@type":"EntryPoint","urlTemplate":"https:\/\/sectionsuedoise.com\/?s={search_term_string}"},"query-input":{"@type":"PropertyValueSpecification","valueRequired":true,"valueName":"search_term_string"}}],"inLanguage":"fr-FR"}]}},"_links":{"self":[{"href":"https:\/\/sectionsuedoise.com\/fr\/wp-json\/wp\/v2\/pages\/550\/"}],"collection":[{"href":"https:\/\/sectionsuedoise.com\/fr\/wp-json\/wp\/v2\/pages\/"}],"about":[{"href":"https:\/\/sectionsuedoise.com\/fr\/wp-json\/wp\/v2\/types\/page\/"}],"author":[{"embeddable":true,"href":"https:\/\/sectionsuedoise.com\/fr\/wp-json\/wp\/v2\/users\/1\/"}],"replies":[{"embeddable":true,"href":"https:\/\/sectionsuedoise.com\/fr\/wp-json\/wp\/v2\/comments\/?post=550"}],"version-history":[{"count":5,"href":"https:\/\/sectionsuedoise.com\/fr\/wp-json\/wp\/v2\/pages\/550\/revisions\/"}],"predecessor-version":[{"id":1130,"href":"https:\/\/sectionsuedoise.com\/fr\/wp-json\/wp\/v2\/pages\/550\/revisions\/1130\/"}],"up":[{"embeddable":true,"href":"https:\/\/sectionsuedoise.com\/fr\/wp-json\/wp\/v2\/pages\/542\/"}],"wp:attachment":[{"href":"https:\/\/sectionsuedoise.com\/fr\/wp-json\/wp\/v2\/media\/?parent=550"}],"curies":[{"name":"wp","href":"https:\/\/api.w.org\/{rel}","templated":true}]}}