{"id":552,"date":"2015-02-12T13:20:39","date_gmt":"2015-02-12T12:20:39","guid":{"rendered":"http:\/\/sectionsuedoise.com\/?page_id=552"},"modified":"2023-09-14T14:17:44","modified_gmt":"2023-09-14T12:17:44","slug":"musique-et-theatre-le-fse","status":"publish","type":"page","link":"https:\/\/sectionsuedoise.com\/fr\/lycee-international-2\/musique-et-theatre-le-fse\/","title":{"rendered":"Musique et Th\u00eaatre, Le FSE"},"content":{"rendered":"<p>[et_pb_section fb_built=&nbsp;&raquo;1&Prime; fullwidth=&nbsp;&raquo;on&nbsp;&raquo; admin_label=&nbsp;&raquo;section&nbsp;&raquo; _builder_version=&nbsp;&raquo;4.16&Prime; background_color=&nbsp;&raquo;#92bbe4&Prime; transparent_background=&nbsp;&raquo;off&nbsp;&raquo; global_colors_info=&nbsp;&raquo;{}&nbsp;&raquo;][et_pb_fullwidth_header title=&nbsp;&raquo;Musik- och teaterverksamhet, le FSE&nbsp;&raquo; content_max_width=&nbsp;&raquo;none&nbsp;&raquo; admin_label=&nbsp;&raquo;Fullwidth Header&nbsp;&raquo; _builder_version=&nbsp;&raquo;4.16&Prime; background_color=&nbsp;&raquo;rgba(255, 255, 255, 0)&nbsp;&raquo; global_colors_info=&nbsp;&raquo;{}&nbsp;&raquo; button_one_text_size__hover_enabled=&nbsp;&raquo;off&nbsp;&raquo; button_two_text_size__hover_enabled=&nbsp;&raquo;off&nbsp;&raquo; button_one_text_color__hover_enabled=&nbsp;&raquo;off&nbsp;&raquo; button_two_text_color__hover_enabled=&nbsp;&raquo;off&nbsp;&raquo; button_one_border_width__hover_enabled=&nbsp;&raquo;off&nbsp;&raquo; button_two_border_width__hover_enabled=&nbsp;&raquo;off&nbsp;&raquo; button_one_border_color__hover_enabled=&nbsp;&raquo;off&nbsp;&raquo; button_two_border_color__hover_enabled=&nbsp;&raquo;off&nbsp;&raquo; button_one_border_radius__hover_enabled=&nbsp;&raquo;off&nbsp;&raquo; button_two_border_radius__hover_enabled=&nbsp;&raquo;off&nbsp;&raquo; button_one_letter_spacing__hover_enabled=&nbsp;&raquo;off&nbsp;&raquo; button_two_letter_spacing__hover_enabled=&nbsp;&raquo;off&nbsp;&raquo; button_one_bg_color__hover_enabled=&nbsp;&raquo;off&nbsp;&raquo; button_two_bg_color__hover_enabled=&nbsp;&raquo;off&nbsp;&raquo;] [\/et_pb_fullwidth_header][\/et_pb_section][et_pb_section fb_built=&nbsp;&raquo;1&Prime; admin_label=&nbsp;&raquo;section&nbsp;&raquo; _builder_version=&nbsp;&raquo;4.16&Prime; global_colors_info=&nbsp;&raquo;{}&nbsp;&raquo;][et_pb_row admin_label=&nbsp;&raquo;row&nbsp;&raquo; _builder_version=&nbsp;&raquo;4.16&Prime; background_size=&nbsp;&raquo;initial&nbsp;&raquo; background_position=&nbsp;&raquo;top_left&nbsp;&raquo; background_repeat=&nbsp;&raquo;repeat&nbsp;&raquo; global_colors_info=&nbsp;&raquo;{}&nbsp;&raquo; column_structure=&nbsp;&raquo;2_3,1_3&Prime;][et_pb_column type=&nbsp;&raquo;2_3&Prime; _builder_version=&nbsp;&raquo;4.16&Prime; custom_padding=&nbsp;&raquo;|||&nbsp;&raquo; global_colors_info=&nbsp;&raquo;{}&nbsp;&raquo; custom_padding__hover=&nbsp;&raquo;|||&nbsp;&raquo;][et_pb_text admin_label=&nbsp;&raquo;Text&nbsp;&raquo; _builder_version=&nbsp;&raquo;4.22.1&Prime; background_size=&nbsp;&raquo;initial&nbsp;&raquo; background_position=&nbsp;&raquo;top_left&nbsp;&raquo; background_repeat=&nbsp;&raquo;repeat&nbsp;&raquo; hover_enabled=&nbsp;&raquo;0&Prime; use_border_color=&nbsp;&raquo;off&nbsp;&raquo; border_color=&nbsp;&raquo;#ffffff&nbsp;&raquo; border_style=&nbsp;&raquo;solid&nbsp;&raquo; global_colors_info=&nbsp;&raquo;{}&nbsp;&raquo; sticky_enabled=&nbsp;&raquo;0&Prime;]<\/p>\n<h3>Le FSE &#8211; Foyer socio-\u00e9ducatif<\/h3>\n<p>Le Foyer Socio-Educatif (FSE) du Lyc\u00e9e International est une association, loi 1901, p\u00e9dagogique et culturelle \u00e0 destination des \u00e9l\u00e8ves de la Maternelle \u00e0 la Terminale. Ses actions sont men\u00e9es sous la tutelle du proviseur de l\u2019\u00e9tablissement scolaire. Son conseil d\u2019administration est compos\u00e9 d\u2019\u00e9l\u00e8ves, de parents d\u2019\u00e9l\u00e8ves, de membres de l\u2019administration et des sections et de professeurs. <\/p>\n<p>Le bulletin d\u2019adh\u00e9sion est joint chaque ann\u00e9e aux dossiers d\u2019inscription et de r\u00e9inscription.<\/p>\n<p><strong>Les activit\u00e9s de FSE :<\/strong> <a href=\"https:\/\/lycee-international-stgermain.com\/foyer-se\/\">https:\/\/lycee-international-stgermain.com\/foyer-se\/<\/a><\/p>\n<p><strong>Pour joindre l\u2019association par mail :<\/strong> <a href=\"mailto:fse.du.li@gmail.com\">fse.du.li@gmail.com<\/a><\/p>\n<p><strong>Bureau A02<\/strong> (du c\u00f4t\u00e9 de l\u2019administration fran\u00e7aise), rez-de-chauss\u00e9e, b\u00e2timent Atrium.<\/p>\n<p>&nbsp;<\/p>\n<p>[\/et_pb_text][\/et_pb_column][et_pb_column type=&nbsp;&raquo;1_3&Prime; _builder_version=&nbsp;&raquo;4.16&Prime; custom_padding=&nbsp;&raquo;|||&nbsp;&raquo; global_colors_info=&nbsp;&raquo;{}&nbsp;&raquo; custom_padding__hover=&nbsp;&raquo;|||&nbsp;&raquo;][et_pb_sidebar orientation=&nbsp;&raquo;right&nbsp;&raquo; area=&nbsp;&raquo;sidebar-1&Prime; admin_label=&nbsp;&raquo;Sidebar&nbsp;&raquo; _builder_version=&nbsp;&raquo;4.16&Prime; global_colors_info=&nbsp;&raquo;{}&nbsp;&raquo;] [\/et_pb_sidebar][\/et_pb_column][\/et_pb_row][\/et_pb_section]<\/p>\n","protected":false},"excerpt":{"rendered":"<p>Le FSE &#8211; Foyer socio-\u00e9ducatif Le Foyer Socio-Educatif (FSE) du Lyc\u00e9e International est une association, loi 1901, p\u00e9dagogique et culturelle \u00e0 destination des \u00e9l\u00e8ves de la Maternelle \u00e0 la Terminale. Ses actions sont men\u00e9es sous la tutelle du proviseur de l\u2019\u00e9tablissement scolaire. Son conseil d\u2019administration est compos\u00e9 d\u2019\u00e9l\u00e8ves, de parents d\u2019\u00e9l\u00e8ves, de membres de l\u2019administration [&hellip;]<\/p>\n","protected":false},"author":1,"featured_media":0,"parent":542,"menu_order":20,"comment_status":"closed","ping_status":"closed","template":"","meta":{"_et_pb_use_builder":"on","_et_pb_old_content":"<h3>Musik och teaterverksamhet, Le FSE - Foyer socio-educatif<\/h3><p>FSE \u00e4r en pedagogisk och kulturell f\u00f6rening som f\u00f6ljer eleverna fr\u00e5n f\u00f6rskolan upp till gymnasiet. FSE \u00e4r finansierad av f\u00f6r\u00e4ldrarna och i styrelsen sitter elever, f\u00f6r\u00e4ldrar, sektionsf\u00f6retr\u00e4dare och l\u00e4rare. Rektor M. BIANCO har yttersta ansvaret.<\/p><p>FSE sk\u00f6ter ocks\u00e5 klassfoton och ser till att eleverna f\u00e5r tillg\u00e5ng till kopiatorer i CDI:n (biblioteket), i sal 206 och i uppeh\u00e5llsrummet f\u00f6r h\u00f6gstadiet.<br \/> Under l\u00e4s\u00e5ret 2013\/14 l\u00e5g FSE bakom bl a f\u00f6ljande evenemang :<\/p><ul><li>Teaterklubben, 120 elever var med och spelade inf\u00f6r fulla hus i mars pj\u00e4sen<\/li><li>\"L'Odyss\u00e9e internationale<\/li><li>Klassiskalis<\/li><li>Le Jazz Band<\/li><li>La chorale Harmony<\/li><li>Prenumerationer f\u00f6r barntidningar p\u00e5 l\u00e5gstadiet<\/li><\/ul>","_et_gb_content_width":"","footnotes":"","_links_to":"","_links_to_target":""},"class_list":["post-552","page","type-page","status-publish","hentry"],"yoast_head":"<!-- This site is optimized with the Yoast SEO plugin v27.4 - https:\/\/yoast.com\/product\/yoast-seo-wordpress\/ -->\n<title>Musique et Th\u00eaatre, Le FSE - Section Su\u00e9doise | Svenska Sektionen | Saint-Germain-en-Laye<\/title>\n<meta name=\"robots\" content=\"index, follow, max-snippet:-1, max-image-preview:large, max-video-preview:-1\" \/>\n<link rel=\"canonical\" href=\"https:\/\/sectionsuedoise.com\/fr\/lycee-international-2\/musique-et-theatre-le-fse\/\" \/>\n<meta property=\"og:locale\" content=\"fr_FR\" \/>\n<meta property=\"og:type\" content=\"article\" \/>\n<meta property=\"og:title\" content=\"Musique et Th\u00eaatre, Le FSE - Section Su\u00e9doise | Svenska Sektionen | Saint-Germain-en-Laye\" \/>\n<meta property=\"og:description\" content=\"Le FSE - Foyer socio-\u00e9ducatif Le Foyer Socio-Educatif (FSE) du Lyc\u00e9e International est une association, loi 1901, p\u00e9dagogique et culturelle \u00e0 destination des \u00e9l\u00e8ves de la Maternelle \u00e0 la Terminale. Ses actions sont men\u00e9es sous la tutelle du proviseur de l\u2019\u00e9tablissement scolaire. Son conseil d\u2019administration est compos\u00e9 d\u2019\u00e9l\u00e8ves, de parents d\u2019\u00e9l\u00e8ves, de membres de l\u2019administration [&hellip;]\" \/>\n<meta property=\"og:url\" content=\"https:\/\/sectionsuedoise.com\/fr\/lycee-international-2\/musique-et-theatre-le-fse\/\" \/>\n<meta property=\"og:site_name\" content=\"Section Su\u00e9doise | Svenska Sektionen | Saint-Germain-en-Laye\" \/>\n<meta property=\"article:modified_time\" content=\"2023-09-14T12:17:44+00:00\" \/>\n<meta name=\"twitter:label1\" content=\"Dur\u00e9e de lecture estim\u00e9e\" \/>\n\t<meta name=\"twitter:data1\" content=\"1 minute\" \/>\n<script type=\"application\/ld+json\" class=\"yoast-schema-graph\">{\"@context\":\"https:\\\/\\\/schema.org\",\"@graph\":[{\"@type\":\"WebPage\",\"@id\":\"https:\\\/\\\/sectionsuedoise.com\\\/fr\\\/lycee-international-2\\\/musique-et-theatre-le-fse\\\/\",\"url\":\"https:\\\/\\\/sectionsuedoise.com\\\/fr\\\/lycee-international-2\\\/musique-et-theatre-le-fse\\\/\",\"name\":\"Musique et Th\u00eaatre, Le FSE - Section Su\u00e9doise | Svenska Sektionen | Saint-Germain-en-Laye\",\"isPartOf\":{\"@id\":\"https:\\\/\\\/sectionsuedoise.com\\\/#website\"},\"datePublished\":\"2015-02-12T12:20:39+00:00\",\"dateModified\":\"2023-09-14T12:17:44+00:00\",\"breadcrumb\":{\"@id\":\"https:\\\/\\\/sectionsuedoise.com\\\/fr\\\/lycee-international-2\\\/musique-et-theatre-le-fse\\\/#breadcrumb\"},\"inLanguage\":\"fr-FR\",\"potentialAction\":[{\"@type\":\"ReadAction\",\"target\":[\"https:\\\/\\\/sectionsuedoise.com\\\/fr\\\/lycee-international-2\\\/musique-et-theatre-le-fse\\\/\"]}]},{\"@type\":\"BreadcrumbList\",\"@id\":\"https:\\\/\\\/sectionsuedoise.com\\\/fr\\\/lycee-international-2\\\/musique-et-theatre-le-fse\\\/#breadcrumb\",\"itemListElement\":[{\"@type\":\"ListItem\",\"position\":1,\"name\":\"Hem\",\"item\":\"https:\\\/\\\/sectionsuedoise.com\\\/fr\\\/\"},{\"@type\":\"ListItem\",\"position\":2,\"name\":\"Lyc\u00e9e International\",\"item\":\"https:\\\/\\\/sectionsuedoise.com\\\/fr\\\/lycee-international-2\\\/\"},{\"@type\":\"ListItem\",\"position\":3,\"name\":\"Musique et Th\u00eaatre, Le FSE\"}]},{\"@type\":\"WebSite\",\"@id\":\"https:\\\/\\\/sectionsuedoise.com\\\/#website\",\"url\":\"https:\\\/\\\/sectionsuedoise.com\\\/\",\"name\":\"Section Su\u00e9doise | Svenska Sektionen | Saint-Germain-en-Laye\",\"description\":\"En till WordPress-webbplats\",\"potentialAction\":[{\"@type\":\"SearchAction\",\"target\":{\"@type\":\"EntryPoint\",\"urlTemplate\":\"https:\\\/\\\/sectionsuedoise.com\\\/?s={search_term_string}\"},\"query-input\":{\"@type\":\"PropertyValueSpecification\",\"valueRequired\":true,\"valueName\":\"search_term_string\"}}],\"inLanguage\":\"fr-FR\"}]}<\/script>\n<!-- \/ Yoast SEO plugin. -->","yoast_head_json":{"title":"Musique et Th\u00eaatre, Le FSE - Section Su\u00e9doise | Svenska Sektionen | Saint-Germain-en-Laye","robots":{"index":"index","follow":"follow","max-snippet":"max-snippet:-1","max-image-preview":"max-image-preview:large","max-video-preview":"max-video-preview:-1"},"canonical":"https:\/\/sectionsuedoise.com\/fr\/lycee-international-2\/musique-et-theatre-le-fse\/","og_locale":"fr_FR","og_type":"article","og_title":"Musique et Th\u00eaatre, Le FSE - Section Su\u00e9doise | Svenska Sektionen | Saint-Germain-en-Laye","og_description":"Le FSE - Foyer socio-\u00e9ducatif Le Foyer Socio-Educatif (FSE) du Lyc\u00e9e International est une association, loi 1901, p\u00e9dagogique et culturelle \u00e0 destination des \u00e9l\u00e8ves de la Maternelle \u00e0 la Terminale. Ses actions sont men\u00e9es sous la tutelle du proviseur de l\u2019\u00e9tablissement scolaire. Son conseil d\u2019administration est compos\u00e9 d\u2019\u00e9l\u00e8ves, de parents d\u2019\u00e9l\u00e8ves, de membres de l\u2019administration [&hellip;]","og_url":"https:\/\/sectionsuedoise.com\/fr\/lycee-international-2\/musique-et-theatre-le-fse\/","og_site_name":"Section Su\u00e9doise | Svenska Sektionen | Saint-Germain-en-Laye","article_modified_time":"2023-09-14T12:17:44+00:00","twitter_misc":{"Dur\u00e9e de lecture estim\u00e9e":"1 minute"},"schema":{"@context":"https:\/\/schema.org","@graph":[{"@type":"WebPage","@id":"https:\/\/sectionsuedoise.com\/fr\/lycee-international-2\/musique-et-theatre-le-fse\/","url":"https:\/\/sectionsuedoise.com\/fr\/lycee-international-2\/musique-et-theatre-le-fse\/","name":"Musique et Th\u00eaatre, Le FSE - Section Su\u00e9doise | Svenska Sektionen | Saint-Germain-en-Laye","isPartOf":{"@id":"https:\/\/sectionsuedoise.com\/#website"},"datePublished":"2015-02-12T12:20:39+00:00","dateModified":"2023-09-14T12:17:44+00:00","breadcrumb":{"@id":"https:\/\/sectionsuedoise.com\/fr\/lycee-international-2\/musique-et-theatre-le-fse\/#breadcrumb"},"inLanguage":"fr-FR","potentialAction":[{"@type":"ReadAction","target":["https:\/\/sectionsuedoise.com\/fr\/lycee-international-2\/musique-et-theatre-le-fse\/"]}]},{"@type":"BreadcrumbList","@id":"https:\/\/sectionsuedoise.com\/fr\/lycee-international-2\/musique-et-theatre-le-fse\/#breadcrumb","itemListElement":[{"@type":"ListItem","position":1,"name":"Hem","item":"https:\/\/sectionsuedoise.com\/fr\/"},{"@type":"ListItem","position":2,"name":"Lyc\u00e9e International","item":"https:\/\/sectionsuedoise.com\/fr\/lycee-international-2\/"},{"@type":"ListItem","position":3,"name":"Musique et Th\u00eaatre, Le FSE"}]},{"@type":"WebSite","@id":"https:\/\/sectionsuedoise.com\/#website","url":"https:\/\/sectionsuedoise.com\/","name":"Section Su\u00e9doise | Svenska Sektionen | Saint-Germain-en-Laye","description":"En till WordPress-webbplats","potentialAction":[{"@type":"SearchAction","target":{"@type":"EntryPoint","urlTemplate":"https:\/\/sectionsuedoise.com\/?s={search_term_string}"},"query-input":{"@type":"PropertyValueSpecification","valueRequired":true,"valueName":"search_term_string"}}],"inLanguage":"fr-FR"}]}},"_links":{"self":[{"href":"https:\/\/sectionsuedoise.com\/fr\/wp-json\/wp\/v2\/pages\/552\/"}],"collection":[{"href":"https:\/\/sectionsuedoise.com\/fr\/wp-json\/wp\/v2\/pages\/"}],"about":[{"href":"https:\/\/sectionsuedoise.com\/fr\/wp-json\/wp\/v2\/types\/page\/"}],"author":[{"embeddable":true,"href":"https:\/\/sectionsuedoise.com\/fr\/wp-json\/wp\/v2\/users\/1\/"}],"replies":[{"embeddable":true,"href":"https:\/\/sectionsuedoise.com\/fr\/wp-json\/wp\/v2\/comments\/?post=552"}],"version-history":[{"count":3,"href":"https:\/\/sectionsuedoise.com\/fr\/wp-json\/wp\/v2\/pages\/552\/revisions\/"}],"predecessor-version":[{"id":4684,"href":"https:\/\/sectionsuedoise.com\/fr\/wp-json\/wp\/v2\/pages\/552\/revisions\/4684\/"}],"up":[{"embeddable":true,"href":"https:\/\/sectionsuedoise.com\/fr\/wp-json\/wp\/v2\/pages\/542\/"}],"wp:attachment":[{"href":"https:\/\/sectionsuedoise.com\/fr\/wp-json\/wp\/v2\/media\/?parent=552"}],"curies":[{"name":"wp","href":"https:\/\/api.w.org\/{rel}","templated":true}]}}