{"id":554,"date":"2015-02-12T13:21:00","date_gmt":"2015-02-12T12:21:00","guid":{"rendered":"http:\/\/sectionsuedoise.com\/?page_id=554"},"modified":"2025-09-24T10:43:59","modified_gmt":"2025-09-24T08:43:59","slug":"club-international","status":"publish","type":"page","link":"https:\/\/sectionsuedoise.com\/fr\/lycee-international-2\/club-international\/","title":{"rendered":"Club International"},"content":{"rendered":"<p>[et_pb_section fb_built=&nbsp;&raquo;1&Prime; fullwidth=&nbsp;&raquo;on&nbsp;&raquo; admin_label=&nbsp;&raquo;section&nbsp;&raquo; _builder_version=&nbsp;&raquo;4.16&Prime; background_color=&nbsp;&raquo;#92bbe4&Prime; transparent_background=&nbsp;&raquo;off&nbsp;&raquo; global_colors_info=&nbsp;&raquo;{}&nbsp;&raquo;][et_pb_fullwidth_header title=&nbsp;&raquo;Club International&nbsp;&raquo; content_max_width=&nbsp;&raquo;none&nbsp;&raquo; admin_label=&nbsp;&raquo;Fullwidth Header&nbsp;&raquo; _builder_version=&nbsp;&raquo;4.16&Prime; background_color=&nbsp;&raquo;rgba(255, 255, 255, 0)&nbsp;&raquo; global_colors_info=&nbsp;&raquo;{}&nbsp;&raquo; button_one_text_size__hover_enabled=&nbsp;&raquo;off&nbsp;&raquo; button_two_text_size__hover_enabled=&nbsp;&raquo;off&nbsp;&raquo; button_one_text_color__hover_enabled=&nbsp;&raquo;off&nbsp;&raquo; button_two_text_color__hover_enabled=&nbsp;&raquo;off&nbsp;&raquo; button_one_border_width__hover_enabled=&nbsp;&raquo;off&nbsp;&raquo; button_two_border_width__hover_enabled=&nbsp;&raquo;off&nbsp;&raquo; button_one_border_color__hover_enabled=&nbsp;&raquo;off&nbsp;&raquo; button_two_border_color__hover_enabled=&nbsp;&raquo;off&nbsp;&raquo; button_one_border_radius__hover_enabled=&nbsp;&raquo;off&nbsp;&raquo; button_two_border_radius__hover_enabled=&nbsp;&raquo;off&nbsp;&raquo; button_one_letter_spacing__hover_enabled=&nbsp;&raquo;off&nbsp;&raquo; button_two_letter_spacing__hover_enabled=&nbsp;&raquo;off&nbsp;&raquo; button_one_bg_color__hover_enabled=&nbsp;&raquo;off&nbsp;&raquo; button_two_bg_color__hover_enabled=&nbsp;&raquo;off&nbsp;&raquo;][\/et_pb_fullwidth_header][\/et_pb_section][et_pb_section fb_built=&nbsp;&raquo;1&Prime; admin_label=&nbsp;&raquo;section&nbsp;&raquo; _builder_version=&nbsp;&raquo;4.16&Prime; global_colors_info=&nbsp;&raquo;{}&nbsp;&raquo;][et_pb_row column_structure=&nbsp;&raquo;2_3,1_3&Prime; admin_label=&nbsp;&raquo;row&nbsp;&raquo; _builder_version=&nbsp;&raquo;4.16&Prime; background_size=&nbsp;&raquo;initial&nbsp;&raquo; background_position=&nbsp;&raquo;top_left&nbsp;&raquo; background_repeat=&nbsp;&raquo;repeat&nbsp;&raquo; global_colors_info=&nbsp;&raquo;{}&nbsp;&raquo;][et_pb_column type=&nbsp;&raquo;2_3&Prime; _builder_version=&nbsp;&raquo;4.16&Prime; custom_padding=&nbsp;&raquo;|||&nbsp;&raquo; global_colors_info=&nbsp;&raquo;{}&nbsp;&raquo; custom_padding__hover=&nbsp;&raquo;|||&nbsp;&raquo;][et_pb_text _builder_version=&nbsp;&raquo;4.27.4&Prime; background_size=&nbsp;&raquo;initial&nbsp;&raquo; background_position=&nbsp;&raquo;top_left&nbsp;&raquo; background_repeat=&nbsp;&raquo;repeat&nbsp;&raquo; border_style=&nbsp;&raquo;solid&nbsp;&raquo; global_colors_info=&nbsp;&raquo;{}&nbsp;&raquo;]<\/p>\n<p>&nbsp;<\/p>\n<p><strong>CLUB INTERNATIONAL<\/strong><\/p>\n<p>est une association r\u00e9gie par la loi de 1901. L\u2019\u00e9quipe du Club est form\u00e9e de parents d\u2019\u00e9l\u00e8ves du Lyc\u00e9e International et des \u00e9coles partenaires. Toutes les sections y sont repr\u00e9sent\u00e9es par deux parents d\u2019\u00e9l\u00e8ves b\u00e9n\u00e9voles qui assurent la liaison entre le club et leur section. Ils participent, avec la contribution de tous les parents b\u00e9n\u00e9voles du Lyc\u00e9e, \u00e0 l\u2019\u00e9laboration et \u00e0 la r\u00e9alisation des activit\u00e9s du Club.<br \/>Notre objectif principal : animer la vie culturelle et festive du Lyc\u00e9e International en valorisant son caract\u00e8re international et pluriculturel.<\/p>\n<p><b>Representant<\/b><strong>\u00a0de la Section Su\u00e9doise :<br \/><\/strong>Yannick Aulnette<\/p>\n<p><strong>Football<br \/><\/strong>Pour s&rsquo;inscire et pour plus de renseignements concernant les activit\u00e9s de foot organis\u00e9es par Club International , contactez notre repr\u00e9sentant su\u00e9dois :<\/p>\n<ul>\n<li>Jacob L\u00f6nnqvist <a href=\"mailto:jacob.v.lonnqvist@gmail.com\">v.lonnqvist@gmail.com<\/a>\n<p><strong>Inscriptions :<\/strong><\/p>\n<\/li>\n<li><a href=\"https:\/\/football-intersections.com\/\">https:\/\/football-intersections.com\/<\/a><\/li>\n<\/ul>\n<p><strong>Pour plus de renseignements:<\/strong><br \/><a href=\"https:\/\/www.clubinternationalsaintgermain.fr\">https:\/\/www.clubinternationalsaintgermain.fr<\/a><\/p>\n<p><span style=\"line-height: 1.5;\">\u00a0<\/span>\u00a0<a href=\"https:\/\/sectionsuedoise.com\/wp-content\/uploads\/2015\/02\/julmarknad_6803.jpg\"><img loading=\"lazy\" decoding=\"async\" class=\"size-full wp-image-509 alignleft\" src=\"https:\/\/sectionsuedoise.com\/wp-content\/uploads\/2015\/02\/julmarknad_6803.jpg\" alt=\"julmarknad_6803\" width=\"189\" height=\"283\" \/><\/a>\u00a0<a href=\"https:\/\/sectionsuedoise.com\/wp-content\/uploads\/2015\/02\/julmarknad_6728.jpg\"><img loading=\"lazy\" decoding=\"async\" class=\"size-medium wp-image-511 alignleft\" src=\"https:\/\/sectionsuedoise.com\/wp-content\/uploads\/2015\/02\/julmarknad_6728.jpg\" alt=\"julmarknad_6728\" width=\"184\" height=\"283\" \/><\/a>\u00a0<a href=\"https:\/\/sectionsuedoise.com\/wp-content\/uploads\/2015\/02\/julmarknad_6802.jpg\"><img loading=\"lazy\" decoding=\"async\" class=\"size-medium wp-image-512 alignleft\" src=\"https:\/\/sectionsuedoise.com\/wp-content\/uploads\/2015\/02\/julmarknad_6802.jpg\" alt=\"julmarknad_6802\" width=\"189\" height=\"283\" \/><\/a><\/p>\n<p>[\/et_pb_text][\/et_pb_column][et_pb_column type=&nbsp;&raquo;1_3&Prime; _builder_version=&nbsp;&raquo;4.16&Prime; custom_padding=&nbsp;&raquo;|||&nbsp;&raquo; global_colors_info=&nbsp;&raquo;{}&nbsp;&raquo; custom_padding__hover=&nbsp;&raquo;|||&nbsp;&raquo;][et_pb_sidebar orientation=&nbsp;&raquo;right&nbsp;&raquo; area=&nbsp;&raquo;sidebar-1&Prime; admin_label=&nbsp;&raquo;Sidebar&nbsp;&raquo; _builder_version=&nbsp;&raquo;4.16&Prime; global_colors_info=&nbsp;&raquo;{}&nbsp;&raquo;][\/et_pb_sidebar][\/et_pb_column][\/et_pb_row][\/et_pb_section][et_pb_section fb_built=&nbsp;&raquo;1&Prime; _builder_version=&nbsp;&raquo;4.27.4&Prime; _module_preset=&nbsp;&raquo;default&nbsp;&raquo; global_colors_info=&nbsp;&raquo;{}&nbsp;&raquo;][et_pb_row _builder_version=&nbsp;&raquo;4.27.4&Prime; _module_preset=&nbsp;&raquo;default&nbsp;&raquo; global_colors_info=&nbsp;&raquo;{}&nbsp;&raquo;][et_pb_column type=&nbsp;&raquo;4_4&Prime; _builder_version=&nbsp;&raquo;4.27.4&Prime; _module_preset=&nbsp;&raquo;default&nbsp;&raquo; global_colors_info=&nbsp;&raquo;{}&nbsp;&raquo;][et_pb_image src=&nbsp;&raquo;https:\/\/sectionsuedoise.com\/wp-content\/uploads\/2019\/12\/julmarknad-4-300&#215;300.jpg&nbsp;&raquo; title_text=&nbsp;&raquo;julmarknad 4&Prime; _builder_version=&nbsp;&raquo;4.27.4&Prime; _module_preset=&nbsp;&raquo;default&nbsp;&raquo; hover_enabled=&nbsp;&raquo;0&Prime; global_colors_info=&nbsp;&raquo;{}&nbsp;&raquo; sticky_enabled=&nbsp;&raquo;0&Prime;][\/et_pb_image][\/et_pb_column][\/et_pb_row][\/et_pb_section]<\/p>\n","protected":false},"excerpt":{"rendered":"<p>&nbsp; CLUB INTERNATIONAL est une association r\u00e9gie par la loi de 1901. L\u2019\u00e9quipe du Club est form\u00e9e de parents d\u2019\u00e9l\u00e8ves du Lyc\u00e9e International et des \u00e9coles partenaires. Toutes les sections y sont repr\u00e9sent\u00e9es par deux parents d\u2019\u00e9l\u00e8ves b\u00e9n\u00e9voles qui assurent la liaison entre le club et leur section. Ils participent, avec la contribution de tous [&hellip;]<\/p>\n","protected":false},"author":1,"featured_media":0,"parent":542,"menu_order":25,"comment_status":"closed","ping_status":"closed","template":"","meta":{"_et_pb_use_builder":"on","_et_pb_old_content":"","_et_gb_content_width":"","footnotes":"","_links_to":"","_links_to_target":""},"class_list":["post-554","page","type-page","status-publish","hentry"],"yoast_head":"<!-- This site is optimized with the Yoast SEO plugin v27.4 - https:\/\/yoast.com\/product\/yoast-seo-wordpress\/ -->\n<title>Club International - Section Su\u00e9doise | Svenska Sektionen | Saint-Germain-en-Laye<\/title>\n<meta name=\"robots\" content=\"index, follow, max-snippet:-1, max-image-preview:large, max-video-preview:-1\" \/>\n<link rel=\"canonical\" href=\"https:\/\/sectionsuedoise.com\/fr\/lycee-international-2\/club-international\/\" \/>\n<meta property=\"og:locale\" content=\"fr_FR\" \/>\n<meta property=\"og:type\" content=\"article\" \/>\n<meta property=\"og:title\" content=\"Club International - Section Su\u00e9doise | Svenska Sektionen | Saint-Germain-en-Laye\" \/>\n<meta property=\"og:description\" content=\"&nbsp; CLUB INTERNATIONAL est une association r\u00e9gie par la loi de 1901. L\u2019\u00e9quipe du Club est form\u00e9e de parents d\u2019\u00e9l\u00e8ves du Lyc\u00e9e International et des \u00e9coles partenaires. Toutes les sections y sont repr\u00e9sent\u00e9es par deux parents d\u2019\u00e9l\u00e8ves b\u00e9n\u00e9voles qui assurent la liaison entre le club et leur section. Ils participent, avec la contribution de tous [&hellip;]\" \/>\n<meta property=\"og:url\" content=\"https:\/\/sectionsuedoise.com\/fr\/lycee-international-2\/club-international\/\" \/>\n<meta property=\"og:site_name\" content=\"Section Su\u00e9doise | Svenska Sektionen | Saint-Germain-en-Laye\" \/>\n<meta property=\"article:modified_time\" content=\"2025-09-24T08:43:59+00:00\" \/>\n<meta property=\"og:image\" content=\"https:\/\/sectionsuedoise.com\/wp-content\/uploads\/2015\/02\/julmarknad_6803.jpg\" \/>\n\t<meta property=\"og:image:width\" content=\"189\" \/>\n\t<meta property=\"og:image:height\" content=\"283\" \/>\n\t<meta property=\"og:image:type\" content=\"image\/jpeg\" \/>\n<meta name=\"twitter:label1\" content=\"Dur\u00e9e de lecture estim\u00e9e\" \/>\n\t<meta name=\"twitter:data1\" content=\"2 minutes\" \/>\n<script type=\"application\/ld+json\" class=\"yoast-schema-graph\">{\"@context\":\"https:\\\/\\\/schema.org\",\"@graph\":[{\"@type\":\"WebPage\",\"@id\":\"https:\\\/\\\/sectionsuedoise.com\\\/fr\\\/lycee-international-2\\\/club-international\\\/\",\"url\":\"https:\\\/\\\/sectionsuedoise.com\\\/fr\\\/lycee-international-2\\\/club-international\\\/\",\"name\":\"Club International - Section Su\u00e9doise | Svenska Sektionen | Saint-Germain-en-Laye\",\"isPartOf\":{\"@id\":\"https:\\\/\\\/sectionsuedoise.com\\\/#website\"},\"primaryImageOfPage\":{\"@id\":\"https:\\\/\\\/sectionsuedoise.com\\\/fr\\\/lycee-international-2\\\/club-international\\\/#primaryimage\"},\"image\":{\"@id\":\"https:\\\/\\\/sectionsuedoise.com\\\/fr\\\/lycee-international-2\\\/club-international\\\/#primaryimage\"},\"thumbnailUrl\":\"https:\\\/\\\/sectionsuedoise.com\\\/wp-content\\\/uploads\\\/2015\\\/02\\\/julmarknad_6803.jpg\",\"datePublished\":\"2015-02-12T12:21:00+00:00\",\"dateModified\":\"2025-09-24T08:43:59+00:00\",\"breadcrumb\":{\"@id\":\"https:\\\/\\\/sectionsuedoise.com\\\/fr\\\/lycee-international-2\\\/club-international\\\/#breadcrumb\"},\"inLanguage\":\"fr-FR\",\"potentialAction\":[{\"@type\":\"ReadAction\",\"target\":[\"https:\\\/\\\/sectionsuedoise.com\\\/fr\\\/lycee-international-2\\\/club-international\\\/\"]}]},{\"@type\":\"ImageObject\",\"inLanguage\":\"fr-FR\",\"@id\":\"https:\\\/\\\/sectionsuedoise.com\\\/fr\\\/lycee-international-2\\\/club-international\\\/#primaryimage\",\"url\":\"https:\\\/\\\/sectionsuedoise.com\\\/wp-content\\\/uploads\\\/2015\\\/02\\\/julmarknad_6803.jpg\",\"contentUrl\":\"https:\\\/\\\/sectionsuedoise.com\\\/wp-content\\\/uploads\\\/2015\\\/02\\\/julmarknad_6803.jpg\"},{\"@type\":\"BreadcrumbList\",\"@id\":\"https:\\\/\\\/sectionsuedoise.com\\\/fr\\\/lycee-international-2\\\/club-international\\\/#breadcrumb\",\"itemListElement\":[{\"@type\":\"ListItem\",\"position\":1,\"name\":\"Hem\",\"item\":\"https:\\\/\\\/sectionsuedoise.com\\\/fr\\\/\"},{\"@type\":\"ListItem\",\"position\":2,\"name\":\"Lyc\u00e9e International\",\"item\":\"https:\\\/\\\/sectionsuedoise.com\\\/fr\\\/lycee-international-2\\\/\"},{\"@type\":\"ListItem\",\"position\":3,\"name\":\"Club International\"}]},{\"@type\":\"WebSite\",\"@id\":\"https:\\\/\\\/sectionsuedoise.com\\\/#website\",\"url\":\"https:\\\/\\\/sectionsuedoise.com\\\/\",\"name\":\"Section Su\u00e9doise | Svenska Sektionen | Saint-Germain-en-Laye\",\"description\":\"En till WordPress-webbplats\",\"potentialAction\":[{\"@type\":\"SearchAction\",\"target\":{\"@type\":\"EntryPoint\",\"urlTemplate\":\"https:\\\/\\\/sectionsuedoise.com\\\/?s={search_term_string}\"},\"query-input\":{\"@type\":\"PropertyValueSpecification\",\"valueRequired\":true,\"valueName\":\"search_term_string\"}}],\"inLanguage\":\"fr-FR\"}]}<\/script>\n<!-- \/ Yoast SEO plugin. -->","yoast_head_json":{"title":"Club International - Section Su\u00e9doise | Svenska Sektionen | Saint-Germain-en-Laye","robots":{"index":"index","follow":"follow","max-snippet":"max-snippet:-1","max-image-preview":"max-image-preview:large","max-video-preview":"max-video-preview:-1"},"canonical":"https:\/\/sectionsuedoise.com\/fr\/lycee-international-2\/club-international\/","og_locale":"fr_FR","og_type":"article","og_title":"Club International - Section Su\u00e9doise | Svenska Sektionen | Saint-Germain-en-Laye","og_description":"&nbsp; CLUB INTERNATIONAL est une association r\u00e9gie par la loi de 1901. L\u2019\u00e9quipe du Club est form\u00e9e de parents d\u2019\u00e9l\u00e8ves du Lyc\u00e9e International et des \u00e9coles partenaires. Toutes les sections y sont repr\u00e9sent\u00e9es par deux parents d\u2019\u00e9l\u00e8ves b\u00e9n\u00e9voles qui assurent la liaison entre le club et leur section. Ils participent, avec la contribution de tous [&hellip;]","og_url":"https:\/\/sectionsuedoise.com\/fr\/lycee-international-2\/club-international\/","og_site_name":"Section Su\u00e9doise | Svenska Sektionen | Saint-Germain-en-Laye","article_modified_time":"2025-09-24T08:43:59+00:00","og_image":[{"width":189,"height":283,"url":"https:\/\/sectionsuedoise.com\/wp-content\/uploads\/2015\/02\/julmarknad_6803.jpg","type":"image\/jpeg"}],"twitter_misc":{"Dur\u00e9e de lecture estim\u00e9e":"2 minutes"},"schema":{"@context":"https:\/\/schema.org","@graph":[{"@type":"WebPage","@id":"https:\/\/sectionsuedoise.com\/fr\/lycee-international-2\/club-international\/","url":"https:\/\/sectionsuedoise.com\/fr\/lycee-international-2\/club-international\/","name":"Club International - Section Su\u00e9doise | Svenska Sektionen | Saint-Germain-en-Laye","isPartOf":{"@id":"https:\/\/sectionsuedoise.com\/#website"},"primaryImageOfPage":{"@id":"https:\/\/sectionsuedoise.com\/fr\/lycee-international-2\/club-international\/#primaryimage"},"image":{"@id":"https:\/\/sectionsuedoise.com\/fr\/lycee-international-2\/club-international\/#primaryimage"},"thumbnailUrl":"https:\/\/sectionsuedoise.com\/wp-content\/uploads\/2015\/02\/julmarknad_6803.jpg","datePublished":"2015-02-12T12:21:00+00:00","dateModified":"2025-09-24T08:43:59+00:00","breadcrumb":{"@id":"https:\/\/sectionsuedoise.com\/fr\/lycee-international-2\/club-international\/#breadcrumb"},"inLanguage":"fr-FR","potentialAction":[{"@type":"ReadAction","target":["https:\/\/sectionsuedoise.com\/fr\/lycee-international-2\/club-international\/"]}]},{"@type":"ImageObject","inLanguage":"fr-FR","@id":"https:\/\/sectionsuedoise.com\/fr\/lycee-international-2\/club-international\/#primaryimage","url":"https:\/\/sectionsuedoise.com\/wp-content\/uploads\/2015\/02\/julmarknad_6803.jpg","contentUrl":"https:\/\/sectionsuedoise.com\/wp-content\/uploads\/2015\/02\/julmarknad_6803.jpg"},{"@type":"BreadcrumbList","@id":"https:\/\/sectionsuedoise.com\/fr\/lycee-international-2\/club-international\/#breadcrumb","itemListElement":[{"@type":"ListItem","position":1,"name":"Hem","item":"https:\/\/sectionsuedoise.com\/fr\/"},{"@type":"ListItem","position":2,"name":"Lyc\u00e9e International","item":"https:\/\/sectionsuedoise.com\/fr\/lycee-international-2\/"},{"@type":"ListItem","position":3,"name":"Club International"}]},{"@type":"WebSite","@id":"https:\/\/sectionsuedoise.com\/#website","url":"https:\/\/sectionsuedoise.com\/","name":"Section Su\u00e9doise | Svenska Sektionen | Saint-Germain-en-Laye","description":"En till WordPress-webbplats","potentialAction":[{"@type":"SearchAction","target":{"@type":"EntryPoint","urlTemplate":"https:\/\/sectionsuedoise.com\/?s={search_term_string}"},"query-input":{"@type":"PropertyValueSpecification","valueRequired":true,"valueName":"search_term_string"}}],"inLanguage":"fr-FR"}]}},"_links":{"self":[{"href":"https:\/\/sectionsuedoise.com\/fr\/wp-json\/wp\/v2\/pages\/554\/"}],"collection":[{"href":"https:\/\/sectionsuedoise.com\/fr\/wp-json\/wp\/v2\/pages\/"}],"about":[{"href":"https:\/\/sectionsuedoise.com\/fr\/wp-json\/wp\/v2\/types\/page\/"}],"author":[{"embeddable":true,"href":"https:\/\/sectionsuedoise.com\/fr\/wp-json\/wp\/v2\/users\/1\/"}],"replies":[{"embeddable":true,"href":"https:\/\/sectionsuedoise.com\/fr\/wp-json\/wp\/v2\/comments\/?post=554"}],"version-history":[{"count":4,"href":"https:\/\/sectionsuedoise.com\/fr\/wp-json\/wp\/v2\/pages\/554\/revisions\/"}],"predecessor-version":[{"id":5664,"href":"https:\/\/sectionsuedoise.com\/fr\/wp-json\/wp\/v2\/pages\/554\/revisions\/5664\/"}],"up":[{"embeddable":true,"href":"https:\/\/sectionsuedoise.com\/fr\/wp-json\/wp\/v2\/pages\/542\/"}],"wp:attachment":[{"href":"https:\/\/sectionsuedoise.com\/fr\/wp-json\/wp\/v2\/media\/?parent=554"}],"curies":[{"name":"wp","href":"https:\/\/api.w.org\/{rel}","templated":true}]}}