{"id":558,"date":"2015-02-12T13:26:07","date_gmt":"2015-02-12T12:26:07","guid":{"rendered":"http:\/\/sectionsuedoise.com\/?page_id=558"},"modified":"2023-09-14T11:42:49","modified_gmt":"2023-09-14T09:42:49","slug":"le-fetes-de-la-section-suedoise","status":"publish","type":"page","link":"https:\/\/sectionsuedoise.com\/fr\/section-suedoise\/le-fetes-de-la-section-suedoise\/","title":{"rendered":"Les f\u00eates de la Section Su\u00e9doise"},"content":{"rendered":"<p>[et_pb_section fb_built=&nbsp;&raquo;1&Prime; fullwidth=&nbsp;&raquo;on&nbsp;&raquo; admin_label=&nbsp;&raquo;section&nbsp;&raquo; _builder_version=&nbsp;&raquo;4.16&Prime; background_color=&nbsp;&raquo;#92bbe4&Prime; transparent_background=&nbsp;&raquo;off&nbsp;&raquo; global_colors_info=&nbsp;&raquo;{}&nbsp;&raquo;][et_pb_fullwidth_header title=&nbsp;&raquo;Les f\u00eates de la Section Su\u00e9doise&nbsp;&raquo; content_max_width=&nbsp;&raquo;none&nbsp;&raquo; admin_label=&nbsp;&raquo;Fullwidth Header&nbsp;&raquo; _builder_version=&nbsp;&raquo;4.16&Prime; background_color=&nbsp;&raquo;rgba(255, 255, 255, 0)&nbsp;&raquo; button_one_border_radius_hover=&nbsp;&raquo;3&Prime; button_two_border_radius_hover=&nbsp;&raquo;3&Prime; button_one_letter_spacing_hover=&nbsp;&raquo;0&Prime; button_two_letter_spacing_hover=&nbsp;&raquo;0&Prime; global_colors_info=&nbsp;&raquo;{}&nbsp;&raquo; button_one_text_size__hover_enabled=&nbsp;&raquo;off&nbsp;&raquo; button_two_text_size__hover_enabled=&nbsp;&raquo;off&nbsp;&raquo; button_one_text_color__hover_enabled=&nbsp;&raquo;off&nbsp;&raquo; button_two_text_color__hover_enabled=&nbsp;&raquo;off&nbsp;&raquo; button_one_border_width__hover_enabled=&nbsp;&raquo;off&nbsp;&raquo; button_two_border_width__hover_enabled=&nbsp;&raquo;off&nbsp;&raquo; button_one_border_color__hover_enabled=&nbsp;&raquo;off&nbsp;&raquo; button_two_border_color__hover_enabled=&nbsp;&raquo;off&nbsp;&raquo; button_one_border_radius__hover_enabled=&nbsp;&raquo;on&nbsp;&raquo; button_one_border_radius__hover=&nbsp;&raquo;3&Prime; button_two_border_radius__hover_enabled=&nbsp;&raquo;on&nbsp;&raquo; button_two_border_radius__hover=&nbsp;&raquo;3&Prime; button_one_letter_spacing__hover_enabled=&nbsp;&raquo;on&nbsp;&raquo; button_one_letter_spacing__hover=&nbsp;&raquo;0&Prime; button_two_letter_spacing__hover_enabled=&nbsp;&raquo;on&nbsp;&raquo; button_two_letter_spacing__hover=&nbsp;&raquo;0&Prime; button_one_bg_color__hover_enabled=&nbsp;&raquo;off&nbsp;&raquo; button_two_bg_color__hover_enabled=&nbsp;&raquo;off&nbsp;&raquo;] [\/et_pb_fullwidth_header][\/et_pb_section][et_pb_section fb_built=&nbsp;&raquo;1&Prime; admin_label=&nbsp;&raquo;section&nbsp;&raquo; _builder_version=&nbsp;&raquo;4.16&Prime; global_colors_info=&nbsp;&raquo;{}&nbsp;&raquo;][et_pb_row admin_label=&nbsp;&raquo;row&nbsp;&raquo; _builder_version=&nbsp;&raquo;4.16&Prime; background_size=&nbsp;&raquo;initial&nbsp;&raquo; background_position=&nbsp;&raquo;top_left&nbsp;&raquo; background_repeat=&nbsp;&raquo;repeat&nbsp;&raquo; global_colors_info=&nbsp;&raquo;{}&nbsp;&raquo; column_structure=&nbsp;&raquo;2_3,1_3&Prime;][et_pb_column type=&nbsp;&raquo;2_3&Prime; _builder_version=&nbsp;&raquo;4.16&Prime; custom_padding=&nbsp;&raquo;|||&nbsp;&raquo; global_colors_info=&nbsp;&raquo;{}&nbsp;&raquo; custom_padding__hover=&nbsp;&raquo;|||&nbsp;&raquo;][et_pb_text admin_label=&nbsp;&raquo;Text&nbsp;&raquo; _builder_version=&nbsp;&raquo;4.22.1&Prime; background_size=&nbsp;&raquo;initial&nbsp;&raquo; background_position=&nbsp;&raquo;top_left&nbsp;&raquo; background_repeat=&nbsp;&raquo;repeat&nbsp;&raquo; hover_enabled=&nbsp;&raquo;0&Prime; use_border_color=&nbsp;&raquo;off&nbsp;&raquo; border_color=&nbsp;&raquo;#ffffff&nbsp;&raquo; border_style=&nbsp;&raquo;solid&nbsp;&raquo; global_colors_info=&nbsp;&raquo;{}&nbsp;&raquo; sticky_enabled=&nbsp;&raquo;0&Prime;]<\/p>\n<p><strong>Les f\u00eates traditionnelles de la Section Su\u00e9doise<\/strong><\/p>\n<p>Au cours de l&rsquo;ann\u00e9e scolaire la Section organise deux f\u00eates traditionnelles pour les familles: la<strong> F\u00eate de No\u00ebl \/ la Chorale de Sainte Lucie<\/strong> et la <strong>F\u00eate de Saint-Jean.<\/strong> Pour planifier les \u00e9v\u00e8nements festifs, le conseil d\u2019administration propose l&rsquo;organisation suivante:<\/p>\n<p><a href=\"https:\/\/sectionsuedoise.com\/wp-content\/uploads\/2014\/11\/0000_jul.jpg\"><img loading=\"lazy\" decoding=\"async\" class=\"alignnone wp-image-397 size-large\" src=\"https:\/\/sectionsuedoise.com\/wp-content\/uploads\/2014\/11\/0000_jul-1024x280.jpg\" alt=\"_0000_jul\" width=\"1024\" height=\"280\" srcset=\"https:\/\/sectionsuedoise.com\/wp-content\/uploads\/2014\/11\/0000_jul-1024x280.jpg 1024w, https:\/\/sectionsuedoise.com\/wp-content\/uploads\/2014\/11\/0000_jul-300x82.jpg 300w, https:\/\/sectionsuedoise.com\/wp-content\/uploads\/2014\/11\/0000_jul-1080x295.jpg 1080w, https:\/\/sectionsuedoise.com\/wp-content\/uploads\/2014\/11\/0000_jul.jpg 1280w\" sizes=\"(max-width: 1024px) 100vw, 1024px\" \/><\/a><\/p>\n<p>&#8211; Les parents du lyc\u00e9e et coll\u00e8ge sont responsables de la f\u00eate de No\u00ebl<\/p>\n<p>&#8211; Les parents du primaire sont responsables de la f\u00eate de St Jean<\/p>\n<p><img loading=\"lazy\" decoding=\"async\" class=\"alignnone wp-image-395 size-large\" style=\"line-height: 1.5;\" src=\"https:\/\/sectionsuedoise.com\/wp-content\/uploads\/2014\/11\/0001_lucia-1024x280.jpg\" alt=\"_0001_lucia\" width=\"1024\" height=\"280\" srcset=\"https:\/\/sectionsuedoise.com\/wp-content\/uploads\/2014\/11\/0001_lucia-1024x280.jpg 1024w, https:\/\/sectionsuedoise.com\/wp-content\/uploads\/2014\/11\/0001_lucia-300x82.jpg 300w, https:\/\/sectionsuedoise.com\/wp-content\/uploads\/2014\/11\/0001_lucia-1080x295.jpg 1080w, https:\/\/sectionsuedoise.com\/wp-content\/uploads\/2014\/11\/0001_lucia.jpg 1280w\" sizes=\"(max-width: 1024px) 100vw, 1024px\" \/> Au d\u00e9but de l&rsquo;ann\u00e9e scolaire, le Conseil d\u2019administration de la Section Su\u00e9doise nomme un membre du bureau responsable des f\u00eates. Ce membre met en place un groupe de travail avec l&rsquo;aide des parents PEC et la Section pour planifier et r\u00e9aliser les \u00e9v\u00e8nements.<\/p>\n<p>Tous les deux ans les parents des sections scandinaves (su\u00e9doise, norv\u00e8gienne et danoise) organisent un <strong>Cocktail Scandinave<\/strong> et invitent leurs familles, tout le personnel du Lyc\u00e9e International ainsi que les institutions scandinaves en France.<\/p>\n<p>[\/et_pb_text][\/et_pb_column][et_pb_column type=&nbsp;&raquo;1_3&Prime; _builder_version=&nbsp;&raquo;4.16&Prime; custom_padding=&nbsp;&raquo;|||&nbsp;&raquo; global_colors_info=&nbsp;&raquo;{}&nbsp;&raquo; custom_padding__hover=&nbsp;&raquo;|||&nbsp;&raquo;][et_pb_sidebar orientation=&nbsp;&raquo;right&nbsp;&raquo; area=&nbsp;&raquo;sidebar-1&Prime; admin_label=&nbsp;&raquo;Sidebar&nbsp;&raquo; _builder_version=&nbsp;&raquo;4.16&Prime; global_colors_info=&nbsp;&raquo;{}&nbsp;&raquo;] [\/et_pb_sidebar][\/et_pb_column][\/et_pb_row][\/et_pb_section]<\/p>\n","protected":false},"excerpt":{"rendered":"<p>Les f\u00eates traditionnelles de la Section Su\u00e9doise Au cours de l&rsquo;ann\u00e9e scolaire la Section organise deux f\u00eates traditionnelles pour les familles: la F\u00eate de No\u00ebl \/ la Chorale de Sainte Lucie et la F\u00eate de Saint-Jean. Pour planifier les \u00e9v\u00e8nements festifs, le conseil d\u2019administration propose l&rsquo;organisation suivante: &#8211; Les parents du lyc\u00e9e et coll\u00e8ge sont [&hellip;]<\/p>\n","protected":false},"author":1,"featured_media":0,"parent":517,"menu_order":70,"comment_status":"closed","ping_status":"closed","template":"","meta":{"_et_pb_use_builder":"on","_et_pb_old_content":"<p>Under skol\u00e5ret anordnas tre fester f\u00f6r familjerna: <strong>julfest<\/strong>, <strong>valborgsfest<\/strong> och <strong>midsommarfest<\/strong>.\u00a0F\u00f6r att planeringen och genomf\u00f6randet av festerna ska fungera p\u00e5 ett smidigt s\u00e4tt fr\u00e5n \u00e5r till \u00e5r har f\u00f6ljande organisation beslutats:<\/p><ul><li>F\u00f6r\u00e4ldrarna p\u00e5 Lyc\u00e9et ansvarar f\u00f6r Julfesten.<\/li><li>F\u00f6r\u00e4ldrarna p\u00e5 Coll\u00e8ge ansvarar f\u00f6r Valborg.\u00a0<\/li><li>F\u00f6r\u00e4ldrarna p\u00e5 Primaire ansvarar f\u00f6r Midsommar.<\/li><\/ul><p>Vid l\u00e4s\u00e5rets b\u00f6rjan skickar styrelsen ut en enk\u00e4t d\u00e4r f\u00f6r\u00e4ldrarna anm\u00e4ler vad de kan hj\u00e4lpa till med. En huvudansvarig utses sedan av styrelsen till varje fest. \u2028Varje huvudansvarig s\u00e4tter sedan ihop en festgrupp, pappor och mammor, ca 10 personer, f\u00f6r att planera och genomf\u00f6ra sin fest. Planeringen kan g\u00e4rna ske p\u00e5 kv\u00e4llstid under trevliga former. Alla f\u00f6r\u00e4ldrar ska naturligtvis liksom tidigare bidra till ett eventuellt dryck- och matbord.<\/p>","_et_gb_content_width":"","footnotes":"","_links_to":"","_links_to_target":""},"class_list":["post-558","page","type-page","status-publish","hentry"],"yoast_head":"<!-- This site is optimized with the Yoast SEO plugin v27.2 - https:\/\/yoast.com\/product\/yoast-seo-wordpress\/ -->\n<title>Les f\u00eates de la Section Su\u00e9doise - Section Su\u00e9doise | Svenska Sektionen | Saint-Germain-en-Laye<\/title>\n<meta name=\"robots\" content=\"index, follow, max-snippet:-1, max-image-preview:large, max-video-preview:-1\" \/>\n<link rel=\"canonical\" href=\"https:\/\/sectionsuedoise.com\/fr\/section-suedoise\/le-fetes-de-la-section-suedoise\/\" \/>\n<meta property=\"og:locale\" content=\"fr_FR\" \/>\n<meta property=\"og:type\" content=\"article\" \/>\n<meta property=\"og:title\" content=\"Les f\u00eates de la Section Su\u00e9doise - Section Su\u00e9doise | Svenska Sektionen | Saint-Germain-en-Laye\" \/>\n<meta property=\"og:description\" content=\"Les f\u00eates traditionnelles de la Section Su\u00e9doise Au cours de l&#039;ann\u00e9e scolaire la Section organise deux f\u00eates traditionnelles pour les familles: la F\u00eate de No\u00ebl \/ la Chorale de Sainte Lucie et la F\u00eate de Saint-Jean. Pour planifier les \u00e9v\u00e8nements festifs, le conseil d\u2019administration propose l&#039;organisation suivante: - Les parents du lyc\u00e9e et coll\u00e8ge sont [&hellip;]\" \/>\n<meta property=\"og:url\" content=\"https:\/\/sectionsuedoise.com\/fr\/section-suedoise\/le-fetes-de-la-section-suedoise\/\" \/>\n<meta property=\"og:site_name\" content=\"Section Su\u00e9doise | Svenska Sektionen | Saint-Germain-en-Laye\" \/>\n<meta property=\"article:modified_time\" content=\"2023-09-14T09:42:49+00:00\" \/>\n<meta property=\"og:image\" content=\"https:\/\/sectionsuedoise.com\/wp-content\/uploads\/2014\/11\/0000_jul-1024x280.jpg\" \/>\n<meta name=\"twitter:label1\" content=\"Dur\u00e9e de lecture estim\u00e9e\" \/>\n\t<meta name=\"twitter:data1\" content=\"2 minutes\" \/>\n<script type=\"application\/ld+json\" class=\"yoast-schema-graph\">{\"@context\":\"https:\/\/schema.org\",\"@graph\":[{\"@type\":\"WebPage\",\"@id\":\"https:\/\/sectionsuedoise.com\/fr\/section-suedoise\/le-fetes-de-la-section-suedoise\/\",\"url\":\"https:\/\/sectionsuedoise.com\/fr\/section-suedoise\/le-fetes-de-la-section-suedoise\/\",\"name\":\"Les f\u00eates de la Section Su\u00e9doise - Section Su\u00e9doise | Svenska Sektionen | Saint-Germain-en-Laye\",\"isPartOf\":{\"@id\":\"https:\/\/sectionsuedoise.com\/#website\"},\"primaryImageOfPage\":{\"@id\":\"https:\/\/sectionsuedoise.com\/fr\/section-suedoise\/le-fetes-de-la-section-suedoise\/#primaryimage\"},\"image\":{\"@id\":\"https:\/\/sectionsuedoise.com\/fr\/section-suedoise\/le-fetes-de-la-section-suedoise\/#primaryimage\"},\"thumbnailUrl\":\"https:\/\/sectionsuedoise.com\/wp-content\/uploads\/2014\/11\/0000_jul-1024x280.jpg\",\"datePublished\":\"2015-02-12T12:26:07+00:00\",\"dateModified\":\"2023-09-14T09:42:49+00:00\",\"breadcrumb\":{\"@id\":\"https:\/\/sectionsuedoise.com\/fr\/section-suedoise\/le-fetes-de-la-section-suedoise\/#breadcrumb\"},\"inLanguage\":\"fr-FR\",\"potentialAction\":[{\"@type\":\"ReadAction\",\"target\":[\"https:\/\/sectionsuedoise.com\/fr\/section-suedoise\/le-fetes-de-la-section-suedoise\/\"]}]},{\"@type\":\"ImageObject\",\"inLanguage\":\"fr-FR\",\"@id\":\"https:\/\/sectionsuedoise.com\/fr\/section-suedoise\/le-fetes-de-la-section-suedoise\/#primaryimage\",\"url\":\"https:\/\/sectionsuedoise.com\/wp-content\/uploads\/2014\/11\/0000_jul-1024x280.jpg\",\"contentUrl\":\"https:\/\/sectionsuedoise.com\/wp-content\/uploads\/2014\/11\/0000_jul-1024x280.jpg\"},{\"@type\":\"BreadcrumbList\",\"@id\":\"https:\/\/sectionsuedoise.com\/fr\/section-suedoise\/le-fetes-de-la-section-suedoise\/#breadcrumb\",\"itemListElement\":[{\"@type\":\"ListItem\",\"position\":1,\"name\":\"Hem\",\"item\":\"https:\/\/sectionsuedoise.com\/fr\/\"},{\"@type\":\"ListItem\",\"position\":2,\"name\":\"Section Su\u00e9doise\",\"item\":\"https:\/\/sectionsuedoise.com\/fr\/\"},{\"@type\":\"ListItem\",\"position\":3,\"name\":\"Les f\u00eates de la Section Su\u00e9doise\"}]},{\"@type\":\"WebSite\",\"@id\":\"https:\/\/sectionsuedoise.com\/#website\",\"url\":\"https:\/\/sectionsuedoise.com\/\",\"name\":\"Section Su\u00e9doise | Svenska Sektionen | Saint-Germain-en-Laye\",\"description\":\"En till WordPress-webbplats\",\"potentialAction\":[{\"@type\":\"SearchAction\",\"target\":{\"@type\":\"EntryPoint\",\"urlTemplate\":\"https:\/\/sectionsuedoise.com\/?s={search_term_string}\"},\"query-input\":{\"@type\":\"PropertyValueSpecification\",\"valueRequired\":true,\"valueName\":\"search_term_string\"}}],\"inLanguage\":\"fr-FR\"}]}<\/script>\n<!-- \/ Yoast SEO plugin. -->","yoast_head_json":{"title":"Les f\u00eates de la Section Su\u00e9doise - Section Su\u00e9doise | Svenska Sektionen | Saint-Germain-en-Laye","robots":{"index":"index","follow":"follow","max-snippet":"max-snippet:-1","max-image-preview":"max-image-preview:large","max-video-preview":"max-video-preview:-1"},"canonical":"https:\/\/sectionsuedoise.com\/fr\/section-suedoise\/le-fetes-de-la-section-suedoise\/","og_locale":"fr_FR","og_type":"article","og_title":"Les f\u00eates de la Section Su\u00e9doise - Section Su\u00e9doise | Svenska Sektionen | Saint-Germain-en-Laye","og_description":"Les f\u00eates traditionnelles de la Section Su\u00e9doise Au cours de l'ann\u00e9e scolaire la Section organise deux f\u00eates traditionnelles pour les familles: la F\u00eate de No\u00ebl \/ la Chorale de Sainte Lucie et la F\u00eate de Saint-Jean. Pour planifier les \u00e9v\u00e8nements festifs, le conseil d\u2019administration propose l'organisation suivante: - Les parents du lyc\u00e9e et coll\u00e8ge sont [&hellip;]","og_url":"https:\/\/sectionsuedoise.com\/fr\/section-suedoise\/le-fetes-de-la-section-suedoise\/","og_site_name":"Section Su\u00e9doise | Svenska Sektionen | Saint-Germain-en-Laye","article_modified_time":"2023-09-14T09:42:49+00:00","og_image":[{"url":"https:\/\/sectionsuedoise.com\/wp-content\/uploads\/2014\/11\/0000_jul-1024x280.jpg","type":"","width":"","height":""}],"twitter_misc":{"Dur\u00e9e de lecture estim\u00e9e":"2 minutes"},"schema":{"@context":"https:\/\/schema.org","@graph":[{"@type":"WebPage","@id":"https:\/\/sectionsuedoise.com\/fr\/section-suedoise\/le-fetes-de-la-section-suedoise\/","url":"https:\/\/sectionsuedoise.com\/fr\/section-suedoise\/le-fetes-de-la-section-suedoise\/","name":"Les f\u00eates de la Section Su\u00e9doise - Section Su\u00e9doise | Svenska Sektionen | Saint-Germain-en-Laye","isPartOf":{"@id":"https:\/\/sectionsuedoise.com\/#website"},"primaryImageOfPage":{"@id":"https:\/\/sectionsuedoise.com\/fr\/section-suedoise\/le-fetes-de-la-section-suedoise\/#primaryimage"},"image":{"@id":"https:\/\/sectionsuedoise.com\/fr\/section-suedoise\/le-fetes-de-la-section-suedoise\/#primaryimage"},"thumbnailUrl":"https:\/\/sectionsuedoise.com\/wp-content\/uploads\/2014\/11\/0000_jul-1024x280.jpg","datePublished":"2015-02-12T12:26:07+00:00","dateModified":"2023-09-14T09:42:49+00:00","breadcrumb":{"@id":"https:\/\/sectionsuedoise.com\/fr\/section-suedoise\/le-fetes-de-la-section-suedoise\/#breadcrumb"},"inLanguage":"fr-FR","potentialAction":[{"@type":"ReadAction","target":["https:\/\/sectionsuedoise.com\/fr\/section-suedoise\/le-fetes-de-la-section-suedoise\/"]}]},{"@type":"ImageObject","inLanguage":"fr-FR","@id":"https:\/\/sectionsuedoise.com\/fr\/section-suedoise\/le-fetes-de-la-section-suedoise\/#primaryimage","url":"https:\/\/sectionsuedoise.com\/wp-content\/uploads\/2014\/11\/0000_jul-1024x280.jpg","contentUrl":"https:\/\/sectionsuedoise.com\/wp-content\/uploads\/2014\/11\/0000_jul-1024x280.jpg"},{"@type":"BreadcrumbList","@id":"https:\/\/sectionsuedoise.com\/fr\/section-suedoise\/le-fetes-de-la-section-suedoise\/#breadcrumb","itemListElement":[{"@type":"ListItem","position":1,"name":"Hem","item":"https:\/\/sectionsuedoise.com\/fr\/"},{"@type":"ListItem","position":2,"name":"Section Su\u00e9doise","item":"https:\/\/sectionsuedoise.com\/fr\/"},{"@type":"ListItem","position":3,"name":"Les f\u00eates de la Section Su\u00e9doise"}]},{"@type":"WebSite","@id":"https:\/\/sectionsuedoise.com\/#website","url":"https:\/\/sectionsuedoise.com\/","name":"Section Su\u00e9doise | Svenska Sektionen | Saint-Germain-en-Laye","description":"En till WordPress-webbplats","potentialAction":[{"@type":"SearchAction","target":{"@type":"EntryPoint","urlTemplate":"https:\/\/sectionsuedoise.com\/?s={search_term_string}"},"query-input":{"@type":"PropertyValueSpecification","valueRequired":true,"valueName":"search_term_string"}}],"inLanguage":"fr-FR"}]}},"_links":{"self":[{"href":"https:\/\/sectionsuedoise.com\/fr\/wp-json\/wp\/v2\/pages\/558\/"}],"collection":[{"href":"https:\/\/sectionsuedoise.com\/fr\/wp-json\/wp\/v2\/pages\/"}],"about":[{"href":"https:\/\/sectionsuedoise.com\/fr\/wp-json\/wp\/v2\/types\/page\/"}],"author":[{"embeddable":true,"href":"https:\/\/sectionsuedoise.com\/fr\/wp-json\/wp\/v2\/users\/1\/"}],"replies":[{"embeddable":true,"href":"https:\/\/sectionsuedoise.com\/fr\/wp-json\/wp\/v2\/comments\/?post=558"}],"version-history":[{"count":4,"href":"https:\/\/sectionsuedoise.com\/fr\/wp-json\/wp\/v2\/pages\/558\/revisions\/"}],"predecessor-version":[{"id":4655,"href":"https:\/\/sectionsuedoise.com\/fr\/wp-json\/wp\/v2\/pages\/558\/revisions\/4655\/"}],"up":[{"embeddable":true,"href":"https:\/\/sectionsuedoise.com\/fr\/wp-json\/wp\/v2\/pages\/517\/"}],"wp:attachment":[{"href":"https:\/\/sectionsuedoise.com\/fr\/wp-json\/wp\/v2\/media\/?parent=558"}],"curies":[{"name":"wp","href":"https:\/\/api.w.org\/{rel}","templated":true}]}}