{"id":560,"date":"2015-02-12T13:26:45","date_gmt":"2015-02-12T12:26:45","guid":{"rendered":"http:\/\/sectionsuedoise.com\/?page_id=560"},"modified":"2025-09-19T16:17:20","modified_gmt":"2025-09-19T14:17:20","slug":"le-personnel-et-les-professeurs","status":"publish","type":"page","link":"https:\/\/sectionsuedoise.com\/fr\/section-suedoise\/le-personnel-et-les-professeurs\/","title":{"rendered":"Le personnel et les professeurs"},"content":{"rendered":"<p>[et_pb_section fb_built=&nbsp;&raquo;1&Prime; fullwidth=&nbsp;&raquo;on&nbsp;&raquo; admin_label=&nbsp;&raquo;section&nbsp;&raquo; _builder_version=&nbsp;&raquo;4.16&Prime; background_color=&nbsp;&raquo;#92bbe4&Prime; transparent_background=&nbsp;&raquo;off&nbsp;&raquo; global_colors_info=&nbsp;&raquo;{}&nbsp;&raquo;][et_pb_fullwidth_header title=&nbsp;&raquo;Le personnel et les professeurs&nbsp;&raquo; content_max_width=&nbsp;&raquo;none&nbsp;&raquo; admin_label=&nbsp;&raquo;Fullwidth Header&nbsp;&raquo; _builder_version=&nbsp;&raquo;4.16&Prime; background_color=&nbsp;&raquo;rgba(255, 255, 255, 0)&nbsp;&raquo; global_colors_info=&nbsp;&raquo;{}&nbsp;&raquo; button_one_text_size__hover_enabled=&nbsp;&raquo;off&nbsp;&raquo; button_one_text_size__hover=&nbsp;&raquo;null&nbsp;&raquo; button_two_text_size__hover_enabled=&nbsp;&raquo;off&nbsp;&raquo; button_two_text_size__hover=&nbsp;&raquo;null&nbsp;&raquo; button_one_text_color__hover_enabled=&nbsp;&raquo;off&nbsp;&raquo; button_one_text_color__hover=&nbsp;&raquo;null&nbsp;&raquo; button_two_text_color__hover_enabled=&nbsp;&raquo;off&nbsp;&raquo; button_two_text_color__hover=&nbsp;&raquo;null&nbsp;&raquo; button_one_border_width__hover_enabled=&nbsp;&raquo;off&nbsp;&raquo; button_one_border_width__hover=&nbsp;&raquo;null&nbsp;&raquo; button_two_border_width__hover_enabled=&nbsp;&raquo;off&nbsp;&raquo; button_two_border_width__hover=&nbsp;&raquo;null&nbsp;&raquo; button_one_border_color__hover_enabled=&nbsp;&raquo;off&nbsp;&raquo; button_one_border_color__hover=&nbsp;&raquo;null&nbsp;&raquo; button_two_border_color__hover_enabled=&nbsp;&raquo;off&nbsp;&raquo; button_two_border_color__hover=&nbsp;&raquo;null&nbsp;&raquo; button_one_border_radius__hover_enabled=&nbsp;&raquo;off&nbsp;&raquo; button_one_border_radius__hover=&nbsp;&raquo;null&nbsp;&raquo; button_two_border_radius__hover_enabled=&nbsp;&raquo;off&nbsp;&raquo; button_two_border_radius__hover=&nbsp;&raquo;null&nbsp;&raquo; button_one_letter_spacing__hover_enabled=&nbsp;&raquo;off&nbsp;&raquo; button_one_letter_spacing__hover=&nbsp;&raquo;null&nbsp;&raquo; button_two_letter_spacing__hover_enabled=&nbsp;&raquo;off&nbsp;&raquo; button_two_letter_spacing__hover=&nbsp;&raquo;null&nbsp;&raquo; button_one_bg_color__hover_enabled=&nbsp;&raquo;off&nbsp;&raquo; button_one_bg_color__hover=&nbsp;&raquo;null&nbsp;&raquo; button_two_bg_color__hover_enabled=&nbsp;&raquo;off&nbsp;&raquo; button_two_bg_color__hover=&nbsp;&raquo;null&nbsp;&raquo;]<br \/>\n[\/et_pb_fullwidth_header][\/et_pb_section][et_pb_section fb_built=&nbsp;&raquo;1&Prime; admin_label=&nbsp;&raquo;section&nbsp;&raquo; _builder_version=&nbsp;&raquo;4.16&Prime; global_colors_info=&nbsp;&raquo;{}&nbsp;&raquo;][et_pb_row column_structure=&nbsp;&raquo;1_4,1_4,1_4,1_4&Prime; admin_label=&nbsp;&raquo;row&nbsp;&raquo; _builder_version=&nbsp;&raquo;4.16&Prime; background_size=&nbsp;&raquo;initial&nbsp;&raquo; background_position=&nbsp;&raquo;top_left&nbsp;&raquo; background_repeat=&nbsp;&raquo;repeat&nbsp;&raquo; global_colors_info=&nbsp;&raquo;{}&nbsp;&raquo;][et_pb_column type=&nbsp;&raquo;1_4&Prime; _builder_version=&nbsp;&raquo;4.16&Prime; custom_padding=&nbsp;&raquo;|||&nbsp;&raquo; global_colors_info=&nbsp;&raquo;{}&nbsp;&raquo; custom_padding__hover=&nbsp;&raquo;|||&nbsp;&raquo;][et_pb_team_member name=&nbsp;&raquo;Eva Stenberg&nbsp;&raquo; position=&nbsp;&raquo;Chef de section &#8211; directrice \/ Professeur  de su\u00e9dois \/ Connaissance du monde&nbsp;&raquo; image_url=&nbsp;&raquo;https:\/\/sectionsuedoise.com\/wp-content\/uploads\/2022\/09\/foto-eva-150&#215;150.jpg&nbsp;&raquo; admin_label=&nbsp;&raquo;Eva Stenberg&nbsp;&raquo; _builder_version=&nbsp;&raquo;4.27.4&Prime; background_size=&nbsp;&raquo;initial&nbsp;&raquo; background_position=&nbsp;&raquo;top_left&nbsp;&raquo; background_repeat=&nbsp;&raquo;repeat&nbsp;&raquo; animation=&nbsp;&raquo;fade_in&nbsp;&raquo; z_index_tablet=&nbsp;&raquo;500&Prime; header_text_shadow_horizontal_length_tablet=&nbsp;&raquo;0px&nbsp;&raquo; header_text_shadow_vertical_length_tablet=&nbsp;&raquo;0px&nbsp;&raquo; header_text_shadow_blur_strength_tablet=&nbsp;&raquo;1px&nbsp;&raquo; body_text_shadow_horizontal_length_tablet=&nbsp;&raquo;0px&nbsp;&raquo; body_text_shadow_vertical_length_tablet=&nbsp;&raquo;0px&nbsp;&raquo; body_text_shadow_blur_strength_tablet=&nbsp;&raquo;1px&nbsp;&raquo; position_text_shadow_horizontal_length_tablet=&nbsp;&raquo;0px&nbsp;&raquo; position_text_shadow_vertical_length_tablet=&nbsp;&raquo;0px&nbsp;&raquo; position_text_shadow_blur_strength_tablet=&nbsp;&raquo;1px&nbsp;&raquo; body_link_text_shadow_horizontal_length_tablet=&nbsp;&raquo;0px&nbsp;&raquo; body_link_text_shadow_vertical_length_tablet=&nbsp;&raquo;0px&nbsp;&raquo; body_link_text_shadow_blur_strength_tablet=&nbsp;&raquo;1px&nbsp;&raquo; body_ul_text_shadow_horizontal_length_tablet=&nbsp;&raquo;0px&nbsp;&raquo; body_ul_text_shadow_vertical_length_tablet=&nbsp;&raquo;0px&nbsp;&raquo; body_ul_text_shadow_blur_strength_tablet=&nbsp;&raquo;1px&nbsp;&raquo; body_ol_text_shadow_horizontal_length_tablet=&nbsp;&raquo;0px&nbsp;&raquo; body_ol_text_shadow_vertical_length_tablet=&nbsp;&raquo;0px&nbsp;&raquo; body_ol_text_shadow_blur_strength_tablet=&nbsp;&raquo;1px&nbsp;&raquo; body_quote_text_shadow_horizontal_length_tablet=&nbsp;&raquo;0px&nbsp;&raquo; body_quote_text_shadow_vertical_length_tablet=&nbsp;&raquo;0px&nbsp;&raquo; body_quote_text_shadow_blur_strength_tablet=&nbsp;&raquo;1px&nbsp;&raquo; box_shadow_horizontal_tablet=&nbsp;&raquo;0px&nbsp;&raquo; box_shadow_vertical_tablet=&nbsp;&raquo;0px&nbsp;&raquo; box_shadow_blur_tablet=&nbsp;&raquo;40px&nbsp;&raquo; box_shadow_spread_tablet=&nbsp;&raquo;0px&nbsp;&raquo; box_shadow_horizontal_image_tablet=&nbsp;&raquo;0px&nbsp;&raquo; box_shadow_vertical_image_tablet=&nbsp;&raquo;0px&nbsp;&raquo; box_shadow_blur_image_tablet=&nbsp;&raquo;40px&nbsp;&raquo; box_shadow_spread_image_tablet=&nbsp;&raquo;0px&nbsp;&raquo; text_shadow_horizontal_length_tablet=&nbsp;&raquo;0px&nbsp;&raquo; text_shadow_vertical_length_tablet=&nbsp;&raquo;0px&nbsp;&raquo; text_shadow_blur_strength_tablet=&nbsp;&raquo;1px&nbsp;&raquo; use_border_color=&nbsp;&raquo;off&nbsp;&raquo; global_colors_info=&nbsp;&raquo;{}&nbsp;&raquo;]<\/p>\n<p>Classes :\u00a0 1\u00e8re et 4\u00e8me<\/p>\n<p>[\/et_pb_team_member][\/et_pb_column][et_pb_column type=&nbsp;&raquo;1_4&Prime; _builder_version=&nbsp;&raquo;4.16&Prime; custom_padding=&nbsp;&raquo;|||&nbsp;&raquo; global_colors_info=&nbsp;&raquo;{}&nbsp;&raquo; custom_padding__hover=&nbsp;&raquo;|||&nbsp;&raquo;][et_pb_team_member name=&nbsp;&raquo;Elisabeth Claesson&nbsp;&raquo; position=&nbsp;&raquo;Responsable Administrative&nbsp;&raquo; image_url=&nbsp;&raquo;https:\/\/sectionsuedoise.com\/wp-content\/uploads\/2018\/11\/Elisabeth-Claesson-150&#215;150.jpg&nbsp;&raquo; admin_label=&nbsp;&raquo;Elisabeth Claesson&nbsp;&raquo; _builder_version=&nbsp;&raquo;4.27.4&Prime; background_size=&nbsp;&raquo;initial&nbsp;&raquo; background_position=&nbsp;&raquo;top_left&nbsp;&raquo; background_repeat=&nbsp;&raquo;repeat&nbsp;&raquo; animation=&nbsp;&raquo;fade_in&nbsp;&raquo; use_border_color=&nbsp;&raquo;off&nbsp;&raquo; global_colors_info=&nbsp;&raquo;{}&nbsp;&raquo;]<\/p>\n<p><strong>Admissions, administration &amp; \u00e9conomie<br \/><\/strong>Soutien scolaire en \u00e9cole maternelle.<\/p>\n<p>[\/et_pb_team_member][\/et_pb_column][et_pb_column type=&nbsp;&raquo;1_4&Prime; _builder_version=&nbsp;&raquo;4.16&Prime; custom_padding=&nbsp;&raquo;|||&nbsp;&raquo; global_colors_info=&nbsp;&raquo;{}&nbsp;&raquo; custom_padding__hover=&nbsp;&raquo;|||&nbsp;&raquo;][et_pb_team_member name=&nbsp;&raquo;Mia K\u00e4rrbrand&nbsp;&raquo; position=&nbsp;&raquo;Professeur des \u00e9coles et coll\u00e8ge&nbsp;&raquo; image_url=&nbsp;&raquo;https:\/\/sectionsuedoise.com\/wp-content\/uploads\/2024\/12\/KARRBRAND-Mia-150&#215;150.jpg&nbsp;&raquo; admin_label=&nbsp;&raquo;Mia K\u00e4rrbrand&nbsp;&raquo; _builder_version=&nbsp;&raquo;4.27.4&Prime; background_size=&nbsp;&raquo;initial&nbsp;&raquo; background_position=&nbsp;&raquo;top_left&nbsp;&raquo; background_repeat=&nbsp;&raquo;repeat&nbsp;&raquo; animation=&nbsp;&raquo;fade_in&nbsp;&raquo; z_index_tablet=&nbsp;&raquo;500&Prime; header_text_shadow_horizontal_length_tablet=&nbsp;&raquo;0px&nbsp;&raquo; header_text_shadow_vertical_length_tablet=&nbsp;&raquo;0px&nbsp;&raquo; header_text_shadow_blur_strength_tablet=&nbsp;&raquo;1px&nbsp;&raquo; body_text_shadow_horizontal_length_tablet=&nbsp;&raquo;0px&nbsp;&raquo; body_text_shadow_vertical_length_tablet=&nbsp;&raquo;0px&nbsp;&raquo; body_text_shadow_blur_strength_tablet=&nbsp;&raquo;1px&nbsp;&raquo; position_text_shadow_horizontal_length_tablet=&nbsp;&raquo;0px&nbsp;&raquo; position_text_shadow_vertical_length_tablet=&nbsp;&raquo;0px&nbsp;&raquo; position_text_shadow_blur_strength_tablet=&nbsp;&raquo;1px&nbsp;&raquo; body_link_text_shadow_horizontal_length_tablet=&nbsp;&raquo;0px&nbsp;&raquo; body_link_text_shadow_vertical_length_tablet=&nbsp;&raquo;0px&nbsp;&raquo; body_link_text_shadow_blur_strength_tablet=&nbsp;&raquo;1px&nbsp;&raquo; body_ul_text_shadow_horizontal_length_tablet=&nbsp;&raquo;0px&nbsp;&raquo; body_ul_text_shadow_vertical_length_tablet=&nbsp;&raquo;0px&nbsp;&raquo; body_ul_text_shadow_blur_strength_tablet=&nbsp;&raquo;1px&nbsp;&raquo; body_ol_text_shadow_horizontal_length_tablet=&nbsp;&raquo;0px&nbsp;&raquo; body_ol_text_shadow_vertical_length_tablet=&nbsp;&raquo;0px&nbsp;&raquo; body_ol_text_shadow_blur_strength_tablet=&nbsp;&raquo;1px&nbsp;&raquo; body_quote_text_shadow_horizontal_length_tablet=&nbsp;&raquo;0px&nbsp;&raquo; body_quote_text_shadow_vertical_length_tablet=&nbsp;&raquo;0px&nbsp;&raquo; body_quote_text_shadow_blur_strength_tablet=&nbsp;&raquo;1px&nbsp;&raquo; box_shadow_horizontal_tablet=&nbsp;&raquo;0px&nbsp;&raquo; box_shadow_vertical_tablet=&nbsp;&raquo;0px&nbsp;&raquo; box_shadow_blur_tablet=&nbsp;&raquo;40px&nbsp;&raquo; box_shadow_spread_tablet=&nbsp;&raquo;0px&nbsp;&raquo; box_shadow_horizontal_image_tablet=&nbsp;&raquo;0px&nbsp;&raquo; box_shadow_vertical_image_tablet=&nbsp;&raquo;0px&nbsp;&raquo; box_shadow_blur_image_tablet=&nbsp;&raquo;40px&nbsp;&raquo; box_shadow_spread_image_tablet=&nbsp;&raquo;0px&nbsp;&raquo; text_shadow_horizontal_length_tablet=&nbsp;&raquo;0px&nbsp;&raquo; text_shadow_vertical_length_tablet=&nbsp;&raquo;0px&nbsp;&raquo; text_shadow_blur_strength_tablet=&nbsp;&raquo;1px&nbsp;&raquo; use_border_color=&nbsp;&raquo;off&nbsp;&raquo; global_colors_info=&nbsp;&raquo;{}&nbsp;&raquo;]<\/p>\n<p>Classes : CM1, CM2, 6\u00e8me et 5\u00e8me<\/p>\n<p>[\/et_pb_team_member][\/et_pb_column][et_pb_column type=&nbsp;&raquo;1_4&Prime; _builder_version=&nbsp;&raquo;4.16&Prime; custom_padding=&nbsp;&raquo;|||&nbsp;&raquo; global_colors_info=&nbsp;&raquo;{}&nbsp;&raquo; custom_padding__hover=&nbsp;&raquo;|||&nbsp;&raquo;][et_pb_team_member name=&nbsp;&raquo;Paula Stolt&nbsp;&raquo; position=&nbsp;&raquo;Professeur des \u00e9coles&nbsp;&raquo; image_url=&nbsp;&raquo;https:\/\/sectionsuedoise.com\/wp-content\/uploads\/2024\/12\/STOLT-Paula-150&#215;150.jpg&nbsp;&raquo; admin_label=&nbsp;&raquo;Paula Stolt&nbsp;&raquo; _builder_version=&nbsp;&raquo;4.27.3&Prime; background_size=&nbsp;&raquo;initial&nbsp;&raquo; background_position=&nbsp;&raquo;top_left&nbsp;&raquo; background_repeat=&nbsp;&raquo;repeat&nbsp;&raquo; use_border_color=&nbsp;&raquo;off&nbsp;&raquo; global_colors_info=&nbsp;&raquo;{}&nbsp;&raquo;]<\/p>\n<p>Classes : Maternelle, CP, CE1 et CE2<\/p>\n<p>[\/et_pb_team_member][\/et_pb_column][\/et_pb_row][et_pb_row column_structure=&nbsp;&raquo;1_4,1_4,1_4,1_4&Prime; admin_label=&nbsp;&raquo;row&nbsp;&raquo; _builder_version=&nbsp;&raquo;4.16&Prime; background_size=&nbsp;&raquo;initial&nbsp;&raquo; background_position=&nbsp;&raquo;top_left&nbsp;&raquo; background_repeat=&nbsp;&raquo;repeat&nbsp;&raquo; global_colors_info=&nbsp;&raquo;{}&nbsp;&raquo;][et_pb_column type=&nbsp;&raquo;1_4&Prime; _builder_version=&nbsp;&raquo;4.16&Prime; custom_padding=&nbsp;&raquo;|||&nbsp;&raquo; global_colors_info=&nbsp;&raquo;{}&nbsp;&raquo; custom_padding__hover=&nbsp;&raquo;|||&nbsp;&raquo;][\/et_pb_column][et_pb_column type=&nbsp;&raquo;1_4&Prime; _builder_version=&nbsp;&raquo;4.16&Prime; custom_padding=&nbsp;&raquo;|||&nbsp;&raquo; global_colors_info=&nbsp;&raquo;{}&nbsp;&raquo; custom_padding__hover=&nbsp;&raquo;|||&nbsp;&raquo;][et_pb_team_member name=&nbsp;&raquo;Per-Ola Casselryd&nbsp;&raquo; position=&nbsp;&raquo;Professeur de su\u00e9dois&nbsp;&raquo; image_url=&nbsp;&raquo;https:\/\/sectionsuedoise.com\/wp-content\/uploads\/2018\/11\/CASSELRYD-Per-Ola-150&#215;150.jpg&nbsp;&raquo; admin_label=&nbsp;&raquo;Per-Ola Casselryd&nbsp;&raquo; _builder_version=&nbsp;&raquo;4.27.4&Prime; background_size=&nbsp;&raquo;initial&nbsp;&raquo; background_position=&nbsp;&raquo;top_left&nbsp;&raquo; background_repeat=&nbsp;&raquo;repeat&nbsp;&raquo; animation=&nbsp;&raquo;fade_in&nbsp;&raquo; hover_enabled=&nbsp;&raquo;0&Prime; use_border_color=&nbsp;&raquo;off&nbsp;&raquo; global_colors_info=&nbsp;&raquo;{}&nbsp;&raquo; sticky_enabled=&nbsp;&raquo;0&Prime;]<\/p>\n<p>Classes : 6\u00e8me, 5\u00e8me, 3\u00e8me, 2nde, T et soutien scolaire en CM1.<\/p>\n<p>[\/et_pb_team_member][\/et_pb_column][et_pb_column type=&nbsp;&raquo;1_4&Prime; _builder_version=&nbsp;&raquo;4.16&Prime; custom_padding=&nbsp;&raquo;|||&nbsp;&raquo; global_colors_info=&nbsp;&raquo;{}&nbsp;&raquo; custom_padding__hover=&nbsp;&raquo;|||&nbsp;&raquo;][et_pb_team_member name=&nbsp;&raquo;Marita Haggren&nbsp;&raquo; position=&nbsp;&raquo;Professeur d&rsquo;histoire \/ g\u00e9ographie \/ Connaiaissance du monde&nbsp;&raquo; image_url=&nbsp;&raquo;https:\/\/sectionsuedoise.com\/wp-content\/uploads\/2018\/11\/Marita-Haggren-150&#215;150.jpg&nbsp;&raquo; twitter_url=&nbsp;&raquo;https:\/\/twitter.com\/SectionSuedoise&nbsp;&raquo; admin_label=&nbsp;&raquo;Marita Haggren&nbsp;&raquo; _builder_version=&nbsp;&raquo;4.27.4&Prime; background_size=&nbsp;&raquo;initial&nbsp;&raquo; background_position=&nbsp;&raquo;top_left&nbsp;&raquo; background_repeat=&nbsp;&raquo;repeat&nbsp;&raquo; animation=&nbsp;&raquo;fade_in&nbsp;&raquo; use_border_color=&nbsp;&raquo;off&nbsp;&raquo; global_colors_info=&nbsp;&raquo;{}&nbsp;&raquo;]<\/p>\n<p>Classes : 4\u00e8me, 3\u00e8me, 2nde, 1\u00e8re et T<\/p>\n<p>[\/et_pb_team_member][\/et_pb_column][et_pb_column type=&nbsp;&raquo;1_4&Prime; _builder_version=&nbsp;&raquo;4.16&Prime; custom_padding=&nbsp;&raquo;|||&nbsp;&raquo; global_colors_info=&nbsp;&raquo;{}&nbsp;&raquo; custom_padding__hover=&nbsp;&raquo;|||&nbsp;&raquo;][\/et_pb_column][\/et_pb_row][\/et_pb_section]<\/p>\n","protected":false},"excerpt":{"rendered":"<p>Classes :\u00a0 1\u00e8re et 4\u00e8meAdmissions, administration &amp; \u00e9conomieSoutien scolaire en \u00e9cole maternelle.Classes : CM1, CM2, 6\u00e8me et 5\u00e8meClasses : Maternelle, CP, CE1 et CE2Classes : 6\u00e8me, 5\u00e8me, 3\u00e8me, 2nde, T et soutien scolaire en CM1.Classes : 4\u00e8me, 3\u00e8me, 2nde, 1\u00e8re et T<\/p>\n","protected":false},"author":1,"featured_media":0,"parent":517,"menu_order":80,"comment_status":"closed","ping_status":"closed","template":"","meta":{"_et_pb_use_builder":"on","_et_pb_old_content":"","_et_gb_content_width":"","footnotes":"","_links_to":"","_links_to_target":""},"class_list":["post-560","page","type-page","status-publish","hentry"],"yoast_head":"<!-- This site is optimized with the Yoast SEO plugin v27.4 - https:\/\/yoast.com\/product\/yoast-seo-wordpress\/ -->\n<title>Le personnel et les professeurs - Section Su\u00e9doise | Svenska Sektionen | Saint-Germain-en-Laye<\/title>\n<meta name=\"robots\" content=\"index, follow, max-snippet:-1, max-image-preview:large, max-video-preview:-1\" \/>\n<link rel=\"canonical\" href=\"https:\/\/sectionsuedoise.com\/fr\/section-suedoise\/le-personnel-et-les-professeurs\/\" \/>\n<meta property=\"og:locale\" content=\"fr_FR\" \/>\n<meta property=\"og:type\" content=\"article\" \/>\n<meta property=\"og:title\" content=\"Le personnel et les professeurs - Section Su\u00e9doise | Svenska Sektionen | Saint-Germain-en-Laye\" \/>\n<meta property=\"og:description\" content=\"Classes :\u00a0 1\u00e8re et 4\u00e8meAdmissions, administration &amp; \u00e9conomieSoutien scolaire en \u00e9cole maternelle.Classes : CM1, CM2, 6\u00e8me et 5\u00e8meClasses : Maternelle, CP, CE1 et CE2Classes : 6\u00e8me, 5\u00e8me, 3\u00e8me, 2nde, T et soutien scolaire en CM1.Classes : 4\u00e8me, 3\u00e8me, 2nde, 1\u00e8re et T\" \/>\n<meta property=\"og:url\" content=\"https:\/\/sectionsuedoise.com\/fr\/section-suedoise\/le-personnel-et-les-professeurs\/\" \/>\n<meta property=\"og:site_name\" content=\"Section Su\u00e9doise | Svenska Sektionen | Saint-Germain-en-Laye\" \/>\n<meta property=\"article:modified_time\" content=\"2025-09-19T14:17:20+00:00\" \/>\n<meta name=\"twitter:label1\" content=\"Dur\u00e9e de lecture estim\u00e9e\" \/>\n\t<meta name=\"twitter:data1\" content=\"2 minutes\" \/>\n<script type=\"application\/ld+json\" class=\"yoast-schema-graph\">{\"@context\":\"https:\\\/\\\/schema.org\",\"@graph\":[{\"@type\":\"WebPage\",\"@id\":\"https:\\\/\\\/sectionsuedoise.com\\\/fr\\\/section-suedoise\\\/le-personnel-et-les-professeurs\\\/\",\"url\":\"https:\\\/\\\/sectionsuedoise.com\\\/fr\\\/section-suedoise\\\/le-personnel-et-les-professeurs\\\/\",\"name\":\"Le personnel et les professeurs - Section Su\u00e9doise | Svenska Sektionen | Saint-Germain-en-Laye\",\"isPartOf\":{\"@id\":\"https:\\\/\\\/sectionsuedoise.com\\\/#website\"},\"datePublished\":\"2015-02-12T12:26:45+00:00\",\"dateModified\":\"2025-09-19T14:17:20+00:00\",\"breadcrumb\":{\"@id\":\"https:\\\/\\\/sectionsuedoise.com\\\/fr\\\/section-suedoise\\\/le-personnel-et-les-professeurs\\\/#breadcrumb\"},\"inLanguage\":\"fr-FR\",\"potentialAction\":[{\"@type\":\"ReadAction\",\"target\":[\"https:\\\/\\\/sectionsuedoise.com\\\/fr\\\/section-suedoise\\\/le-personnel-et-les-professeurs\\\/\"]}]},{\"@type\":\"BreadcrumbList\",\"@id\":\"https:\\\/\\\/sectionsuedoise.com\\\/fr\\\/section-suedoise\\\/le-personnel-et-les-professeurs\\\/#breadcrumb\",\"itemListElement\":[{\"@type\":\"ListItem\",\"position\":1,\"name\":\"Hem\",\"item\":\"https:\\\/\\\/sectionsuedoise.com\\\/fr\\\/\"},{\"@type\":\"ListItem\",\"position\":2,\"name\":\"Section Su\u00e9doise\",\"item\":\"https:\\\/\\\/sectionsuedoise.com\\\/fr\\\/\"},{\"@type\":\"ListItem\",\"position\":3,\"name\":\"Le personnel et les professeurs\"}]},{\"@type\":\"WebSite\",\"@id\":\"https:\\\/\\\/sectionsuedoise.com\\\/#website\",\"url\":\"https:\\\/\\\/sectionsuedoise.com\\\/\",\"name\":\"Section Su\u00e9doise | Svenska Sektionen | Saint-Germain-en-Laye\",\"description\":\"En till WordPress-webbplats\",\"potentialAction\":[{\"@type\":\"SearchAction\",\"target\":{\"@type\":\"EntryPoint\",\"urlTemplate\":\"https:\\\/\\\/sectionsuedoise.com\\\/?s={search_term_string}\"},\"query-input\":{\"@type\":\"PropertyValueSpecification\",\"valueRequired\":true,\"valueName\":\"search_term_string\"}}],\"inLanguage\":\"fr-FR\"}]}<\/script>\n<!-- \/ Yoast SEO plugin. -->","yoast_head_json":{"title":"Le personnel et les professeurs - Section Su\u00e9doise | Svenska Sektionen | Saint-Germain-en-Laye","robots":{"index":"index","follow":"follow","max-snippet":"max-snippet:-1","max-image-preview":"max-image-preview:large","max-video-preview":"max-video-preview:-1"},"canonical":"https:\/\/sectionsuedoise.com\/fr\/section-suedoise\/le-personnel-et-les-professeurs\/","og_locale":"fr_FR","og_type":"article","og_title":"Le personnel et les professeurs - Section Su\u00e9doise | Svenska Sektionen | Saint-Germain-en-Laye","og_description":"Classes :\u00a0 1\u00e8re et 4\u00e8meAdmissions, administration &amp; \u00e9conomieSoutien scolaire en \u00e9cole maternelle.Classes : CM1, CM2, 6\u00e8me et 5\u00e8meClasses : Maternelle, CP, CE1 et CE2Classes : 6\u00e8me, 5\u00e8me, 3\u00e8me, 2nde, T et soutien scolaire en CM1.Classes : 4\u00e8me, 3\u00e8me, 2nde, 1\u00e8re et T","og_url":"https:\/\/sectionsuedoise.com\/fr\/section-suedoise\/le-personnel-et-les-professeurs\/","og_site_name":"Section Su\u00e9doise | Svenska Sektionen | Saint-Germain-en-Laye","article_modified_time":"2025-09-19T14:17:20+00:00","twitter_misc":{"Dur\u00e9e de lecture estim\u00e9e":"2 minutes"},"schema":{"@context":"https:\/\/schema.org","@graph":[{"@type":"WebPage","@id":"https:\/\/sectionsuedoise.com\/fr\/section-suedoise\/le-personnel-et-les-professeurs\/","url":"https:\/\/sectionsuedoise.com\/fr\/section-suedoise\/le-personnel-et-les-professeurs\/","name":"Le personnel et les professeurs - Section Su\u00e9doise | Svenska Sektionen | Saint-Germain-en-Laye","isPartOf":{"@id":"https:\/\/sectionsuedoise.com\/#website"},"datePublished":"2015-02-12T12:26:45+00:00","dateModified":"2025-09-19T14:17:20+00:00","breadcrumb":{"@id":"https:\/\/sectionsuedoise.com\/fr\/section-suedoise\/le-personnel-et-les-professeurs\/#breadcrumb"},"inLanguage":"fr-FR","potentialAction":[{"@type":"ReadAction","target":["https:\/\/sectionsuedoise.com\/fr\/section-suedoise\/le-personnel-et-les-professeurs\/"]}]},{"@type":"BreadcrumbList","@id":"https:\/\/sectionsuedoise.com\/fr\/section-suedoise\/le-personnel-et-les-professeurs\/#breadcrumb","itemListElement":[{"@type":"ListItem","position":1,"name":"Hem","item":"https:\/\/sectionsuedoise.com\/fr\/"},{"@type":"ListItem","position":2,"name":"Section Su\u00e9doise","item":"https:\/\/sectionsuedoise.com\/fr\/"},{"@type":"ListItem","position":3,"name":"Le personnel et les professeurs"}]},{"@type":"WebSite","@id":"https:\/\/sectionsuedoise.com\/#website","url":"https:\/\/sectionsuedoise.com\/","name":"Section Su\u00e9doise | Svenska Sektionen | Saint-Germain-en-Laye","description":"En till WordPress-webbplats","potentialAction":[{"@type":"SearchAction","target":{"@type":"EntryPoint","urlTemplate":"https:\/\/sectionsuedoise.com\/?s={search_term_string}"},"query-input":{"@type":"PropertyValueSpecification","valueRequired":true,"valueName":"search_term_string"}}],"inLanguage":"fr-FR"}]}},"_links":{"self":[{"href":"https:\/\/sectionsuedoise.com\/fr\/wp-json\/wp\/v2\/pages\/560\/"}],"collection":[{"href":"https:\/\/sectionsuedoise.com\/fr\/wp-json\/wp\/v2\/pages\/"}],"about":[{"href":"https:\/\/sectionsuedoise.com\/fr\/wp-json\/wp\/v2\/types\/page\/"}],"author":[{"embeddable":true,"href":"https:\/\/sectionsuedoise.com\/fr\/wp-json\/wp\/v2\/users\/1\/"}],"replies":[{"embeddable":true,"href":"https:\/\/sectionsuedoise.com\/fr\/wp-json\/wp\/v2\/comments\/?post=560"}],"version-history":[{"count":5,"href":"https:\/\/sectionsuedoise.com\/fr\/wp-json\/wp\/v2\/pages\/560\/revisions\/"}],"predecessor-version":[{"id":5625,"href":"https:\/\/sectionsuedoise.com\/fr\/wp-json\/wp\/v2\/pages\/560\/revisions\/5625\/"}],"up":[{"embeddable":true,"href":"https:\/\/sectionsuedoise.com\/fr\/wp-json\/wp\/v2\/pages\/517\/"}],"wp:attachment":[{"href":"https:\/\/sectionsuedoise.com\/fr\/wp-json\/wp\/v2\/media\/?parent=560"}],"curies":[{"name":"wp","href":"https:\/\/api.w.org\/{rel}","templated":true}]}}