{"id":565,"date":"2015-02-12T13:29:37","date_gmt":"2015-02-12T12:29:37","guid":{"rendered":"http:\/\/sectionsuedoise.com\/?page_id=565"},"modified":"2025-09-24T10:20:35","modified_gmt":"2025-09-24T08:20:35","slug":"le-conseil-des-eleves","status":"publish","type":"page","link":"https:\/\/sectionsuedoise.com\/fr\/section-suedoise\/le-conseil-des-eleves\/","title":{"rendered":"Le conseil des \u00e9l\u00e8ves"},"content":{"rendered":"<p>[et_pb_section fb_built=&nbsp;&raquo;1&Prime; fullwidth=&nbsp;&raquo;on&nbsp;&raquo; admin_label=&nbsp;&raquo;section&nbsp;&raquo; _builder_version=&nbsp;&raquo;4.16&Prime; background_color=&nbsp;&raquo;#92bbe4&Prime; transparent_background=&nbsp;&raquo;off&nbsp;&raquo; global_colors_info=&nbsp;&raquo;{}&nbsp;&raquo;][et_pb_fullwidth_header title=&nbsp;&raquo;Le conseil des \u00e9l\u00e8ves&nbsp;&raquo; content_max_width=&nbsp;&raquo;none&nbsp;&raquo; admin_label=&nbsp;&raquo;Fullwidth Header&nbsp;&raquo; _builder_version=&nbsp;&raquo;4.16&Prime; background_color=&nbsp;&raquo;rgba(255, 255, 255, 0)&nbsp;&raquo; global_colors_info=&nbsp;&raquo;{}&nbsp;&raquo; button_one_text_size__hover_enabled=&nbsp;&raquo;off&nbsp;&raquo; button_one_text_size__hover=&nbsp;&raquo;null&nbsp;&raquo; button_two_text_size__hover_enabled=&nbsp;&raquo;off&nbsp;&raquo; button_two_text_size__hover=&nbsp;&raquo;null&nbsp;&raquo; button_one_text_color__hover_enabled=&nbsp;&raquo;off&nbsp;&raquo; button_one_text_color__hover=&nbsp;&raquo;null&nbsp;&raquo; button_two_text_color__hover_enabled=&nbsp;&raquo;off&nbsp;&raquo; button_two_text_color__hover=&nbsp;&raquo;null&nbsp;&raquo; button_one_border_width__hover_enabled=&nbsp;&raquo;off&nbsp;&raquo; button_one_border_width__hover=&nbsp;&raquo;null&nbsp;&raquo; button_two_border_width__hover_enabled=&nbsp;&raquo;off&nbsp;&raquo; button_two_border_width__hover=&nbsp;&raquo;null&nbsp;&raquo; button_one_border_color__hover_enabled=&nbsp;&raquo;off&nbsp;&raquo; button_one_border_color__hover=&nbsp;&raquo;null&nbsp;&raquo; button_two_border_color__hover_enabled=&nbsp;&raquo;off&nbsp;&raquo; button_two_border_color__hover=&nbsp;&raquo;null&nbsp;&raquo; button_one_border_radius__hover_enabled=&nbsp;&raquo;off&nbsp;&raquo; button_one_border_radius__hover=&nbsp;&raquo;null&nbsp;&raquo; button_two_border_radius__hover_enabled=&nbsp;&raquo;off&nbsp;&raquo; button_two_border_radius__hover=&nbsp;&raquo;null&nbsp;&raquo; button_one_letter_spacing__hover_enabled=&nbsp;&raquo;off&nbsp;&raquo; button_one_letter_spacing__hover=&nbsp;&raquo;null&nbsp;&raquo; button_two_letter_spacing__hover_enabled=&nbsp;&raquo;off&nbsp;&raquo; button_two_letter_spacing__hover=&nbsp;&raquo;null&nbsp;&raquo; button_one_bg_color__hover_enabled=&nbsp;&raquo;off&nbsp;&raquo; button_one_bg_color__hover=&nbsp;&raquo;null&nbsp;&raquo; button_two_bg_color__hover_enabled=&nbsp;&raquo;off&nbsp;&raquo; button_two_bg_color__hover=&nbsp;&raquo;null&nbsp;&raquo;]<br \/>\n[\/et_pb_fullwidth_header][\/et_pb_section][et_pb_section fb_built=&nbsp;&raquo;1&Prime; admin_label=&nbsp;&raquo;section&nbsp;&raquo; _builder_version=&nbsp;&raquo;4.16&Prime; global_colors_info=&nbsp;&raquo;{}&nbsp;&raquo;][et_pb_row column_structure=&nbsp;&raquo;2_3,1_3&Prime; admin_label=&nbsp;&raquo;row&nbsp;&raquo; _builder_version=&nbsp;&raquo;4.16&Prime; background_size=&nbsp;&raquo;initial&nbsp;&raquo; background_position=&nbsp;&raquo;top_left&nbsp;&raquo; background_repeat=&nbsp;&raquo;repeat&nbsp;&raquo; global_colors_info=&nbsp;&raquo;{}&nbsp;&raquo;][et_pb_column type=&nbsp;&raquo;2_3&Prime; _builder_version=&nbsp;&raquo;4.16&Prime; custom_padding=&nbsp;&raquo;|||&nbsp;&raquo; global_colors_info=&nbsp;&raquo;{}&nbsp;&raquo; custom_padding__hover=&nbsp;&raquo;|||&nbsp;&raquo;][et_pb_text _builder_version=&nbsp;&raquo;4.27.4&Prime; background_size=&nbsp;&raquo;initial&nbsp;&raquo; background_position=&nbsp;&raquo;top_left&nbsp;&raquo; background_repeat=&nbsp;&raquo;repeat&nbsp;&raquo; hover_enabled=&nbsp;&raquo;0&Prime; z_index_tablet=&nbsp;&raquo;500&Prime; text_text_shadow_horizontal_length_tablet=&nbsp;&raquo;0px&nbsp;&raquo; text_text_shadow_vertical_length_tablet=&nbsp;&raquo;0px&nbsp;&raquo; text_text_shadow_blur_strength_tablet=&nbsp;&raquo;1px&nbsp;&raquo; link_text_shadow_horizontal_length_tablet=&nbsp;&raquo;0px&nbsp;&raquo; link_text_shadow_vertical_length_tablet=&nbsp;&raquo;0px&nbsp;&raquo; link_text_shadow_blur_strength_tablet=&nbsp;&raquo;1px&nbsp;&raquo; ul_text_shadow_horizontal_length_tablet=&nbsp;&raquo;0px&nbsp;&raquo; ul_text_shadow_vertical_length_tablet=&nbsp;&raquo;0px&nbsp;&raquo; ul_text_shadow_blur_strength_tablet=&nbsp;&raquo;1px&nbsp;&raquo; ol_text_shadow_horizontal_length_tablet=&nbsp;&raquo;0px&nbsp;&raquo; ol_text_shadow_vertical_length_tablet=&nbsp;&raquo;0px&nbsp;&raquo; ol_text_shadow_blur_strength_tablet=&nbsp;&raquo;1px&nbsp;&raquo; quote_text_shadow_horizontal_length_tablet=&nbsp;&raquo;0px&nbsp;&raquo; quote_text_shadow_vertical_length_tablet=&nbsp;&raquo;0px&nbsp;&raquo; quote_text_shadow_blur_strength_tablet=&nbsp;&raquo;1px&nbsp;&raquo; header_text_shadow_horizontal_length_tablet=&nbsp;&raquo;0px&nbsp;&raquo; header_text_shadow_vertical_length_tablet=&nbsp;&raquo;0px&nbsp;&raquo; header_text_shadow_blur_strength_tablet=&nbsp;&raquo;1px&nbsp;&raquo; header_2_text_shadow_horizontal_length_tablet=&nbsp;&raquo;0px&nbsp;&raquo; header_2_text_shadow_vertical_length_tablet=&nbsp;&raquo;0px&nbsp;&raquo; header_2_text_shadow_blur_strength_tablet=&nbsp;&raquo;1px&nbsp;&raquo; header_3_text_shadow_horizontal_length_tablet=&nbsp;&raquo;0px&nbsp;&raquo; header_3_text_shadow_vertical_length_tablet=&nbsp;&raquo;0px&nbsp;&raquo; header_3_text_shadow_blur_strength_tablet=&nbsp;&raquo;1px&nbsp;&raquo; header_4_text_shadow_horizontal_length_tablet=&nbsp;&raquo;0px&nbsp;&raquo; header_4_text_shadow_vertical_length_tablet=&nbsp;&raquo;0px&nbsp;&raquo; header_4_text_shadow_blur_strength_tablet=&nbsp;&raquo;1px&nbsp;&raquo; header_5_text_shadow_horizontal_length_tablet=&nbsp;&raquo;0px&nbsp;&raquo; header_5_text_shadow_vertical_length_tablet=&nbsp;&raquo;0px&nbsp;&raquo; header_5_text_shadow_blur_strength_tablet=&nbsp;&raquo;1px&nbsp;&raquo; header_6_text_shadow_horizontal_length_tablet=&nbsp;&raquo;0px&nbsp;&raquo; header_6_text_shadow_vertical_length_tablet=&nbsp;&raquo;0px&nbsp;&raquo; header_6_text_shadow_blur_strength_tablet=&nbsp;&raquo;1px&nbsp;&raquo; box_shadow_horizontal_tablet=&nbsp;&raquo;0px&nbsp;&raquo; box_shadow_vertical_tablet=&nbsp;&raquo;0px&nbsp;&raquo; box_shadow_blur_tablet=&nbsp;&raquo;40px&nbsp;&raquo; box_shadow_spread_tablet=&nbsp;&raquo;0px&nbsp;&raquo; use_border_color=&nbsp;&raquo;off&nbsp;&raquo; global_colors_info=&nbsp;&raquo;{}&nbsp;&raquo; sticky_enabled=&nbsp;&raquo;0&Prime;]<\/p>\n<p><strong>D\u00e9l\u00e9gu\u00e9s de classe<\/strong><\/p>\n<p>Ils assurent la liaison entre la direction de la Section Su\u00e9doise et les autres \u00e9l\u00e8ves.<br \/>Nous sommes tr\u00e8s fiers de nos d\u00e9l\u00e9gu\u00e9s qui font un travail remarquable. Ils parlent au nom de leurs camarades qu\u2019ils repr\u00e9sentent au conseil de classe. Le conseil se r\u00e9unit avec la directrice de la section quatre fois par an.<\/p>\n<p><strong>L&rsquo;ann\u00e9e scolaire 2025-2026,<\/strong> le conseil se compose des \u00e9l\u00e8ves suivants : <em>en cours de votes !<\/em><\/p>\n<p>&nbsp;<\/p>\n<table width=\"0\">\n<tbody>\n<tr>\n<td width=\"131\"><strong>Klass<\/strong><\/td>\n<td width=\"162\">D\u00e9l\u00e9gu\u00e9<\/td>\n<td width=\"151\">suppleant<\/td>\n<\/tr>\n<tr>\n<td width=\"131\">T<\/td>\n<td width=\"162\">\u00a0<\/td>\n<td width=\"151\">\u00a0<\/td>\n<\/tr>\n<tr>\n<td width=\"131\">1\u00e8re<\/td>\n<td width=\"162\">\u00a0<\/td>\n<td width=\"151\">\u00a0<\/td>\n<\/tr>\n<tr>\n<td width=\"131\">2nd<\/td>\n<td width=\"162\">\u00a0<\/td>\n<td width=\"151\">\u00a0<\/td>\n<\/tr>\n<tr>\n<td width=\"131\">3\u00e8me<\/td>\n<td width=\"162\">\u00a0<\/td>\n<td width=\"151\">\u00a0<\/td>\n<\/tr>\n<tr>\n<td width=\"131\">4\u00e8me<\/td>\n<td width=\"162\">\u00a0<\/td>\n<td width=\"151\">\u00a0<\/td>\n<\/tr>\n<tr>\n<td width=\"131\">5\u00e8me<\/td>\n<td width=\"162\">\u00a0<\/td>\n<td width=\"151\">\u00a0<\/td>\n<\/tr>\n<tr>\n<td width=\"131\">6\u00e8me<\/td>\n<\/tr>\n<\/tbody>\n<\/table>\n<p>[\/et_pb_text][\/et_pb_column][et_pb_column type=&nbsp;&raquo;1_3&Prime; _builder_version=&nbsp;&raquo;4.16&Prime; custom_padding=&nbsp;&raquo;|||&nbsp;&raquo; global_colors_info=&nbsp;&raquo;{}&nbsp;&raquo; custom_padding__hover=&nbsp;&raquo;|||&nbsp;&raquo;][et_pb_sidebar orientation=&nbsp;&raquo;right&nbsp;&raquo; area=&nbsp;&raquo;sidebar-1&Prime; admin_label=&nbsp;&raquo;Sidebar&nbsp;&raquo; _builder_version=&nbsp;&raquo;4.16&Prime; global_colors_info=&nbsp;&raquo;{}&nbsp;&raquo;]<br \/>\n[\/et_pb_sidebar][\/et_pb_column][\/et_pb_row][\/et_pb_section]<\/p>\n","protected":false},"excerpt":{"rendered":"<p>D\u00e9l\u00e9gu\u00e9s de classe Ils assurent la liaison entre la direction de la Section Su\u00e9doise et les autres \u00e9l\u00e8ves.Nous sommes tr\u00e8s fiers de nos d\u00e9l\u00e9gu\u00e9s qui font un travail remarquable. Ils parlent au nom de leurs camarades qu\u2019ils repr\u00e9sentent au conseil de classe. Le conseil se r\u00e9unit avec la directrice de la section quatre fois par [&hellip;]<\/p>\n","protected":false},"author":1,"featured_media":0,"parent":517,"menu_order":100,"comment_status":"closed","ping_status":"closed","template":"","meta":{"_et_pb_use_builder":"on","_et_pb_old_content":"","_et_gb_content_width":"","footnotes":"","_links_to":"","_links_to_target":""},"class_list":["post-565","page","type-page","status-publish","hentry"],"yoast_head":"<!-- This site is optimized with the Yoast SEO plugin v27.4 - https:\/\/yoast.com\/product\/yoast-seo-wordpress\/ -->\n<title>Le conseil des \u00e9l\u00e8ves - Section Su\u00e9doise | Svenska Sektionen | Saint-Germain-en-Laye<\/title>\n<meta name=\"robots\" content=\"index, follow, max-snippet:-1, max-image-preview:large, max-video-preview:-1\" \/>\n<link rel=\"canonical\" href=\"https:\/\/sectionsuedoise.com\/fr\/section-suedoise\/le-conseil-des-eleves\/\" \/>\n<meta property=\"og:locale\" content=\"fr_FR\" \/>\n<meta property=\"og:type\" content=\"article\" \/>\n<meta property=\"og:title\" content=\"Le conseil des \u00e9l\u00e8ves - Section Su\u00e9doise | Svenska Sektionen | Saint-Germain-en-Laye\" \/>\n<meta property=\"og:description\" content=\"D\u00e9l\u00e9gu\u00e9s de classe Ils assurent la liaison entre la direction de la Section Su\u00e9doise et les autres \u00e9l\u00e8ves.Nous sommes tr\u00e8s fiers de nos d\u00e9l\u00e9gu\u00e9s qui font un travail remarquable. Ils parlent au nom de leurs camarades qu\u2019ils repr\u00e9sentent au conseil de classe. Le conseil se r\u00e9unit avec la directrice de la section quatre fois par [&hellip;]\" \/>\n<meta property=\"og:url\" content=\"https:\/\/sectionsuedoise.com\/fr\/section-suedoise\/le-conseil-des-eleves\/\" \/>\n<meta property=\"og:site_name\" content=\"Section Su\u00e9doise | Svenska Sektionen | Saint-Germain-en-Laye\" \/>\n<meta property=\"article:modified_time\" content=\"2025-09-24T08:20:35+00:00\" \/>\n<meta name=\"twitter:label1\" content=\"Dur\u00e9e de lecture estim\u00e9e\" \/>\n\t<meta name=\"twitter:data1\" content=\"1 minute\" \/>\n<script type=\"application\/ld+json\" class=\"yoast-schema-graph\">{\"@context\":\"https:\\\/\\\/schema.org\",\"@graph\":[{\"@type\":\"WebPage\",\"@id\":\"https:\\\/\\\/sectionsuedoise.com\\\/fr\\\/section-suedoise\\\/le-conseil-des-eleves\\\/\",\"url\":\"https:\\\/\\\/sectionsuedoise.com\\\/fr\\\/section-suedoise\\\/le-conseil-des-eleves\\\/\",\"name\":\"Le conseil des \u00e9l\u00e8ves - Section Su\u00e9doise | Svenska Sektionen | Saint-Germain-en-Laye\",\"isPartOf\":{\"@id\":\"https:\\\/\\\/sectionsuedoise.com\\\/#website\"},\"datePublished\":\"2015-02-12T12:29:37+00:00\",\"dateModified\":\"2025-09-24T08:20:35+00:00\",\"breadcrumb\":{\"@id\":\"https:\\\/\\\/sectionsuedoise.com\\\/fr\\\/section-suedoise\\\/le-conseil-des-eleves\\\/#breadcrumb\"},\"inLanguage\":\"fr-FR\",\"potentialAction\":[{\"@type\":\"ReadAction\",\"target\":[\"https:\\\/\\\/sectionsuedoise.com\\\/fr\\\/section-suedoise\\\/le-conseil-des-eleves\\\/\"]}]},{\"@type\":\"BreadcrumbList\",\"@id\":\"https:\\\/\\\/sectionsuedoise.com\\\/fr\\\/section-suedoise\\\/le-conseil-des-eleves\\\/#breadcrumb\",\"itemListElement\":[{\"@type\":\"ListItem\",\"position\":1,\"name\":\"Hem\",\"item\":\"https:\\\/\\\/sectionsuedoise.com\\\/fr\\\/\"},{\"@type\":\"ListItem\",\"position\":2,\"name\":\"Section Su\u00e9doise\",\"item\":\"https:\\\/\\\/sectionsuedoise.com\\\/fr\\\/\"},{\"@type\":\"ListItem\",\"position\":3,\"name\":\"Le conseil des \u00e9l\u00e8ves\"}]},{\"@type\":\"WebSite\",\"@id\":\"https:\\\/\\\/sectionsuedoise.com\\\/#website\",\"url\":\"https:\\\/\\\/sectionsuedoise.com\\\/\",\"name\":\"Section Su\u00e9doise | Svenska Sektionen | Saint-Germain-en-Laye\",\"description\":\"En till WordPress-webbplats\",\"potentialAction\":[{\"@type\":\"SearchAction\",\"target\":{\"@type\":\"EntryPoint\",\"urlTemplate\":\"https:\\\/\\\/sectionsuedoise.com\\\/?s={search_term_string}\"},\"query-input\":{\"@type\":\"PropertyValueSpecification\",\"valueRequired\":true,\"valueName\":\"search_term_string\"}}],\"inLanguage\":\"fr-FR\"}]}<\/script>\n<!-- \/ Yoast SEO plugin. -->","yoast_head_json":{"title":"Le conseil des \u00e9l\u00e8ves - Section Su\u00e9doise | Svenska Sektionen | Saint-Germain-en-Laye","robots":{"index":"index","follow":"follow","max-snippet":"max-snippet:-1","max-image-preview":"max-image-preview:large","max-video-preview":"max-video-preview:-1"},"canonical":"https:\/\/sectionsuedoise.com\/fr\/section-suedoise\/le-conseil-des-eleves\/","og_locale":"fr_FR","og_type":"article","og_title":"Le conseil des \u00e9l\u00e8ves - Section Su\u00e9doise | Svenska Sektionen | Saint-Germain-en-Laye","og_description":"D\u00e9l\u00e9gu\u00e9s de classe Ils assurent la liaison entre la direction de la Section Su\u00e9doise et les autres \u00e9l\u00e8ves.Nous sommes tr\u00e8s fiers de nos d\u00e9l\u00e9gu\u00e9s qui font un travail remarquable. Ils parlent au nom de leurs camarades qu\u2019ils repr\u00e9sentent au conseil de classe. Le conseil se r\u00e9unit avec la directrice de la section quatre fois par [&hellip;]","og_url":"https:\/\/sectionsuedoise.com\/fr\/section-suedoise\/le-conseil-des-eleves\/","og_site_name":"Section Su\u00e9doise | Svenska Sektionen | Saint-Germain-en-Laye","article_modified_time":"2025-09-24T08:20:35+00:00","twitter_misc":{"Dur\u00e9e de lecture estim\u00e9e":"1 minute"},"schema":{"@context":"https:\/\/schema.org","@graph":[{"@type":"WebPage","@id":"https:\/\/sectionsuedoise.com\/fr\/section-suedoise\/le-conseil-des-eleves\/","url":"https:\/\/sectionsuedoise.com\/fr\/section-suedoise\/le-conseil-des-eleves\/","name":"Le conseil des \u00e9l\u00e8ves - Section Su\u00e9doise | Svenska Sektionen | Saint-Germain-en-Laye","isPartOf":{"@id":"https:\/\/sectionsuedoise.com\/#website"},"datePublished":"2015-02-12T12:29:37+00:00","dateModified":"2025-09-24T08:20:35+00:00","breadcrumb":{"@id":"https:\/\/sectionsuedoise.com\/fr\/section-suedoise\/le-conseil-des-eleves\/#breadcrumb"},"inLanguage":"fr-FR","potentialAction":[{"@type":"ReadAction","target":["https:\/\/sectionsuedoise.com\/fr\/section-suedoise\/le-conseil-des-eleves\/"]}]},{"@type":"BreadcrumbList","@id":"https:\/\/sectionsuedoise.com\/fr\/section-suedoise\/le-conseil-des-eleves\/#breadcrumb","itemListElement":[{"@type":"ListItem","position":1,"name":"Hem","item":"https:\/\/sectionsuedoise.com\/fr\/"},{"@type":"ListItem","position":2,"name":"Section Su\u00e9doise","item":"https:\/\/sectionsuedoise.com\/fr\/"},{"@type":"ListItem","position":3,"name":"Le conseil des \u00e9l\u00e8ves"}]},{"@type":"WebSite","@id":"https:\/\/sectionsuedoise.com\/#website","url":"https:\/\/sectionsuedoise.com\/","name":"Section Su\u00e9doise | Svenska Sektionen | Saint-Germain-en-Laye","description":"En till WordPress-webbplats","potentialAction":[{"@type":"SearchAction","target":{"@type":"EntryPoint","urlTemplate":"https:\/\/sectionsuedoise.com\/?s={search_term_string}"},"query-input":{"@type":"PropertyValueSpecification","valueRequired":true,"valueName":"search_term_string"}}],"inLanguage":"fr-FR"}]}},"_links":{"self":[{"href":"https:\/\/sectionsuedoise.com\/fr\/wp-json\/wp\/v2\/pages\/565\/"}],"collection":[{"href":"https:\/\/sectionsuedoise.com\/fr\/wp-json\/wp\/v2\/pages\/"}],"about":[{"href":"https:\/\/sectionsuedoise.com\/fr\/wp-json\/wp\/v2\/types\/page\/"}],"author":[{"embeddable":true,"href":"https:\/\/sectionsuedoise.com\/fr\/wp-json\/wp\/v2\/users\/1\/"}],"replies":[{"embeddable":true,"href":"https:\/\/sectionsuedoise.com\/fr\/wp-json\/wp\/v2\/comments\/?post=565"}],"version-history":[{"count":5,"href":"https:\/\/sectionsuedoise.com\/fr\/wp-json\/wp\/v2\/pages\/565\/revisions\/"}],"predecessor-version":[{"id":5649,"href":"https:\/\/sectionsuedoise.com\/fr\/wp-json\/wp\/v2\/pages\/565\/revisions\/5649\/"}],"up":[{"embeddable":true,"href":"https:\/\/sectionsuedoise.com\/fr\/wp-json\/wp\/v2\/pages\/517\/"}],"wp:attachment":[{"href":"https:\/\/sectionsuedoise.com\/fr\/wp-json\/wp\/v2\/media\/?parent=565"}],"curies":[{"name":"wp","href":"https:\/\/api.w.org\/{rel}","templated":true}]}}