{"id":567,"date":"2015-02-12T13:30:15","date_gmt":"2015-02-12T12:30:15","guid":{"rendered":"http:\/\/sectionsuedoise.com\/?page_id=567"},"modified":"2025-11-10T16:44:51","modified_gmt":"2025-11-10T15:44:51","slug":"les-parents-deleves","status":"publish","type":"page","link":"https:\/\/sectionsuedoise.com\/fr\/section-suedoise\/les-parents-deleves\/","title":{"rendered":"Les parents d&rsquo;\u00e9l\u00e8ves"},"content":{"rendered":"<p>[et_pb_section fb_built=&nbsp;&raquo;1&Prime; fullwidth=&nbsp;&raquo;on&nbsp;&raquo; admin_label=&nbsp;&raquo;section&nbsp;&raquo; _builder_version=&nbsp;&raquo;4.16&Prime; background_color=&nbsp;&raquo;#92bbe4&Prime; transparent_background=&nbsp;&raquo;off&nbsp;&raquo; global_colors_info=&nbsp;&raquo;{}&nbsp;&raquo;][et_pb_fullwidth_header title=&nbsp;&raquo;Les parents d&rsquo;\u00e9l\u00e8ves&nbsp;&raquo; content_max_width=&nbsp;&raquo;none&nbsp;&raquo; admin_label=&nbsp;&raquo;Fullwidth Header&nbsp;&raquo; _builder_version=&nbsp;&raquo;4.16&Prime; background_color=&nbsp;&raquo;rgba(255, 255, 255, 0)&nbsp;&raquo; global_colors_info=&nbsp;&raquo;{}&nbsp;&raquo; button_one_text_size__hover_enabled=&nbsp;&raquo;off&nbsp;&raquo; button_one_text_size__hover=&nbsp;&raquo;null&nbsp;&raquo; button_two_text_size__hover_enabled=&nbsp;&raquo;off&nbsp;&raquo; button_two_text_size__hover=&nbsp;&raquo;null&nbsp;&raquo; button_one_text_color__hover_enabled=&nbsp;&raquo;off&nbsp;&raquo; button_one_text_color__hover=&nbsp;&raquo;null&nbsp;&raquo; button_two_text_color__hover_enabled=&nbsp;&raquo;off&nbsp;&raquo; button_two_text_color__hover=&nbsp;&raquo;null&nbsp;&raquo; button_one_border_width__hover_enabled=&nbsp;&raquo;off&nbsp;&raquo; button_one_border_width__hover=&nbsp;&raquo;null&nbsp;&raquo; button_two_border_width__hover_enabled=&nbsp;&raquo;off&nbsp;&raquo; button_two_border_width__hover=&nbsp;&raquo;null&nbsp;&raquo; button_one_border_color__hover_enabled=&nbsp;&raquo;off&nbsp;&raquo; button_one_border_color__hover=&nbsp;&raquo;null&nbsp;&raquo; button_two_border_color__hover_enabled=&nbsp;&raquo;off&nbsp;&raquo; button_two_border_color__hover=&nbsp;&raquo;null&nbsp;&raquo; button_one_border_radius__hover_enabled=&nbsp;&raquo;off&nbsp;&raquo; button_one_border_radius__hover=&nbsp;&raquo;null&nbsp;&raquo; button_two_border_radius__hover_enabled=&nbsp;&raquo;off&nbsp;&raquo; button_two_border_radius__hover=&nbsp;&raquo;null&nbsp;&raquo; button_one_letter_spacing__hover_enabled=&nbsp;&raquo;off&nbsp;&raquo; button_one_letter_spacing__hover=&nbsp;&raquo;null&nbsp;&raquo; button_two_letter_spacing__hover_enabled=&nbsp;&raquo;off&nbsp;&raquo; button_two_letter_spacing__hover=&nbsp;&raquo;null&nbsp;&raquo; button_one_bg_color__hover_enabled=&nbsp;&raquo;off&nbsp;&raquo; button_one_bg_color__hover=&nbsp;&raquo;null&nbsp;&raquo; button_two_bg_color__hover_enabled=&nbsp;&raquo;off&nbsp;&raquo; button_two_bg_color__hover=&nbsp;&raquo;null&nbsp;&raquo;]<\/p>\n<p>[\/et_pb_fullwidth_header][\/et_pb_section][et_pb_section fb_built=&nbsp;&raquo;1&Prime; admin_label=&nbsp;&raquo;section&nbsp;&raquo; _builder_version=&nbsp;&raquo;4.16&Prime; global_colors_info=&nbsp;&raquo;{}&nbsp;&raquo;][et_pb_row column_structure=&nbsp;&raquo;2_3,1_3&Prime; admin_label=&nbsp;&raquo;row&nbsp;&raquo; _builder_version=&nbsp;&raquo;4.16&Prime; background_size=&nbsp;&raquo;initial&nbsp;&raquo; background_position=&nbsp;&raquo;top_left&nbsp;&raquo; background_repeat=&nbsp;&raquo;repeat&nbsp;&raquo; global_colors_info=&nbsp;&raquo;{}&nbsp;&raquo;][et_pb_column type=&nbsp;&raquo;2_3&Prime; _builder_version=&nbsp;&raquo;4.16&Prime; custom_padding=&nbsp;&raquo;|||&nbsp;&raquo; global_colors_info=&nbsp;&raquo;{}&nbsp;&raquo; custom_padding__hover=&nbsp;&raquo;|||&nbsp;&raquo;][et_pb_text _builder_version=&nbsp;&raquo;4.27.4&Prime; background_size=&nbsp;&raquo;initial&nbsp;&raquo; background_position=&nbsp;&raquo;top_left&nbsp;&raquo; background_repeat=&nbsp;&raquo;repeat&nbsp;&raquo; hover_enabled=&nbsp;&raquo;0&Prime; z_index_tablet=&nbsp;&raquo;500&Prime; text_text_shadow_horizontal_length_tablet=&nbsp;&raquo;0px&nbsp;&raquo; text_text_shadow_vertical_length_tablet=&nbsp;&raquo;0px&nbsp;&raquo; text_text_shadow_blur_strength_tablet=&nbsp;&raquo;1px&nbsp;&raquo; link_text_shadow_horizontal_length_tablet=&nbsp;&raquo;0px&nbsp;&raquo; link_text_shadow_vertical_length_tablet=&nbsp;&raquo;0px&nbsp;&raquo; link_text_shadow_blur_strength_tablet=&nbsp;&raquo;1px&nbsp;&raquo; ul_text_shadow_horizontal_length_tablet=&nbsp;&raquo;0px&nbsp;&raquo; ul_text_shadow_vertical_length_tablet=&nbsp;&raquo;0px&nbsp;&raquo; ul_text_shadow_blur_strength_tablet=&nbsp;&raquo;1px&nbsp;&raquo; ol_text_shadow_horizontal_length_tablet=&nbsp;&raquo;0px&nbsp;&raquo; ol_text_shadow_vertical_length_tablet=&nbsp;&raquo;0px&nbsp;&raquo; ol_text_shadow_blur_strength_tablet=&nbsp;&raquo;1px&nbsp;&raquo; quote_text_shadow_horizontal_length_tablet=&nbsp;&raquo;0px&nbsp;&raquo; quote_text_shadow_vertical_length_tablet=&nbsp;&raquo;0px&nbsp;&raquo; quote_text_shadow_blur_strength_tablet=&nbsp;&raquo;1px&nbsp;&raquo; header_text_shadow_horizontal_length_tablet=&nbsp;&raquo;0px&nbsp;&raquo; header_text_shadow_vertical_length_tablet=&nbsp;&raquo;0px&nbsp;&raquo; header_text_shadow_blur_strength_tablet=&nbsp;&raquo;1px&nbsp;&raquo; header_2_text_shadow_horizontal_length_tablet=&nbsp;&raquo;0px&nbsp;&raquo; header_2_text_shadow_vertical_length_tablet=&nbsp;&raquo;0px&nbsp;&raquo; header_2_text_shadow_blur_strength_tablet=&nbsp;&raquo;1px&nbsp;&raquo; header_3_text_shadow_horizontal_length_tablet=&nbsp;&raquo;0px&nbsp;&raquo; header_3_text_shadow_vertical_length_tablet=&nbsp;&raquo;0px&nbsp;&raquo; header_3_text_shadow_blur_strength_tablet=&nbsp;&raquo;1px&nbsp;&raquo; header_4_text_shadow_horizontal_length_tablet=&nbsp;&raquo;0px&nbsp;&raquo; header_4_text_shadow_vertical_length_tablet=&nbsp;&raquo;0px&nbsp;&raquo; header_4_text_shadow_blur_strength_tablet=&nbsp;&raquo;1px&nbsp;&raquo; header_5_text_shadow_horizontal_length_tablet=&nbsp;&raquo;0px&nbsp;&raquo; header_5_text_shadow_vertical_length_tablet=&nbsp;&raquo;0px&nbsp;&raquo; header_5_text_shadow_blur_strength_tablet=&nbsp;&raquo;1px&nbsp;&raquo; header_6_text_shadow_horizontal_length_tablet=&nbsp;&raquo;0px&nbsp;&raquo; header_6_text_shadow_vertical_length_tablet=&nbsp;&raquo;0px&nbsp;&raquo; header_6_text_shadow_blur_strength_tablet=&nbsp;&raquo;1px&nbsp;&raquo; box_shadow_horizontal_tablet=&nbsp;&raquo;0px&nbsp;&raquo; box_shadow_vertical_tablet=&nbsp;&raquo;0px&nbsp;&raquo; box_shadow_blur_tablet=&nbsp;&raquo;40px&nbsp;&raquo; box_shadow_spread_tablet=&nbsp;&raquo;0px&nbsp;&raquo; use_border_color=&nbsp;&raquo;off&nbsp;&raquo; global_colors_info=&nbsp;&raquo;{}&nbsp;&raquo; sticky_enabled=&nbsp;&raquo;0&Prime;]<\/p>\n<p><strong>Les parents d\u2019\u00e9l\u00e8ves<\/strong><\/p>\n<p>Ils assurent la liaison entre les professeurs de la Section Su\u00e9doise et les autres parents.<\/p>\n<p><strong>PEC &#8211; Parents d&rsquo;\u00e9l\u00e8ves Section Su\u00e9doise :<br \/><a href=\"https:\/\/sectionsuedoise.com\/wp-content\/uploads\/2025\/11\/klassforaldrar-2025-2026.pdf\" rel=\"attachment wp-att-5800\">klassf\u00f6r\u00e4ldrar 2025-2026<\/a><br \/><\/strong><strong><br \/><\/strong><\/p>\n<p><strong>\u00a0<\/strong><\/p>\n<p>&nbsp;<\/p>\n<p>[\/et_pb_text][\/et_pb_column][et_pb_column type=&nbsp;&raquo;1_3&Prime; _builder_version=&nbsp;&raquo;4.16&Prime; custom_padding=&nbsp;&raquo;|||&nbsp;&raquo; global_colors_info=&nbsp;&raquo;{}&nbsp;&raquo; custom_padding__hover=&nbsp;&raquo;|||&nbsp;&raquo;][et_pb_sidebar orientation=&nbsp;&raquo;right&nbsp;&raquo; area=&nbsp;&raquo;sidebar-1&Prime; admin_label=&nbsp;&raquo;Sidebar&nbsp;&raquo; _builder_version=&nbsp;&raquo;4.16&Prime; global_colors_info=&nbsp;&raquo;{}&nbsp;&raquo;]<\/p>\n<p>[\/et_pb_sidebar][\/et_pb_column][\/et_pb_row][\/et_pb_section]<\/p>\n","protected":false},"excerpt":{"rendered":"<p>Les parents d\u2019\u00e9l\u00e8ves Ils assurent la liaison entre les professeurs de la Section Su\u00e9doise et les autres parents. PEC &#8211; Parents d&rsquo;\u00e9l\u00e8ves Section Su\u00e9doise :klassf\u00f6r\u00e4ldrar 2025-2026 \u00a0 &nbsp;<\/p>\n","protected":false},"author":1,"featured_media":0,"parent":517,"menu_order":130,"comment_status":"closed","ping_status":"closed","template":"","meta":{"_et_pb_use_builder":"on","_et_pb_old_content":"","_et_gb_content_width":"","footnotes":"","_links_to":"","_links_to_target":""},"class_list":["post-567","page","type-page","status-publish","hentry"],"yoast_head":"<!-- This site is optimized with the Yoast SEO plugin v27.4 - https:\/\/yoast.com\/product\/yoast-seo-wordpress\/ -->\n<title>Les parents d&#039;\u00e9l\u00e8ves - Section Su\u00e9doise | Svenska Sektionen | Saint-Germain-en-Laye<\/title>\n<meta name=\"robots\" content=\"index, follow, max-snippet:-1, max-image-preview:large, max-video-preview:-1\" \/>\n<link rel=\"canonical\" href=\"https:\/\/sectionsuedoise.com\/fr\/section-suedoise\/les-parents-deleves\/\" \/>\n<meta property=\"og:locale\" content=\"fr_FR\" \/>\n<meta property=\"og:type\" content=\"article\" \/>\n<meta property=\"og:title\" content=\"Les parents d&#039;\u00e9l\u00e8ves - Section Su\u00e9doise | Svenska Sektionen | Saint-Germain-en-Laye\" \/>\n<meta property=\"og:description\" content=\"Les parents d\u2019\u00e9l\u00e8ves Ils assurent la liaison entre les professeurs de la Section Su\u00e9doise et les autres parents. PEC - Parents d&#039;\u00e9l\u00e8ves Section Su\u00e9doise :klassf\u00f6r\u00e4ldrar 2025-2026 \u00a0 &nbsp;\" \/>\n<meta property=\"og:url\" content=\"https:\/\/sectionsuedoise.com\/fr\/section-suedoise\/les-parents-deleves\/\" \/>\n<meta property=\"og:site_name\" content=\"Section Su\u00e9doise | Svenska Sektionen | Saint-Germain-en-Laye\" \/>\n<meta property=\"article:modified_time\" content=\"2025-11-10T15:44:51+00:00\" \/>\n<meta name=\"twitter:label1\" content=\"Dur\u00e9e de lecture estim\u00e9e\" \/>\n\t<meta name=\"twitter:data1\" content=\"1 minute\" \/>\n<script type=\"application\/ld+json\" class=\"yoast-schema-graph\">{\"@context\":\"https:\\\/\\\/schema.org\",\"@graph\":[{\"@type\":\"WebPage\",\"@id\":\"https:\\\/\\\/sectionsuedoise.com\\\/fr\\\/section-suedoise\\\/les-parents-deleves\\\/\",\"url\":\"https:\\\/\\\/sectionsuedoise.com\\\/fr\\\/section-suedoise\\\/les-parents-deleves\\\/\",\"name\":\"Les parents d'\u00e9l\u00e8ves - Section Su\u00e9doise | Svenska Sektionen | Saint-Germain-en-Laye\",\"isPartOf\":{\"@id\":\"https:\\\/\\\/sectionsuedoise.com\\\/#website\"},\"datePublished\":\"2015-02-12T12:30:15+00:00\",\"dateModified\":\"2025-11-10T15:44:51+00:00\",\"breadcrumb\":{\"@id\":\"https:\\\/\\\/sectionsuedoise.com\\\/fr\\\/section-suedoise\\\/les-parents-deleves\\\/#breadcrumb\"},\"inLanguage\":\"fr-FR\",\"potentialAction\":[{\"@type\":\"ReadAction\",\"target\":[\"https:\\\/\\\/sectionsuedoise.com\\\/fr\\\/section-suedoise\\\/les-parents-deleves\\\/\"]}]},{\"@type\":\"BreadcrumbList\",\"@id\":\"https:\\\/\\\/sectionsuedoise.com\\\/fr\\\/section-suedoise\\\/les-parents-deleves\\\/#breadcrumb\",\"itemListElement\":[{\"@type\":\"ListItem\",\"position\":1,\"name\":\"Hem\",\"item\":\"https:\\\/\\\/sectionsuedoise.com\\\/fr\\\/\"},{\"@type\":\"ListItem\",\"position\":2,\"name\":\"Section Su\u00e9doise\",\"item\":\"https:\\\/\\\/sectionsuedoise.com\\\/fr\\\/\"},{\"@type\":\"ListItem\",\"position\":3,\"name\":\"Les parents d&#8217;\u00e9l\u00e8ves\"}]},{\"@type\":\"WebSite\",\"@id\":\"https:\\\/\\\/sectionsuedoise.com\\\/#website\",\"url\":\"https:\\\/\\\/sectionsuedoise.com\\\/\",\"name\":\"Section Su\u00e9doise | Svenska Sektionen | Saint-Germain-en-Laye\",\"description\":\"En till WordPress-webbplats\",\"potentialAction\":[{\"@type\":\"SearchAction\",\"target\":{\"@type\":\"EntryPoint\",\"urlTemplate\":\"https:\\\/\\\/sectionsuedoise.com\\\/?s={search_term_string}\"},\"query-input\":{\"@type\":\"PropertyValueSpecification\",\"valueRequired\":true,\"valueName\":\"search_term_string\"}}],\"inLanguage\":\"fr-FR\"}]}<\/script>\n<!-- \/ Yoast SEO plugin. -->","yoast_head_json":{"title":"Les parents d'\u00e9l\u00e8ves - Section Su\u00e9doise | Svenska Sektionen | Saint-Germain-en-Laye","robots":{"index":"index","follow":"follow","max-snippet":"max-snippet:-1","max-image-preview":"max-image-preview:large","max-video-preview":"max-video-preview:-1"},"canonical":"https:\/\/sectionsuedoise.com\/fr\/section-suedoise\/les-parents-deleves\/","og_locale":"fr_FR","og_type":"article","og_title":"Les parents d'\u00e9l\u00e8ves - Section Su\u00e9doise | Svenska Sektionen | Saint-Germain-en-Laye","og_description":"Les parents d\u2019\u00e9l\u00e8ves Ils assurent la liaison entre les professeurs de la Section Su\u00e9doise et les autres parents. PEC - Parents d'\u00e9l\u00e8ves Section Su\u00e9doise :klassf\u00f6r\u00e4ldrar 2025-2026 \u00a0 &nbsp;","og_url":"https:\/\/sectionsuedoise.com\/fr\/section-suedoise\/les-parents-deleves\/","og_site_name":"Section Su\u00e9doise | Svenska Sektionen | Saint-Germain-en-Laye","article_modified_time":"2025-11-10T15:44:51+00:00","twitter_misc":{"Dur\u00e9e de lecture estim\u00e9e":"1 minute"},"schema":{"@context":"https:\/\/schema.org","@graph":[{"@type":"WebPage","@id":"https:\/\/sectionsuedoise.com\/fr\/section-suedoise\/les-parents-deleves\/","url":"https:\/\/sectionsuedoise.com\/fr\/section-suedoise\/les-parents-deleves\/","name":"Les parents d'\u00e9l\u00e8ves - Section Su\u00e9doise | Svenska Sektionen | Saint-Germain-en-Laye","isPartOf":{"@id":"https:\/\/sectionsuedoise.com\/#website"},"datePublished":"2015-02-12T12:30:15+00:00","dateModified":"2025-11-10T15:44:51+00:00","breadcrumb":{"@id":"https:\/\/sectionsuedoise.com\/fr\/section-suedoise\/les-parents-deleves\/#breadcrumb"},"inLanguage":"fr-FR","potentialAction":[{"@type":"ReadAction","target":["https:\/\/sectionsuedoise.com\/fr\/section-suedoise\/les-parents-deleves\/"]}]},{"@type":"BreadcrumbList","@id":"https:\/\/sectionsuedoise.com\/fr\/section-suedoise\/les-parents-deleves\/#breadcrumb","itemListElement":[{"@type":"ListItem","position":1,"name":"Hem","item":"https:\/\/sectionsuedoise.com\/fr\/"},{"@type":"ListItem","position":2,"name":"Section Su\u00e9doise","item":"https:\/\/sectionsuedoise.com\/fr\/"},{"@type":"ListItem","position":3,"name":"Les parents d&#8217;\u00e9l\u00e8ves"}]},{"@type":"WebSite","@id":"https:\/\/sectionsuedoise.com\/#website","url":"https:\/\/sectionsuedoise.com\/","name":"Section Su\u00e9doise | Svenska Sektionen | Saint-Germain-en-Laye","description":"En till WordPress-webbplats","potentialAction":[{"@type":"SearchAction","target":{"@type":"EntryPoint","urlTemplate":"https:\/\/sectionsuedoise.com\/?s={search_term_string}"},"query-input":{"@type":"PropertyValueSpecification","valueRequired":true,"valueName":"search_term_string"}}],"inLanguage":"fr-FR"}]}},"_links":{"self":[{"href":"https:\/\/sectionsuedoise.com\/fr\/wp-json\/wp\/v2\/pages\/567\/"}],"collection":[{"href":"https:\/\/sectionsuedoise.com\/fr\/wp-json\/wp\/v2\/pages\/"}],"about":[{"href":"https:\/\/sectionsuedoise.com\/fr\/wp-json\/wp\/v2\/types\/page\/"}],"author":[{"embeddable":true,"href":"https:\/\/sectionsuedoise.com\/fr\/wp-json\/wp\/v2\/users\/1\/"}],"replies":[{"embeddable":true,"href":"https:\/\/sectionsuedoise.com\/fr\/wp-json\/wp\/v2\/comments\/?post=567"}],"version-history":[{"count":4,"href":"https:\/\/sectionsuedoise.com\/fr\/wp-json\/wp\/v2\/pages\/567\/revisions\/"}],"predecessor-version":[{"id":5802,"href":"https:\/\/sectionsuedoise.com\/fr\/wp-json\/wp\/v2\/pages\/567\/revisions\/5802\/"}],"up":[{"embeddable":true,"href":"https:\/\/sectionsuedoise.com\/fr\/wp-json\/wp\/v2\/pages\/517\/"}],"wp:attachment":[{"href":"https:\/\/sectionsuedoise.com\/fr\/wp-json\/wp\/v2\/media\/?parent=567"}],"curies":[{"name":"wp","href":"https:\/\/api.w.org\/{rel}","templated":true}]}}