{"id":569,"date":"2015-02-12T13:30:53","date_gmt":"2015-02-12T12:30:53","guid":{"rendered":"http:\/\/sectionsuedoise.com\/?page_id=569"},"modified":"2025-09-19T16:26:14","modified_gmt":"2025-09-19T14:26:14","slug":"la-bibliotheque","status":"publish","type":"page","link":"https:\/\/sectionsuedoise.com\/fr\/section-suedoise\/la-bibliotheque\/","title":{"rendered":"La biblioth\u00e8que"},"content":{"rendered":"<p>[et_pb_section fb_built=&nbsp;&raquo;1&Prime; fullwidth=&nbsp;&raquo;on&nbsp;&raquo; admin_label=&nbsp;&raquo;section&nbsp;&raquo; _builder_version=&nbsp;&raquo;4.16&Prime; background_color=&nbsp;&raquo;#92bbe4&Prime; transparent_background=&nbsp;&raquo;off&nbsp;&raquo; global_colors_info=&nbsp;&raquo;{}&nbsp;&raquo;][et_pb_fullwidth_header title=&nbsp;&raquo;La biblioth\u00e8que&nbsp;&raquo; content_max_width=&nbsp;&raquo;none&nbsp;&raquo; admin_label=&nbsp;&raquo;Fullwidth Header&nbsp;&raquo; _builder_version=&nbsp;&raquo;4.16&Prime; background_color=&nbsp;&raquo;rgba(255, 255, 255, 0)&nbsp;&raquo; global_colors_info=&nbsp;&raquo;{}&nbsp;&raquo; button_one_text_size__hover_enabled=&nbsp;&raquo;off&nbsp;&raquo; button_one_text_size__hover=&nbsp;&raquo;null&nbsp;&raquo; button_two_text_size__hover_enabled=&nbsp;&raquo;off&nbsp;&raquo; button_two_text_size__hover=&nbsp;&raquo;null&nbsp;&raquo; button_one_text_color__hover_enabled=&nbsp;&raquo;off&nbsp;&raquo; button_one_text_color__hover=&nbsp;&raquo;null&nbsp;&raquo; button_two_text_color__hover_enabled=&nbsp;&raquo;off&nbsp;&raquo; button_two_text_color__hover=&nbsp;&raquo;null&nbsp;&raquo; button_one_border_width__hover_enabled=&nbsp;&raquo;off&nbsp;&raquo; button_one_border_width__hover=&nbsp;&raquo;null&nbsp;&raquo; button_two_border_width__hover_enabled=&nbsp;&raquo;off&nbsp;&raquo; button_two_border_width__hover=&nbsp;&raquo;null&nbsp;&raquo; button_one_border_color__hover_enabled=&nbsp;&raquo;off&nbsp;&raquo; button_one_border_color__hover=&nbsp;&raquo;null&nbsp;&raquo; button_two_border_color__hover_enabled=&nbsp;&raquo;off&nbsp;&raquo; button_two_border_color__hover=&nbsp;&raquo;null&nbsp;&raquo; button_one_border_radius__hover_enabled=&nbsp;&raquo;off&nbsp;&raquo; button_one_border_radius__hover=&nbsp;&raquo;null&nbsp;&raquo; button_two_border_radius__hover_enabled=&nbsp;&raquo;off&nbsp;&raquo; button_two_border_radius__hover=&nbsp;&raquo;null&nbsp;&raquo; button_one_letter_spacing__hover_enabled=&nbsp;&raquo;off&nbsp;&raquo; button_one_letter_spacing__hover=&nbsp;&raquo;null&nbsp;&raquo; button_two_letter_spacing__hover_enabled=&nbsp;&raquo;off&nbsp;&raquo; button_two_letter_spacing__hover=&nbsp;&raquo;null&nbsp;&raquo; button_one_bg_color__hover_enabled=&nbsp;&raquo;off&nbsp;&raquo; button_one_bg_color__hover=&nbsp;&raquo;null&nbsp;&raquo; button_two_bg_color__hover_enabled=&nbsp;&raquo;off&nbsp;&raquo; button_two_bg_color__hover=&nbsp;&raquo;null&nbsp;&raquo;]<br \/>\n[\/et_pb_fullwidth_header][\/et_pb_section][et_pb_section fb_built=&nbsp;&raquo;1&Prime; admin_label=&nbsp;&raquo;section&nbsp;&raquo; _builder_version=&nbsp;&raquo;4.16&Prime; global_colors_info=&nbsp;&raquo;{}&nbsp;&raquo;][et_pb_row column_structure=&nbsp;&raquo;2_3,1_3&Prime; admin_label=&nbsp;&raquo;row&nbsp;&raquo; _builder_version=&nbsp;&raquo;4.16&Prime; background_size=&nbsp;&raquo;initial&nbsp;&raquo; background_position=&nbsp;&raquo;top_left&nbsp;&raquo; background_repeat=&nbsp;&raquo;repeat&nbsp;&raquo; global_colors_info=&nbsp;&raquo;{}&nbsp;&raquo;][et_pb_column type=&nbsp;&raquo;2_3&Prime; _builder_version=&nbsp;&raquo;4.16&Prime; custom_padding=&nbsp;&raquo;|||&nbsp;&raquo; global_colors_info=&nbsp;&raquo;{}&nbsp;&raquo; custom_padding__hover=&nbsp;&raquo;|||&nbsp;&raquo;][et_pb_text _builder_version=&nbsp;&raquo;4.27.4&Prime; background_size=&nbsp;&raquo;initial&nbsp;&raquo; background_position=&nbsp;&raquo;top_left&nbsp;&raquo; background_repeat=&nbsp;&raquo;repeat&nbsp;&raquo; hover_enabled=&nbsp;&raquo;0&Prime; use_border_color=&nbsp;&raquo;off&nbsp;&raquo; border_color=&nbsp;&raquo;#ffffff&nbsp;&raquo; border_style=&nbsp;&raquo;solid&nbsp;&raquo; global_colors_info=&nbsp;&raquo;{}&nbsp;&raquo; sticky_enabled=&nbsp;&raquo;0&Prime;]<\/p>\n<p><b>La biblioth\u00e8que<\/b><img loading=\"lazy\" decoding=\"async\" class=\" wp-image-387 size-large alignnone\" src=\"https:\/\/sectionsuedoise.com\/wp-content\/uploads\/2014\/11\/0023_BIBBAN-1024x280.jpg\" alt=\"_0023_BIBBAN\" width=\"1024\" height=\"280\" srcset=\"https:\/\/sectionsuedoise.com\/wp-content\/uploads\/2014\/11\/0023_BIBBAN-1024x280.jpg 1024w, https:\/\/sectionsuedoise.com\/wp-content\/uploads\/2014\/11\/0023_BIBBAN-300x82.jpg 300w, https:\/\/sectionsuedoise.com\/wp-content\/uploads\/2014\/11\/0023_BIBBAN-1080x295.jpg 1080w, https:\/\/sectionsuedoise.com\/wp-content\/uploads\/2014\/11\/0023_BIBBAN.jpg 1280w\" sizes=\"(max-width: 1024px) 100vw, 1024px\" \/>Le Centre de Documentation et d\u2019Information <strong>(CDI)<\/strong> est une m\u00e9diath\u00e8que internationale de pr\u00eat ouverte aux \u00e9l\u00e8ves du coll\u00e8ge et du Lyc\u00e9e ainsi qu\u2019au personnel de l\u2019\u00e9tablissement. C\u2019est un espace de travail \u00e9galement d\u00e9di\u00e9 \u00e0 la lecture et \u00e0 l\u2019ouverture culturelle.<br \/>Responsable du CDI \u2013 Section Su\u00e9doise : Per-Ola Casselryd &#8211; professeur de su\u00e9dois avec les parents b\u00e9n\u00e9voles Anna Hallstensson et Christine Gunnarsson.<\/p>\n<p>La biblioth\u00e8que du primaire <strong>(BCD<\/strong>) est une m\u00e9diath\u00e8que internationale de pr\u00eat ouverte aux \u00e9l\u00e8ves du primaire.<\/p>\n<p><img loading=\"lazy\" decoding=\"async\" class=\"alignleft wp-image-385 size-large\" src=\"https:\/\/sectionsuedoise.com\/wp-content\/uploads\/2014\/11\/0022_BIBBAN1-1024x280.jpg\" alt=\"_0022_BIBBAN\" width=\"1024\" height=\"280\" srcset=\"https:\/\/sectionsuedoise.com\/wp-content\/uploads\/2014\/11\/0022_BIBBAN1-1024x280.jpg 1024w, https:\/\/sectionsuedoise.com\/wp-content\/uploads\/2014\/11\/0022_BIBBAN1-300x82.jpg 300w, https:\/\/sectionsuedoise.com\/wp-content\/uploads\/2014\/11\/0022_BIBBAN1-1080x295.jpg 1080w, https:\/\/sectionsuedoise.com\/wp-content\/uploads\/2014\/11\/0022_BIBBAN1.jpg 1280w\" sizes=\"(max-width: 1024px) 100vw, 1024px\" \/><\/p>\n<p>[\/et_pb_text][\/et_pb_column][et_pb_column type=&nbsp;&raquo;1_3&Prime; _builder_version=&nbsp;&raquo;4.16&Prime; custom_padding=&nbsp;&raquo;|||&nbsp;&raquo; global_colors_info=&nbsp;&raquo;{}&nbsp;&raquo; custom_padding__hover=&nbsp;&raquo;|||&nbsp;&raquo;][et_pb_sidebar orientation=&nbsp;&raquo;right&nbsp;&raquo; area=&nbsp;&raquo;sidebar-1&Prime; admin_label=&nbsp;&raquo;Sidebar&nbsp;&raquo; _builder_version=&nbsp;&raquo;4.16&Prime; global_colors_info=&nbsp;&raquo;{}&nbsp;&raquo;]<br \/>\n[\/et_pb_sidebar][\/et_pb_column][\/et_pb_row][\/et_pb_section]<\/p>\n","protected":false},"excerpt":{"rendered":"<p>La biblioth\u00e8queLe Centre de Documentation et d\u2019Information (CDI) est une m\u00e9diath\u00e8que internationale de pr\u00eat ouverte aux \u00e9l\u00e8ves du coll\u00e8ge et du Lyc\u00e9e ainsi qu\u2019au personnel de l\u2019\u00e9tablissement. C\u2019est un espace de travail \u00e9galement d\u00e9di\u00e9 \u00e0 la lecture et \u00e0 l\u2019ouverture culturelle.Responsable du CDI \u2013 Section Su\u00e9doise : Per-Ola Casselryd &#8211; professeur de su\u00e9dois avec les [&hellip;]<\/p>\n","protected":false},"author":1,"featured_media":0,"parent":517,"menu_order":140,"comment_status":"closed","ping_status":"closed","template":"","meta":{"_et_pb_use_builder":"on","_et_pb_old_content":"","_et_gb_content_width":"","footnotes":"","_links_to":"","_links_to_target":""},"class_list":["post-569","page","type-page","status-publish","hentry"],"yoast_head":"<!-- This site is optimized with the Yoast SEO plugin v27.2 - https:\/\/yoast.com\/product\/yoast-seo-wordpress\/ -->\n<title>La biblioth\u00e8que - Section Su\u00e9doise | Svenska Sektionen | Saint-Germain-en-Laye<\/title>\n<meta name=\"robots\" content=\"index, follow, max-snippet:-1, max-image-preview:large, max-video-preview:-1\" \/>\n<link rel=\"canonical\" href=\"https:\/\/sectionsuedoise.com\/fr\/section-suedoise\/la-bibliotheque\/\" \/>\n<meta property=\"og:locale\" content=\"fr_FR\" \/>\n<meta property=\"og:type\" content=\"article\" \/>\n<meta property=\"og:title\" content=\"La biblioth\u00e8que - Section Su\u00e9doise | Svenska Sektionen | Saint-Germain-en-Laye\" \/>\n<meta property=\"og:description\" content=\"La biblioth\u00e8queLe Centre de Documentation et d\u2019Information (CDI) est une m\u00e9diath\u00e8que internationale de pr\u00eat ouverte aux \u00e9l\u00e8ves du coll\u00e8ge et du Lyc\u00e9e ainsi qu\u2019au personnel de l\u2019\u00e9tablissement. C\u2019est un espace de travail \u00e9galement d\u00e9di\u00e9 \u00e0 la lecture et \u00e0 l\u2019ouverture culturelle.Responsable du CDI \u2013 Section Su\u00e9doise : Per-Ola Casselryd - professeur de su\u00e9dois avec les [&hellip;]\" \/>\n<meta property=\"og:url\" content=\"https:\/\/sectionsuedoise.com\/fr\/section-suedoise\/la-bibliotheque\/\" \/>\n<meta property=\"og:site_name\" content=\"Section Su\u00e9doise | Svenska Sektionen | Saint-Germain-en-Laye\" \/>\n<meta property=\"article:modified_time\" content=\"2025-09-19T14:26:14+00:00\" \/>\n<meta property=\"og:image\" content=\"https:\/\/sectionsuedoise.com\/wp-content\/uploads\/2014\/11\/0023_BIBBAN.jpg\" \/>\n\t<meta property=\"og:image:width\" content=\"1280\" \/>\n\t<meta property=\"og:image:height\" content=\"350\" \/>\n\t<meta property=\"og:image:type\" content=\"image\/jpeg\" \/>\n<meta name=\"twitter:label1\" content=\"Dur\u00e9e de lecture estim\u00e9e\" \/>\n\t<meta name=\"twitter:data1\" content=\"2 minutes\" \/>\n<script type=\"application\/ld+json\" class=\"yoast-schema-graph\">{\"@context\":\"https:\/\/schema.org\",\"@graph\":[{\"@type\":\"WebPage\",\"@id\":\"https:\/\/sectionsuedoise.com\/fr\/section-suedoise\/la-bibliotheque\/\",\"url\":\"https:\/\/sectionsuedoise.com\/fr\/section-suedoise\/la-bibliotheque\/\",\"name\":\"La biblioth\u00e8que - Section Su\u00e9doise | Svenska Sektionen | Saint-Germain-en-Laye\",\"isPartOf\":{\"@id\":\"https:\/\/sectionsuedoise.com\/#website\"},\"primaryImageOfPage\":{\"@id\":\"https:\/\/sectionsuedoise.com\/fr\/section-suedoise\/la-bibliotheque\/#primaryimage\"},\"image\":{\"@id\":\"https:\/\/sectionsuedoise.com\/fr\/section-suedoise\/la-bibliotheque\/#primaryimage\"},\"thumbnailUrl\":\"https:\/\/sectionsuedoise.com\/wp-content\/uploads\/2014\/11\/0023_BIBBAN-1024x280.jpg\",\"datePublished\":\"2015-02-12T12:30:53+00:00\",\"dateModified\":\"2025-09-19T14:26:14+00:00\",\"breadcrumb\":{\"@id\":\"https:\/\/sectionsuedoise.com\/fr\/section-suedoise\/la-bibliotheque\/#breadcrumb\"},\"inLanguage\":\"fr-FR\",\"potentialAction\":[{\"@type\":\"ReadAction\",\"target\":[\"https:\/\/sectionsuedoise.com\/fr\/section-suedoise\/la-bibliotheque\/\"]}]},{\"@type\":\"ImageObject\",\"inLanguage\":\"fr-FR\",\"@id\":\"https:\/\/sectionsuedoise.com\/fr\/section-suedoise\/la-bibliotheque\/#primaryimage\",\"url\":\"https:\/\/sectionsuedoise.com\/wp-content\/uploads\/2014\/11\/0023_BIBBAN-1024x280.jpg\",\"contentUrl\":\"https:\/\/sectionsuedoise.com\/wp-content\/uploads\/2014\/11\/0023_BIBBAN-1024x280.jpg\"},{\"@type\":\"BreadcrumbList\",\"@id\":\"https:\/\/sectionsuedoise.com\/fr\/section-suedoise\/la-bibliotheque\/#breadcrumb\",\"itemListElement\":[{\"@type\":\"ListItem\",\"position\":1,\"name\":\"Hem\",\"item\":\"https:\/\/sectionsuedoise.com\/fr\/\"},{\"@type\":\"ListItem\",\"position\":2,\"name\":\"Section Su\u00e9doise\",\"item\":\"https:\/\/sectionsuedoise.com\/fr\/\"},{\"@type\":\"ListItem\",\"position\":3,\"name\":\"La biblioth\u00e8que\"}]},{\"@type\":\"WebSite\",\"@id\":\"https:\/\/sectionsuedoise.com\/#website\",\"url\":\"https:\/\/sectionsuedoise.com\/\",\"name\":\"Section Su\u00e9doise | Svenska Sektionen | Saint-Germain-en-Laye\",\"description\":\"En till WordPress-webbplats\",\"potentialAction\":[{\"@type\":\"SearchAction\",\"target\":{\"@type\":\"EntryPoint\",\"urlTemplate\":\"https:\/\/sectionsuedoise.com\/?s={search_term_string}\"},\"query-input\":{\"@type\":\"PropertyValueSpecification\",\"valueRequired\":true,\"valueName\":\"search_term_string\"}}],\"inLanguage\":\"fr-FR\"}]}<\/script>\n<!-- \/ Yoast SEO plugin. -->","yoast_head_json":{"title":"La biblioth\u00e8que - Section Su\u00e9doise | Svenska Sektionen | Saint-Germain-en-Laye","robots":{"index":"index","follow":"follow","max-snippet":"max-snippet:-1","max-image-preview":"max-image-preview:large","max-video-preview":"max-video-preview:-1"},"canonical":"https:\/\/sectionsuedoise.com\/fr\/section-suedoise\/la-bibliotheque\/","og_locale":"fr_FR","og_type":"article","og_title":"La biblioth\u00e8que - Section Su\u00e9doise | Svenska Sektionen | Saint-Germain-en-Laye","og_description":"La biblioth\u00e8queLe Centre de Documentation et d\u2019Information (CDI) est une m\u00e9diath\u00e8que internationale de pr\u00eat ouverte aux \u00e9l\u00e8ves du coll\u00e8ge et du Lyc\u00e9e ainsi qu\u2019au personnel de l\u2019\u00e9tablissement. C\u2019est un espace de travail \u00e9galement d\u00e9di\u00e9 \u00e0 la lecture et \u00e0 l\u2019ouverture culturelle.Responsable du CDI \u2013 Section Su\u00e9doise : Per-Ola Casselryd - professeur de su\u00e9dois avec les [&hellip;]","og_url":"https:\/\/sectionsuedoise.com\/fr\/section-suedoise\/la-bibliotheque\/","og_site_name":"Section Su\u00e9doise | Svenska Sektionen | Saint-Germain-en-Laye","article_modified_time":"2025-09-19T14:26:14+00:00","og_image":[{"width":1280,"height":350,"url":"https:\/\/sectionsuedoise.com\/wp-content\/uploads\/2014\/11\/0023_BIBBAN.jpg","type":"image\/jpeg"}],"twitter_misc":{"Dur\u00e9e de lecture estim\u00e9e":"2 minutes"},"schema":{"@context":"https:\/\/schema.org","@graph":[{"@type":"WebPage","@id":"https:\/\/sectionsuedoise.com\/fr\/section-suedoise\/la-bibliotheque\/","url":"https:\/\/sectionsuedoise.com\/fr\/section-suedoise\/la-bibliotheque\/","name":"La biblioth\u00e8que - Section Su\u00e9doise | Svenska Sektionen | Saint-Germain-en-Laye","isPartOf":{"@id":"https:\/\/sectionsuedoise.com\/#website"},"primaryImageOfPage":{"@id":"https:\/\/sectionsuedoise.com\/fr\/section-suedoise\/la-bibliotheque\/#primaryimage"},"image":{"@id":"https:\/\/sectionsuedoise.com\/fr\/section-suedoise\/la-bibliotheque\/#primaryimage"},"thumbnailUrl":"https:\/\/sectionsuedoise.com\/wp-content\/uploads\/2014\/11\/0023_BIBBAN-1024x280.jpg","datePublished":"2015-02-12T12:30:53+00:00","dateModified":"2025-09-19T14:26:14+00:00","breadcrumb":{"@id":"https:\/\/sectionsuedoise.com\/fr\/section-suedoise\/la-bibliotheque\/#breadcrumb"},"inLanguage":"fr-FR","potentialAction":[{"@type":"ReadAction","target":["https:\/\/sectionsuedoise.com\/fr\/section-suedoise\/la-bibliotheque\/"]}]},{"@type":"ImageObject","inLanguage":"fr-FR","@id":"https:\/\/sectionsuedoise.com\/fr\/section-suedoise\/la-bibliotheque\/#primaryimage","url":"https:\/\/sectionsuedoise.com\/wp-content\/uploads\/2014\/11\/0023_BIBBAN-1024x280.jpg","contentUrl":"https:\/\/sectionsuedoise.com\/wp-content\/uploads\/2014\/11\/0023_BIBBAN-1024x280.jpg"},{"@type":"BreadcrumbList","@id":"https:\/\/sectionsuedoise.com\/fr\/section-suedoise\/la-bibliotheque\/#breadcrumb","itemListElement":[{"@type":"ListItem","position":1,"name":"Hem","item":"https:\/\/sectionsuedoise.com\/fr\/"},{"@type":"ListItem","position":2,"name":"Section Su\u00e9doise","item":"https:\/\/sectionsuedoise.com\/fr\/"},{"@type":"ListItem","position":3,"name":"La biblioth\u00e8que"}]},{"@type":"WebSite","@id":"https:\/\/sectionsuedoise.com\/#website","url":"https:\/\/sectionsuedoise.com\/","name":"Section Su\u00e9doise | Svenska Sektionen | Saint-Germain-en-Laye","description":"En till WordPress-webbplats","potentialAction":[{"@type":"SearchAction","target":{"@type":"EntryPoint","urlTemplate":"https:\/\/sectionsuedoise.com\/?s={search_term_string}"},"query-input":{"@type":"PropertyValueSpecification","valueRequired":true,"valueName":"search_term_string"}}],"inLanguage":"fr-FR"}]}},"_links":{"self":[{"href":"https:\/\/sectionsuedoise.com\/fr\/wp-json\/wp\/v2\/pages\/569\/"}],"collection":[{"href":"https:\/\/sectionsuedoise.com\/fr\/wp-json\/wp\/v2\/pages\/"}],"about":[{"href":"https:\/\/sectionsuedoise.com\/fr\/wp-json\/wp\/v2\/types\/page\/"}],"author":[{"embeddable":true,"href":"https:\/\/sectionsuedoise.com\/fr\/wp-json\/wp\/v2\/users\/1\/"}],"replies":[{"embeddable":true,"href":"https:\/\/sectionsuedoise.com\/fr\/wp-json\/wp\/v2\/comments\/?post=569"}],"version-history":[{"count":5,"href":"https:\/\/sectionsuedoise.com\/fr\/wp-json\/wp\/v2\/pages\/569\/revisions\/"}],"predecessor-version":[{"id":5629,"href":"https:\/\/sectionsuedoise.com\/fr\/wp-json\/wp\/v2\/pages\/569\/revisions\/5629\/"}],"up":[{"embeddable":true,"href":"https:\/\/sectionsuedoise.com\/fr\/wp-json\/wp\/v2\/pages\/517\/"}],"wp:attachment":[{"href":"https:\/\/sectionsuedoise.com\/fr\/wp-json\/wp\/v2\/media\/?parent=569"}],"curies":[{"name":"wp","href":"https:\/\/api.w.org\/{rel}","templated":true}]}}