{"id":571,"date":"2015-02-12T13:31:29","date_gmt":"2015-02-12T12:31:29","guid":{"rendered":"http:\/\/sectionsuedoise.com\/?page_id=571"},"modified":"2025-09-24T10:27:46","modified_gmt":"2025-09-24T08:27:46","slug":"liens","status":"publish","type":"page","link":"https:\/\/sectionsuedoise.com\/fr\/section-suedoise\/liens\/","title":{"rendered":"Liens"},"content":{"rendered":"<p>[et_pb_section fb_built=&nbsp;&raquo;1&Prime; fullwidth=&nbsp;&raquo;on&nbsp;&raquo; admin_label=&nbsp;&raquo;section&nbsp;&raquo; _builder_version=&nbsp;&raquo;4.16&Prime; background_color=&nbsp;&raquo;#92bbe4&Prime; transparent_background=&nbsp;&raquo;off&nbsp;&raquo; global_colors_info=&nbsp;&raquo;{}&nbsp;&raquo;][et_pb_fullwidth_header title=&nbsp;&raquo;Liens&nbsp;&raquo; content_max_width=&nbsp;&raquo;none&nbsp;&raquo; admin_label=&nbsp;&raquo;Fullwidth Header&nbsp;&raquo; _builder_version=&nbsp;&raquo;4.16&Prime; background_color=&nbsp;&raquo;rgba(255, 255, 255, 0)&nbsp;&raquo; button_one_letter_spacing_hover=&nbsp;&raquo;0&Prime; button_two_letter_spacing_hover=&nbsp;&raquo;0&Prime; global_colors_info=&nbsp;&raquo;{}&nbsp;&raquo; button_one_text_size__hover_enabled=&nbsp;&raquo;off&nbsp;&raquo; button_two_text_size__hover_enabled=&nbsp;&raquo;off&nbsp;&raquo; button_one_text_color__hover_enabled=&nbsp;&raquo;off&nbsp;&raquo; button_two_text_color__hover_enabled=&nbsp;&raquo;off&nbsp;&raquo; button_one_border_width__hover_enabled=&nbsp;&raquo;off&nbsp;&raquo; button_two_border_width__hover_enabled=&nbsp;&raquo;off&nbsp;&raquo; button_one_border_color__hover_enabled=&nbsp;&raquo;off&nbsp;&raquo; button_two_border_color__hover_enabled=&nbsp;&raquo;off&nbsp;&raquo; button_one_border_radius__hover_enabled=&nbsp;&raquo;off&nbsp;&raquo; button_two_border_radius__hover_enabled=&nbsp;&raquo;off&nbsp;&raquo; button_one_letter_spacing__hover_enabled=&nbsp;&raquo;on&nbsp;&raquo; button_one_letter_spacing__hover=&nbsp;&raquo;0&Prime; button_two_letter_spacing__hover_enabled=&nbsp;&raquo;on&nbsp;&raquo; button_two_letter_spacing__hover=&nbsp;&raquo;0&Prime; button_one_bg_color__hover_enabled=&nbsp;&raquo;off&nbsp;&raquo; button_two_bg_color__hover_enabled=&nbsp;&raquo;off&nbsp;&raquo;] [\/et_pb_fullwidth_header][\/et_pb_section][et_pb_section fb_built=&nbsp;&raquo;1&Prime; admin_label=&nbsp;&raquo;section&nbsp;&raquo; _builder_version=&nbsp;&raquo;4.16&Prime; global_colors_info=&nbsp;&raquo;{}&nbsp;&raquo;][et_pb_row admin_label=&nbsp;&raquo;row&nbsp;&raquo; _builder_version=&nbsp;&raquo;4.16&Prime; background_size=&nbsp;&raquo;initial&nbsp;&raquo; background_position=&nbsp;&raquo;top_left&nbsp;&raquo; background_repeat=&nbsp;&raquo;repeat&nbsp;&raquo; global_colors_info=&nbsp;&raquo;{}&nbsp;&raquo; column_structure=&nbsp;&raquo;2_3,1_3&Prime;][et_pb_column type=&nbsp;&raquo;2_3&Prime; _builder_version=&nbsp;&raquo;4.16&Prime; custom_padding=&nbsp;&raquo;|||&nbsp;&raquo; global_colors_info=&nbsp;&raquo;{}&nbsp;&raquo; custom_padding__hover=&nbsp;&raquo;|||&nbsp;&raquo;][et_pb_text admin_label=&nbsp;&raquo;Text&nbsp;&raquo; _builder_version=&nbsp;&raquo;4.27.4&Prime; background_size=&nbsp;&raquo;initial&nbsp;&raquo; background_position=&nbsp;&raquo;top_left&nbsp;&raquo; background_repeat=&nbsp;&raquo;repeat&nbsp;&raquo; hover_enabled=&nbsp;&raquo;0&Prime; use_border_color=&nbsp;&raquo;off&nbsp;&raquo; border_color=&nbsp;&raquo;#ffffff&nbsp;&raquo; border_style=&nbsp;&raquo;solid&nbsp;&raquo; global_colors_info=&nbsp;&raquo;{}&nbsp;&raquo; sticky_enabled=&nbsp;&raquo;0&Prime;]<\/p>\n<p>L&rsquo;Ambassade de Su\u00e8de \u00e0\u00a0Paris: <a href=\"http:\/\/www.swedenabroad.com\" target=\"_blank\" rel=\"noopener\">www.swedenabroad.com<\/a><\/p>\n<p>L&rsquo;\u00e9glise su\u00e9doise \u00e0\u00a0Paris: <a href=\"http:\/\/www.svenskakyrkan.se\/paris\" target=\"_blank\" rel=\"noopener\">www.svenskakyrkan.se\/paris<\/a><\/p>\n<p>Le Cercle su\u00e9dois \u00e0 Paris: <a href=\"http:\/\/www.cercle-suedois.com\" target=\"_blank\" rel=\"noopener\">www.cercle-suedois.com<\/a><\/p>\n<p>Le Centre culturel su\u00e9dois \u00e0\u00a0Paris: <a href=\"http:\/\/www.ccs.si.se\" target=\"_blank\" rel=\"noopener\">www.ccs.si.se<\/a><\/p>\n<p>La Chambre de commerce su\u00e9doise \u00e0 Paris\u00a0:\u00a0<a href=\"http:\/\/www.ccsf.fr\/\" target=\"_blank\" rel=\"noopener\">www.ccsf.fr\/<\/a><\/p>\n<p>Swea Paris: <a href=\"http:\/\/www.swea.org\/paris\" target=\"_blank\" rel=\"noopener\">www.swea.org\/paris<\/a><\/p>\n<p>Le Cit\u00e9 universitaire \u00e0\u00a0Paris: <a href=\"http:\/\/www.svenskastudenthemmet.com\" target=\"_blank\" rel=\"noopener\">www.svenskastudenthemmet.com <\/a><\/p>\n<p>La Mairie de Saint Germain-en-Laye\u00a0<a href=\"http:\/\/www.saintgermainenlaye.fr\/\">www.saintgermainenlaye.fr<\/a><\/p>\n<p>La Maire de Fourqueux\u00a0<a href=\"http:\/\/www.ville-fourqueux.fr\">www.ville-fourqueux.fr<\/a><\/p>\n<p>[\/et_pb_text][\/et_pb_column][et_pb_column type=&nbsp;&raquo;1_3&Prime; _builder_version=&nbsp;&raquo;4.16&Prime; custom_padding=&nbsp;&raquo;|||&nbsp;&raquo; global_colors_info=&nbsp;&raquo;{}&nbsp;&raquo; custom_padding__hover=&nbsp;&raquo;|||&nbsp;&raquo;][et_pb_sidebar orientation=&nbsp;&raquo;right&nbsp;&raquo; area=&nbsp;&raquo;sidebar-1&Prime; admin_label=&nbsp;&raquo;Sidebar&nbsp;&raquo; _builder_version=&nbsp;&raquo;4.16&Prime; global_colors_info=&nbsp;&raquo;{}&nbsp;&raquo;] [\/et_pb_sidebar][\/et_pb_column][\/et_pb_row][\/et_pb_section]<\/p>\n","protected":false},"excerpt":{"rendered":"<p>L&rsquo;Ambassade de Su\u00e8de \u00e0\u00a0Paris: www.swedenabroad.com L&rsquo;\u00e9glise su\u00e9doise \u00e0\u00a0Paris: www.svenskakyrkan.se\/paris Le Cercle su\u00e9dois \u00e0 Paris: www.cercle-suedois.com Le Centre culturel su\u00e9dois \u00e0\u00a0Paris: www.ccs.si.se La Chambre de commerce su\u00e9doise \u00e0 Paris\u00a0:\u00a0www.ccsf.fr\/ Swea Paris: www.swea.org\/paris Le Cit\u00e9 universitaire \u00e0\u00a0Paris: www.svenskastudenthemmet.com La Mairie de Saint Germain-en-Laye\u00a0www.saintgermainenlaye.fr La Maire de Fourqueux\u00a0www.ville-fourqueux.fr<\/p>\n","protected":false},"author":1,"featured_media":0,"parent":517,"menu_order":150,"comment_status":"closed","ping_status":"closed","template":"","meta":{"_et_pb_use_builder":"on","_et_pb_old_content":"","_et_gb_content_width":"","footnotes":"","_links_to":"","_links_to_target":""},"class_list":["post-571","page","type-page","status-publish","hentry"],"yoast_head":"<!-- This site is optimized with the Yoast SEO plugin v27.2 - https:\/\/yoast.com\/product\/yoast-seo-wordpress\/ -->\n<title>Liens - Section Su\u00e9doise | Svenska Sektionen | Saint-Germain-en-Laye<\/title>\n<meta name=\"robots\" content=\"index, follow, max-snippet:-1, max-image-preview:large, max-video-preview:-1\" \/>\n<link rel=\"canonical\" href=\"https:\/\/sectionsuedoise.com\/fr\/section-suedoise\/liens\/\" \/>\n<meta property=\"og:locale\" content=\"fr_FR\" \/>\n<meta property=\"og:type\" content=\"article\" \/>\n<meta property=\"og:title\" content=\"Liens - Section Su\u00e9doise | Svenska Sektionen | Saint-Germain-en-Laye\" \/>\n<meta property=\"og:description\" content=\"L&#039;Ambassade de Su\u00e8de \u00e0\u00a0Paris: www.swedenabroad.com L&#039;\u00e9glise su\u00e9doise \u00e0\u00a0Paris: www.svenskakyrkan.se\/paris Le Cercle su\u00e9dois \u00e0 Paris: www.cercle-suedois.com Le Centre culturel su\u00e9dois \u00e0\u00a0Paris: www.ccs.si.se La Chambre de commerce su\u00e9doise \u00e0 Paris\u00a0:\u00a0www.ccsf.fr\/ Swea Paris: www.swea.org\/paris Le Cit\u00e9 universitaire \u00e0\u00a0Paris: www.svenskastudenthemmet.com La Mairie de Saint Germain-en-Laye\u00a0www.saintgermainenlaye.fr La Maire de Fourqueux\u00a0www.ville-fourqueux.fr\" \/>\n<meta property=\"og:url\" content=\"https:\/\/sectionsuedoise.com\/fr\/section-suedoise\/liens\/\" \/>\n<meta property=\"og:site_name\" content=\"Section Su\u00e9doise | Svenska Sektionen | Saint-Germain-en-Laye\" \/>\n<meta property=\"article:modified_time\" content=\"2025-09-24T08:27:46+00:00\" \/>\n<meta name=\"twitter:label1\" content=\"Dur\u00e9e de lecture estim\u00e9e\" \/>\n\t<meta name=\"twitter:data1\" content=\"1 minute\" \/>\n<script type=\"application\/ld+json\" class=\"yoast-schema-graph\">{\"@context\":\"https:\/\/schema.org\",\"@graph\":[{\"@type\":\"WebPage\",\"@id\":\"https:\/\/sectionsuedoise.com\/fr\/section-suedoise\/liens\/\",\"url\":\"https:\/\/sectionsuedoise.com\/fr\/section-suedoise\/liens\/\",\"name\":\"Liens - Section Su\u00e9doise | Svenska Sektionen | Saint-Germain-en-Laye\",\"isPartOf\":{\"@id\":\"https:\/\/sectionsuedoise.com\/#website\"},\"datePublished\":\"2015-02-12T12:31:29+00:00\",\"dateModified\":\"2025-09-24T08:27:46+00:00\",\"breadcrumb\":{\"@id\":\"https:\/\/sectionsuedoise.com\/fr\/section-suedoise\/liens\/#breadcrumb\"},\"inLanguage\":\"fr-FR\",\"potentialAction\":[{\"@type\":\"ReadAction\",\"target\":[\"https:\/\/sectionsuedoise.com\/fr\/section-suedoise\/liens\/\"]}]},{\"@type\":\"BreadcrumbList\",\"@id\":\"https:\/\/sectionsuedoise.com\/fr\/section-suedoise\/liens\/#breadcrumb\",\"itemListElement\":[{\"@type\":\"ListItem\",\"position\":1,\"name\":\"Hem\",\"item\":\"https:\/\/sectionsuedoise.com\/fr\/\"},{\"@type\":\"ListItem\",\"position\":2,\"name\":\"Section Su\u00e9doise\",\"item\":\"https:\/\/sectionsuedoise.com\/fr\/\"},{\"@type\":\"ListItem\",\"position\":3,\"name\":\"Liens\"}]},{\"@type\":\"WebSite\",\"@id\":\"https:\/\/sectionsuedoise.com\/#website\",\"url\":\"https:\/\/sectionsuedoise.com\/\",\"name\":\"Section Su\u00e9doise | Svenska Sektionen | Saint-Germain-en-Laye\",\"description\":\"En till WordPress-webbplats\",\"potentialAction\":[{\"@type\":\"SearchAction\",\"target\":{\"@type\":\"EntryPoint\",\"urlTemplate\":\"https:\/\/sectionsuedoise.com\/?s={search_term_string}\"},\"query-input\":{\"@type\":\"PropertyValueSpecification\",\"valueRequired\":true,\"valueName\":\"search_term_string\"}}],\"inLanguage\":\"fr-FR\"}]}<\/script>\n<!-- \/ Yoast SEO plugin. -->","yoast_head_json":{"title":"Liens - Section Su\u00e9doise | Svenska Sektionen | Saint-Germain-en-Laye","robots":{"index":"index","follow":"follow","max-snippet":"max-snippet:-1","max-image-preview":"max-image-preview:large","max-video-preview":"max-video-preview:-1"},"canonical":"https:\/\/sectionsuedoise.com\/fr\/section-suedoise\/liens\/","og_locale":"fr_FR","og_type":"article","og_title":"Liens - Section Su\u00e9doise | Svenska Sektionen | Saint-Germain-en-Laye","og_description":"L'Ambassade de Su\u00e8de \u00e0\u00a0Paris: www.swedenabroad.com L'\u00e9glise su\u00e9doise \u00e0\u00a0Paris: www.svenskakyrkan.se\/paris Le Cercle su\u00e9dois \u00e0 Paris: www.cercle-suedois.com Le Centre culturel su\u00e9dois \u00e0\u00a0Paris: www.ccs.si.se La Chambre de commerce su\u00e9doise \u00e0 Paris\u00a0:\u00a0www.ccsf.fr\/ Swea Paris: www.swea.org\/paris Le Cit\u00e9 universitaire \u00e0\u00a0Paris: www.svenskastudenthemmet.com La Mairie de Saint Germain-en-Laye\u00a0www.saintgermainenlaye.fr La Maire de Fourqueux\u00a0www.ville-fourqueux.fr","og_url":"https:\/\/sectionsuedoise.com\/fr\/section-suedoise\/liens\/","og_site_name":"Section Su\u00e9doise | Svenska Sektionen | Saint-Germain-en-Laye","article_modified_time":"2025-09-24T08:27:46+00:00","twitter_misc":{"Dur\u00e9e de lecture estim\u00e9e":"1 minute"},"schema":{"@context":"https:\/\/schema.org","@graph":[{"@type":"WebPage","@id":"https:\/\/sectionsuedoise.com\/fr\/section-suedoise\/liens\/","url":"https:\/\/sectionsuedoise.com\/fr\/section-suedoise\/liens\/","name":"Liens - Section Su\u00e9doise | Svenska Sektionen | Saint-Germain-en-Laye","isPartOf":{"@id":"https:\/\/sectionsuedoise.com\/#website"},"datePublished":"2015-02-12T12:31:29+00:00","dateModified":"2025-09-24T08:27:46+00:00","breadcrumb":{"@id":"https:\/\/sectionsuedoise.com\/fr\/section-suedoise\/liens\/#breadcrumb"},"inLanguage":"fr-FR","potentialAction":[{"@type":"ReadAction","target":["https:\/\/sectionsuedoise.com\/fr\/section-suedoise\/liens\/"]}]},{"@type":"BreadcrumbList","@id":"https:\/\/sectionsuedoise.com\/fr\/section-suedoise\/liens\/#breadcrumb","itemListElement":[{"@type":"ListItem","position":1,"name":"Hem","item":"https:\/\/sectionsuedoise.com\/fr\/"},{"@type":"ListItem","position":2,"name":"Section Su\u00e9doise","item":"https:\/\/sectionsuedoise.com\/fr\/"},{"@type":"ListItem","position":3,"name":"Liens"}]},{"@type":"WebSite","@id":"https:\/\/sectionsuedoise.com\/#website","url":"https:\/\/sectionsuedoise.com\/","name":"Section Su\u00e9doise | Svenska Sektionen | Saint-Germain-en-Laye","description":"En till WordPress-webbplats","potentialAction":[{"@type":"SearchAction","target":{"@type":"EntryPoint","urlTemplate":"https:\/\/sectionsuedoise.com\/?s={search_term_string}"},"query-input":{"@type":"PropertyValueSpecification","valueRequired":true,"valueName":"search_term_string"}}],"inLanguage":"fr-FR"}]}},"_links":{"self":[{"href":"https:\/\/sectionsuedoise.com\/fr\/wp-json\/wp\/v2\/pages\/571\/"}],"collection":[{"href":"https:\/\/sectionsuedoise.com\/fr\/wp-json\/wp\/v2\/pages\/"}],"about":[{"href":"https:\/\/sectionsuedoise.com\/fr\/wp-json\/wp\/v2\/types\/page\/"}],"author":[{"embeddable":true,"href":"https:\/\/sectionsuedoise.com\/fr\/wp-json\/wp\/v2\/users\/1\/"}],"replies":[{"embeddable":true,"href":"https:\/\/sectionsuedoise.com\/fr\/wp-json\/wp\/v2\/comments\/?post=571"}],"version-history":[{"count":4,"href":"https:\/\/sectionsuedoise.com\/fr\/wp-json\/wp\/v2\/pages\/571\/revisions\/"}],"predecessor-version":[{"id":5651,"href":"https:\/\/sectionsuedoise.com\/fr\/wp-json\/wp\/v2\/pages\/571\/revisions\/5651\/"}],"up":[{"embeddable":true,"href":"https:\/\/sectionsuedoise.com\/fr\/wp-json\/wp\/v2\/pages\/517\/"}],"wp:attachment":[{"href":"https:\/\/sectionsuedoise.com\/fr\/wp-json\/wp\/v2\/media\/?parent=571"}],"curies":[{"name":"wp","href":"https:\/\/api.w.org\/{rel}","templated":true}]}}