{"id":575,"date":"2015-02-12T13:32:34","date_gmt":"2015-02-12T12:32:34","guid":{"rendered":"http:\/\/sectionsuedoise.com\/?page_id=575"},"modified":"2016-01-21T15:39:15","modified_gmt":"2016-01-21T14:39:15","slug":"francais-special","status":"publish","type":"page","link":"https:\/\/sectionsuedoise.com\/fr\/le-programme-deducation\/francais-special\/","title":{"rendered":"Fran\u00e7ais sp\u00e9cial"},"content":{"rendered":"<p>[et_pb_section admin_label=&nbsp;&raquo;section&nbsp;&raquo; fullwidth=&nbsp;&raquo;on&nbsp;&raquo; specialty=&nbsp;&raquo;off&nbsp;&raquo; transparent_background=&nbsp;&raquo;off&nbsp;&raquo; background_color=&nbsp;&raquo;#92bbe4&Prime; inner_shadow=&nbsp;&raquo;off&nbsp;&raquo; parallax=&nbsp;&raquo;off&nbsp;&raquo; parallax_method=&nbsp;&raquo;off&nbsp;&raquo;][et_pb_fullwidth_header admin_label=&nbsp;&raquo;Fullwidth Header&nbsp;&raquo; title=&nbsp;&raquo;Fran\u00e7ais sp\u00e9cial&nbsp;&raquo; background_layout=&nbsp;&raquo;dark&nbsp;&raquo; text_orientation=&nbsp;&raquo;left&nbsp;&raquo;] [\/et_pb_fullwidth_header][\/et_pb_section][et_pb_section admin_label=&nbsp;&raquo;section&nbsp;&raquo;][et_pb_row admin_label=&nbsp;&raquo;row&nbsp;&raquo;][et_pb_column type=&nbsp;&raquo;2_3&Prime;][et_pb_text admin_label=&nbsp;&raquo;Text&nbsp;&raquo; background_layout=&nbsp;&raquo;light&nbsp;&raquo; text_orientation=&nbsp;&raquo;left&nbsp;&raquo; text_font_size=&nbsp;&raquo;14&Prime; use_border_color=&nbsp;&raquo;off&nbsp;&raquo; border_color=&nbsp;&raquo;#ffffff&nbsp;&raquo; border_style=&nbsp;&raquo;solid&nbsp;&raquo;]<\/p>\n<h3>FS \u2013 Fran\u00e7ais sp\u00e9cial (ou Fran\u00e7ais langue \u00e9trang\u00e8re)<\/h3>\n<p><a href=\"http:\/\/sectionsuedoise.com\/wp-content\/uploads\/2015\/01\/0008_Prima\u00a6\u00earie.jpg\"><img loading=\"lazy\" decoding=\"async\" class=\"alignnone wp-image-503 size-large\" src=\"http:\/\/sectionsuedoise.com\/wp-content\/uploads\/2015\/01\/0008_Prima\u00a6\u00earie-1024x280.jpg\" alt=\"_0008_Prima\u00a6\u00earie\" width=\"1024\" height=\"280\" srcset=\"https:\/\/sectionsuedoise.com\/wp-content\/uploads\/2015\/01\/0008_Prima\u00a6\u00earie-1024x280.jpg 1024w, https:\/\/sectionsuedoise.com\/wp-content\/uploads\/2015\/01\/0008_Prima\u00a6\u00earie-300x82.jpg 300w, https:\/\/sectionsuedoise.com\/wp-content\/uploads\/2015\/01\/0008_Prima\u00a6\u00earie-1080x295.jpg 1080w, https:\/\/sectionsuedoise.com\/wp-content\/uploads\/2015\/01\/0008_Prima\u00a6\u00earie.jpg 1280w\" sizes=\"(max-width: 1024px) 100vw, 1024px\" \/><\/a><br \/>\nLes \u00e9l\u00e8ves qui ne ma\u00eetrisent pas le fran\u00e7ais au moment de l\u2019inscription peuvent avoir une place dans une classe \u00ab Fran\u00e7ais Sp\u00e9cial \u00bb dans laquelle ils apprennent la langue de fa\u00e7on intensive afin d\u2019int\u00e9grer une classe normale au bout d\u2019une ann\u00e9e.<br \/>\nCes classes sont propos\u00e9es du CE1 \u00e0 la seconde.<\/p>\n<p>[\/et_pb_text][\/et_pb_column][et_pb_column type=&nbsp;&raquo;1_3&Prime;][et_pb_sidebar admin_label=&nbsp;&raquo;Sidebar&nbsp;&raquo; orientation=&nbsp;&raquo;right&nbsp;&raquo; area=&nbsp;&raquo;sidebar-1&Prime; background_layout=&nbsp;&raquo;light&nbsp;&raquo;] [\/et_pb_sidebar][\/et_pb_column][\/et_pb_row][\/et_pb_section]<\/p>\n","protected":false},"excerpt":{"rendered":"<p>FS \u2013 Fran\u00e7ais sp\u00e9cial (ou Fran\u00e7ais langue \u00e9trang\u00e8re) Les \u00e9l\u00e8ves qui ne ma\u00eetrisent pas le fran\u00e7ais au moment de l\u2019inscription peuvent avoir une place dans une classe \u00ab Fran\u00e7ais Sp\u00e9cial \u00bb dans laquelle ils apprennent la langue de fa\u00e7on intensive afin d\u2019int\u00e9grer une classe normale au bout d\u2019une ann\u00e9e. Ces classes sont propos\u00e9es du CE1 [&hellip;]<\/p>\n","protected":false},"author":1,"featured_media":0,"parent":573,"menu_order":5,"comment_status":"closed","ping_status":"closed","template":"","meta":{"_et_pb_use_builder":"on","_et_pb_old_content":"","_et_gb_content_width":"","footnotes":"","_links_to":"","_links_to_target":""},"class_list":["post-575","page","type-page","status-publish","hentry"],"yoast_head":"<!-- This site is optimized with the Yoast SEO plugin v27.4 - https:\/\/yoast.com\/product\/yoast-seo-wordpress\/ -->\n<title>Fran\u00e7ais sp\u00e9cial - Section Su\u00e9doise | Svenska Sektionen | Saint-Germain-en-Laye<\/title>\n<meta name=\"robots\" content=\"index, follow, max-snippet:-1, max-image-preview:large, max-video-preview:-1\" \/>\n<link rel=\"canonical\" href=\"https:\/\/sectionsuedoise.com\/fr\/le-programme-deducation\/francais-special\/\" \/>\n<meta property=\"og:locale\" content=\"fr_FR\" \/>\n<meta property=\"og:type\" content=\"article\" \/>\n<meta property=\"og:title\" content=\"Fran\u00e7ais sp\u00e9cial - Section Su\u00e9doise | Svenska Sektionen | Saint-Germain-en-Laye\" \/>\n<meta property=\"og:description\" content=\"FS \u2013 Fran\u00e7ais sp\u00e9cial (ou Fran\u00e7ais langue \u00e9trang\u00e8re) Les \u00e9l\u00e8ves qui ne ma\u00eetrisent pas le fran\u00e7ais au moment de l\u2019inscription peuvent avoir une place dans une classe \u00ab Fran\u00e7ais Sp\u00e9cial \u00bb dans laquelle ils apprennent la langue de fa\u00e7on intensive afin d\u2019int\u00e9grer une classe normale au bout d\u2019une ann\u00e9e. Ces classes sont propos\u00e9es du CE1 [&hellip;]\" \/>\n<meta property=\"og:url\" content=\"https:\/\/sectionsuedoise.com\/fr\/le-programme-deducation\/francais-special\/\" \/>\n<meta property=\"og:site_name\" content=\"Section Su\u00e9doise | Svenska Sektionen | Saint-Germain-en-Laye\" \/>\n<meta property=\"article:modified_time\" content=\"2016-01-21T14:39:15+00:00\" \/>\n<meta property=\"og:image\" content=\"http:\/\/sectionsuedoise.com\/wp-content\/uploads\/2015\/01\/0008_Prima\u00a6\u00earie-1024x280.jpg\" \/>\n<meta name=\"twitter:label1\" content=\"Dur\u00e9e de lecture estim\u00e9e\" \/>\n\t<meta name=\"twitter:data1\" content=\"1 minute\" \/>\n<script type=\"application\/ld+json\" class=\"yoast-schema-graph\">{\"@context\":\"https:\\\/\\\/schema.org\",\"@graph\":[{\"@type\":\"WebPage\",\"@id\":\"https:\\\/\\\/sectionsuedoise.com\\\/fr\\\/le-programme-deducation\\\/francais-special\\\/\",\"url\":\"https:\\\/\\\/sectionsuedoise.com\\\/fr\\\/le-programme-deducation\\\/francais-special\\\/\",\"name\":\"Fran\u00e7ais sp\u00e9cial - Section Su\u00e9doise | Svenska Sektionen | Saint-Germain-en-Laye\",\"isPartOf\":{\"@id\":\"https:\\\/\\\/sectionsuedoise.com\\\/#website\"},\"datePublished\":\"2015-02-12T12:32:34+00:00\",\"dateModified\":\"2016-01-21T14:39:15+00:00\",\"breadcrumb\":{\"@id\":\"https:\\\/\\\/sectionsuedoise.com\\\/fr\\\/le-programme-deducation\\\/francais-special\\\/#breadcrumb\"},\"inLanguage\":\"fr-FR\",\"potentialAction\":[{\"@type\":\"ReadAction\",\"target\":[\"https:\\\/\\\/sectionsuedoise.com\\\/fr\\\/le-programme-deducation\\\/francais-special\\\/\"]}]},{\"@type\":\"BreadcrumbList\",\"@id\":\"https:\\\/\\\/sectionsuedoise.com\\\/fr\\\/le-programme-deducation\\\/francais-special\\\/#breadcrumb\",\"itemListElement\":[{\"@type\":\"ListItem\",\"position\":1,\"name\":\"Hem\",\"item\":\"https:\\\/\\\/sectionsuedoise.com\\\/fr\\\/\"},{\"@type\":\"ListItem\",\"position\":2,\"name\":\"Le programme d&#8217;\u00e9ducation\",\"item\":\"https:\\\/\\\/sectionsuedoise.com\\\/fr\\\/le-programme-deducation\\\/\"},{\"@type\":\"ListItem\",\"position\":3,\"name\":\"Fran\u00e7ais sp\u00e9cial\"}]},{\"@type\":\"WebSite\",\"@id\":\"https:\\\/\\\/sectionsuedoise.com\\\/#website\",\"url\":\"https:\\\/\\\/sectionsuedoise.com\\\/\",\"name\":\"Section Su\u00e9doise | Svenska Sektionen | Saint-Germain-en-Laye\",\"description\":\"En till WordPress-webbplats\",\"potentialAction\":[{\"@type\":\"SearchAction\",\"target\":{\"@type\":\"EntryPoint\",\"urlTemplate\":\"https:\\\/\\\/sectionsuedoise.com\\\/?s={search_term_string}\"},\"query-input\":{\"@type\":\"PropertyValueSpecification\",\"valueRequired\":true,\"valueName\":\"search_term_string\"}}],\"inLanguage\":\"fr-FR\"}]}<\/script>\n<!-- \/ Yoast SEO plugin. -->","yoast_head_json":{"title":"Fran\u00e7ais sp\u00e9cial - Section Su\u00e9doise | Svenska Sektionen | Saint-Germain-en-Laye","robots":{"index":"index","follow":"follow","max-snippet":"max-snippet:-1","max-image-preview":"max-image-preview:large","max-video-preview":"max-video-preview:-1"},"canonical":"https:\/\/sectionsuedoise.com\/fr\/le-programme-deducation\/francais-special\/","og_locale":"fr_FR","og_type":"article","og_title":"Fran\u00e7ais sp\u00e9cial - Section Su\u00e9doise | Svenska Sektionen | Saint-Germain-en-Laye","og_description":"FS \u2013 Fran\u00e7ais sp\u00e9cial (ou Fran\u00e7ais langue \u00e9trang\u00e8re) Les \u00e9l\u00e8ves qui ne ma\u00eetrisent pas le fran\u00e7ais au moment de l\u2019inscription peuvent avoir une place dans une classe \u00ab Fran\u00e7ais Sp\u00e9cial \u00bb dans laquelle ils apprennent la langue de fa\u00e7on intensive afin d\u2019int\u00e9grer une classe normale au bout d\u2019une ann\u00e9e. Ces classes sont propos\u00e9es du CE1 [&hellip;]","og_url":"https:\/\/sectionsuedoise.com\/fr\/le-programme-deducation\/francais-special\/","og_site_name":"Section Su\u00e9doise | Svenska Sektionen | Saint-Germain-en-Laye","article_modified_time":"2016-01-21T14:39:15+00:00","og_image":[{"url":"http:\/\/sectionsuedoise.com\/wp-content\/uploads\/2015\/01\/0008_Prima\u00a6\u00earie-1024x280.jpg","type":"","width":"","height":""}],"twitter_misc":{"Dur\u00e9e de lecture estim\u00e9e":"1 minute"},"schema":{"@context":"https:\/\/schema.org","@graph":[{"@type":"WebPage","@id":"https:\/\/sectionsuedoise.com\/fr\/le-programme-deducation\/francais-special\/","url":"https:\/\/sectionsuedoise.com\/fr\/le-programme-deducation\/francais-special\/","name":"Fran\u00e7ais sp\u00e9cial - Section Su\u00e9doise | Svenska Sektionen | Saint-Germain-en-Laye","isPartOf":{"@id":"https:\/\/sectionsuedoise.com\/#website"},"datePublished":"2015-02-12T12:32:34+00:00","dateModified":"2016-01-21T14:39:15+00:00","breadcrumb":{"@id":"https:\/\/sectionsuedoise.com\/fr\/le-programme-deducation\/francais-special\/#breadcrumb"},"inLanguage":"fr-FR","potentialAction":[{"@type":"ReadAction","target":["https:\/\/sectionsuedoise.com\/fr\/le-programme-deducation\/francais-special\/"]}]},{"@type":"BreadcrumbList","@id":"https:\/\/sectionsuedoise.com\/fr\/le-programme-deducation\/francais-special\/#breadcrumb","itemListElement":[{"@type":"ListItem","position":1,"name":"Hem","item":"https:\/\/sectionsuedoise.com\/fr\/"},{"@type":"ListItem","position":2,"name":"Le programme d&#8217;\u00e9ducation","item":"https:\/\/sectionsuedoise.com\/fr\/le-programme-deducation\/"},{"@type":"ListItem","position":3,"name":"Fran\u00e7ais sp\u00e9cial"}]},{"@type":"WebSite","@id":"https:\/\/sectionsuedoise.com\/#website","url":"https:\/\/sectionsuedoise.com\/","name":"Section Su\u00e9doise | Svenska Sektionen | Saint-Germain-en-Laye","description":"En till WordPress-webbplats","potentialAction":[{"@type":"SearchAction","target":{"@type":"EntryPoint","urlTemplate":"https:\/\/sectionsuedoise.com\/?s={search_term_string}"},"query-input":{"@type":"PropertyValueSpecification","valueRequired":true,"valueName":"search_term_string"}}],"inLanguage":"fr-FR"}]}},"_links":{"self":[{"href":"https:\/\/sectionsuedoise.com\/fr\/wp-json\/wp\/v2\/pages\/575\/"}],"collection":[{"href":"https:\/\/sectionsuedoise.com\/fr\/wp-json\/wp\/v2\/pages\/"}],"about":[{"href":"https:\/\/sectionsuedoise.com\/fr\/wp-json\/wp\/v2\/types\/page\/"}],"author":[{"embeddable":true,"href":"https:\/\/sectionsuedoise.com\/fr\/wp-json\/wp\/v2\/users\/1\/"}],"replies":[{"embeddable":true,"href":"https:\/\/sectionsuedoise.com\/fr\/wp-json\/wp\/v2\/comments\/?post=575"}],"version-history":[{"count":2,"href":"https:\/\/sectionsuedoise.com\/fr\/wp-json\/wp\/v2\/pages\/575\/revisions\/"}],"predecessor-version":[{"id":1098,"href":"https:\/\/sectionsuedoise.com\/fr\/wp-json\/wp\/v2\/pages\/575\/revisions\/1098\/"}],"up":[{"embeddable":true,"href":"https:\/\/sectionsuedoise.com\/fr\/wp-json\/wp\/v2\/pages\/573\/"}],"wp:attachment":[{"href":"https:\/\/sectionsuedoise.com\/fr\/wp-json\/wp\/v2\/media\/?parent=575"}],"curies":[{"name":"wp","href":"https:\/\/api.w.org\/{rel}","templated":true}]}}