{"id":577,"date":"2015-02-12T13:32:59","date_gmt":"2015-02-12T12:32:59","guid":{"rendered":"http:\/\/sectionsuedoise.com\/?page_id=577"},"modified":"2025-09-19T15:54:08","modified_gmt":"2025-09-19T13:54:08","slug":"bfi","status":"publish","type":"page","link":"https:\/\/sectionsuedoise.com\/fr\/le-programme-deducation\/bfi\/","title":{"rendered":"BFI"},"content":{"rendered":"<p>[et_pb_section fb_built=&nbsp;&raquo;1&Prime; fullwidth=&nbsp;&raquo;on&nbsp;&raquo; admin_label=&nbsp;&raquo;section&nbsp;&raquo; _builder_version=&nbsp;&raquo;4.22.1&Prime; background_color=&nbsp;&raquo;#92bbe4&Prime; transparent_background=&nbsp;&raquo;off&nbsp;&raquo; global_colors_info=&nbsp;&raquo;{}&nbsp;&raquo;][et_pb_fullwidth_header title=&nbsp;&raquo;BFI&nbsp;&raquo; content_max_width=&nbsp;&raquo;none&nbsp;&raquo; admin_label=&nbsp;&raquo;Fullwidth Header&nbsp;&raquo; _builder_version=&nbsp;&raquo;4.22.1&Prime; background_color=&nbsp;&raquo;rgba(255, 255, 255, 0)&nbsp;&raquo; global_colors_info=&nbsp;&raquo;{}&nbsp;&raquo; button_one_text_size__hover_enabled=&nbsp;&raquo;off&nbsp;&raquo; button_two_text_size__hover_enabled=&nbsp;&raquo;off&nbsp;&raquo; button_one_text_color__hover_enabled=&nbsp;&raquo;off&nbsp;&raquo; button_two_text_color__hover_enabled=&nbsp;&raquo;off&nbsp;&raquo; button_one_border_width__hover_enabled=&nbsp;&raquo;off&nbsp;&raquo; button_two_border_width__hover_enabled=&nbsp;&raquo;off&nbsp;&raquo; button_one_border_color__hover_enabled=&nbsp;&raquo;off&nbsp;&raquo; button_two_border_color__hover_enabled=&nbsp;&raquo;off&nbsp;&raquo; button_one_border_radius__hover_enabled=&nbsp;&raquo;off&nbsp;&raquo; button_two_border_radius__hover_enabled=&nbsp;&raquo;off&nbsp;&raquo; button_one_letter_spacing__hover_enabled=&nbsp;&raquo;off&nbsp;&raquo; button_two_letter_spacing__hover_enabled=&nbsp;&raquo;off&nbsp;&raquo; button_one_bg_color__hover_enabled=&nbsp;&raquo;off&nbsp;&raquo; button_two_bg_color__hover_enabled=&nbsp;&raquo;off&nbsp;&raquo;][\/et_pb_fullwidth_header][\/et_pb_section][et_pb_section fb_built=&nbsp;&raquo;1&Prime; admin_label=&nbsp;&raquo;section&nbsp;&raquo; _builder_version=&nbsp;&raquo;4.22.1&Prime; global_colors_info=&nbsp;&raquo;{}&nbsp;&raquo;][et_pb_row column_structure=&nbsp;&raquo;2_3,1_3&Prime; admin_label=&nbsp;&raquo;row&nbsp;&raquo; _builder_version=&nbsp;&raquo;4.22.1&Prime; background_size=&nbsp;&raquo;initial&nbsp;&raquo; background_position=&nbsp;&raquo;top_left&nbsp;&raquo; background_repeat=&nbsp;&raquo;repeat&nbsp;&raquo; global_colors_info=&nbsp;&raquo;{}&nbsp;&raquo;][et_pb_column type=&nbsp;&raquo;2_3&Prime; _builder_version=&nbsp;&raquo;4.16&Prime; custom_padding=&nbsp;&raquo;|||&nbsp;&raquo; global_colors_info=&nbsp;&raquo;{}&nbsp;&raquo; custom_padding__hover=&nbsp;&raquo;|||&nbsp;&raquo;][et_pb_text admin_label=&nbsp;&raquo;Text&nbsp;&raquo; _builder_version=&nbsp;&raquo;4.27.4&Prime; background_size=&nbsp;&raquo;initial&nbsp;&raquo; background_position=&nbsp;&raquo;top_left&nbsp;&raquo; background_repeat=&nbsp;&raquo;repeat&nbsp;&raquo; hover_enabled=&nbsp;&raquo;0&Prime; use_border_color=&nbsp;&raquo;off&nbsp;&raquo; border_color=&nbsp;&raquo;#ffffff&nbsp;&raquo; border_style=&nbsp;&raquo;solid&nbsp;&raquo; global_colors_info=&nbsp;&raquo;{}&nbsp;&raquo; sticky_enabled=&nbsp;&raquo;0&Prime;]<\/p>\n<h3>BFI, un passeport unique !<\/h3>\n<p><a href=\"https:\/\/sectionsuedoise.com\/wp-content\/uploads\/2015\/01\/stumossa.gif\"><img loading=\"lazy\" decoding=\"async\" class=\"alignnone size-full wp-image-429\" src=\"https:\/\/sectionsuedoise.com\/wp-content\/uploads\/2015\/01\/stumossa.gif\" alt=\"stumossa\" width=\"100\" height=\"64\" \/><\/a><\/p>\n<p><img loading=\"lazy\" decoding=\"async\" class=\"wp-image-5598 alignnone size-large\" src=\"https:\/\/sectionsuedoise.com\/wp-content\/uploads\/2025\/09\/student-chapeaux.2025-5-1024x683.jpg\" alt=\"\" width=\"1024\" height=\"683\" srcset=\"https:\/\/sectionsuedoise.com\/wp-content\/uploads\/2025\/09\/student-chapeaux.2025-5-980x653.jpg 980w, https:\/\/sectionsuedoise.com\/wp-content\/uploads\/2025\/09\/student-chapeaux.2025-5-480x320.jpg 480w\" sizes=\"(min-width: 0px) and (max-width: 480px) 480px, (min-width: 481px) and (max-width: 980px) 980px, (min-width: 981px) 1024px, 100vw\" \/><\/p>\n<p><strong>LE BACCALAUREAT FRANCAIS INTERNATIONAL<\/strong><\/p>\n<ul>\n<li>\u00c0 partir de septembre 2022, l\u2019OIB sera progressivement supprim\u00e9 et sera enti\u00e8rement remplac\u00e9 par le BFI.<\/li>\n<li>Les \u00e9l\u00e8ves entrant en Premi\u00e8re \u00e0 la rentr\u00e9e 2022 sont\u00a0la premi\u00e8re classe \u00e0 suivre le nouveau BFI.<\/li>\n<li>Les \u00e9l\u00e8ves qui obtiendront leur dipl\u00f4me au printemps 2024 seront donc les premiers \u00e0 recevoir un dipl\u00f4me BFI (et non un OIB).<\/li>\n<li>Le nom BFI est plus appropri\u00e9 : Au lieu de s\u2019appeler \u00ab option internationale \u00bb, il s\u2019agit du baccalaur\u00e9at &laquo;&nbsp;international fran\u00e7ais&nbsp;&raquo;.<\/li>\n<\/ul>\n<p><img loading=\"lazy\" decoding=\"async\" class=\"wp-image-4713 alignnone size-medium\" src=\"https:\/\/sectionsuedoise.com\/wp-content\/uploads\/2023\/09\/studenterna-1-300x200.jpg\" alt=\"\" width=\"300\" height=\"200\" \/><\/p>\n<p>Veuillez trouver ci-dessous les liens vous permettant d\u2019avoir toutes les informations concernant le nouveau Baccalaur\u00e9at Fran\u00e7ais International (BFI).<\/p>\n<p><img loading=\"lazy\" decoding=\"async\" class=\"wp-image-5605 alignnone size-medium\" src=\"https:\/\/sectionsuedoise.com\/wp-content\/uploads\/2025\/09\/2T5-1\u00a9Pedro-Lombardi-T25_39A9335-300x200.jpg\" alt=\"\" width=\"300\" height=\"200\" srcset=\"https:\/\/sectionsuedoise.com\/wp-content\/uploads\/2025\/09\/2T5-1\u00a9Pedro-Lombardi-T25_39A9335-300x200.jpg 300w, https:\/\/sectionsuedoise.com\/wp-content\/uploads\/2025\/09\/2T5-1\u00a9Pedro-Lombardi-T25_39A9335-1024x683.jpg 1024w, https:\/\/sectionsuedoise.com\/wp-content\/uploads\/2025\/09\/2T5-1\u00a9Pedro-Lombardi-T25_39A9335-768x512.jpg 768w, https:\/\/sectionsuedoise.com\/wp-content\/uploads\/2025\/09\/2T5-1\u00a9Pedro-Lombardi-T25_39A9335-1536x1024.jpg 1536w, https:\/\/sectionsuedoise.com\/wp-content\/uploads\/2025\/09\/2T5-1\u00a9Pedro-Lombardi-T25_39A9335-2048x1365.jpg 2048w, https:\/\/sectionsuedoise.com\/wp-content\/uploads\/2025\/09\/2T5-1\u00a9Pedro-Lombardi-T25_39A9335-1080x720.jpg 1080w, https:\/\/sectionsuedoise.com\/wp-content\/uploads\/2025\/09\/2T5-1\u00a9Pedro-Lombardi-T25_39A9335-1280x854.jpg 1280w, https:\/\/sectionsuedoise.com\/wp-content\/uploads\/2025\/09\/2T5-1\u00a9Pedro-Lombardi-T25_39A9335-980x653.jpg 980w, https:\/\/sectionsuedoise.com\/wp-content\/uploads\/2025\/09\/2T5-1\u00a9Pedro-Lombardi-T25_39A9335-480x320.jpg 480w\" sizes=\"(max-width: 300px) 100vw, 300px\" \/><\/p>\n<p><strong>BFI CENTRAL, SITES WEB<\/strong><\/p>\n<p>Version fran\u00e7aise :\u00a0<a href=\"https:\/\/www.bficentral.org\/home-fr\">https:\/\/www.bficentral.org\/home-fr<\/a><\/p>\n<p>Version anglaise :\u00a0<a href=\"http:\/\/www.bficentral.org\/\" target=\"_blank\" rel=\"noreferrer noopener\">www.bficentral.org<\/a><\/p>\n<p>&nbsp;<\/p>\n<p><strong>VIDEOS<\/strong><\/p>\n<p>Version fran\u00e7aise :\u00a0<a href=\"https:\/\/www.youtube.com\/watch?v=UOJ1ArFIUoo\">https:\/\/www.youtube.com\/watch?v=UOJ1ArFIUoo<\/a><\/p>\n<p>Version anglaise :<a href=\"https:\/\/www.youtube.com\/watch?v=HseyqrmPn0c\" target=\"_blank\" rel=\"noreferrer noopener\">https:\/\/www.youtube.com\/watch?v=HseyqrmPn0c<\/a><\/p>\n<p>&nbsp;<\/p>\n<p>&nbsp;<\/p>\n<p>&nbsp;<\/p>\n<p>&nbsp;<\/p>\n<p>&nbsp;<\/p>\n<p>[\/et_pb_text][\/et_pb_column][et_pb_column type=&nbsp;&raquo;1_3&Prime; _builder_version=&nbsp;&raquo;4.16&Prime; custom_padding=&nbsp;&raquo;|||&nbsp;&raquo; global_colors_info=&nbsp;&raquo;{}&nbsp;&raquo; custom_padding__hover=&nbsp;&raquo;|||&nbsp;&raquo;][\/et_pb_column][\/et_pb_row][\/et_pb_section]<\/p>\n","protected":false},"excerpt":{"rendered":"<p>BFI, un passeport unique ! LE BACCALAUREAT FRANCAIS INTERNATIONAL \u00c0 partir de septembre 2022, l\u2019OIB sera progressivement supprim\u00e9 et sera enti\u00e8rement remplac\u00e9 par le BFI. Les \u00e9l\u00e8ves entrant en Premi\u00e8re \u00e0 la rentr\u00e9e 2022 sont\u00a0la premi\u00e8re classe \u00e0 suivre le nouveau BFI. Les \u00e9l\u00e8ves qui obtiendront leur dipl\u00f4me au printemps 2024 seront donc les premiers [&hellip;]<\/p>\n","protected":false},"author":1,"featured_media":0,"parent":573,"menu_order":10,"comment_status":"closed","ping_status":"closed","template":"","meta":{"_et_pb_use_builder":"on","_et_pb_old_content":"","_et_gb_content_width":"","footnotes":"","_links_to":"","_links_to_target":""},"class_list":["post-577","page","type-page","status-publish","hentry"],"yoast_head":"<!-- This site is optimized with the Yoast SEO plugin v27.2 - https:\/\/yoast.com\/product\/yoast-seo-wordpress\/ -->\n<title>BFI - Section Su\u00e9doise | Svenska Sektionen | Saint-Germain-en-Laye<\/title>\n<meta name=\"robots\" content=\"index, follow, max-snippet:-1, max-image-preview:large, max-video-preview:-1\" \/>\n<link rel=\"canonical\" href=\"https:\/\/sectionsuedoise.com\/fr\/le-programme-deducation\/bfi\/\" \/>\n<meta property=\"og:locale\" content=\"fr_FR\" \/>\n<meta property=\"og:type\" content=\"article\" \/>\n<meta property=\"og:title\" content=\"BFI - Section Su\u00e9doise | Svenska Sektionen | Saint-Germain-en-Laye\" \/>\n<meta property=\"og:description\" content=\"BFI, un passeport unique ! LE BACCALAUREAT FRANCAIS INTERNATIONAL \u00c0 partir de septembre 2022, l\u2019OIB sera progressivement supprim\u00e9 et sera enti\u00e8rement remplac\u00e9 par le BFI. Les \u00e9l\u00e8ves entrant en Premi\u00e8re \u00e0 la rentr\u00e9e 2022 sont\u00a0la premi\u00e8re classe \u00e0 suivre le nouveau BFI. Les \u00e9l\u00e8ves qui obtiendront leur dipl\u00f4me au printemps 2024 seront donc les premiers [&hellip;]\" \/>\n<meta property=\"og:url\" content=\"https:\/\/sectionsuedoise.com\/fr\/le-programme-deducation\/bfi\/\" \/>\n<meta property=\"og:site_name\" content=\"Section Su\u00e9doise | Svenska Sektionen | Saint-Germain-en-Laye\" \/>\n<meta property=\"article:modified_time\" content=\"2025-09-19T13:54:08+00:00\" \/>\n<meta property=\"og:image\" content=\"https:\/\/sectionsuedoise.com\/wp-content\/uploads\/2015\/01\/stumossa.gif\" \/>\n\t<meta property=\"og:image:width\" content=\"100\" \/>\n\t<meta property=\"og:image:height\" content=\"64\" \/>\n\t<meta property=\"og:image:type\" content=\"image\/gif\" \/>\n<meta name=\"twitter:label1\" content=\"Dur\u00e9e de lecture estim\u00e9e\" \/>\n\t<meta name=\"twitter:data1\" content=\"2 minutes\" \/>\n<script type=\"application\/ld+json\" class=\"yoast-schema-graph\">{\"@context\":\"https:\/\/schema.org\",\"@graph\":[{\"@type\":\"WebPage\",\"@id\":\"https:\/\/sectionsuedoise.com\/fr\/le-programme-deducation\/bfi\/\",\"url\":\"https:\/\/sectionsuedoise.com\/fr\/le-programme-deducation\/bfi\/\",\"name\":\"BFI - Section Su\u00e9doise | Svenska Sektionen | Saint-Germain-en-Laye\",\"isPartOf\":{\"@id\":\"https:\/\/sectionsuedoise.com\/#website\"},\"primaryImageOfPage\":{\"@id\":\"https:\/\/sectionsuedoise.com\/fr\/le-programme-deducation\/bfi\/#primaryimage\"},\"image\":{\"@id\":\"https:\/\/sectionsuedoise.com\/fr\/le-programme-deducation\/bfi\/#primaryimage\"},\"thumbnailUrl\":\"https:\/\/sectionsuedoise.com\/wp-content\/uploads\/2015\/01\/stumossa.gif\",\"datePublished\":\"2015-02-12T12:32:59+00:00\",\"dateModified\":\"2025-09-19T13:54:08+00:00\",\"breadcrumb\":{\"@id\":\"https:\/\/sectionsuedoise.com\/fr\/le-programme-deducation\/bfi\/#breadcrumb\"},\"inLanguage\":\"fr-FR\",\"potentialAction\":[{\"@type\":\"ReadAction\",\"target\":[\"https:\/\/sectionsuedoise.com\/fr\/le-programme-deducation\/bfi\/\"]}]},{\"@type\":\"ImageObject\",\"inLanguage\":\"fr-FR\",\"@id\":\"https:\/\/sectionsuedoise.com\/fr\/le-programme-deducation\/bfi\/#primaryimage\",\"url\":\"https:\/\/sectionsuedoise.com\/wp-content\/uploads\/2015\/01\/stumossa.gif\",\"contentUrl\":\"https:\/\/sectionsuedoise.com\/wp-content\/uploads\/2015\/01\/stumossa.gif\"},{\"@type\":\"BreadcrumbList\",\"@id\":\"https:\/\/sectionsuedoise.com\/fr\/le-programme-deducation\/bfi\/#breadcrumb\",\"itemListElement\":[{\"@type\":\"ListItem\",\"position\":1,\"name\":\"Hem\",\"item\":\"https:\/\/sectionsuedoise.com\/fr\/\"},{\"@type\":\"ListItem\",\"position\":2,\"name\":\"Le programme d&#8217;\u00e9ducation\",\"item\":\"https:\/\/sectionsuedoise.com\/fr\/le-programme-deducation\/\"},{\"@type\":\"ListItem\",\"position\":3,\"name\":\"BFI\"}]},{\"@type\":\"WebSite\",\"@id\":\"https:\/\/sectionsuedoise.com\/#website\",\"url\":\"https:\/\/sectionsuedoise.com\/\",\"name\":\"Section Su\u00e9doise | Svenska Sektionen | Saint-Germain-en-Laye\",\"description\":\"En till WordPress-webbplats\",\"potentialAction\":[{\"@type\":\"SearchAction\",\"target\":{\"@type\":\"EntryPoint\",\"urlTemplate\":\"https:\/\/sectionsuedoise.com\/?s={search_term_string}\"},\"query-input\":{\"@type\":\"PropertyValueSpecification\",\"valueRequired\":true,\"valueName\":\"search_term_string\"}}],\"inLanguage\":\"fr-FR\"}]}<\/script>\n<!-- \/ Yoast SEO plugin. -->","yoast_head_json":{"title":"BFI - Section Su\u00e9doise | Svenska Sektionen | Saint-Germain-en-Laye","robots":{"index":"index","follow":"follow","max-snippet":"max-snippet:-1","max-image-preview":"max-image-preview:large","max-video-preview":"max-video-preview:-1"},"canonical":"https:\/\/sectionsuedoise.com\/fr\/le-programme-deducation\/bfi\/","og_locale":"fr_FR","og_type":"article","og_title":"BFI - Section Su\u00e9doise | Svenska Sektionen | Saint-Germain-en-Laye","og_description":"BFI, un passeport unique ! LE BACCALAUREAT FRANCAIS INTERNATIONAL \u00c0 partir de septembre 2022, l\u2019OIB sera progressivement supprim\u00e9 et sera enti\u00e8rement remplac\u00e9 par le BFI. Les \u00e9l\u00e8ves entrant en Premi\u00e8re \u00e0 la rentr\u00e9e 2022 sont\u00a0la premi\u00e8re classe \u00e0 suivre le nouveau BFI. Les \u00e9l\u00e8ves qui obtiendront leur dipl\u00f4me au printemps 2024 seront donc les premiers [&hellip;]","og_url":"https:\/\/sectionsuedoise.com\/fr\/le-programme-deducation\/bfi\/","og_site_name":"Section Su\u00e9doise | Svenska Sektionen | Saint-Germain-en-Laye","article_modified_time":"2025-09-19T13:54:08+00:00","og_image":[{"width":100,"height":64,"url":"https:\/\/sectionsuedoise.com\/wp-content\/uploads\/2015\/01\/stumossa.gif","type":"image\/gif"}],"twitter_misc":{"Dur\u00e9e de lecture estim\u00e9e":"2 minutes"},"schema":{"@context":"https:\/\/schema.org","@graph":[{"@type":"WebPage","@id":"https:\/\/sectionsuedoise.com\/fr\/le-programme-deducation\/bfi\/","url":"https:\/\/sectionsuedoise.com\/fr\/le-programme-deducation\/bfi\/","name":"BFI - Section Su\u00e9doise | Svenska Sektionen | Saint-Germain-en-Laye","isPartOf":{"@id":"https:\/\/sectionsuedoise.com\/#website"},"primaryImageOfPage":{"@id":"https:\/\/sectionsuedoise.com\/fr\/le-programme-deducation\/bfi\/#primaryimage"},"image":{"@id":"https:\/\/sectionsuedoise.com\/fr\/le-programme-deducation\/bfi\/#primaryimage"},"thumbnailUrl":"https:\/\/sectionsuedoise.com\/wp-content\/uploads\/2015\/01\/stumossa.gif","datePublished":"2015-02-12T12:32:59+00:00","dateModified":"2025-09-19T13:54:08+00:00","breadcrumb":{"@id":"https:\/\/sectionsuedoise.com\/fr\/le-programme-deducation\/bfi\/#breadcrumb"},"inLanguage":"fr-FR","potentialAction":[{"@type":"ReadAction","target":["https:\/\/sectionsuedoise.com\/fr\/le-programme-deducation\/bfi\/"]}]},{"@type":"ImageObject","inLanguage":"fr-FR","@id":"https:\/\/sectionsuedoise.com\/fr\/le-programme-deducation\/bfi\/#primaryimage","url":"https:\/\/sectionsuedoise.com\/wp-content\/uploads\/2015\/01\/stumossa.gif","contentUrl":"https:\/\/sectionsuedoise.com\/wp-content\/uploads\/2015\/01\/stumossa.gif"},{"@type":"BreadcrumbList","@id":"https:\/\/sectionsuedoise.com\/fr\/le-programme-deducation\/bfi\/#breadcrumb","itemListElement":[{"@type":"ListItem","position":1,"name":"Hem","item":"https:\/\/sectionsuedoise.com\/fr\/"},{"@type":"ListItem","position":2,"name":"Le programme d&#8217;\u00e9ducation","item":"https:\/\/sectionsuedoise.com\/fr\/le-programme-deducation\/"},{"@type":"ListItem","position":3,"name":"BFI"}]},{"@type":"WebSite","@id":"https:\/\/sectionsuedoise.com\/#website","url":"https:\/\/sectionsuedoise.com\/","name":"Section Su\u00e9doise | Svenska Sektionen | Saint-Germain-en-Laye","description":"En till WordPress-webbplats","potentialAction":[{"@type":"SearchAction","target":{"@type":"EntryPoint","urlTemplate":"https:\/\/sectionsuedoise.com\/?s={search_term_string}"},"query-input":{"@type":"PropertyValueSpecification","valueRequired":true,"valueName":"search_term_string"}}],"inLanguage":"fr-FR"}]}},"_links":{"self":[{"href":"https:\/\/sectionsuedoise.com\/fr\/wp-json\/wp\/v2\/pages\/577\/"}],"collection":[{"href":"https:\/\/sectionsuedoise.com\/fr\/wp-json\/wp\/v2\/pages\/"}],"about":[{"href":"https:\/\/sectionsuedoise.com\/fr\/wp-json\/wp\/v2\/types\/page\/"}],"author":[{"embeddable":true,"href":"https:\/\/sectionsuedoise.com\/fr\/wp-json\/wp\/v2\/users\/1\/"}],"replies":[{"embeddable":true,"href":"https:\/\/sectionsuedoise.com\/fr\/wp-json\/wp\/v2\/comments\/?post=577"}],"version-history":[{"count":4,"href":"https:\/\/sectionsuedoise.com\/fr\/wp-json\/wp\/v2\/pages\/577\/revisions\/"}],"predecessor-version":[{"id":5607,"href":"https:\/\/sectionsuedoise.com\/fr\/wp-json\/wp\/v2\/pages\/577\/revisions\/5607\/"}],"up":[{"embeddable":true,"href":"https:\/\/sectionsuedoise.com\/fr\/wp-json\/wp\/v2\/pages\/573\/"}],"wp:attachment":[{"href":"https:\/\/sectionsuedoise.com\/fr\/wp-json\/wp\/v2\/media\/?parent=577"}],"curies":[{"name":"wp","href":"https:\/\/api.w.org\/{rel}","templated":true}]}}