{"id":581,"date":"2015-02-12T13:34:06","date_gmt":"2015-02-12T12:34:06","guid":{"rendered":"http:\/\/sectionsuedoise.com\/?page_id=581"},"modified":"2016-01-25T15:17:51","modified_gmt":"2016-01-25T14:17:51","slug":"eleves-externes","status":"publish","type":"page","link":"https:\/\/sectionsuedoise.com\/fr\/le-programme-deducation\/eleves-externes\/","title":{"rendered":"El\u00e8ves extern\u00e9s"},"content":{"rendered":"<p>[et_pb_section admin_label=&nbsp;&raquo;section&nbsp;&raquo; fullwidth=&nbsp;&raquo;on&nbsp;&raquo; specialty=&nbsp;&raquo;off&nbsp;&raquo; transparent_background=&nbsp;&raquo;off&nbsp;&raquo; background_color=&nbsp;&raquo;#92bbe4&Prime; inner_shadow=&nbsp;&raquo;off&nbsp;&raquo; parallax=&nbsp;&raquo;off&nbsp;&raquo; parallax_method=&nbsp;&raquo;off&nbsp;&raquo;][et_pb_fullwidth_header admin_label=&nbsp;&raquo;Fullwidth Header&nbsp;&raquo; title=&nbsp;&raquo;\u00c9l\u00e8ves extern\u00e9s&nbsp;&raquo; background_layout=&nbsp;&raquo;dark&nbsp;&raquo; text_orientation=&nbsp;&raquo;left&nbsp;&raquo;] [\/et_pb_fullwidth_header][\/et_pb_section][et_pb_section admin_label=&nbsp;&raquo;section&nbsp;&raquo;][et_pb_row admin_label=&nbsp;&raquo;row&nbsp;&raquo;][et_pb_column type=&nbsp;&raquo;2_3&Prime;][et_pb_text admin_label=&nbsp;&raquo;Text&nbsp;&raquo; background_layout=&nbsp;&raquo;light&nbsp;&raquo; text_orientation=&nbsp;&raquo;left&nbsp;&raquo; text_font_size=&nbsp;&raquo;14&Prime; use_border_color=&nbsp;&raquo;off&nbsp;&raquo; border_color=&nbsp;&raquo;#ffffff&nbsp;&raquo; border_style=&nbsp;&raquo;solid&nbsp;&raquo;]<\/p>\n<h3>El\u00e8ves extern\u00e9s<\/h3>\n<p>Statut particulier d&rsquo;enfants, de la maternelle ou d&rsquo;\u00e9l\u00e8mentaire, inscrits dans leur \u00e9cole du quartier (lieu de r\u00e9sidence) et qui viennent deux demi-journ\u00e9es par semaine suivre l&rsquo;enseignement national <strong>(su\u00e9dois)<\/strong> au Lyc\u00e9e.<\/p>\n<p>Ce syst\u00e8me d&rsquo;externat pr\u00e9sente des avantages et des contraintes :<\/p>\n<p><strong>Avantages\u00a0\ud83d\ude42<\/strong><\/p>\n<ul>\n<li>L&rsquo;enfant participe \u00e0 la vie de son quartier\/secteur, o\u00f9 il y a ses copains et ses activit\u00e9s.<\/li>\n<li>Pour certains enfants, cela est plus calme est s\u00e9curisant d&rsquo;\u00eatre inscrit dans une petite \u00e9cole pr\u00e8s de la maison.<\/li>\n<li>L&rsquo;enfant nouvel arrivant apprend le fran\u00e7ais plus rapidement dans le bain de langue fran\u00e7aise de l&rsquo;\u00e9cole de secteur.<\/li>\n<\/ul>\n<p><strong>Contraintes\u00a0\ud83d\ude41 avec des solutions\u00a0\ud83d\ude42<\/strong><br \/>\nCe statut suppose une disponibilit\u00e9 familiale et une organisation pour:<\/p>\n<ul>\n<li>assurer les trajets Ecole-Lyc\u00e9e International deux demi-journ\u00e9es par semaine.\u00a0<strong>Solution\u00a0:<\/strong>\u00a0Covoiturage<\/li>\n<li>suivre la scolarit\u00e9 de mani\u00e8re \u00e0 ce que l&rsquo;enfant ne p\u00e2tisse pas des cours manqu\u00e9s dans son \u00e9cole de secteur.<br \/>\n<strong>Solution\u00a0:<\/strong>\u00a0La plupart des \u00e9coles essayent de s&rsquo;adapter \u00e0 l&#8217;emploi du temps de la section<\/li>\n<li>\u00e9tablir une bonne relation avec le professeur des \u00e9coles en charge de la classe et le lyc\u00e9e.<br \/>\n<strong>Solution\u00a0:<\/strong>\u00a0Contactez le personnel de la section en cas probl\u00e8me.<\/li>\n<\/ul>\n<p>La plupart des \u00e9coles dans les environs ont une longue exp\u00e9rience de ce statut et en tiennent compte dans leur organisation.<\/p>\n<p>[\/et_pb_text][\/et_pb_column][et_pb_column type=&nbsp;&raquo;1_3&Prime;][et_pb_sidebar admin_label=&nbsp;&raquo;Sidebar&nbsp;&raquo; orientation=&nbsp;&raquo;right&nbsp;&raquo; area=&nbsp;&raquo;sidebar-1&Prime; background_layout=&nbsp;&raquo;light&nbsp;&raquo;] [\/et_pb_sidebar][\/et_pb_column][\/et_pb_row][\/et_pb_section]<\/p>\n","protected":false},"excerpt":{"rendered":"<p>El\u00e8ves extern\u00e9s Statut particulier d&rsquo;enfants, de la maternelle ou d&rsquo;\u00e9l\u00e8mentaire, inscrits dans leur \u00e9cole du quartier (lieu de r\u00e9sidence) et qui viennent deux demi-journ\u00e9es par semaine suivre l&rsquo;enseignement national (su\u00e9dois) au Lyc\u00e9e. Ce syst\u00e8me d&rsquo;externat pr\u00e9sente des avantages et des contraintes : Avantages\u00a0\ud83d\ude42 L&rsquo;enfant participe \u00e0 la vie de son quartier\/secteur, o\u00f9 il y a [&hellip;]<\/p>\n","protected":false},"author":1,"featured_media":0,"parent":573,"menu_order":20,"comment_status":"closed","ping_status":"closed","template":"","meta":{"_et_pb_use_builder":"on","_et_pb_old_content":"","_et_gb_content_width":"","footnotes":"","_links_to":"","_links_to_target":""},"class_list":["post-581","page","type-page","status-publish","hentry"],"yoast_head":"<!-- This site is optimized with the Yoast SEO plugin v27.4 - https:\/\/yoast.com\/product\/yoast-seo-wordpress\/ -->\n<title>El\u00e8ves extern\u00e9s - Section Su\u00e9doise | Svenska Sektionen | Saint-Germain-en-Laye<\/title>\n<meta name=\"robots\" content=\"index, follow, max-snippet:-1, max-image-preview:large, max-video-preview:-1\" \/>\n<link rel=\"canonical\" href=\"https:\/\/sectionsuedoise.com\/fr\/le-programme-deducation\/eleves-externes\/\" \/>\n<meta property=\"og:locale\" content=\"fr_FR\" \/>\n<meta property=\"og:type\" content=\"article\" \/>\n<meta property=\"og:title\" content=\"El\u00e8ves extern\u00e9s - Section Su\u00e9doise | Svenska Sektionen | Saint-Germain-en-Laye\" \/>\n<meta property=\"og:description\" content=\"El\u00e8ves extern\u00e9s Statut particulier d&#039;enfants, de la maternelle ou d&#039;\u00e9l\u00e8mentaire, inscrits dans leur \u00e9cole du quartier (lieu de r\u00e9sidence) et qui viennent deux demi-journ\u00e9es par semaine suivre l&#039;enseignement national (su\u00e9dois) au Lyc\u00e9e. Ce syst\u00e8me d&#039;externat pr\u00e9sente des avantages et des contraintes : Avantages\u00a0:) L&#039;enfant participe \u00e0 la vie de son quartier\/secteur, o\u00f9 il y a [&hellip;]\" \/>\n<meta property=\"og:url\" content=\"https:\/\/sectionsuedoise.com\/fr\/le-programme-deducation\/eleves-externes\/\" \/>\n<meta property=\"og:site_name\" content=\"Section Su\u00e9doise | Svenska Sektionen | Saint-Germain-en-Laye\" \/>\n<meta property=\"article:modified_time\" content=\"2016-01-25T14:17:51+00:00\" \/>\n<meta name=\"twitter:label1\" content=\"Dur\u00e9e de lecture estim\u00e9e\" \/>\n\t<meta name=\"twitter:data1\" content=\"2 minutes\" \/>\n<script type=\"application\/ld+json\" class=\"yoast-schema-graph\">{\"@context\":\"https:\\\/\\\/schema.org\",\"@graph\":[{\"@type\":\"WebPage\",\"@id\":\"https:\\\/\\\/sectionsuedoise.com\\\/fr\\\/le-programme-deducation\\\/eleves-externes\\\/\",\"url\":\"https:\\\/\\\/sectionsuedoise.com\\\/fr\\\/le-programme-deducation\\\/eleves-externes\\\/\",\"name\":\"El\u00e8ves extern\u00e9s - Section Su\u00e9doise | Svenska Sektionen | Saint-Germain-en-Laye\",\"isPartOf\":{\"@id\":\"https:\\\/\\\/sectionsuedoise.com\\\/#website\"},\"datePublished\":\"2015-02-12T12:34:06+00:00\",\"dateModified\":\"2016-01-25T14:17:51+00:00\",\"breadcrumb\":{\"@id\":\"https:\\\/\\\/sectionsuedoise.com\\\/fr\\\/le-programme-deducation\\\/eleves-externes\\\/#breadcrumb\"},\"inLanguage\":\"fr-FR\",\"potentialAction\":[{\"@type\":\"ReadAction\",\"target\":[\"https:\\\/\\\/sectionsuedoise.com\\\/fr\\\/le-programme-deducation\\\/eleves-externes\\\/\"]}]},{\"@type\":\"BreadcrumbList\",\"@id\":\"https:\\\/\\\/sectionsuedoise.com\\\/fr\\\/le-programme-deducation\\\/eleves-externes\\\/#breadcrumb\",\"itemListElement\":[{\"@type\":\"ListItem\",\"position\":1,\"name\":\"Hem\",\"item\":\"https:\\\/\\\/sectionsuedoise.com\\\/fr\\\/\"},{\"@type\":\"ListItem\",\"position\":2,\"name\":\"Le programme d&#8217;\u00e9ducation\",\"item\":\"https:\\\/\\\/sectionsuedoise.com\\\/fr\\\/le-programme-deducation\\\/\"},{\"@type\":\"ListItem\",\"position\":3,\"name\":\"El\u00e8ves extern\u00e9s\"}]},{\"@type\":\"WebSite\",\"@id\":\"https:\\\/\\\/sectionsuedoise.com\\\/#website\",\"url\":\"https:\\\/\\\/sectionsuedoise.com\\\/\",\"name\":\"Section Su\u00e9doise | Svenska Sektionen | Saint-Germain-en-Laye\",\"description\":\"En till WordPress-webbplats\",\"potentialAction\":[{\"@type\":\"SearchAction\",\"target\":{\"@type\":\"EntryPoint\",\"urlTemplate\":\"https:\\\/\\\/sectionsuedoise.com\\\/?s={search_term_string}\"},\"query-input\":{\"@type\":\"PropertyValueSpecification\",\"valueRequired\":true,\"valueName\":\"search_term_string\"}}],\"inLanguage\":\"fr-FR\"}]}<\/script>\n<!-- \/ Yoast SEO plugin. -->","yoast_head_json":{"title":"El\u00e8ves extern\u00e9s - Section Su\u00e9doise | Svenska Sektionen | Saint-Germain-en-Laye","robots":{"index":"index","follow":"follow","max-snippet":"max-snippet:-1","max-image-preview":"max-image-preview:large","max-video-preview":"max-video-preview:-1"},"canonical":"https:\/\/sectionsuedoise.com\/fr\/le-programme-deducation\/eleves-externes\/","og_locale":"fr_FR","og_type":"article","og_title":"El\u00e8ves extern\u00e9s - Section Su\u00e9doise | Svenska Sektionen | Saint-Germain-en-Laye","og_description":"El\u00e8ves extern\u00e9s Statut particulier d'enfants, de la maternelle ou d'\u00e9l\u00e8mentaire, inscrits dans leur \u00e9cole du quartier (lieu de r\u00e9sidence) et qui viennent deux demi-journ\u00e9es par semaine suivre l'enseignement national (su\u00e9dois) au Lyc\u00e9e. Ce syst\u00e8me d'externat pr\u00e9sente des avantages et des contraintes : Avantages\u00a0:) L'enfant participe \u00e0 la vie de son quartier\/secteur, o\u00f9 il y a [&hellip;]","og_url":"https:\/\/sectionsuedoise.com\/fr\/le-programme-deducation\/eleves-externes\/","og_site_name":"Section Su\u00e9doise | Svenska Sektionen | Saint-Germain-en-Laye","article_modified_time":"2016-01-25T14:17:51+00:00","twitter_misc":{"Dur\u00e9e de lecture estim\u00e9e":"2 minutes"},"schema":{"@context":"https:\/\/schema.org","@graph":[{"@type":"WebPage","@id":"https:\/\/sectionsuedoise.com\/fr\/le-programme-deducation\/eleves-externes\/","url":"https:\/\/sectionsuedoise.com\/fr\/le-programme-deducation\/eleves-externes\/","name":"El\u00e8ves extern\u00e9s - Section Su\u00e9doise | Svenska Sektionen | Saint-Germain-en-Laye","isPartOf":{"@id":"https:\/\/sectionsuedoise.com\/#website"},"datePublished":"2015-02-12T12:34:06+00:00","dateModified":"2016-01-25T14:17:51+00:00","breadcrumb":{"@id":"https:\/\/sectionsuedoise.com\/fr\/le-programme-deducation\/eleves-externes\/#breadcrumb"},"inLanguage":"fr-FR","potentialAction":[{"@type":"ReadAction","target":["https:\/\/sectionsuedoise.com\/fr\/le-programme-deducation\/eleves-externes\/"]}]},{"@type":"BreadcrumbList","@id":"https:\/\/sectionsuedoise.com\/fr\/le-programme-deducation\/eleves-externes\/#breadcrumb","itemListElement":[{"@type":"ListItem","position":1,"name":"Hem","item":"https:\/\/sectionsuedoise.com\/fr\/"},{"@type":"ListItem","position":2,"name":"Le programme d&#8217;\u00e9ducation","item":"https:\/\/sectionsuedoise.com\/fr\/le-programme-deducation\/"},{"@type":"ListItem","position":3,"name":"El\u00e8ves extern\u00e9s"}]},{"@type":"WebSite","@id":"https:\/\/sectionsuedoise.com\/#website","url":"https:\/\/sectionsuedoise.com\/","name":"Section Su\u00e9doise | Svenska Sektionen | Saint-Germain-en-Laye","description":"En till WordPress-webbplats","potentialAction":[{"@type":"SearchAction","target":{"@type":"EntryPoint","urlTemplate":"https:\/\/sectionsuedoise.com\/?s={search_term_string}"},"query-input":{"@type":"PropertyValueSpecification","valueRequired":true,"valueName":"search_term_string"}}],"inLanguage":"fr-FR"}]}},"_links":{"self":[{"href":"https:\/\/sectionsuedoise.com\/fr\/wp-json\/wp\/v2\/pages\/581\/"}],"collection":[{"href":"https:\/\/sectionsuedoise.com\/fr\/wp-json\/wp\/v2\/pages\/"}],"about":[{"href":"https:\/\/sectionsuedoise.com\/fr\/wp-json\/wp\/v2\/types\/page\/"}],"author":[{"embeddable":true,"href":"https:\/\/sectionsuedoise.com\/fr\/wp-json\/wp\/v2\/users\/1\/"}],"replies":[{"embeddable":true,"href":"https:\/\/sectionsuedoise.com\/fr\/wp-json\/wp\/v2\/comments\/?post=581"}],"version-history":[{"count":2,"href":"https:\/\/sectionsuedoise.com\/fr\/wp-json\/wp\/v2\/pages\/581\/revisions\/"}],"predecessor-version":[{"id":1163,"href":"https:\/\/sectionsuedoise.com\/fr\/wp-json\/wp\/v2\/pages\/581\/revisions\/1163\/"}],"up":[{"embeddable":true,"href":"https:\/\/sectionsuedoise.com\/fr\/wp-json\/wp\/v2\/pages\/573\/"}],"wp:attachment":[{"href":"https:\/\/sectionsuedoise.com\/fr\/wp-json\/wp\/v2\/media\/?parent=581"}],"curies":[{"name":"wp","href":"https:\/\/api.w.org\/{rel}","templated":true}]}}