{"id":585,"date":"2015-02-12T13:35:20","date_gmt":"2015-02-12T12:35:20","guid":{"rendered":"http:\/\/sectionsuedoise.com\/?page_id=585"},"modified":"2025-09-24T11:24:43","modified_gmt":"2025-09-24T09:24:43","slug":"le-college","status":"publish","type":"page","link":"https:\/\/sectionsuedoise.com\/fr\/le-programme-deducation\/le-college\/","title":{"rendered":"Le Coll\u00e8ge"},"content":{"rendered":"<p>[et_pb_section fb_built=&nbsp;&raquo;1&Prime; fullwidth=&nbsp;&raquo;on&nbsp;&raquo; admin_label=&nbsp;&raquo;section&nbsp;&raquo; _builder_version=&nbsp;&raquo;4.16&Prime; background_color=&nbsp;&raquo;#92bbe4&Prime; transparent_background=&nbsp;&raquo;off&nbsp;&raquo; global_colors_info=&nbsp;&raquo;{}&nbsp;&raquo;][et_pb_fullwidth_header title=&nbsp;&raquo;Le Coll\u00e8ge&nbsp;&raquo; content_max_width=&nbsp;&raquo;none&nbsp;&raquo; admin_label=&nbsp;&raquo;Fullwidth Header&nbsp;&raquo; _builder_version=&nbsp;&raquo;4.16&Prime; background_color=&nbsp;&raquo;rgba(255, 255, 255, 0)&nbsp;&raquo; global_colors_info=&nbsp;&raquo;{}&nbsp;&raquo; button_one_text_size__hover_enabled=&nbsp;&raquo;off&nbsp;&raquo; button_two_text_size__hover_enabled=&nbsp;&raquo;off&nbsp;&raquo; button_one_text_color__hover_enabled=&nbsp;&raquo;off&nbsp;&raquo; button_two_text_color__hover_enabled=&nbsp;&raquo;off&nbsp;&raquo; button_one_border_width__hover_enabled=&nbsp;&raquo;off&nbsp;&raquo; button_two_border_width__hover_enabled=&nbsp;&raquo;off&nbsp;&raquo; button_one_border_color__hover_enabled=&nbsp;&raquo;off&nbsp;&raquo; button_two_border_color__hover_enabled=&nbsp;&raquo;off&nbsp;&raquo; button_one_border_radius__hover_enabled=&nbsp;&raquo;off&nbsp;&raquo; button_two_border_radius__hover_enabled=&nbsp;&raquo;off&nbsp;&raquo; button_one_letter_spacing__hover_enabled=&nbsp;&raquo;off&nbsp;&raquo; button_two_letter_spacing__hover_enabled=&nbsp;&raquo;off&nbsp;&raquo; button_one_bg_color__hover_enabled=&nbsp;&raquo;off&nbsp;&raquo; button_two_bg_color__hover_enabled=&nbsp;&raquo;off&nbsp;&raquo;] [\/et_pb_fullwidth_header][\/et_pb_section][et_pb_section fb_built=&nbsp;&raquo;1&Prime; admin_label=&nbsp;&raquo;section&nbsp;&raquo; _builder_version=&nbsp;&raquo;4.16&Prime; global_colors_info=&nbsp;&raquo;{}&nbsp;&raquo;][et_pb_row column_structure=&nbsp;&raquo;2_3,1_3&Prime; admin_label=&nbsp;&raquo;row&nbsp;&raquo; _builder_version=&nbsp;&raquo;4.16&Prime; background_size=&nbsp;&raquo;initial&nbsp;&raquo; background_position=&nbsp;&raquo;top_left&nbsp;&raquo; background_repeat=&nbsp;&raquo;repeat&nbsp;&raquo; global_colors_info=&nbsp;&raquo;{}&nbsp;&raquo;][et_pb_column type=&nbsp;&raquo;2_3&Prime; _builder_version=&nbsp;&raquo;4.16&Prime; custom_padding=&nbsp;&raquo;|||&nbsp;&raquo; global_colors_info=&nbsp;&raquo;{}&nbsp;&raquo; custom_padding__hover=&nbsp;&raquo;|||&nbsp;&raquo;][et_pb_text admin_label=&nbsp;&raquo;Text&nbsp;&raquo; _builder_version=&nbsp;&raquo;4.27.4&Prime; background_size=&nbsp;&raquo;initial&nbsp;&raquo; background_position=&nbsp;&raquo;top_left&nbsp;&raquo; background_repeat=&nbsp;&raquo;repeat&nbsp;&raquo; hover_enabled=&nbsp;&raquo;0&Prime; use_border_color=&nbsp;&raquo;off&nbsp;&raquo; border_color=&nbsp;&raquo;#ffffff&nbsp;&raquo; border_style=&nbsp;&raquo;solid&nbsp;&raquo; global_colors_info=&nbsp;&raquo;{}&nbsp;&raquo; sticky_enabled=&nbsp;&raquo;0&Prime;]<\/p>\n<h3>Le Coll\u00e8ge<\/h3>\n<p><a href=\"https:\/\/sectionsuedoise.com\/wp-content\/uploads\/2015\/01\/0024_6EME.jpg\"><img loading=\"lazy\" decoding=\"async\" class=\"alignnone wp-image-415 size-large\" src=\"https:\/\/sectionsuedoise.com\/wp-content\/uploads\/2015\/01\/0024_6EME-1024x280.jpg\" alt=\"_0024_6EME\" width=\"1024\" height=\"280\" srcset=\"https:\/\/sectionsuedoise.com\/wp-content\/uploads\/2015\/01\/0024_6EME-1024x280.jpg 1024w, https:\/\/sectionsuedoise.com\/wp-content\/uploads\/2015\/01\/0024_6EME-300x82.jpg 300w, https:\/\/sectionsuedoise.com\/wp-content\/uploads\/2015\/01\/0024_6EME-1080x295.jpg 1080w, https:\/\/sectionsuedoise.com\/wp-content\/uploads\/2015\/01\/0024_6EME.jpg 1280w\" sizes=\"(max-width: 1024px) 100vw, 1024px\" \/><\/a> <strong>6\u00e8me =<\/strong> 6:an<br \/><strong>5\u00e8me =<\/strong> 7:an<br \/><strong>4\u00e8me =<\/strong> 8:an<br \/><strong>3\u00e8me =<\/strong> 9:an<\/p>\n<p>Les coll\u00e9giens re\u00e7oivent l\u2019enseignement national et un enseignement dans la langue de leur section. Ils pr\u00e9parent les examens nationaux et des certifications.<\/p>\n<p>Au coll\u00e8ge, tous les \u00e9l\u00e8ves sont inscrits \u00e0 plein temps. Ils appartiennent \u00e0 deux classes :<\/p>\n<p>&#8211; une classe fran\u00e7aise avec un professeur de fran\u00e7ais dans chaque mati\u00e8re<\/p>\n<p>&#8211; une classe de section <strong>(su\u00e9doise<\/strong>) avec un professeur de su\u00e9dois et un professeur d\u2019histoire<\/p>\n<p>Chaque ann\u00e9e, les \u00e9l\u00e8ves changent de classe fran\u00e7aise. La Section Su\u00e9doise suit le programme p\u00e9dagogique su\u00e9dois avec ses objectifs et les lignes directrices.<\/p>\n<p>A la fin de la 3\u00e8me, nos \u00e9l\u00e8ves passeront le dipl\u00f4me international du brevet DNBI qui \u00e9value les connaissances et les comp\u00e9tences acquises \u00e0 la fin du coll\u00e8ge.<\/p>\n<p><a href=\"https:\/\/eduscol.education.fr\/cid45720\/examens-et-diplomes.html#lien0\">https:\/\/eduscol.education.fr\/cid45720\/examens-et-diplomes.html#lien0<\/a><\/p>\n<p><a href=\"https:\/\/sectionsuedoise.com\/wp-content\/uploads\/2015\/01\/0015_5EME.jpg\"><img loading=\"lazy\" decoding=\"async\" class=\"alignnone wp-image-496 size-large\" src=\"https:\/\/sectionsuedoise.com\/wp-content\/uploads\/2015\/01\/0015_5EME-1024x280.jpg\" alt=\"_0015_5EME\" width=\"1024\" height=\"280\" srcset=\"https:\/\/sectionsuedoise.com\/wp-content\/uploads\/2015\/01\/0015_5EME-1024x280.jpg 1024w, https:\/\/sectionsuedoise.com\/wp-content\/uploads\/2015\/01\/0015_5EME-300x82.jpg 300w, https:\/\/sectionsuedoise.com\/wp-content\/uploads\/2015\/01\/0015_5EME-1080x295.jpg 1080w, https:\/\/sectionsuedoise.com\/wp-content\/uploads\/2015\/01\/0015_5EME.jpg 1280w\" sizes=\"(max-width: 1024px) 100vw, 1024px\" \/><\/a><\/p>\n<p>&nbsp;<\/p>\n<p>&nbsp;<\/p>\n<p>[\/et_pb_text][\/et_pb_column][et_pb_column type=&nbsp;&raquo;1_3&Prime; _builder_version=&nbsp;&raquo;4.16&Prime; custom_padding=&nbsp;&raquo;|||&nbsp;&raquo; global_colors_info=&nbsp;&raquo;{}&nbsp;&raquo; custom_padding__hover=&nbsp;&raquo;|||&nbsp;&raquo;][et_pb_sidebar orientation=&nbsp;&raquo;right&nbsp;&raquo; area=&nbsp;&raquo;sidebar-1&Prime; admin_label=&nbsp;&raquo;Sidebar&nbsp;&raquo; _builder_version=&nbsp;&raquo;4.16&Prime; global_colors_info=&nbsp;&raquo;{}&nbsp;&raquo;] [\/et_pb_sidebar][\/et_pb_column][\/et_pb_row][\/et_pb_section]<\/p>\n","protected":false},"excerpt":{"rendered":"<p>Le Coll\u00e8ge 6\u00e8me = 6:an5\u00e8me = 7:an4\u00e8me = 8:an3\u00e8me = 9:an Les coll\u00e9giens re\u00e7oivent l\u2019enseignement national et un enseignement dans la langue de leur section. Ils pr\u00e9parent les examens nationaux et des certifications. Au coll\u00e8ge, tous les \u00e9l\u00e8ves sont inscrits \u00e0 plein temps. Ils appartiennent \u00e0 deux classes : &#8211; une classe fran\u00e7aise avec un [&hellip;]<\/p>\n","protected":false},"author":1,"featured_media":0,"parent":573,"menu_order":30,"comment_status":"closed","ping_status":"closed","template":"","meta":{"_et_pb_use_builder":"on","_et_pb_old_content":"<p>H\u00f6gstadiet<\/p><p>6\u00e8me-6:an, 5\u00e8me-7:an, 4\u00e8me-8:an, 3\u00e8me-9:an<\/p><p>H\u00e4r g\u00e5r alla elever p\u00e5 heltid, extern\u00e9systemet L\u00c4NK finns ej.<\/p><p>Eleverna tillh\u00f6r en fransk klass med en fransk l\u00e4rare i varje \u00e4mne. Dessutom har de en svensk l\u00e4rare i hi\/geo och en i svenska f\u00f6rutom i 6\u00e8me d\u00e4r v\u00e5r svenska l\u00e4rare ansvarar f\u00f6r b\u00e4gge \u00e4mnena.<\/p><p>Varje \u00e5r byter man l\u00e4rare och klass p\u00e5 franska sidan. Man brukar dock f\u00e5 beh\u00e5lla sina n\u00e4rmaste v\u00e4nner.<\/p><p>Vi f\u00f6ljer den svenska l\u00e4roplanen med dess m\u00e5l och riktlinjer.<\/p><p>I slutet av 3\u00e8me ges eleverna m\u00f6jlighet att ta \u201dle dipl\u00f4m national du brevet\u201d, en h\u00f6gstadieexamen. L\u00c4NK<\/p>","_et_gb_content_width":"","footnotes":"","_links_to":"","_links_to_target":""},"class_list":["post-585","page","type-page","status-publish","hentry"],"yoast_head":"<!-- This site is optimized with the Yoast SEO plugin v27.4 - https:\/\/yoast.com\/product\/yoast-seo-wordpress\/ -->\n<title>Le Coll\u00e8ge - Section Su\u00e9doise | Svenska Sektionen | Saint-Germain-en-Laye<\/title>\n<meta name=\"robots\" content=\"index, follow, max-snippet:-1, max-image-preview:large, max-video-preview:-1\" \/>\n<link rel=\"canonical\" href=\"https:\/\/sectionsuedoise.com\/fr\/le-programme-deducation\/le-college\/\" \/>\n<meta property=\"og:locale\" content=\"fr_FR\" \/>\n<meta property=\"og:type\" content=\"article\" \/>\n<meta property=\"og:title\" content=\"Le Coll\u00e8ge - Section Su\u00e9doise | Svenska Sektionen | Saint-Germain-en-Laye\" \/>\n<meta property=\"og:description\" content=\"Le Coll\u00e8ge 6\u00e8me = 6:an5\u00e8me = 7:an4\u00e8me = 8:an3\u00e8me = 9:an Les coll\u00e9giens re\u00e7oivent l\u2019enseignement national et un enseignement dans la langue de leur section. Ils pr\u00e9parent les examens nationaux et des certifications. Au coll\u00e8ge, tous les \u00e9l\u00e8ves sont inscrits \u00e0 plein temps. Ils appartiennent \u00e0 deux classes : - une classe fran\u00e7aise avec un [&hellip;]\" \/>\n<meta property=\"og:url\" content=\"https:\/\/sectionsuedoise.com\/fr\/le-programme-deducation\/le-college\/\" \/>\n<meta property=\"og:site_name\" content=\"Section Su\u00e9doise | Svenska Sektionen | Saint-Germain-en-Laye\" \/>\n<meta property=\"article:modified_time\" content=\"2025-09-24T09:24:43+00:00\" \/>\n<meta property=\"og:image\" content=\"https:\/\/sectionsuedoise.com\/wp-content\/uploads\/2015\/01\/0024_6EME.jpg\" \/>\n\t<meta property=\"og:image:width\" content=\"1280\" \/>\n\t<meta property=\"og:image:height\" content=\"350\" \/>\n\t<meta property=\"og:image:type\" content=\"image\/jpeg\" \/>\n<meta name=\"twitter:label1\" content=\"Dur\u00e9e de lecture estim\u00e9e\" \/>\n\t<meta name=\"twitter:data1\" content=\"2 minutes\" \/>\n<script type=\"application\/ld+json\" class=\"yoast-schema-graph\">{\"@context\":\"https:\\\/\\\/schema.org\",\"@graph\":[{\"@type\":\"WebPage\",\"@id\":\"https:\\\/\\\/sectionsuedoise.com\\\/fr\\\/le-programme-deducation\\\/le-college\\\/\",\"url\":\"https:\\\/\\\/sectionsuedoise.com\\\/fr\\\/le-programme-deducation\\\/le-college\\\/\",\"name\":\"Le Coll\u00e8ge - Section Su\u00e9doise | Svenska Sektionen | Saint-Germain-en-Laye\",\"isPartOf\":{\"@id\":\"https:\\\/\\\/sectionsuedoise.com\\\/#website\"},\"primaryImageOfPage\":{\"@id\":\"https:\\\/\\\/sectionsuedoise.com\\\/fr\\\/le-programme-deducation\\\/le-college\\\/#primaryimage\"},\"image\":{\"@id\":\"https:\\\/\\\/sectionsuedoise.com\\\/fr\\\/le-programme-deducation\\\/le-college\\\/#primaryimage\"},\"thumbnailUrl\":\"https:\\\/\\\/sectionsuedoise.com\\\/wp-content\\\/uploads\\\/2015\\\/01\\\/0024_6EME-1024x280.jpg\",\"datePublished\":\"2015-02-12T12:35:20+00:00\",\"dateModified\":\"2025-09-24T09:24:43+00:00\",\"breadcrumb\":{\"@id\":\"https:\\\/\\\/sectionsuedoise.com\\\/fr\\\/le-programme-deducation\\\/le-college\\\/#breadcrumb\"},\"inLanguage\":\"fr-FR\",\"potentialAction\":[{\"@type\":\"ReadAction\",\"target\":[\"https:\\\/\\\/sectionsuedoise.com\\\/fr\\\/le-programme-deducation\\\/le-college\\\/\"]}]},{\"@type\":\"ImageObject\",\"inLanguage\":\"fr-FR\",\"@id\":\"https:\\\/\\\/sectionsuedoise.com\\\/fr\\\/le-programme-deducation\\\/le-college\\\/#primaryimage\",\"url\":\"https:\\\/\\\/sectionsuedoise.com\\\/wp-content\\\/uploads\\\/2015\\\/01\\\/0024_6EME-1024x280.jpg\",\"contentUrl\":\"https:\\\/\\\/sectionsuedoise.com\\\/wp-content\\\/uploads\\\/2015\\\/01\\\/0024_6EME-1024x280.jpg\"},{\"@type\":\"BreadcrumbList\",\"@id\":\"https:\\\/\\\/sectionsuedoise.com\\\/fr\\\/le-programme-deducation\\\/le-college\\\/#breadcrumb\",\"itemListElement\":[{\"@type\":\"ListItem\",\"position\":1,\"name\":\"Hem\",\"item\":\"https:\\\/\\\/sectionsuedoise.com\\\/fr\\\/\"},{\"@type\":\"ListItem\",\"position\":2,\"name\":\"Le programme d&#8217;\u00e9ducation\",\"item\":\"https:\\\/\\\/sectionsuedoise.com\\\/fr\\\/le-programme-deducation\\\/\"},{\"@type\":\"ListItem\",\"position\":3,\"name\":\"Le Coll\u00e8ge\"}]},{\"@type\":\"WebSite\",\"@id\":\"https:\\\/\\\/sectionsuedoise.com\\\/#website\",\"url\":\"https:\\\/\\\/sectionsuedoise.com\\\/\",\"name\":\"Section Su\u00e9doise | Svenska Sektionen | Saint-Germain-en-Laye\",\"description\":\"En till WordPress-webbplats\",\"potentialAction\":[{\"@type\":\"SearchAction\",\"target\":{\"@type\":\"EntryPoint\",\"urlTemplate\":\"https:\\\/\\\/sectionsuedoise.com\\\/?s={search_term_string}\"},\"query-input\":{\"@type\":\"PropertyValueSpecification\",\"valueRequired\":true,\"valueName\":\"search_term_string\"}}],\"inLanguage\":\"fr-FR\"}]}<\/script>\n<!-- \/ Yoast SEO plugin. -->","yoast_head_json":{"title":"Le Coll\u00e8ge - Section Su\u00e9doise | Svenska Sektionen | Saint-Germain-en-Laye","robots":{"index":"index","follow":"follow","max-snippet":"max-snippet:-1","max-image-preview":"max-image-preview:large","max-video-preview":"max-video-preview:-1"},"canonical":"https:\/\/sectionsuedoise.com\/fr\/le-programme-deducation\/le-college\/","og_locale":"fr_FR","og_type":"article","og_title":"Le Coll\u00e8ge - Section Su\u00e9doise | Svenska Sektionen | Saint-Germain-en-Laye","og_description":"Le Coll\u00e8ge 6\u00e8me = 6:an5\u00e8me = 7:an4\u00e8me = 8:an3\u00e8me = 9:an Les coll\u00e9giens re\u00e7oivent l\u2019enseignement national et un enseignement dans la langue de leur section. Ils pr\u00e9parent les examens nationaux et des certifications. Au coll\u00e8ge, tous les \u00e9l\u00e8ves sont inscrits \u00e0 plein temps. Ils appartiennent \u00e0 deux classes : - une classe fran\u00e7aise avec un [&hellip;]","og_url":"https:\/\/sectionsuedoise.com\/fr\/le-programme-deducation\/le-college\/","og_site_name":"Section Su\u00e9doise | Svenska Sektionen | Saint-Germain-en-Laye","article_modified_time":"2025-09-24T09:24:43+00:00","og_image":[{"width":1280,"height":350,"url":"https:\/\/sectionsuedoise.com\/wp-content\/uploads\/2015\/01\/0024_6EME.jpg","type":"image\/jpeg"}],"twitter_misc":{"Dur\u00e9e de lecture estim\u00e9e":"2 minutes"},"schema":{"@context":"https:\/\/schema.org","@graph":[{"@type":"WebPage","@id":"https:\/\/sectionsuedoise.com\/fr\/le-programme-deducation\/le-college\/","url":"https:\/\/sectionsuedoise.com\/fr\/le-programme-deducation\/le-college\/","name":"Le Coll\u00e8ge - Section Su\u00e9doise | Svenska Sektionen | Saint-Germain-en-Laye","isPartOf":{"@id":"https:\/\/sectionsuedoise.com\/#website"},"primaryImageOfPage":{"@id":"https:\/\/sectionsuedoise.com\/fr\/le-programme-deducation\/le-college\/#primaryimage"},"image":{"@id":"https:\/\/sectionsuedoise.com\/fr\/le-programme-deducation\/le-college\/#primaryimage"},"thumbnailUrl":"https:\/\/sectionsuedoise.com\/wp-content\/uploads\/2015\/01\/0024_6EME-1024x280.jpg","datePublished":"2015-02-12T12:35:20+00:00","dateModified":"2025-09-24T09:24:43+00:00","breadcrumb":{"@id":"https:\/\/sectionsuedoise.com\/fr\/le-programme-deducation\/le-college\/#breadcrumb"},"inLanguage":"fr-FR","potentialAction":[{"@type":"ReadAction","target":["https:\/\/sectionsuedoise.com\/fr\/le-programme-deducation\/le-college\/"]}]},{"@type":"ImageObject","inLanguage":"fr-FR","@id":"https:\/\/sectionsuedoise.com\/fr\/le-programme-deducation\/le-college\/#primaryimage","url":"https:\/\/sectionsuedoise.com\/wp-content\/uploads\/2015\/01\/0024_6EME-1024x280.jpg","contentUrl":"https:\/\/sectionsuedoise.com\/wp-content\/uploads\/2015\/01\/0024_6EME-1024x280.jpg"},{"@type":"BreadcrumbList","@id":"https:\/\/sectionsuedoise.com\/fr\/le-programme-deducation\/le-college\/#breadcrumb","itemListElement":[{"@type":"ListItem","position":1,"name":"Hem","item":"https:\/\/sectionsuedoise.com\/fr\/"},{"@type":"ListItem","position":2,"name":"Le programme d&#8217;\u00e9ducation","item":"https:\/\/sectionsuedoise.com\/fr\/le-programme-deducation\/"},{"@type":"ListItem","position":3,"name":"Le Coll\u00e8ge"}]},{"@type":"WebSite","@id":"https:\/\/sectionsuedoise.com\/#website","url":"https:\/\/sectionsuedoise.com\/","name":"Section Su\u00e9doise | Svenska Sektionen | Saint-Germain-en-Laye","description":"En till WordPress-webbplats","potentialAction":[{"@type":"SearchAction","target":{"@type":"EntryPoint","urlTemplate":"https:\/\/sectionsuedoise.com\/?s={search_term_string}"},"query-input":{"@type":"PropertyValueSpecification","valueRequired":true,"valueName":"search_term_string"}}],"inLanguage":"fr-FR"}]}},"_links":{"self":[{"href":"https:\/\/sectionsuedoise.com\/fr\/wp-json\/wp\/v2\/pages\/585\/"}],"collection":[{"href":"https:\/\/sectionsuedoise.com\/fr\/wp-json\/wp\/v2\/pages\/"}],"about":[{"href":"https:\/\/sectionsuedoise.com\/fr\/wp-json\/wp\/v2\/types\/page\/"}],"author":[{"embeddable":true,"href":"https:\/\/sectionsuedoise.com\/fr\/wp-json\/wp\/v2\/users\/1\/"}],"replies":[{"embeddable":true,"href":"https:\/\/sectionsuedoise.com\/fr\/wp-json\/wp\/v2\/comments\/?post=585"}],"version-history":[{"count":4,"href":"https:\/\/sectionsuedoise.com\/fr\/wp-json\/wp\/v2\/pages\/585\/revisions\/"}],"predecessor-version":[{"id":5668,"href":"https:\/\/sectionsuedoise.com\/fr\/wp-json\/wp\/v2\/pages\/585\/revisions\/5668\/"}],"up":[{"embeddable":true,"href":"https:\/\/sectionsuedoise.com\/fr\/wp-json\/wp\/v2\/pages\/573\/"}],"wp:attachment":[{"href":"https:\/\/sectionsuedoise.com\/fr\/wp-json\/wp\/v2\/media\/?parent=585"}],"curies":[{"name":"wp","href":"https:\/\/api.w.org\/{rel}","templated":true}]}}