{"id":587,"date":"2015-02-12T13:36:31","date_gmt":"2015-02-12T12:36:31","guid":{"rendered":"http:\/\/sectionsuedoise.com\/?page_id=587"},"modified":"2025-09-24T11:45:33","modified_gmt":"2025-09-24T09:45:33","slug":"syv-orientation","status":"publish","type":"page","link":"https:\/\/sectionsuedoise.com\/fr\/le-programme-deducation\/syv-orientation\/","title":{"rendered":"(PsyEN) &#8211; Psychologue en charge de l\u2019Orientation"},"content":{"rendered":"<p>[et_pb_section fb_built=&nbsp;&raquo;1&Prime; fullwidth=&nbsp;&raquo;on&nbsp;&raquo; admin_label=&nbsp;&raquo;section&nbsp;&raquo; _builder_version=&nbsp;&raquo;4.27.4&Prime; background_color=&nbsp;&raquo;#92bbe4&Prime; hover_enabled=&nbsp;&raquo;0&Prime; transparent_background=&nbsp;&raquo;off&nbsp;&raquo; global_colors_info=&nbsp;&raquo;{}&nbsp;&raquo; sticky_enabled=&nbsp;&raquo;0&Prime;][et_pb_fullwidth_header title=&nbsp;&raquo;COP &#8211; Conseiller d&rsquo;orientation&nbsp;&raquo; content_max_width=&nbsp;&raquo;none&nbsp;&raquo; admin_label=&nbsp;&raquo;Fullwidth Header&nbsp;&raquo; _builder_version=&nbsp;&raquo;4.16&Prime; background_color=&nbsp;&raquo;rgba(255, 255, 255, 0)&nbsp;&raquo; button_one_border_radius_hover=&nbsp;&raquo;3&Prime; button_two_border_radius_hover=&nbsp;&raquo;3&Prime; button_one_letter_spacing_hover=&nbsp;&raquo;0&Prime; button_two_letter_spacing_hover=&nbsp;&raquo;0&Prime; global_colors_info=&nbsp;&raquo;{}&nbsp;&raquo; button_one_text_size__hover_enabled=&nbsp;&raquo;off&nbsp;&raquo; button_two_text_size__hover_enabled=&nbsp;&raquo;off&nbsp;&raquo; button_one_text_color__hover_enabled=&nbsp;&raquo;off&nbsp;&raquo; button_two_text_color__hover_enabled=&nbsp;&raquo;off&nbsp;&raquo; button_one_border_width__hover_enabled=&nbsp;&raquo;off&nbsp;&raquo; button_two_border_width__hover_enabled=&nbsp;&raquo;off&nbsp;&raquo; button_one_border_color__hover_enabled=&nbsp;&raquo;off&nbsp;&raquo; button_two_border_color__hover_enabled=&nbsp;&raquo;off&nbsp;&raquo; button_one_border_radius__hover_enabled=&nbsp;&raquo;on&nbsp;&raquo; button_one_border_radius__hover=&nbsp;&raquo;3&Prime; button_two_border_radius__hover_enabled=&nbsp;&raquo;on&nbsp;&raquo; button_two_border_radius__hover=&nbsp;&raquo;3&Prime; button_one_letter_spacing__hover_enabled=&nbsp;&raquo;on&nbsp;&raquo; button_one_letter_spacing__hover=&nbsp;&raquo;0&Prime; button_two_letter_spacing__hover_enabled=&nbsp;&raquo;on&nbsp;&raquo; button_two_letter_spacing__hover=&nbsp;&raquo;0&Prime; button_one_bg_color__hover_enabled=&nbsp;&raquo;off&nbsp;&raquo; button_two_bg_color__hover_enabled=&nbsp;&raquo;off&nbsp;&raquo;]&nbsp;<br \/>\n[\/et_pb_fullwidth_header][\/et_pb_section][et_pb_section fb_built=&nbsp;&raquo;1&Prime; admin_label=&nbsp;&raquo;section&nbsp;&raquo; _builder_version=&nbsp;&raquo;4.16&Prime; hover_enabled=&nbsp;&raquo;0&Prime; global_colors_info=&nbsp;&raquo;{}&nbsp;&raquo; sticky_enabled=&nbsp;&raquo;0&Prime;][et_pb_row column_structure=&nbsp;&raquo;2_3,1_3&Prime; admin_label=&nbsp;&raquo;row&nbsp;&raquo; _builder_version=&nbsp;&raquo;4.16&Prime; background_size=&nbsp;&raquo;initial&nbsp;&raquo; background_position=&nbsp;&raquo;top_left&nbsp;&raquo; background_repeat=&nbsp;&raquo;repeat&nbsp;&raquo; global_colors_info=&nbsp;&raquo;{}&nbsp;&raquo;][et_pb_column type=&nbsp;&raquo;2_3&Prime; _builder_version=&nbsp;&raquo;4.16&Prime; custom_padding=&nbsp;&raquo;|||&nbsp;&raquo; global_colors_info=&nbsp;&raquo;{}&nbsp;&raquo; custom_padding__hover=&nbsp;&raquo;|||&nbsp;&raquo;][et_pb_text _builder_version=&nbsp;&raquo;4.27.4&Prime; background_size=&nbsp;&raquo;initial&nbsp;&raquo; background_position=&nbsp;&raquo;top_left&nbsp;&raquo; background_repeat=&nbsp;&raquo;repeat&nbsp;&raquo; hover_enabled=&nbsp;&raquo;0&Prime; border_color_all=&nbsp;&raquo;#ffffff&nbsp;&raquo; use_border_color=&nbsp;&raquo;off&nbsp;&raquo; border_color=&nbsp;&raquo;#ffffff&nbsp;&raquo; border_style=&nbsp;&raquo;solid&nbsp;&raquo; global_colors_info=&nbsp;&raquo;{}&nbsp;&raquo; sticky_enabled=&nbsp;&raquo;0&Prime;]<\/p>\n<p><b>Adeline CASTELLAN\u00a0<\/b>\u2013 en charge de l\u2019Orientation (PsyEN)<\/p>\n<p><em>ORIENTATION<br \/><\/em><em>ACCOMPAGNEMENT<br \/><\/em><em>ECOUTE<\/em><\/p>\n<p>Bureau situ\u00e9 \u00e0 c\u00f4t\u00e9 de l\u2019infirmerie &#8211; (b\u00e2timent du primaire)<\/p>\n<p>Prendre rendez-vous aupr\u00e8s des CPE (agenda en ligne)<\/p>\n<p>Mardi\u00a0 \u00a0 \u00a0 \u00a0 \u00a013h30 \u2013 16h45<br \/>Jeudi\u00a0 \u00a0 \u00a0 \u00a0 \u00a0 08h45 \u2013 12h30<br \/>Vendredi\u00a0 \u00a0 \u00a009h00 \u2013 17h00<\/p>\n<p>mail: contact PRONOTE<a href=\"mailto:lena.brossard@ac-versailles.fr\"><br \/><\/a>telefon :<strong>\u00a001 39 10 94 85<\/strong><\/p>\n<p>En cas d\u2019absence : S\u2019adresser au CIO<br \/>13 rue T\u00e9mara \u00e0 Saint-Germain-en-Laye<br \/>tel. 01-78-64-33-29<strong><br \/><\/strong><\/p>\n<ul>\n<li>d\u2019accueillir, de conseiller et de soutenir les \u00e9l\u00e8ves dans leur cursus scolaire et dans l\u2019\u00e9laboration de leurs projets personnels et professionnels<\/li>\n<li>d\u2019aider les familles \u00e0 se rep\u00e9rer dans le syst\u00e8me \u00e9ducatif fran\u00e7ais,<\/li>\n<li>de participer aux r\u00e9unions d\u2019information pour les \u00e9l\u00e8ves et leurs parents \u00e0 diff\u00e9rents niveaux de la scolarit\u00e9 (3\u00e8me, 2nde, Terminale)<\/li>\n<li>du conseil technique aupr\u00e8s du chef d\u2019\u00e9tablissement et des \u00e9quipes \u00e9ducatives.<\/li>\n<\/ul>\n<p><strong><\/p>\n<p>Lars NYSTR\u00d6M &#8211; conseiller d&rsquo;orientation su\u00e9dois (Studiev\u00e4gledare &#8211; SYV)<\/strong>\u00a0vient de Su\u00e8de tous les ans pour rencontrer les lyc\u00e9ens de\u00a0la Section Su\u00e9doise. Il organise une r\u00e9union d&rsquo;information pour les parents et les \u00e9l\u00e8ves peuvent aussi s&rsquo;inscrire \u00e0 des entretiens\u00a0individuels.<\/p>\n<p>Vous pouvez contacter Monsieur Nystr\u00f6m par mail \u00e0 l&rsquo;adresse : <a href=\"lars.nystrom@isgr.se%20\">lars.nystrom@isgr.se <\/a><\/p>\n<p>[\/et_pb_text][\/et_pb_column][et_pb_column type=&nbsp;&raquo;1_3&Prime; _builder_version=&nbsp;&raquo;4.16&Prime; custom_padding=&nbsp;&raquo;|||&nbsp;&raquo; global_colors_info=&nbsp;&raquo;{}&nbsp;&raquo; custom_padding__hover=&nbsp;&raquo;|||&nbsp;&raquo;][et_pb_sidebar orientation=&nbsp;&raquo;right&nbsp;&raquo; area=&nbsp;&raquo;sidebar-1&Prime; admin_label=&nbsp;&raquo;Sidebar&nbsp;&raquo; _builder_version=&nbsp;&raquo;4.16&Prime; hover_enabled=&nbsp;&raquo;0&Prime; global_colors_info=&nbsp;&raquo;{}&nbsp;&raquo; sticky_enabled=&nbsp;&raquo;0&Prime;]&nbsp;<br \/>\n[\/et_pb_sidebar][\/et_pb_column][\/et_pb_row][\/et_pb_section]<\/p>\n","protected":false},"excerpt":{"rendered":"<p>&nbsp; Adeline CASTELLAN\u00a0\u2013 en charge de l\u2019Orientation (PsyEN) ORIENTATIONACCOMPAGNEMENTECOUTE Bureau situ\u00e9 \u00e0 c\u00f4t\u00e9 de l\u2019infirmerie &#8211; (b\u00e2timent du primaire) Prendre rendez-vous aupr\u00e8s des CPE (agenda en ligne) Mardi\u00a0 \u00a0 \u00a0 \u00a0 \u00a013h30 \u2013 16h45Jeudi\u00a0 \u00a0 \u00a0 \u00a0 \u00a0 08h45 \u2013 12h30Vendredi\u00a0 \u00a0 \u00a009h00 \u2013 17h00 mail: contact PRONOTEtelefon :\u00a001 39 10 94 85 En cas [&hellip;]<\/p>\n","protected":false},"author":1,"featured_media":0,"parent":573,"menu_order":30,"comment_status":"closed","ping_status":"closed","template":"","meta":{"_et_pb_use_builder":"on","_et_pb_old_content":"","_et_gb_content_width":"","footnotes":"","_links_to":"","_links_to_target":""},"class_list":["post-587","page","type-page","status-publish","hentry"],"yoast_head":"<!-- This site is optimized with the Yoast SEO plugin v27.4 - https:\/\/yoast.com\/product\/yoast-seo-wordpress\/ -->\n<title>COP - Conseiller d&#039;orientation<\/title>\n<meta name=\"robots\" content=\"index, follow, max-snippet:-1, max-image-preview:large, max-video-preview:-1\" \/>\n<link rel=\"canonical\" href=\"https:\/\/sectionsuedoise.com\/fr\/le-programme-deducation\/syv-orientation\/\" \/>\n<meta property=\"og:locale\" content=\"fr_FR\" \/>\n<meta property=\"og:type\" content=\"article\" \/>\n<meta property=\"og:title\" content=\"COP - Conseiller d&#039;orientation\" \/>\n<meta property=\"og:description\" content=\"&nbsp; Adeline CASTELLAN\u00a0\u2013 en charge de l\u2019Orientation (PsyEN) ORIENTATIONACCOMPAGNEMENTECOUTE Bureau situ\u00e9 \u00e0 c\u00f4t\u00e9 de l\u2019infirmerie - (b\u00e2timent du primaire) Prendre rendez-vous aupr\u00e8s des CPE (agenda en ligne) Mardi\u00a0 \u00a0 \u00a0 \u00a0 \u00a013h30 \u2013 16h45Jeudi\u00a0 \u00a0 \u00a0 \u00a0 \u00a0 08h45 \u2013 12h30Vendredi\u00a0 \u00a0 \u00a009h00 \u2013 17h00 mail: contact PRONOTEtelefon :\u00a001 39 10 94 85 En cas [&hellip;]\" \/>\n<meta property=\"og:url\" content=\"https:\/\/sectionsuedoise.com\/fr\/le-programme-deducation\/syv-orientation\/\" \/>\n<meta property=\"og:site_name\" content=\"Section Su\u00e9doise | Svenska Sektionen | Saint-Germain-en-Laye\" \/>\n<meta property=\"article:modified_time\" content=\"2025-09-24T09:45:33+00:00\" \/>\n<meta name=\"twitter:label1\" content=\"Dur\u00e9e de lecture estim\u00e9e\" \/>\n\t<meta name=\"twitter:data1\" content=\"2 minutes\" \/>\n<script type=\"application\/ld+json\" class=\"yoast-schema-graph\">{\"@context\":\"https:\\\/\\\/schema.org\",\"@graph\":[{\"@type\":\"WebPage\",\"@id\":\"https:\\\/\\\/sectionsuedoise.com\\\/fr\\\/le-programme-deducation\\\/syv-orientation\\\/\",\"url\":\"https:\\\/\\\/sectionsuedoise.com\\\/fr\\\/le-programme-deducation\\\/syv-orientation\\\/\",\"name\":\"COP - Conseiller d'orientation\",\"isPartOf\":{\"@id\":\"https:\\\/\\\/sectionsuedoise.com\\\/#website\"},\"datePublished\":\"2015-02-12T12:36:31+00:00\",\"dateModified\":\"2025-09-24T09:45:33+00:00\",\"breadcrumb\":{\"@id\":\"https:\\\/\\\/sectionsuedoise.com\\\/fr\\\/le-programme-deducation\\\/syv-orientation\\\/#breadcrumb\"},\"inLanguage\":\"fr-FR\",\"potentialAction\":[{\"@type\":\"ReadAction\",\"target\":[\"https:\\\/\\\/sectionsuedoise.com\\\/fr\\\/le-programme-deducation\\\/syv-orientation\\\/\"]}]},{\"@type\":\"BreadcrumbList\",\"@id\":\"https:\\\/\\\/sectionsuedoise.com\\\/fr\\\/le-programme-deducation\\\/syv-orientation\\\/#breadcrumb\",\"itemListElement\":[{\"@type\":\"ListItem\",\"position\":1,\"name\":\"Hem\",\"item\":\"https:\\\/\\\/sectionsuedoise.com\\\/fr\\\/\"},{\"@type\":\"ListItem\",\"position\":2,\"name\":\"Le programme d&#8217;\u00e9ducation\",\"item\":\"https:\\\/\\\/sectionsuedoise.com\\\/fr\\\/le-programme-deducation\\\/\"},{\"@type\":\"ListItem\",\"position\":3,\"name\":\"(PsyEN) &#8211; Psychologue en charge de l\u2019Orientation\"}]},{\"@type\":\"WebSite\",\"@id\":\"https:\\\/\\\/sectionsuedoise.com\\\/#website\",\"url\":\"https:\\\/\\\/sectionsuedoise.com\\\/\",\"name\":\"Section Su\u00e9doise | Svenska Sektionen | Saint-Germain-en-Laye\",\"description\":\"En till WordPress-webbplats\",\"potentialAction\":[{\"@type\":\"SearchAction\",\"target\":{\"@type\":\"EntryPoint\",\"urlTemplate\":\"https:\\\/\\\/sectionsuedoise.com\\\/?s={search_term_string}\"},\"query-input\":{\"@type\":\"PropertyValueSpecification\",\"valueRequired\":true,\"valueName\":\"search_term_string\"}}],\"inLanguage\":\"fr-FR\"}]}<\/script>\n<!-- \/ Yoast SEO plugin. -->","yoast_head_json":{"title":"COP - Conseiller d'orientation","robots":{"index":"index","follow":"follow","max-snippet":"max-snippet:-1","max-image-preview":"max-image-preview:large","max-video-preview":"max-video-preview:-1"},"canonical":"https:\/\/sectionsuedoise.com\/fr\/le-programme-deducation\/syv-orientation\/","og_locale":"fr_FR","og_type":"article","og_title":"COP - Conseiller d'orientation","og_description":"&nbsp; Adeline CASTELLAN\u00a0\u2013 en charge de l\u2019Orientation (PsyEN) ORIENTATIONACCOMPAGNEMENTECOUTE Bureau situ\u00e9 \u00e0 c\u00f4t\u00e9 de l\u2019infirmerie - (b\u00e2timent du primaire) Prendre rendez-vous aupr\u00e8s des CPE (agenda en ligne) Mardi\u00a0 \u00a0 \u00a0 \u00a0 \u00a013h30 \u2013 16h45Jeudi\u00a0 \u00a0 \u00a0 \u00a0 \u00a0 08h45 \u2013 12h30Vendredi\u00a0 \u00a0 \u00a009h00 \u2013 17h00 mail: contact PRONOTEtelefon :\u00a001 39 10 94 85 En cas [&hellip;]","og_url":"https:\/\/sectionsuedoise.com\/fr\/le-programme-deducation\/syv-orientation\/","og_site_name":"Section Su\u00e9doise | Svenska Sektionen | Saint-Germain-en-Laye","article_modified_time":"2025-09-24T09:45:33+00:00","twitter_misc":{"Dur\u00e9e de lecture estim\u00e9e":"2 minutes"},"schema":{"@context":"https:\/\/schema.org","@graph":[{"@type":"WebPage","@id":"https:\/\/sectionsuedoise.com\/fr\/le-programme-deducation\/syv-orientation\/","url":"https:\/\/sectionsuedoise.com\/fr\/le-programme-deducation\/syv-orientation\/","name":"COP - Conseiller d'orientation","isPartOf":{"@id":"https:\/\/sectionsuedoise.com\/#website"},"datePublished":"2015-02-12T12:36:31+00:00","dateModified":"2025-09-24T09:45:33+00:00","breadcrumb":{"@id":"https:\/\/sectionsuedoise.com\/fr\/le-programme-deducation\/syv-orientation\/#breadcrumb"},"inLanguage":"fr-FR","potentialAction":[{"@type":"ReadAction","target":["https:\/\/sectionsuedoise.com\/fr\/le-programme-deducation\/syv-orientation\/"]}]},{"@type":"BreadcrumbList","@id":"https:\/\/sectionsuedoise.com\/fr\/le-programme-deducation\/syv-orientation\/#breadcrumb","itemListElement":[{"@type":"ListItem","position":1,"name":"Hem","item":"https:\/\/sectionsuedoise.com\/fr\/"},{"@type":"ListItem","position":2,"name":"Le programme d&#8217;\u00e9ducation","item":"https:\/\/sectionsuedoise.com\/fr\/le-programme-deducation\/"},{"@type":"ListItem","position":3,"name":"(PsyEN) &#8211; Psychologue en charge de l\u2019Orientation"}]},{"@type":"WebSite","@id":"https:\/\/sectionsuedoise.com\/#website","url":"https:\/\/sectionsuedoise.com\/","name":"Section Su\u00e9doise | Svenska Sektionen | Saint-Germain-en-Laye","description":"En till WordPress-webbplats","potentialAction":[{"@type":"SearchAction","target":{"@type":"EntryPoint","urlTemplate":"https:\/\/sectionsuedoise.com\/?s={search_term_string}"},"query-input":{"@type":"PropertyValueSpecification","valueRequired":true,"valueName":"search_term_string"}}],"inLanguage":"fr-FR"}]}},"_links":{"self":[{"href":"https:\/\/sectionsuedoise.com\/fr\/wp-json\/wp\/v2\/pages\/587\/"}],"collection":[{"href":"https:\/\/sectionsuedoise.com\/fr\/wp-json\/wp\/v2\/pages\/"}],"about":[{"href":"https:\/\/sectionsuedoise.com\/fr\/wp-json\/wp\/v2\/types\/page\/"}],"author":[{"embeddable":true,"href":"https:\/\/sectionsuedoise.com\/fr\/wp-json\/wp\/v2\/users\/1\/"}],"replies":[{"embeddable":true,"href":"https:\/\/sectionsuedoise.com\/fr\/wp-json\/wp\/v2\/comments\/?post=587"}],"version-history":[{"count":5,"href":"https:\/\/sectionsuedoise.com\/fr\/wp-json\/wp\/v2\/pages\/587\/revisions\/"}],"predecessor-version":[{"id":5677,"href":"https:\/\/sectionsuedoise.com\/fr\/wp-json\/wp\/v2\/pages\/587\/revisions\/5677\/"}],"up":[{"embeddable":true,"href":"https:\/\/sectionsuedoise.com\/fr\/wp-json\/wp\/v2\/pages\/573\/"}],"wp:attachment":[{"href":"https:\/\/sectionsuedoise.com\/fr\/wp-json\/wp\/v2\/media\/?parent=587"}],"curies":[{"name":"wp","href":"https:\/\/api.w.org\/{rel}","templated":true}]}}