{"id":589,"date":"2015-02-12T13:37:04","date_gmt":"2015-02-12T12:37:04","guid":{"rendered":"http:\/\/sectionsuedoise.com\/?page_id=589"},"modified":"2020-11-12T13:29:17","modified_gmt":"2020-11-12T12:29:17","slug":"le-lycee","status":"publish","type":"page","link":"https:\/\/sectionsuedoise.com\/fr\/le-programme-deducation\/le-lycee\/","title":{"rendered":"Le Lyc\u00e9e"},"content":{"rendered":"<p>[et_pb_section fb_built=&nbsp;&raquo;1&Prime; fullwidth=&nbsp;&raquo;on&nbsp;&raquo; admin_label=&nbsp;&raquo;section&nbsp;&raquo; _builder_version=&nbsp;&raquo;3.22&Prime; background_color=&nbsp;&raquo;#92bbe4&Prime; transparent_background=&nbsp;&raquo;off&nbsp;&raquo;][et_pb_fullwidth_header title=&nbsp;&raquo;Lyc\u00e9e International&nbsp;&raquo; content_max_width=&nbsp;&raquo;none&nbsp;&raquo; admin_label=&nbsp;&raquo;Fullwidth Header&nbsp;&raquo; _builder_version=&nbsp;&raquo;3.16&Prime; background_color=&nbsp;&raquo;rgba(255, 255, 255, 0)&nbsp;&raquo; button_one_letter_spacing_hover=&nbsp;&raquo;0&Prime; button_two_letter_spacing_hover=&nbsp;&raquo;0&Prime; button_one_text_size__hover_enabled=&nbsp;&raquo;off&nbsp;&raquo; button_two_text_size__hover_enabled=&nbsp;&raquo;off&nbsp;&raquo; button_one_text_color__hover_enabled=&nbsp;&raquo;off&nbsp;&raquo; button_two_text_color__hover_enabled=&nbsp;&raquo;off&nbsp;&raquo; button_one_border_width__hover_enabled=&nbsp;&raquo;off&nbsp;&raquo; button_two_border_width__hover_enabled=&nbsp;&raquo;off&nbsp;&raquo; button_one_border_color__hover_enabled=&nbsp;&raquo;off&nbsp;&raquo; button_two_border_color__hover_enabled=&nbsp;&raquo;off&nbsp;&raquo; button_one_border_radius__hover_enabled=&nbsp;&raquo;off&nbsp;&raquo; button_two_border_radius__hover_enabled=&nbsp;&raquo;off&nbsp;&raquo; button_one_letter_spacing__hover_enabled=&nbsp;&raquo;on&nbsp;&raquo; button_one_letter_spacing__hover=&nbsp;&raquo;0&Prime; button_two_letter_spacing__hover_enabled=&nbsp;&raquo;on&nbsp;&raquo; button_two_letter_spacing__hover=&nbsp;&raquo;0&Prime; button_one_bg_color__hover_enabled=&nbsp;&raquo;off&nbsp;&raquo; button_two_bg_color__hover_enabled=&nbsp;&raquo;off&nbsp;&raquo;] [\/et_pb_fullwidth_header][\/et_pb_section][et_pb_section fb_built=&nbsp;&raquo;1&Prime; admin_label=&nbsp;&raquo;section&nbsp;&raquo; _builder_version=&nbsp;&raquo;3.22&Prime;][et_pb_row column_structure=&nbsp;&raquo;2_3,1_3&Prime; admin_label=&nbsp;&raquo;row&nbsp;&raquo; _builder_version=&nbsp;&raquo;3.25&Prime; background_size=&nbsp;&raquo;initial&nbsp;&raquo; background_position=&nbsp;&raquo;top_left&nbsp;&raquo; background_repeat=&nbsp;&raquo;repeat&nbsp;&raquo;][et_pb_column type=&nbsp;&raquo;2_3&Prime; _builder_version=&nbsp;&raquo;3.25&Prime; custom_padding=&nbsp;&raquo;|||&nbsp;&raquo; custom_padding__hover=&nbsp;&raquo;|||&nbsp;&raquo;][et_pb_text admin_label=&nbsp;&raquo;Text&nbsp;&raquo; _builder_version=&nbsp;&raquo;4.5.3&Prime; background_size=&nbsp;&raquo;initial&nbsp;&raquo; background_position=&nbsp;&raquo;top_left&nbsp;&raquo; background_repeat=&nbsp;&raquo;repeat&nbsp;&raquo; use_border_color=&nbsp;&raquo;off&nbsp;&raquo; border_color=&nbsp;&raquo;#ffffff&nbsp;&raquo; border_style=&nbsp;&raquo;solid&nbsp;&raquo;]<\/p>\n<h3>Lyc\u00e9e International<\/h3>\n<p><a href=\"https:\/\/sectionsuedoise.com\/wp-content\/uploads\/2014\/11\/0012_slottet.jpg\" rel=\"attachment wp-att-480\"><img loading=\"lazy\" decoding=\"async\" class=\"alignleft size-full wp-image-480\" src=\"https:\/\/sectionsuedoise.com\/wp-content\/uploads\/2014\/11\/0012_slottet.jpg\" alt=\"_0012_slottet\" width=\"1280\" height=\"350\" srcset=\"https:\/\/sectionsuedoise.com\/wp-content\/uploads\/2014\/11\/0012_slottet.jpg 1280w, https:\/\/sectionsuedoise.com\/wp-content\/uploads\/2014\/11\/0012_slottet-300x82.jpg 300w, https:\/\/sectionsuedoise.com\/wp-content\/uploads\/2014\/11\/0012_slottet-1024x280.jpg 1024w, https:\/\/sectionsuedoise.com\/wp-content\/uploads\/2014\/11\/0012_slottet-1080x295.jpg 1080w\" sizes=\"(max-width: 1280px) 100vw, 1280px\" \/><\/a> Lyc\u00e9e International, fond\u00e9 en 1952, est id\u00e9alement situ\u00e9 dans un parc \u00e0 St Germain-en-Laye, une banlieue agr\u00e9able \u00e0 l\u2019ouest de Paris. C\u2019est une \u00e9cole fran\u00e7aise qui est compos\u00e9e de quatorze sections linguistiques nationales : am\u00e9ricaine, britannique, danoise-norv\u00e9gienne, n\u00e9erlandaise, italienne, japonaise, polonaise, portugaise, espagnole, allemande, russe, chinoise et su\u00e9doise. La section su\u00e9doise accueille des enfants parlant su\u00e9dois, de tous \u00e2ges, de la maternelle au lyc\u00e9e. Le Lyc\u00e9e International offre \u00e0 ses \u00e9l\u00e8ves, une combinaison unique de l\u2019\u00e9ducation fran\u00e7aise et su\u00e9doise. Ils appartiennent \u00e0 la fois \u00e0 une classe de la langue su\u00e9doise et \u00e0 une classe internationale o\u00f9 ils parlent fran\u00e7ais. Les \u00e9l\u00e8ves qui ne parlent pas fran\u00e7ais \u00e0 leur arriv\u00e9e re\u00e7oivent un enseignement intensif en fran\u00e7ais la premi\u00e8re ann\u00e9e (classe fran\u00e7ais sp\u00e9cial-FS). Les \u00e9l\u00e8ves apprennent le fran\u00e7ais rapidement et se sentent chez eux en France, tout en conservant leur identit\u00e9 su\u00e9doise. [\/et_pb_text][et_pb_text admin_label=&nbsp;&raquo;Text&nbsp;&raquo; _builder_version=&nbsp;&raquo;3.27.4&Prime; background_size=&nbsp;&raquo;initial&nbsp;&raquo; background_position=&nbsp;&raquo;top_left&nbsp;&raquo; background_repeat=&nbsp;&raquo;repeat&nbsp;&raquo; use_border_color=&nbsp;&raquo;off&nbsp;&raquo; border_color=&nbsp;&raquo;#ffffff&nbsp;&raquo; border_style=&nbsp;&raquo;solid&nbsp;&raquo;] [\/et_pb_text][et_pb_text admin_label=&nbsp;&raquo;Text&nbsp;&raquo; _builder_version=&nbsp;&raquo;3.27.4&Prime; background_size=&nbsp;&raquo;initial&nbsp;&raquo; background_position=&nbsp;&raquo;top_left&nbsp;&raquo; background_repeat=&nbsp;&raquo;repeat&nbsp;&raquo; use_border_color=&nbsp;&raquo;off&nbsp;&raquo; border_color=&nbsp;&raquo;#ffffff&nbsp;&raquo; border_style=&nbsp;&raquo;solid&nbsp;&raquo;] [\/et_pb_text][et_pb_tabs admin_label=&nbsp;&raquo;Tabs&nbsp;&raquo; _builder_version=&nbsp;&raquo;4.5.3&Prime; background_size=&nbsp;&raquo;initial&nbsp;&raquo; background_position=&nbsp;&raquo;top_left&nbsp;&raquo; background_repeat=&nbsp;&raquo;repeat&nbsp;&raquo; hover_enabled=&nbsp;&raquo;0&Prime;][\/et_pb_tabs][et_pb_text admin_label=&nbsp;&raquo;Text&nbsp;&raquo; _builder_version=&nbsp;&raquo;4.5.3&Prime; background_size=&nbsp;&raquo;initial&nbsp;&raquo; background_position=&nbsp;&raquo;top_left&nbsp;&raquo; background_repeat=&nbsp;&raquo;repeat&nbsp;&raquo; use_border_color=&nbsp;&raquo;off&nbsp;&raquo; border_color=&nbsp;&raquo;#ffffff&nbsp;&raquo; border_style=&nbsp;&raquo;solid&nbsp;&raquo;][\/et_pb_text][et_pb_text admin_label=&nbsp;&raquo;Text&nbsp;&raquo; _builder_version=&nbsp;&raquo;4.5.3&Prime; background_size=&nbsp;&raquo;initial&nbsp;&raquo; background_position=&nbsp;&raquo;top_left&nbsp;&raquo; background_repeat=&nbsp;&raquo;repeat&nbsp;&raquo;][\/et_pb_text][\/et_pb_column][et_pb_column type=&nbsp;&raquo;1_3&Prime; _builder_version=&nbsp;&raquo;3.25&Prime; custom_padding=&nbsp;&raquo;|||&nbsp;&raquo; custom_padding__hover=&nbsp;&raquo;|||&nbsp;&raquo;][et_pb_sidebar orientation=&nbsp;&raquo;right&nbsp;&raquo; area=&nbsp;&raquo;sidebar-1&Prime; admin_label=&nbsp;&raquo;Sidebar&nbsp;&raquo; _builder_version=&nbsp;&raquo;4.5.3&Prime;] [\/et_pb_sidebar][\/et_pb_column][\/et_pb_row][\/et_pb_section]<\/p>\n","protected":false},"excerpt":{"rendered":"<p>Lyc\u00e9e International Lyc\u00e9e International, fond\u00e9 en 1952, est id\u00e9alement situ\u00e9 dans un parc \u00e0 St Germain-en-Laye, une banlieue agr\u00e9able \u00e0 l\u2019ouest de Paris. C\u2019est une \u00e9cole fran\u00e7aise qui est compos\u00e9e de quatorze sections linguistiques nationales : am\u00e9ricaine, britannique, danoise-norv\u00e9gienne, n\u00e9erlandaise, italienne, japonaise, polonaise, portugaise, espagnole, allemande, russe, chinoise et su\u00e9doise. La section su\u00e9doise accueille des [&hellip;]<\/p>\n","protected":false},"author":1,"featured_media":0,"parent":573,"menu_order":35,"comment_status":"closed","ping_status":"closed","template":"","meta":{"_et_pb_use_builder":"on","_et_pb_old_content":"","_et_gb_content_width":"","footnotes":"","_links_to":"","_links_to_target":""},"class_list":["post-589","page","type-page","status-publish","hentry"],"yoast_head":"<!-- This site is optimized with the Yoast SEO plugin v27.4 - https:\/\/yoast.com\/product\/yoast-seo-wordpress\/ -->\n<title>Le Lyc\u00e9e - Section Su\u00e9doise | Svenska Sektionen | Saint-Germain-en-Laye<\/title>\n<meta name=\"robots\" content=\"index, follow, max-snippet:-1, max-image-preview:large, max-video-preview:-1\" \/>\n<link rel=\"canonical\" href=\"https:\/\/sectionsuedoise.com\/fr\/le-programme-deducation\/le-lycee\/\" \/>\n<meta property=\"og:locale\" content=\"fr_FR\" \/>\n<meta property=\"og:type\" content=\"article\" \/>\n<meta property=\"og:title\" content=\"Le Lyc\u00e9e - Section Su\u00e9doise | Svenska Sektionen | Saint-Germain-en-Laye\" \/>\n<meta property=\"og:description\" content=\"Lyc\u00e9e International Lyc\u00e9e International, fond\u00e9 en 1952, est id\u00e9alement situ\u00e9 dans un parc \u00e0 St Germain-en-Laye, une banlieue agr\u00e9able \u00e0 l\u2019ouest de Paris. C\u2019est une \u00e9cole fran\u00e7aise qui est compos\u00e9e de quatorze sections linguistiques nationales : am\u00e9ricaine, britannique, danoise-norv\u00e9gienne, n\u00e9erlandaise, italienne, japonaise, polonaise, portugaise, espagnole, allemande, russe, chinoise et su\u00e9doise. La section su\u00e9doise accueille des [&hellip;]\" \/>\n<meta property=\"og:url\" content=\"https:\/\/sectionsuedoise.com\/fr\/le-programme-deducation\/le-lycee\/\" \/>\n<meta property=\"og:site_name\" content=\"Section Su\u00e9doise | Svenska Sektionen | Saint-Germain-en-Laye\" \/>\n<meta property=\"article:modified_time\" content=\"2020-11-12T12:29:17+00:00\" \/>\n<meta property=\"og:image\" content=\"https:\/\/sectionsuedoise.com\/wp-content\/uploads\/2014\/11\/0012_slottet.jpg\" \/>\n<meta name=\"twitter:label1\" content=\"Dur\u00e9e de lecture estim\u00e9e\" \/>\n\t<meta name=\"twitter:data1\" content=\"3 minutes\" \/>\n<script type=\"application\/ld+json\" class=\"yoast-schema-graph\">{\"@context\":\"https:\\\/\\\/schema.org\",\"@graph\":[{\"@type\":\"WebPage\",\"@id\":\"https:\\\/\\\/sectionsuedoise.com\\\/fr\\\/le-programme-deducation\\\/le-lycee\\\/\",\"url\":\"https:\\\/\\\/sectionsuedoise.com\\\/fr\\\/le-programme-deducation\\\/le-lycee\\\/\",\"name\":\"Le Lyc\u00e9e - Section Su\u00e9doise | Svenska Sektionen | Saint-Germain-en-Laye\",\"isPartOf\":{\"@id\":\"https:\\\/\\\/sectionsuedoise.com\\\/#website\"},\"primaryImageOfPage\":{\"@id\":\"https:\\\/\\\/sectionsuedoise.com\\\/fr\\\/le-programme-deducation\\\/le-lycee\\\/#primaryimage\"},\"image\":{\"@id\":\"https:\\\/\\\/sectionsuedoise.com\\\/fr\\\/le-programme-deducation\\\/le-lycee\\\/#primaryimage\"},\"thumbnailUrl\":\"https:\\\/\\\/sectionsuedoise.com\\\/wp-content\\\/uploads\\\/2014\\\/11\\\/0012_slottet.jpg\",\"datePublished\":\"2015-02-12T12:37:04+00:00\",\"dateModified\":\"2020-11-12T12:29:17+00:00\",\"breadcrumb\":{\"@id\":\"https:\\\/\\\/sectionsuedoise.com\\\/fr\\\/le-programme-deducation\\\/le-lycee\\\/#breadcrumb\"},\"inLanguage\":\"fr-FR\",\"potentialAction\":[{\"@type\":\"ReadAction\",\"target\":[\"https:\\\/\\\/sectionsuedoise.com\\\/fr\\\/le-programme-deducation\\\/le-lycee\\\/\"]}]},{\"@type\":\"ImageObject\",\"inLanguage\":\"fr-FR\",\"@id\":\"https:\\\/\\\/sectionsuedoise.com\\\/fr\\\/le-programme-deducation\\\/le-lycee\\\/#primaryimage\",\"url\":\"https:\\\/\\\/sectionsuedoise.com\\\/wp-content\\\/uploads\\\/2014\\\/11\\\/0012_slottet.jpg\",\"contentUrl\":\"https:\\\/\\\/sectionsuedoise.com\\\/wp-content\\\/uploads\\\/2014\\\/11\\\/0012_slottet.jpg\"},{\"@type\":\"BreadcrumbList\",\"@id\":\"https:\\\/\\\/sectionsuedoise.com\\\/fr\\\/le-programme-deducation\\\/le-lycee\\\/#breadcrumb\",\"itemListElement\":[{\"@type\":\"ListItem\",\"position\":1,\"name\":\"Hem\",\"item\":\"https:\\\/\\\/sectionsuedoise.com\\\/fr\\\/\"},{\"@type\":\"ListItem\",\"position\":2,\"name\":\"Le programme d&#8217;\u00e9ducation\",\"item\":\"https:\\\/\\\/sectionsuedoise.com\\\/fr\\\/le-programme-deducation\\\/\"},{\"@type\":\"ListItem\",\"position\":3,\"name\":\"Le Lyc\u00e9e\"}]},{\"@type\":\"WebSite\",\"@id\":\"https:\\\/\\\/sectionsuedoise.com\\\/#website\",\"url\":\"https:\\\/\\\/sectionsuedoise.com\\\/\",\"name\":\"Section Su\u00e9doise | Svenska Sektionen | Saint-Germain-en-Laye\",\"description\":\"En till WordPress-webbplats\",\"potentialAction\":[{\"@type\":\"SearchAction\",\"target\":{\"@type\":\"EntryPoint\",\"urlTemplate\":\"https:\\\/\\\/sectionsuedoise.com\\\/?s={search_term_string}\"},\"query-input\":{\"@type\":\"PropertyValueSpecification\",\"valueRequired\":true,\"valueName\":\"search_term_string\"}}],\"inLanguage\":\"fr-FR\"}]}<\/script>\n<!-- \/ Yoast SEO plugin. -->","yoast_head_json":{"title":"Le Lyc\u00e9e - Section Su\u00e9doise | Svenska Sektionen | Saint-Germain-en-Laye","robots":{"index":"index","follow":"follow","max-snippet":"max-snippet:-1","max-image-preview":"max-image-preview:large","max-video-preview":"max-video-preview:-1"},"canonical":"https:\/\/sectionsuedoise.com\/fr\/le-programme-deducation\/le-lycee\/","og_locale":"fr_FR","og_type":"article","og_title":"Le Lyc\u00e9e - Section Su\u00e9doise | Svenska Sektionen | Saint-Germain-en-Laye","og_description":"Lyc\u00e9e International Lyc\u00e9e International, fond\u00e9 en 1952, est id\u00e9alement situ\u00e9 dans un parc \u00e0 St Germain-en-Laye, une banlieue agr\u00e9able \u00e0 l\u2019ouest de Paris. C\u2019est une \u00e9cole fran\u00e7aise qui est compos\u00e9e de quatorze sections linguistiques nationales : am\u00e9ricaine, britannique, danoise-norv\u00e9gienne, n\u00e9erlandaise, italienne, japonaise, polonaise, portugaise, espagnole, allemande, russe, chinoise et su\u00e9doise. La section su\u00e9doise accueille des [&hellip;]","og_url":"https:\/\/sectionsuedoise.com\/fr\/le-programme-deducation\/le-lycee\/","og_site_name":"Section Su\u00e9doise | Svenska Sektionen | Saint-Germain-en-Laye","article_modified_time":"2020-11-12T12:29:17+00:00","og_image":[{"url":"https:\/\/sectionsuedoise.com\/wp-content\/uploads\/2014\/11\/0012_slottet.jpg","type":"","width":"","height":""}],"twitter_misc":{"Dur\u00e9e de lecture estim\u00e9e":"3 minutes"},"schema":{"@context":"https:\/\/schema.org","@graph":[{"@type":"WebPage","@id":"https:\/\/sectionsuedoise.com\/fr\/le-programme-deducation\/le-lycee\/","url":"https:\/\/sectionsuedoise.com\/fr\/le-programme-deducation\/le-lycee\/","name":"Le Lyc\u00e9e - Section Su\u00e9doise | Svenska Sektionen | Saint-Germain-en-Laye","isPartOf":{"@id":"https:\/\/sectionsuedoise.com\/#website"},"primaryImageOfPage":{"@id":"https:\/\/sectionsuedoise.com\/fr\/le-programme-deducation\/le-lycee\/#primaryimage"},"image":{"@id":"https:\/\/sectionsuedoise.com\/fr\/le-programme-deducation\/le-lycee\/#primaryimage"},"thumbnailUrl":"https:\/\/sectionsuedoise.com\/wp-content\/uploads\/2014\/11\/0012_slottet.jpg","datePublished":"2015-02-12T12:37:04+00:00","dateModified":"2020-11-12T12:29:17+00:00","breadcrumb":{"@id":"https:\/\/sectionsuedoise.com\/fr\/le-programme-deducation\/le-lycee\/#breadcrumb"},"inLanguage":"fr-FR","potentialAction":[{"@type":"ReadAction","target":["https:\/\/sectionsuedoise.com\/fr\/le-programme-deducation\/le-lycee\/"]}]},{"@type":"ImageObject","inLanguage":"fr-FR","@id":"https:\/\/sectionsuedoise.com\/fr\/le-programme-deducation\/le-lycee\/#primaryimage","url":"https:\/\/sectionsuedoise.com\/wp-content\/uploads\/2014\/11\/0012_slottet.jpg","contentUrl":"https:\/\/sectionsuedoise.com\/wp-content\/uploads\/2014\/11\/0012_slottet.jpg"},{"@type":"BreadcrumbList","@id":"https:\/\/sectionsuedoise.com\/fr\/le-programme-deducation\/le-lycee\/#breadcrumb","itemListElement":[{"@type":"ListItem","position":1,"name":"Hem","item":"https:\/\/sectionsuedoise.com\/fr\/"},{"@type":"ListItem","position":2,"name":"Le programme d&#8217;\u00e9ducation","item":"https:\/\/sectionsuedoise.com\/fr\/le-programme-deducation\/"},{"@type":"ListItem","position":3,"name":"Le Lyc\u00e9e"}]},{"@type":"WebSite","@id":"https:\/\/sectionsuedoise.com\/#website","url":"https:\/\/sectionsuedoise.com\/","name":"Section Su\u00e9doise | Svenska Sektionen | Saint-Germain-en-Laye","description":"En till WordPress-webbplats","potentialAction":[{"@type":"SearchAction","target":{"@type":"EntryPoint","urlTemplate":"https:\/\/sectionsuedoise.com\/?s={search_term_string}"},"query-input":{"@type":"PropertyValueSpecification","valueRequired":true,"valueName":"search_term_string"}}],"inLanguage":"fr-FR"}]}},"_links":{"self":[{"href":"https:\/\/sectionsuedoise.com\/fr\/wp-json\/wp\/v2\/pages\/589\/"}],"collection":[{"href":"https:\/\/sectionsuedoise.com\/fr\/wp-json\/wp\/v2\/pages\/"}],"about":[{"href":"https:\/\/sectionsuedoise.com\/fr\/wp-json\/wp\/v2\/types\/page\/"}],"author":[{"embeddable":true,"href":"https:\/\/sectionsuedoise.com\/fr\/wp-json\/wp\/v2\/users\/1\/"}],"replies":[{"embeddable":true,"href":"https:\/\/sectionsuedoise.com\/fr\/wp-json\/wp\/v2\/comments\/?post=589"}],"version-history":[{"count":5,"href":"https:\/\/sectionsuedoise.com\/fr\/wp-json\/wp\/v2\/pages\/589\/revisions\/"}],"predecessor-version":[{"id":3473,"href":"https:\/\/sectionsuedoise.com\/fr\/wp-json\/wp\/v2\/pages\/589\/revisions\/3473\/"}],"up":[{"embeddable":true,"href":"https:\/\/sectionsuedoise.com\/fr\/wp-json\/wp\/v2\/pages\/573\/"}],"wp:attachment":[{"href":"https:\/\/sectionsuedoise.com\/fr\/wp-json\/wp\/v2\/media\/?parent=589"}],"curies":[{"name":"wp","href":"https:\/\/api.w.org\/{rel}","templated":true}]}}