{"id":591,"date":"2015-02-12T13:41:24","date_gmt":"2015-02-12T12:41:24","guid":{"rendered":"http:\/\/sectionsuedoise.com\/?page_id=591"},"modified":"2025-09-24T12:37:59","modified_gmt":"2025-09-24T10:37:59","slug":"educhorus-ent","status":"publish","type":"page","link":"https:\/\/sectionsuedoise.com\/fr\/le-programme-deducation\/educhorus-ent\/","title":{"rendered":"PRONOTE NEO"},"content":{"rendered":"<p>[et_pb_section fb_built=&nbsp;&raquo;1&Prime; fullwidth=&nbsp;&raquo;on&nbsp;&raquo; admin_label=&nbsp;&raquo;section&nbsp;&raquo; _builder_version=&nbsp;&raquo;4.16&Prime; background_color=&nbsp;&raquo;#92bbe4&Prime; transparent_background=&nbsp;&raquo;off&nbsp;&raquo; global_colors_info=&nbsp;&raquo;{}&nbsp;&raquo;][et_pb_fullwidth_header title=&nbsp;&raquo;Educhorus &#8211; ENT&nbsp;&raquo; content_max_width=&nbsp;&raquo;none&nbsp;&raquo; admin_label=&nbsp;&raquo;Fullwidth Header&nbsp;&raquo; _builder_version=&nbsp;&raquo;4.16&Prime; background_color=&nbsp;&raquo;rgba(255, 255, 255, 0)&nbsp;&raquo; global_colors_info=&nbsp;&raquo;{}&nbsp;&raquo; button_one_text_size__hover_enabled=&nbsp;&raquo;off&nbsp;&raquo; button_two_text_size__hover_enabled=&nbsp;&raquo;off&nbsp;&raquo; button_one_text_color__hover_enabled=&nbsp;&raquo;off&nbsp;&raquo; button_two_text_color__hover_enabled=&nbsp;&raquo;off&nbsp;&raquo; button_one_border_width__hover_enabled=&nbsp;&raquo;off&nbsp;&raquo; button_two_border_width__hover_enabled=&nbsp;&raquo;off&nbsp;&raquo; button_one_border_color__hover_enabled=&nbsp;&raquo;off&nbsp;&raquo; button_two_border_color__hover_enabled=&nbsp;&raquo;off&nbsp;&raquo; button_one_border_radius__hover_enabled=&nbsp;&raquo;off&nbsp;&raquo; button_two_border_radius__hover_enabled=&nbsp;&raquo;off&nbsp;&raquo; button_one_letter_spacing__hover_enabled=&nbsp;&raquo;off&nbsp;&raquo; button_two_letter_spacing__hover_enabled=&nbsp;&raquo;off&nbsp;&raquo; button_one_bg_color__hover_enabled=&nbsp;&raquo;off&nbsp;&raquo; button_two_bg_color__hover_enabled=&nbsp;&raquo;off&nbsp;&raquo;] [\/et_pb_fullwidth_header][\/et_pb_section][et_pb_section fb_built=&nbsp;&raquo;1&Prime; admin_label=&nbsp;&raquo;section&nbsp;&raquo; _builder_version=&nbsp;&raquo;4.16&Prime; global_colors_info=&nbsp;&raquo;{}&nbsp;&raquo;][et_pb_row column_structure=&nbsp;&raquo;2_3,1_3&Prime; admin_label=&nbsp;&raquo;row&nbsp;&raquo; _builder_version=&nbsp;&raquo;4.16&Prime; background_size=&nbsp;&raquo;initial&nbsp;&raquo; background_position=&nbsp;&raquo;top_left&nbsp;&raquo; background_repeat=&nbsp;&raquo;repeat&nbsp;&raquo; global_colors_info=&nbsp;&raquo;{}&nbsp;&raquo;][et_pb_column type=&nbsp;&raquo;2_3&Prime; _builder_version=&nbsp;&raquo;4.16&Prime; custom_padding=&nbsp;&raquo;|||&nbsp;&raquo; global_colors_info=&nbsp;&raquo;{}&nbsp;&raquo; custom_padding__hover=&nbsp;&raquo;|||&nbsp;&raquo;][et_pb_text admin_label=&nbsp;&raquo;Text&nbsp;&raquo; _builder_version=&nbsp;&raquo;4.27.4&Prime; background_size=&nbsp;&raquo;initial&nbsp;&raquo; background_position=&nbsp;&raquo;top_left&nbsp;&raquo; background_repeat=&nbsp;&raquo;repeat&nbsp;&raquo; use_border_color=&nbsp;&raquo;off&nbsp;&raquo; border_color=&nbsp;&raquo;#ffffff&nbsp;&raquo; border_style=&nbsp;&raquo;solid&nbsp;&raquo; global_colors_info=&nbsp;&raquo;{}&nbsp;&raquo;]<\/p>\n<h3>PRONOTE (NEO)<\/h3>\n<p>PRONOTE est le syst\u00e8me de communication de l&rsquo;\u00e9cole.<br \/>Toutes les informations importantes de l&rsquo;\u00e9cole sont disponibles via l&rsquo;ENT.<\/p>\n<p>Ici, en tant que parent, vous pouvez suivre les r\u00e9sultats de vos enfants et communiquer avec les enseignants. En tant qu&rsquo;\u00e9l\u00e8ve, vous pouvez suivre vos r\u00e9sultats, partager des fichiers, consulter votre emploi du temps, vos devoirs et les dates de contr\u00f4les etc.<\/p>\n<p>Tous les \u00e9l\u00e8ves et les parents re\u00e7oivent des mots de passe par l&rsquo;\u00e9cole, puis ils doivent se connecter et les modifier. Il faut aussi saisir son adresse e-mail. Une adresse par utilisateur.<\/p>\n<p>&nbsp;<\/p>\n<p>&nbsp;<\/p>\n<p>[\/et_pb_text][\/et_pb_column][et_pb_column type=&nbsp;&raquo;1_3&Prime; _builder_version=&nbsp;&raquo;4.16&Prime; custom_padding=&nbsp;&raquo;|||&nbsp;&raquo; global_colors_info=&nbsp;&raquo;{}&nbsp;&raquo; custom_padding__hover=&nbsp;&raquo;|||&nbsp;&raquo;][et_pb_sidebar orientation=&nbsp;&raquo;right&nbsp;&raquo; area=&nbsp;&raquo;sidebar-1&Prime; admin_label=&nbsp;&raquo;Sidebar&nbsp;&raquo; _builder_version=&nbsp;&raquo;4.16&Prime; global_colors_info=&nbsp;&raquo;{}&nbsp;&raquo;] [\/et_pb_sidebar][\/et_pb_column][\/et_pb_row][\/et_pb_section]<\/p>\n","protected":false},"excerpt":{"rendered":"<p>PRONOTE (NEO) PRONOTE est le syst\u00e8me de communication de l&rsquo;\u00e9cole.Toutes les informations importantes de l&rsquo;\u00e9cole sont disponibles via l&rsquo;ENT. Ici, en tant que parent, vous pouvez suivre les r\u00e9sultats de vos enfants et communiquer avec les enseignants. En tant qu&rsquo;\u00e9l\u00e8ve, vous pouvez suivre vos r\u00e9sultats, partager des fichiers, consulter votre emploi du temps, vos devoirs [&hellip;]<\/p>\n","protected":false},"author":1,"featured_media":0,"parent":573,"menu_order":40,"comment_status":"closed","ping_status":"closed","template":"","meta":{"_et_pb_use_builder":"on","_et_pb_old_content":"","_et_gb_content_width":"","footnotes":"","_links_to":"","_links_to_target":""},"class_list":["post-591","page","type-page","status-publish","hentry"],"yoast_head":"<!-- This site is optimized with the Yoast SEO plugin v27.2 - https:\/\/yoast.com\/product\/yoast-seo-wordpress\/ -->\n<title>PRONOTE NEO - Section Su\u00e9doise | Svenska Sektionen | Saint-Germain-en-Laye<\/title>\n<meta name=\"robots\" content=\"index, follow, max-snippet:-1, max-image-preview:large, max-video-preview:-1\" \/>\n<link rel=\"canonical\" href=\"https:\/\/sectionsuedoise.com\/fr\/le-programme-deducation\/educhorus-ent\/\" \/>\n<meta property=\"og:locale\" content=\"fr_FR\" \/>\n<meta property=\"og:type\" content=\"article\" \/>\n<meta property=\"og:title\" content=\"PRONOTE NEO - Section Su\u00e9doise | Svenska Sektionen | Saint-Germain-en-Laye\" \/>\n<meta property=\"og:description\" content=\"PRONOTE (NEO) PRONOTE est le syst\u00e8me de communication de l&#039;\u00e9cole.Toutes les informations importantes de l&#039;\u00e9cole sont disponibles via l&#039;ENT. Ici, en tant que parent, vous pouvez suivre les r\u00e9sultats de vos enfants et communiquer avec les enseignants. En tant qu&#039;\u00e9l\u00e8ve, vous pouvez suivre vos r\u00e9sultats, partager des fichiers, consulter votre emploi du temps, vos devoirs [&hellip;]\" \/>\n<meta property=\"og:url\" content=\"https:\/\/sectionsuedoise.com\/fr\/le-programme-deducation\/educhorus-ent\/\" \/>\n<meta property=\"og:site_name\" content=\"Section Su\u00e9doise | Svenska Sektionen | Saint-Germain-en-Laye\" \/>\n<meta property=\"article:modified_time\" content=\"2025-09-24T10:37:59+00:00\" \/>\n<meta name=\"twitter:label1\" content=\"Dur\u00e9e de lecture estim\u00e9e\" \/>\n\t<meta name=\"twitter:data1\" content=\"1 minute\" \/>\n<script type=\"application\/ld+json\" class=\"yoast-schema-graph\">{\"@context\":\"https:\/\/schema.org\",\"@graph\":[{\"@type\":\"WebPage\",\"@id\":\"https:\/\/sectionsuedoise.com\/fr\/le-programme-deducation\/educhorus-ent\/\",\"url\":\"https:\/\/sectionsuedoise.com\/fr\/le-programme-deducation\/educhorus-ent\/\",\"name\":\"PRONOTE NEO - Section Su\u00e9doise | Svenska Sektionen | Saint-Germain-en-Laye\",\"isPartOf\":{\"@id\":\"https:\/\/sectionsuedoise.com\/#website\"},\"datePublished\":\"2015-02-12T12:41:24+00:00\",\"dateModified\":\"2025-09-24T10:37:59+00:00\",\"breadcrumb\":{\"@id\":\"https:\/\/sectionsuedoise.com\/fr\/le-programme-deducation\/educhorus-ent\/#breadcrumb\"},\"inLanguage\":\"fr-FR\",\"potentialAction\":[{\"@type\":\"ReadAction\",\"target\":[\"https:\/\/sectionsuedoise.com\/fr\/le-programme-deducation\/educhorus-ent\/\"]}]},{\"@type\":\"BreadcrumbList\",\"@id\":\"https:\/\/sectionsuedoise.com\/fr\/le-programme-deducation\/educhorus-ent\/#breadcrumb\",\"itemListElement\":[{\"@type\":\"ListItem\",\"position\":1,\"name\":\"Hem\",\"item\":\"https:\/\/sectionsuedoise.com\/fr\/\"},{\"@type\":\"ListItem\",\"position\":2,\"name\":\"Le programme d&#8217;\u00e9ducation\",\"item\":\"https:\/\/sectionsuedoise.com\/fr\/le-programme-deducation\/\"},{\"@type\":\"ListItem\",\"position\":3,\"name\":\"PRONOTE NEO\"}]},{\"@type\":\"WebSite\",\"@id\":\"https:\/\/sectionsuedoise.com\/#website\",\"url\":\"https:\/\/sectionsuedoise.com\/\",\"name\":\"Section Su\u00e9doise | Svenska Sektionen | Saint-Germain-en-Laye\",\"description\":\"En till WordPress-webbplats\",\"potentialAction\":[{\"@type\":\"SearchAction\",\"target\":{\"@type\":\"EntryPoint\",\"urlTemplate\":\"https:\/\/sectionsuedoise.com\/?s={search_term_string}\"},\"query-input\":{\"@type\":\"PropertyValueSpecification\",\"valueRequired\":true,\"valueName\":\"search_term_string\"}}],\"inLanguage\":\"fr-FR\"}]}<\/script>\n<!-- \/ Yoast SEO plugin. -->","yoast_head_json":{"title":"PRONOTE NEO - Section Su\u00e9doise | Svenska Sektionen | Saint-Germain-en-Laye","robots":{"index":"index","follow":"follow","max-snippet":"max-snippet:-1","max-image-preview":"max-image-preview:large","max-video-preview":"max-video-preview:-1"},"canonical":"https:\/\/sectionsuedoise.com\/fr\/le-programme-deducation\/educhorus-ent\/","og_locale":"fr_FR","og_type":"article","og_title":"PRONOTE NEO - Section Su\u00e9doise | Svenska Sektionen | Saint-Germain-en-Laye","og_description":"PRONOTE (NEO) PRONOTE est le syst\u00e8me de communication de l'\u00e9cole.Toutes les informations importantes de l'\u00e9cole sont disponibles via l'ENT. Ici, en tant que parent, vous pouvez suivre les r\u00e9sultats de vos enfants et communiquer avec les enseignants. En tant qu'\u00e9l\u00e8ve, vous pouvez suivre vos r\u00e9sultats, partager des fichiers, consulter votre emploi du temps, vos devoirs [&hellip;]","og_url":"https:\/\/sectionsuedoise.com\/fr\/le-programme-deducation\/educhorus-ent\/","og_site_name":"Section Su\u00e9doise | Svenska Sektionen | Saint-Germain-en-Laye","article_modified_time":"2025-09-24T10:37:59+00:00","twitter_misc":{"Dur\u00e9e de lecture estim\u00e9e":"1 minute"},"schema":{"@context":"https:\/\/schema.org","@graph":[{"@type":"WebPage","@id":"https:\/\/sectionsuedoise.com\/fr\/le-programme-deducation\/educhorus-ent\/","url":"https:\/\/sectionsuedoise.com\/fr\/le-programme-deducation\/educhorus-ent\/","name":"PRONOTE NEO - Section Su\u00e9doise | Svenska Sektionen | Saint-Germain-en-Laye","isPartOf":{"@id":"https:\/\/sectionsuedoise.com\/#website"},"datePublished":"2015-02-12T12:41:24+00:00","dateModified":"2025-09-24T10:37:59+00:00","breadcrumb":{"@id":"https:\/\/sectionsuedoise.com\/fr\/le-programme-deducation\/educhorus-ent\/#breadcrumb"},"inLanguage":"fr-FR","potentialAction":[{"@type":"ReadAction","target":["https:\/\/sectionsuedoise.com\/fr\/le-programme-deducation\/educhorus-ent\/"]}]},{"@type":"BreadcrumbList","@id":"https:\/\/sectionsuedoise.com\/fr\/le-programme-deducation\/educhorus-ent\/#breadcrumb","itemListElement":[{"@type":"ListItem","position":1,"name":"Hem","item":"https:\/\/sectionsuedoise.com\/fr\/"},{"@type":"ListItem","position":2,"name":"Le programme d&#8217;\u00e9ducation","item":"https:\/\/sectionsuedoise.com\/fr\/le-programme-deducation\/"},{"@type":"ListItem","position":3,"name":"PRONOTE NEO"}]},{"@type":"WebSite","@id":"https:\/\/sectionsuedoise.com\/#website","url":"https:\/\/sectionsuedoise.com\/","name":"Section Su\u00e9doise | Svenska Sektionen | Saint-Germain-en-Laye","description":"En till WordPress-webbplats","potentialAction":[{"@type":"SearchAction","target":{"@type":"EntryPoint","urlTemplate":"https:\/\/sectionsuedoise.com\/?s={search_term_string}"},"query-input":{"@type":"PropertyValueSpecification","valueRequired":true,"valueName":"search_term_string"}}],"inLanguage":"fr-FR"}]}},"_links":{"self":[{"href":"https:\/\/sectionsuedoise.com\/fr\/wp-json\/wp\/v2\/pages\/591\/"}],"collection":[{"href":"https:\/\/sectionsuedoise.com\/fr\/wp-json\/wp\/v2\/pages\/"}],"about":[{"href":"https:\/\/sectionsuedoise.com\/fr\/wp-json\/wp\/v2\/types\/page\/"}],"author":[{"embeddable":true,"href":"https:\/\/sectionsuedoise.com\/fr\/wp-json\/wp\/v2\/users\/1\/"}],"replies":[{"embeddable":true,"href":"https:\/\/sectionsuedoise.com\/fr\/wp-json\/wp\/v2\/comments\/?post=591"}],"version-history":[{"count":5,"href":"https:\/\/sectionsuedoise.com\/fr\/wp-json\/wp\/v2\/pages\/591\/revisions\/"}],"predecessor-version":[{"id":5704,"href":"https:\/\/sectionsuedoise.com\/fr\/wp-json\/wp\/v2\/pages\/591\/revisions\/5704\/"}],"up":[{"embeddable":true,"href":"https:\/\/sectionsuedoise.com\/fr\/wp-json\/wp\/v2\/pages\/573\/"}],"wp:attachment":[{"href":"https:\/\/sectionsuedoise.com\/fr\/wp-json\/wp\/v2\/media\/?parent=591"}],"curies":[{"name":"wp","href":"https:\/\/api.w.org\/{rel}","templated":true}]}}