{"id":593,"date":"2015-02-12T13:41:59","date_gmt":"2015-02-12T12:41:59","guid":{"rendered":"http:\/\/sectionsuedoise.com\/?page_id=593"},"modified":"2016-09-19T13:46:24","modified_gmt":"2016-09-19T11:46:24","slug":"le-diplome-national-du-brevet-mention-internationale","status":"publish","type":"page","link":"https:\/\/sectionsuedoise.com\/fr\/le-programme-deducation\/le-diplome-national-du-brevet-mention-internationale\/","title":{"rendered":"Le dipl\u00f4me national du brevet mention internationale"},"content":{"rendered":"<p>[et_pb_section admin_label=&nbsp;&raquo;section&nbsp;&raquo; fullwidth=&nbsp;&raquo;on&nbsp;&raquo; specialty=&nbsp;&raquo;off&nbsp;&raquo; transparent_background=&nbsp;&raquo;off&nbsp;&raquo; background_color=&nbsp;&raquo;#92bbe4&Prime; inner_shadow=&nbsp;&raquo;off&nbsp;&raquo; parallax=&nbsp;&raquo;off&nbsp;&raquo; parallax_method=&nbsp;&raquo;off&nbsp;&raquo;][et_pb_fullwidth_header admin_label=&nbsp;&raquo;Fullwidth Header&nbsp;&raquo; title=&nbsp;&raquo;Le dipl\u00f4me national du brevet mention internationale&nbsp;&raquo; background_layout=&nbsp;&raquo;dark&nbsp;&raquo; text_orientation=&nbsp;&raquo;left&nbsp;&raquo;] [\/et_pb_fullwidth_header][\/et_pb_section][et_pb_section admin_label=&nbsp;&raquo;section&nbsp;&raquo;][et_pb_row admin_label=&nbsp;&raquo;row&nbsp;&raquo;][et_pb_column type=&nbsp;&raquo;2_3&Prime;][et_pb_text admin_label=&nbsp;&raquo;Text&nbsp;&raquo; background_layout=&nbsp;&raquo;light&nbsp;&raquo; text_orientation=&nbsp;&raquo;left&nbsp;&raquo; use_border_color=&nbsp;&raquo;off&nbsp;&raquo; border_color=&nbsp;&raquo;#ffffff&nbsp;&raquo; border_style=&nbsp;&raquo;solid&nbsp;&raquo;]<\/p>\n<h3>Le dipl\u00f4me national du brevet mention internationale<\/h3>\n<p>Le DNB (le dipl\u00f4me national du brevet) se passe \u00e0 la fin de la classe de troisi\u00e8me et prend en compte cinq \u00e9l\u00e9ments:<\/p>\n<ul>\n<li>la ma\u00eetrise du socle commun de connaissances et comp\u00e9tences<\/li>\n<li>la note obtenue \u00e0 l&rsquo;oral &laquo;&nbsp;histoire des arts&nbsp;&raquo;<\/li>\n<li>les notes de contr\u00f4le continu<\/li>\n<li>la note de la vie scolaire<\/li>\n<li>les notes obtenues \u00e0 l&rsquo;examen final du DNBAu Coll\u00e8ge International, les \u00e9l\u00e8ves passent le DNB \u00e0 mention internationale. Il est constitu\u00e9 par 4 \u00e9preuves:<\/li>\n<li>langue et litt\u00e9rature dans la langue de la section (su\u00e9dois)<\/li>\n<li>fran\u00e7ais<\/li>\n<li>math\u00e9matiques<\/li>\n<li>histoire en fran\u00e7ais etun oral d&rsquo;histoire dans la langue de la section (su\u00e9dois)&nbsp;<\/li>\n<\/ul>\n<p>&nbsp;<\/p>\n<p>&nbsp;<\/p>\n<p>L\u00e4s vidare<\/p>\n<p><a href=\"http:\/\/eduscol.education.fr\/cid53961\/epreuve-d-histoire-des-arts.html\" target=\"_blank\"><strong>F\u00f6r mer info\u00a0:\u00a0L\u00e4s vidare<\/strong><\/a><\/p>\n<p>[\/et_pb_text][\/et_pb_column][et_pb_column type=&nbsp;&raquo;1_3&Prime;][et_pb_sidebar admin_label=&nbsp;&raquo;Sidebar&nbsp;&raquo; orientation=&nbsp;&raquo;right&nbsp;&raquo; area=&nbsp;&raquo;sidebar-1&Prime; background_layout=&nbsp;&raquo;light&nbsp;&raquo;] [\/et_pb_sidebar][\/et_pb_column][\/et_pb_row][\/et_pb_section]<\/p>\n","protected":false},"excerpt":{"rendered":"<p>Le dipl\u00f4me national du brevet mention internationale Le DNB (le dipl\u00f4me national du brevet) se passe \u00e0 la fin de la classe de troisi\u00e8me et prend en compte cinq \u00e9l\u00e9ments: la ma\u00eetrise du socle commun de connaissances et comp\u00e9tences la note obtenue \u00e0 l&rsquo;oral &laquo;&nbsp;histoire des arts&nbsp;&raquo; les notes de contr\u00f4le continu la note de [&hellip;]<\/p>\n","protected":false},"author":1,"featured_media":0,"parent":573,"menu_order":40,"comment_status":"closed","ping_status":"closed","template":"","meta":{"_et_pb_use_builder":"on","_et_pb_old_content":"","_et_gb_content_width":"","footnotes":"","_links_to":"","_links_to_target":""},"class_list":["post-593","page","type-page","status-publish","hentry"],"yoast_head":"<!-- This site is optimized with the Yoast SEO plugin v27.4 - https:\/\/yoast.com\/product\/yoast-seo-wordpress\/ -->\n<title>Le dipl\u00f4me national du brevet mention internationale - Section Su\u00e9doise | Svenska Sektionen | Saint-Germain-en-Laye<\/title>\n<meta name=\"robots\" content=\"index, follow, max-snippet:-1, max-image-preview:large, max-video-preview:-1\" \/>\n<link rel=\"canonical\" href=\"https:\/\/sectionsuedoise.com\/fr\/le-programme-deducation\/le-diplome-national-du-brevet-mention-internationale\/\" \/>\n<meta property=\"og:locale\" content=\"fr_FR\" \/>\n<meta property=\"og:type\" content=\"article\" \/>\n<meta property=\"og:title\" content=\"Le dipl\u00f4me national du brevet mention internationale - Section Su\u00e9doise | Svenska Sektionen | Saint-Germain-en-Laye\" \/>\n<meta property=\"og:description\" content=\"Le dipl\u00f4me national du brevet mention internationale Le DNB (le dipl\u00f4me national du brevet) se passe \u00e0 la fin de la classe de troisi\u00e8me et prend en compte cinq \u00e9l\u00e9ments: la ma\u00eetrise du socle commun de connaissances et comp\u00e9tences la note obtenue \u00e0 l&#039;oral &quot;histoire des arts&quot; les notes de contr\u00f4le continu la note de [&hellip;]\" \/>\n<meta property=\"og:url\" content=\"https:\/\/sectionsuedoise.com\/fr\/le-programme-deducation\/le-diplome-national-du-brevet-mention-internationale\/\" \/>\n<meta property=\"og:site_name\" content=\"Section Su\u00e9doise | Svenska Sektionen | Saint-Germain-en-Laye\" \/>\n<meta property=\"article:modified_time\" content=\"2016-09-19T11:46:24+00:00\" \/>\n<meta name=\"twitter:label1\" content=\"Dur\u00e9e de lecture estim\u00e9e\" \/>\n\t<meta name=\"twitter:data1\" content=\"1 minute\" \/>\n<script type=\"application\/ld+json\" class=\"yoast-schema-graph\">{\"@context\":\"https:\\\/\\\/schema.org\",\"@graph\":[{\"@type\":\"WebPage\",\"@id\":\"https:\\\/\\\/sectionsuedoise.com\\\/fr\\\/le-programme-deducation\\\/le-diplome-national-du-brevet-mention-internationale\\\/\",\"url\":\"https:\\\/\\\/sectionsuedoise.com\\\/fr\\\/le-programme-deducation\\\/le-diplome-national-du-brevet-mention-internationale\\\/\",\"name\":\"Le dipl\u00f4me national du brevet mention internationale - Section Su\u00e9doise | Svenska Sektionen | Saint-Germain-en-Laye\",\"isPartOf\":{\"@id\":\"https:\\\/\\\/sectionsuedoise.com\\\/#website\"},\"datePublished\":\"2015-02-12T12:41:59+00:00\",\"dateModified\":\"2016-09-19T11:46:24+00:00\",\"breadcrumb\":{\"@id\":\"https:\\\/\\\/sectionsuedoise.com\\\/fr\\\/le-programme-deducation\\\/le-diplome-national-du-brevet-mention-internationale\\\/#breadcrumb\"},\"inLanguage\":\"fr-FR\",\"potentialAction\":[{\"@type\":\"ReadAction\",\"target\":[\"https:\\\/\\\/sectionsuedoise.com\\\/fr\\\/le-programme-deducation\\\/le-diplome-national-du-brevet-mention-internationale\\\/\"]}]},{\"@type\":\"BreadcrumbList\",\"@id\":\"https:\\\/\\\/sectionsuedoise.com\\\/fr\\\/le-programme-deducation\\\/le-diplome-national-du-brevet-mention-internationale\\\/#breadcrumb\",\"itemListElement\":[{\"@type\":\"ListItem\",\"position\":1,\"name\":\"Hem\",\"item\":\"https:\\\/\\\/sectionsuedoise.com\\\/fr\\\/\"},{\"@type\":\"ListItem\",\"position\":2,\"name\":\"Le programme d&#8217;\u00e9ducation\",\"item\":\"https:\\\/\\\/sectionsuedoise.com\\\/fr\\\/le-programme-deducation\\\/\"},{\"@type\":\"ListItem\",\"position\":3,\"name\":\"Le dipl\u00f4me national du brevet mention internationale\"}]},{\"@type\":\"WebSite\",\"@id\":\"https:\\\/\\\/sectionsuedoise.com\\\/#website\",\"url\":\"https:\\\/\\\/sectionsuedoise.com\\\/\",\"name\":\"Section Su\u00e9doise | Svenska Sektionen | Saint-Germain-en-Laye\",\"description\":\"En till WordPress-webbplats\",\"potentialAction\":[{\"@type\":\"SearchAction\",\"target\":{\"@type\":\"EntryPoint\",\"urlTemplate\":\"https:\\\/\\\/sectionsuedoise.com\\\/?s={search_term_string}\"},\"query-input\":{\"@type\":\"PropertyValueSpecification\",\"valueRequired\":true,\"valueName\":\"search_term_string\"}}],\"inLanguage\":\"fr-FR\"}]}<\/script>\n<!-- \/ Yoast SEO plugin. -->","yoast_head_json":{"title":"Le dipl\u00f4me national du brevet mention internationale - Section Su\u00e9doise | Svenska Sektionen | Saint-Germain-en-Laye","robots":{"index":"index","follow":"follow","max-snippet":"max-snippet:-1","max-image-preview":"max-image-preview:large","max-video-preview":"max-video-preview:-1"},"canonical":"https:\/\/sectionsuedoise.com\/fr\/le-programme-deducation\/le-diplome-national-du-brevet-mention-internationale\/","og_locale":"fr_FR","og_type":"article","og_title":"Le dipl\u00f4me national du brevet mention internationale - Section Su\u00e9doise | Svenska Sektionen | Saint-Germain-en-Laye","og_description":"Le dipl\u00f4me national du brevet mention internationale Le DNB (le dipl\u00f4me national du brevet) se passe \u00e0 la fin de la classe de troisi\u00e8me et prend en compte cinq \u00e9l\u00e9ments: la ma\u00eetrise du socle commun de connaissances et comp\u00e9tences la note obtenue \u00e0 l'oral \"histoire des arts\" les notes de contr\u00f4le continu la note de [&hellip;]","og_url":"https:\/\/sectionsuedoise.com\/fr\/le-programme-deducation\/le-diplome-national-du-brevet-mention-internationale\/","og_site_name":"Section Su\u00e9doise | Svenska Sektionen | Saint-Germain-en-Laye","article_modified_time":"2016-09-19T11:46:24+00:00","twitter_misc":{"Dur\u00e9e de lecture estim\u00e9e":"1 minute"},"schema":{"@context":"https:\/\/schema.org","@graph":[{"@type":"WebPage","@id":"https:\/\/sectionsuedoise.com\/fr\/le-programme-deducation\/le-diplome-national-du-brevet-mention-internationale\/","url":"https:\/\/sectionsuedoise.com\/fr\/le-programme-deducation\/le-diplome-national-du-brevet-mention-internationale\/","name":"Le dipl\u00f4me national du brevet mention internationale - Section Su\u00e9doise | Svenska Sektionen | Saint-Germain-en-Laye","isPartOf":{"@id":"https:\/\/sectionsuedoise.com\/#website"},"datePublished":"2015-02-12T12:41:59+00:00","dateModified":"2016-09-19T11:46:24+00:00","breadcrumb":{"@id":"https:\/\/sectionsuedoise.com\/fr\/le-programme-deducation\/le-diplome-national-du-brevet-mention-internationale\/#breadcrumb"},"inLanguage":"fr-FR","potentialAction":[{"@type":"ReadAction","target":["https:\/\/sectionsuedoise.com\/fr\/le-programme-deducation\/le-diplome-national-du-brevet-mention-internationale\/"]}]},{"@type":"BreadcrumbList","@id":"https:\/\/sectionsuedoise.com\/fr\/le-programme-deducation\/le-diplome-national-du-brevet-mention-internationale\/#breadcrumb","itemListElement":[{"@type":"ListItem","position":1,"name":"Hem","item":"https:\/\/sectionsuedoise.com\/fr\/"},{"@type":"ListItem","position":2,"name":"Le programme d&#8217;\u00e9ducation","item":"https:\/\/sectionsuedoise.com\/fr\/le-programme-deducation\/"},{"@type":"ListItem","position":3,"name":"Le dipl\u00f4me national du brevet mention internationale"}]},{"@type":"WebSite","@id":"https:\/\/sectionsuedoise.com\/#website","url":"https:\/\/sectionsuedoise.com\/","name":"Section Su\u00e9doise | Svenska Sektionen | Saint-Germain-en-Laye","description":"En till WordPress-webbplats","potentialAction":[{"@type":"SearchAction","target":{"@type":"EntryPoint","urlTemplate":"https:\/\/sectionsuedoise.com\/?s={search_term_string}"},"query-input":{"@type":"PropertyValueSpecification","valueRequired":true,"valueName":"search_term_string"}}],"inLanguage":"fr-FR"}]}},"_links":{"self":[{"href":"https:\/\/sectionsuedoise.com\/fr\/wp-json\/wp\/v2\/pages\/593\/"}],"collection":[{"href":"https:\/\/sectionsuedoise.com\/fr\/wp-json\/wp\/v2\/pages\/"}],"about":[{"href":"https:\/\/sectionsuedoise.com\/fr\/wp-json\/wp\/v2\/types\/page\/"}],"author":[{"embeddable":true,"href":"https:\/\/sectionsuedoise.com\/fr\/wp-json\/wp\/v2\/users\/1\/"}],"replies":[{"embeddable":true,"href":"https:\/\/sectionsuedoise.com\/fr\/wp-json\/wp\/v2\/comments\/?post=593"}],"version-history":[{"count":5,"href":"https:\/\/sectionsuedoise.com\/fr\/wp-json\/wp\/v2\/pages\/593\/revisions\/"}],"predecessor-version":[{"id":1490,"href":"https:\/\/sectionsuedoise.com\/fr\/wp-json\/wp\/v2\/pages\/593\/revisions\/1490\/"}],"up":[{"embeddable":true,"href":"https:\/\/sectionsuedoise.com\/fr\/wp-json\/wp\/v2\/pages\/573\/"}],"wp:attachment":[{"href":"https:\/\/sectionsuedoise.com\/fr\/wp-json\/wp\/v2\/media\/?parent=593"}],"curies":[{"name":"wp","href":"https:\/\/api.w.org\/{rel}","templated":true}]}}