{"id":595,"date":"2015-02-12T13:42:40","date_gmt":"2015-02-12T12:42:40","guid":{"rendered":"http:\/\/sectionsuedoise.com\/?page_id=595"},"modified":"2016-01-18T15:43:37","modified_gmt":"2016-01-18T14:43:37","slug":"post-bac","status":"publish","type":"page","link":"https:\/\/sectionsuedoise.com\/fr\/le-programme-deducation\/post-bac\/","title":{"rendered":"Post-bac"},"content":{"rendered":"<p>[et_pb_section fullwidth=&nbsp;&raquo;on&nbsp;&raquo; specialty=&nbsp;&raquo;off&nbsp;&raquo; transparent_background=&nbsp;&raquo;off&nbsp;&raquo; background_color=&nbsp;&raquo;#92bbe4&Prime; inner_shadow=&nbsp;&raquo;off&nbsp;&raquo; parallax=&nbsp;&raquo;off&nbsp;&raquo; parallax_method=&nbsp;&raquo;off&nbsp;&raquo;][et_pb_fullwidth_header admin_label=&nbsp;&raquo;Fullwidth Header&nbsp;&raquo; title=&nbsp;&raquo;Post-bac&nbsp;&raquo; background_layout=&nbsp;&raquo;dark&nbsp;&raquo; text_orientation=&nbsp;&raquo;left&nbsp;&raquo; \/][\/et_pb_section][et_pb_section][et_pb_row][et_pb_column type=&nbsp;&raquo;2_3&Prime;][et_pb_text admin_label=&nbsp;&raquo;Text&nbsp;&raquo; background_layout=&nbsp;&raquo;light&nbsp;&raquo; text_orientation=&nbsp;&raquo;left&nbsp;&raquo;]<\/p>\n<h3>Post-bac, efter studentexamen<\/h3>\n<p>N\u00e5gra v\u00e4nliga familjer har gett oss lite tips p\u00e5 vad man kan t\u00e4nka p\u00e5 n\u00e4r man s\u00f6ker in p\u00e5 h\u00f6gskolor runt om i v\u00e4rlden. Mycket information f\u00e5r man p\u00e5 respektive universitets hemsida, men allt st\u00e5r ej. <strong>Allm\u00e4nt:<\/strong><\/p>\n<ul>\n<li>Var\u00a0 ute i tid! B\u00f6rja i 2nde!<\/li>\n<li>Kontrollera vilka intagningstester som beh\u00f6vs till respektive h\u00f6gskola.<\/li>\n<li>Skaffa carte europ\u00e9enne d\u2019assurance maladie. Skall eleven till Sverige kan det vara bra att skriva sig d\u00e4r. Ta kontakt med Skatteverket.<\/li>\n<li>Vill man r\u00f6sta i Sverige m\u00e5ste man vara skriven i Sverige om man aldrig varit skriven d\u00e4r innan. \u00c4r man allts\u00e5 f\u00f6dd i Frankrike, r\u00e4cker det inte att vara svensk medborgare.<\/li>\n<li>Vill man ta k\u00f6rkort i Sverige m\u00e5ste man ha varit skriven i landet i sex m\u00e5nader.<\/li>\n<\/ul>\n<p>Tester som kan kr\u00e4vas vid vissa engelskspr\u00e5kiga universitet: <a href=\"http:\/\/www.cambridgeenglish.org\/fr\/exams-and-qualifications\/first\/\" target=\"_blank\"><strong>Cambridge<\/strong><\/a> <strong><a href=\"http:\/\/www.ets.org\/fr\/toefl\" target=\"_blank\">TOEFL<\/a><\/strong><\/p>\n<hr \/>\n<h4>Canada<\/h4>\n<p>Man kan vara utskriven ur Frankrike, men \u00e4nd\u00e5 anv\u00e4nda familjens mutuelle. <strong>Montr\u00e9al:\u00a0<\/strong> <a href=\"http:\/\/www.mcgill.ca\/\/fr\/\" target=\"_blank\"><strong>Mc Gill<\/strong><\/a> <strong>Vad kr\u00e4vs?<\/strong> TOEFEL-test och\/eller Cambridge, som g\u00f6rs i 1\u00e8re eller senast sommaren innan T plus h\u00f6ga betyg i \u201dbacen\u201d.\u00a0De tittar \u00e4ven p\u00e5 betygen fr\u00e5n 2nd och 1\u00e8re.<\/p>\n<ul>\n<li>TOEFL och\/eller Cambridge ska skickas till Mc Gill direkt via TOEFL och Cambridge. Ej som bifogat dokument.<\/li>\n<li>Skriv in dig, v\u00e4lj \u00e4mnen \u2013 se till att du f\u00e5r ett bra schema.<\/li>\n<li>Bostad. F\u00f6rs\u00f6k att bo p\u00e5 campus f\u00f6rsta \u00e5ret, man kan \u00e4ven inkludera mat i boendet. Sedan l\u00f6ser boendet sig sj\u00e4lvt.<\/li>\n<\/ul>\n<hr \/>\n<p>&nbsp;<\/p>\n<h4>England, Skottland<\/h4>\n<p>Allm\u00e4nt om Skottland. Engelskt skolsystem (UCAS). Fem universitet, du v\u00e4ljer tv\u00e5. <strong>Vad kr\u00e4vs?<\/strong> \u00a0TOEFEL-test\u00a0 och\/eller Cambridge, som helst g\u00f6rs i 1\u00e8re eller senast sommaren innan T plus h\u00f6ga betyg i \u201dbacen\u201d. Det g\u00e5r dock att g\u00f6ra i T.<\/p>\n<ul>\n<li>Man m\u00e5ste ocks\u00e5 skicka med \u201da letter of reference\u201d liksom ett \u201dpersonal statement\u201d.\u00a0 L\u00e4mna in allt i januari.<\/li>\n<li>Bostad. Man f\u00e5r vara uppkopplad hela tiden. Svara direkt n\u00e4r n\u00e5got dyker upp. Ligger mycket ansvar p\u00e5 familjen. Det g\u00e5r att f\u00e5 rum n\u00e4ra campus f\u00f6r ca 500 euro\/m\u00e5nad.<\/li>\n<li>Kostnad studier: 1800 euro f\u00f6r ett l\u00e4s\u00e5r.<\/li>\n<li>Kr\u00e5ngligt att \u00f6ppna konto. Sv\u00e5rt att skaffa telefon. L\u00f6sning: fransk telefon och wifi. Finns i bostad vilket g\u00f6r att det fungerar \u00e4nd\u00e5.<\/li>\n<\/ul>\n<hr \/>\n<p>&nbsp;<\/p>\n<h4>Rotterdam<\/h4>\n<p><strong>Vad kr\u00e4vs\u00a0?\u00a0<\/strong>TOEFEL-test\u00a0 och\/eller Cambridge, som g\u00f6rs i 1\u00e8re eller senast sommaren innan T plus h\u00f6ga betyg i \u201dbacen\u201d. Ans\u00f6kan skickas in i april. Bostad. Leta direkt i juli. Bra att bo p\u00e5 campus. Kostar ca 500 euro\/m\u00e5n.<\/p>\n<hr \/>\n<h4><\/h4>\n<h4>Paris<\/h4>\n<p><strong>Vad kr\u00e4vs?<\/strong> OIB, beroende p\u00e5 vilken inriktning man v\u00e4ljer varierar betygskraven. <a href=\"www.concours-sesame.net\" target=\"_blank\"><strong>SESAM:\u00a0 www.concours-sesame.net<\/strong><\/a> Man skriver in sig i februari , T-\u00e5ret. Skriftliga prov i april och maj. Resultatet f\u00e5r man i juni. 5 \u00e5rs studier. <a href=\"www.classes-prepa.fr\" target=\"_blank\"><strong>Pr\u00e9pa hypokh\u00e2gne: www.classes-prepa.fr<\/strong><\/a> Om man vill utnyttja det franska elitsystemet. 2 \u00e5r. Boende. G\u00e5r att hitta om man har t\u00e5lamod. <a href=\"http:\/\/www.unme-asso.com\/VillesUNME\/Paris.html\" target=\"_blank\"><strong>Bra l\u00e4nk<\/strong><\/a><\/p>\n<hr \/>\n<h4>Sverige<\/h4>\n<p><a href=\"http:\/\/www.antagning.se\" target=\"_blank\"><strong>www.antagning.se<\/strong><\/a> <strong>Studentk\u00e5r:<\/strong> En studentk\u00e5r \u00e4r en intresseorganisation f\u00f6r studenter vid ett visst universitet eller h\u00f6gskola. <strong>Nation:<\/strong> En studentf\u00f6rening vid ett universitet eller h\u00f6gskola, oftast opolitisk, med varierande verksamhet. Hj\u00e4lper bl a till med bostad. <strong>Uppsala<\/strong> <strong>Vad kr\u00e4vs?<\/strong> OIB, beroende p\u00e5 vilken inriktning man v\u00e4ljer varierar betygskraven. Bostad. Skriv in dig p\u00e5 en nation. <a href=\"http:\/\/www.uppsalastudent.com\" target=\"_blank\">www.uppsalastudent.com<\/a> I n\u00e5gra nationer kan du st\u00e5 i k\u00f6 innan du blir antagen, i andra inte. Tips: Kolla i ditt privata n\u00e4tverk de f\u00f6rsta sex m\u00e5naderna. Det \u00e4r l\u00e4ttare att l\u00f6sa fr\u00e5gan p\u00e5 plats. <strong>Stockholm<\/strong> <strong>Vad kr\u00e4vs?<\/strong> OIB, beroende p\u00e5 vilken inriktning man v\u00e4ljer varierar betygskraven. Universitet\/h\u00f6gskolor: Handelsh\u00f6gskolan<a title=\" www.hhs.se\" href=\"http:\/\/www.hhs.se\"> <span style=\"color: #0000ff;\">www.hhs.se<\/span><\/a> Stockholms universitet <a title=\"www.su.se\" href=\"http:\/\/www.su.se\"><span style=\"color: #0000ff;\">www.su.se<\/span><\/a> Karolinska institutet <a title=\"www.ki.se\" href=\"http:\/\/www.ki.se\"><span style=\"color: #0000ff;\">www.ki.se<\/span><\/a> S\u00f6dert\u00f6rns h\u00f6gskola <a title=\"www.webappo.web.sh.se\" href=\"http:\/\/www.webappo.web.sh.se\"><span style=\"color: #0000ff;\">www.webappo.web.sh.se<\/span><\/a> KTH <a title=\"www.kth.se\" href=\"http:\/\/www.kth.se\"><span style=\"color: #0000ff;\">www.kth.se<\/span><\/a> Bostad.\u00a0 G\u00e5 in p\u00e5 f\u00f6ljande l\u00e4nk f\u00f6r tips:<span style=\"color: #0000ff;\"> <a title=\"www.stockholmaccueil.se\" href=\"http:\/\/www.stockholmaccueil.se\">www.stockholmaccueil.se<\/a><\/span> <strong>Lund<\/strong> <strong>Vad kr\u00e4vs?<\/strong> OIB, beroende p\u00e5 vilken inriktning man v\u00e4ljer varierar betygskraven. Lunds universitet <a title=\"www.lunduniversity.lu.se\" href=\"http:\/\/www.lunduniversity.lu.se\"><span style=\"color: #0000ff;\">www.lunduniversity.lu.se<\/span><\/a> Bostad. Via Nation. St\u00e4ll dig i k\u00f6 direkt 12 juli. Man kan bli tvungen att bi i andra hand i b\u00f6rjan. <strong>Link\u00f6ping<\/strong> <strong>Vad kr\u00e4vs?<\/strong> OIB, beroende p\u00e5 vilken inriktning man v\u00e4ljer varierar betygskraven Link\u00f6pings universitet <a title=\"www.liu.se\" href=\"http:\/\/www.liu.se\"><span style=\"color: #0000ff;\">www.liu.se<\/span><\/a> Bra ordnat, l\u00e4ttare att f\u00e5 bostad. Finns nationer, dock inget tv\u00e5ng. <strong>G\u00f6teborg<\/strong> <strong>Vad kr\u00e4vs?<\/strong> OIB, beroende p\u00e5 vilken inriktning man v\u00e4ljer varierar betygskraven Chalmers tekniska h\u00f6gskola <a title=\"www.chalmers.se\/en\" href=\"http:\/\/www.chalmers.se\/en\"><span style=\"color: #0000ff;\">www.chalmers.se\/en<\/span><\/a> G\u00f6teborgs Universitet <a title=\"www.utbildning.gu.se\" href=\"http:\/\/www.utbildning.gu.se\"><span style=\"color: #0000ff;\">www.utbildning.gu.se<\/span><\/a> Handelsh\u00f6gskolan <a title=\"www.handels.gu.se\" href=\"http:\/\/www.handels.gu.se\"><span style=\"color: #0000ff;\">www.handels.gu.se<\/span><\/a> Boende. Chalmers har studentbost\u00e4der med l\u00e5nga k\u00f6er. <a href=\"https:\/\/nya.boplats.se\/tipshjalp\/safungerarboplats\/boplats2014\" target=\"_blank\"><strong>L\u00e4s mer h\u00e4r<\/strong><\/a> \u00a0 [\/et_pb_text][\/et_pb_column][et_pb_column type=&nbsp;&raquo;1_3&Prime;][et_pb_sidebar admin_label=&nbsp;&raquo;Sidebar&nbsp;&raquo; orientation=&nbsp;&raquo;right&nbsp;&raquo; area=&nbsp;&raquo;sidebar-1&Prime; background_layout=&nbsp;&raquo;light&nbsp;&raquo; \/][\/et_pb_column][\/et_pb_row][\/et_pb_section]<\/p>\n","protected":false},"excerpt":{"rendered":"<p><div class=\"et_pb_section et_pb_section_0 et_section_regular\" >\n\t\t\t\t\n\t\t\t\t\n\t\t\t\t\n\t\t\t\t\n\t\t\t\t\n\t\t\t\t\n\t\t\t\t\n\t\t\t\t\n\t\t\t\t\n\t\t\t<\/div><div class=\"et_pb_row et_pb_row_0 et_pb_row_empty\">\n\t\t\t\t\n\t\t\t\t\n\t\t\t\t\n\t\t\t\t\n\t\t\t\t\n\t\t\t<\/div> Post-bac, efter studentexamen N\u00e5gra v\u00e4nliga familjer har gett oss lite tips p\u00e5 vad man kan t\u00e4nka p\u00e5 n\u00e4r man s\u00f6ker in p\u00e5 h\u00f6gskolor runt om i v\u00e4rlden. Mycket information f\u00e5r man p\u00e5 respektive universitets hemsida, men allt st\u00e5r ej. Allm\u00e4nt: Var\u00a0 ute i tid! B\u00f6rja i 2nde! Kontrollera vilka intagningstester som beh\u00f6vs till respektive [&hellip;]<\/p>\n","protected":false},"author":1,"featured_media":0,"parent":573,"menu_order":50,"comment_status":"closed","ping_status":"closed","template":"","meta":{"_et_pb_use_builder":"on","_et_pb_old_content":"","_et_gb_content_width":"","footnotes":"","_links_to":"","_links_to_target":""},"class_list":["post-595","page","type-page","status-publish","hentry"],"yoast_head":"<!-- This site is optimized with the Yoast SEO plugin v27.4 - https:\/\/yoast.com\/product\/yoast-seo-wordpress\/ -->\n<title>Post-bac - Section Su\u00e9doise | Svenska Sektionen | Saint-Germain-en-Laye<\/title>\n<meta name=\"robots\" content=\"index, follow, max-snippet:-1, max-image-preview:large, max-video-preview:-1\" \/>\n<link rel=\"canonical\" href=\"https:\/\/sectionsuedoise.com\/fr\/le-programme-deducation\/post-bac\/\" \/>\n<meta property=\"og:locale\" content=\"fr_FR\" \/>\n<meta property=\"og:type\" content=\"article\" \/>\n<meta property=\"og:title\" content=\"Post-bac - Section Su\u00e9doise | Svenska Sektionen | Saint-Germain-en-Laye\" \/>\n<meta property=\"og:description\" content=\"Post-bac, efter studentexamen N\u00e5gra v\u00e4nliga familjer har gett oss lite tips p\u00e5 vad man kan t\u00e4nka p\u00e5 n\u00e4r man s\u00f6ker in p\u00e5 h\u00f6gskolor runt om i v\u00e4rlden. Mycket information f\u00e5r man p\u00e5 respektive universitets hemsida, men allt st\u00e5r ej. Allm\u00e4nt: Var\u00a0 ute i tid! B\u00f6rja i 2nde! Kontrollera vilka intagningstester som beh\u00f6vs till respektive [&hellip;]\" \/>\n<meta property=\"og:url\" content=\"https:\/\/sectionsuedoise.com\/fr\/le-programme-deducation\/post-bac\/\" \/>\n<meta property=\"og:site_name\" content=\"Section Su\u00e9doise | Svenska Sektionen | Saint-Germain-en-Laye\" \/>\n<meta property=\"article:modified_time\" content=\"2016-01-18T14:43:37+00:00\" \/>\n<meta name=\"twitter:label1\" content=\"Dur\u00e9e de lecture estim\u00e9e\" \/>\n\t<meta name=\"twitter:data1\" content=\"5 minutes\" \/>\n<script type=\"application\/ld+json\" class=\"yoast-schema-graph\">{\"@context\":\"https:\\\/\\\/schema.org\",\"@graph\":[{\"@type\":\"WebPage\",\"@id\":\"https:\\\/\\\/sectionsuedoise.com\\\/fr\\\/le-programme-deducation\\\/post-bac\\\/\",\"url\":\"https:\\\/\\\/sectionsuedoise.com\\\/fr\\\/le-programme-deducation\\\/post-bac\\\/\",\"name\":\"Post-bac - Section Su\u00e9doise | Svenska Sektionen | Saint-Germain-en-Laye\",\"isPartOf\":{\"@id\":\"https:\\\/\\\/sectionsuedoise.com\\\/#website\"},\"datePublished\":\"2015-02-12T12:42:40+00:00\",\"dateModified\":\"2016-01-18T14:43:37+00:00\",\"breadcrumb\":{\"@id\":\"https:\\\/\\\/sectionsuedoise.com\\\/fr\\\/le-programme-deducation\\\/post-bac\\\/#breadcrumb\"},\"inLanguage\":\"fr-FR\",\"potentialAction\":[{\"@type\":\"ReadAction\",\"target\":[\"https:\\\/\\\/sectionsuedoise.com\\\/fr\\\/le-programme-deducation\\\/post-bac\\\/\"]}]},{\"@type\":\"BreadcrumbList\",\"@id\":\"https:\\\/\\\/sectionsuedoise.com\\\/fr\\\/le-programme-deducation\\\/post-bac\\\/#breadcrumb\",\"itemListElement\":[{\"@type\":\"ListItem\",\"position\":1,\"name\":\"Hem\",\"item\":\"https:\\\/\\\/sectionsuedoise.com\\\/fr\\\/\"},{\"@type\":\"ListItem\",\"position\":2,\"name\":\"Le programme d&#8217;\u00e9ducation\",\"item\":\"https:\\\/\\\/sectionsuedoise.com\\\/fr\\\/le-programme-deducation\\\/\"},{\"@type\":\"ListItem\",\"position\":3,\"name\":\"Post-bac\"}]},{\"@type\":\"WebSite\",\"@id\":\"https:\\\/\\\/sectionsuedoise.com\\\/#website\",\"url\":\"https:\\\/\\\/sectionsuedoise.com\\\/\",\"name\":\"Section Su\u00e9doise | Svenska Sektionen | Saint-Germain-en-Laye\",\"description\":\"En till WordPress-webbplats\",\"potentialAction\":[{\"@type\":\"SearchAction\",\"target\":{\"@type\":\"EntryPoint\",\"urlTemplate\":\"https:\\\/\\\/sectionsuedoise.com\\\/?s={search_term_string}\"},\"query-input\":{\"@type\":\"PropertyValueSpecification\",\"valueRequired\":true,\"valueName\":\"search_term_string\"}}],\"inLanguage\":\"fr-FR\"}]}<\/script>\n<!-- \/ Yoast SEO plugin. -->","yoast_head_json":{"title":"Post-bac - Section Su\u00e9doise | Svenska Sektionen | Saint-Germain-en-Laye","robots":{"index":"index","follow":"follow","max-snippet":"max-snippet:-1","max-image-preview":"max-image-preview:large","max-video-preview":"max-video-preview:-1"},"canonical":"https:\/\/sectionsuedoise.com\/fr\/le-programme-deducation\/post-bac\/","og_locale":"fr_FR","og_type":"article","og_title":"Post-bac - Section Su\u00e9doise | Svenska Sektionen | Saint-Germain-en-Laye","og_description":"Post-bac, efter studentexamen N\u00e5gra v\u00e4nliga familjer har gett oss lite tips p\u00e5 vad man kan t\u00e4nka p\u00e5 n\u00e4r man s\u00f6ker in p\u00e5 h\u00f6gskolor runt om i v\u00e4rlden. Mycket information f\u00e5r man p\u00e5 respektive universitets hemsida, men allt st\u00e5r ej. Allm\u00e4nt: Var\u00a0 ute i tid! B\u00f6rja i 2nde! Kontrollera vilka intagningstester som beh\u00f6vs till respektive [&hellip;]","og_url":"https:\/\/sectionsuedoise.com\/fr\/le-programme-deducation\/post-bac\/","og_site_name":"Section Su\u00e9doise | Svenska Sektionen | Saint-Germain-en-Laye","article_modified_time":"2016-01-18T14:43:37+00:00","twitter_misc":{"Dur\u00e9e de lecture estim\u00e9e":"5 minutes"},"schema":{"@context":"https:\/\/schema.org","@graph":[{"@type":"WebPage","@id":"https:\/\/sectionsuedoise.com\/fr\/le-programme-deducation\/post-bac\/","url":"https:\/\/sectionsuedoise.com\/fr\/le-programme-deducation\/post-bac\/","name":"Post-bac - Section Su\u00e9doise | Svenska Sektionen | Saint-Germain-en-Laye","isPartOf":{"@id":"https:\/\/sectionsuedoise.com\/#website"},"datePublished":"2015-02-12T12:42:40+00:00","dateModified":"2016-01-18T14:43:37+00:00","breadcrumb":{"@id":"https:\/\/sectionsuedoise.com\/fr\/le-programme-deducation\/post-bac\/#breadcrumb"},"inLanguage":"fr-FR","potentialAction":[{"@type":"ReadAction","target":["https:\/\/sectionsuedoise.com\/fr\/le-programme-deducation\/post-bac\/"]}]},{"@type":"BreadcrumbList","@id":"https:\/\/sectionsuedoise.com\/fr\/le-programme-deducation\/post-bac\/#breadcrumb","itemListElement":[{"@type":"ListItem","position":1,"name":"Hem","item":"https:\/\/sectionsuedoise.com\/fr\/"},{"@type":"ListItem","position":2,"name":"Le programme d&#8217;\u00e9ducation","item":"https:\/\/sectionsuedoise.com\/fr\/le-programme-deducation\/"},{"@type":"ListItem","position":3,"name":"Post-bac"}]},{"@type":"WebSite","@id":"https:\/\/sectionsuedoise.com\/#website","url":"https:\/\/sectionsuedoise.com\/","name":"Section Su\u00e9doise | Svenska Sektionen | Saint-Germain-en-Laye","description":"En till WordPress-webbplats","potentialAction":[{"@type":"SearchAction","target":{"@type":"EntryPoint","urlTemplate":"https:\/\/sectionsuedoise.com\/?s={search_term_string}"},"query-input":{"@type":"PropertyValueSpecification","valueRequired":true,"valueName":"search_term_string"}}],"inLanguage":"fr-FR"}]}},"_links":{"self":[{"href":"https:\/\/sectionsuedoise.com\/fr\/wp-json\/wp\/v2\/pages\/595\/"}],"collection":[{"href":"https:\/\/sectionsuedoise.com\/fr\/wp-json\/wp\/v2\/pages\/"}],"about":[{"href":"https:\/\/sectionsuedoise.com\/fr\/wp-json\/wp\/v2\/types\/page\/"}],"author":[{"embeddable":true,"href":"https:\/\/sectionsuedoise.com\/fr\/wp-json\/wp\/v2\/users\/1\/"}],"replies":[{"embeddable":true,"href":"https:\/\/sectionsuedoise.com\/fr\/wp-json\/wp\/v2\/comments\/?post=595"}],"version-history":[{"count":1,"href":"https:\/\/sectionsuedoise.com\/fr\/wp-json\/wp\/v2\/pages\/595\/revisions\/"}],"predecessor-version":[{"id":596,"href":"https:\/\/sectionsuedoise.com\/fr\/wp-json\/wp\/v2\/pages\/595\/revisions\/596\/"}],"up":[{"embeddable":true,"href":"https:\/\/sectionsuedoise.com\/fr\/wp-json\/wp\/v2\/pages\/573\/"}],"wp:attachment":[{"href":"https:\/\/sectionsuedoise.com\/fr\/wp-json\/wp\/v2\/media\/?parent=595"}],"curies":[{"name":"wp","href":"https:\/\/api.w.org\/{rel}","templated":true}]}}